{"id":1774,"date":"2025-02-20T11:17:07","date_gmt":"2025-02-20T10:17:07","guid":{"rendered":"https:\/\/www.ednh.fr\/salon-nutrition\/paris\/?page_id=1774"},"modified":"2026-03-10T13:05:28","modified_gmt":"2026-03-10T12:05:28","slug":"parain","status":"publish","type":"page","link":"https:\/\/www.ednh.fr\/salon-nutrition\/paris\/parain\/","title":{"rendered":"Parrain"},"content":{"rendered":"\t\t<div data-elementor-type=\"wp-page\" data-elementor-id=\"1774\" class=\"elementor elementor-1774\">\n\t\t\t\t\t\t<section class=\"elementor-section elementor-top-section elementor-element elementor-element-a07e8dd elementor-section-boxed elementor-section-height-default elementor-section-height-default wpr-particle-no wpr-jarallax-no wpr-parallax-no wpr-sticky-section-no wpr-equal-height-no\" data-id=\"a07e8dd\" data-element_type=\"section\" data-e-type=\"section\" data-settings=\"{&quot;background_background&quot;:&quot;classic&quot;}\">\n\t\t\t\t\t\t<div class=\"elementor-container elementor-column-gap-default\">\n\t\t\t\t\t<div class=\"elementor-column elementor-col-100 elementor-top-column elementor-element elementor-element-1b6b1a2\" data-id=\"1b6b1a2\" data-element_type=\"column\" data-e-type=\"column\">\n\t\t\t<div class=\"elementor-widget-wrap elementor-element-populated\">\n\t\t\t\t\t\t<div class=\"elementor-element elementor-element-ca5fc96 elementor-widget elementor-widget-text-editor\" data-id=\"ca5fc96\" data-element_type=\"widget\" data-e-type=\"widget\" data-widget_type=\"text-editor.default\">\n\t\t\t\t<div class=\"elementor-widget-container\">\n\t\t\t\t\t\t\t\t\t<h1 style=\"text-align: center\">Notre parain<\/h1>\t\t\t\t\t\t\t\t<\/div>\n\t\t\t\t<\/div>\n\t\t\t\t<div class=\"elementor-element elementor-element-9542649 elementor-widget-divider--view-line_icon elementor-view-default elementor-widget-divider--element-align-center elementor-widget elementor-widget-divider\" data-id=\"9542649\" data-element_type=\"widget\" data-e-type=\"widget\" data-widget_type=\"divider.default\">\n\t\t\t\t<div class=\"elementor-widget-container\">\n\t\t\t\t\t\t\t<div class=\"elementor-divider\">\n\t\t\t<span class=\"elementor-divider-separator\">\n\t\t\t\t\t\t\t<div class=\"elementor-icon elementor-divider__element\">\n\t\t\t\t\t<i aria-hidden=\"true\" class=\"fab fa-gripfire\"><\/i><\/div>\n\t\t\t\t\t\t<\/span>\n\t\t<\/div>\n\t\t\t\t\t\t<\/div>\n\t\t\t\t<\/div>\n\t\t\t\t\t<\/div>\n\t\t<\/div>\n\t\t\t\t\t<\/div>\n\t\t<\/section>\n\t\t\t\t<section class=\"elementor-section elementor-top-section elementor-element elementor-element-59ce59ca elementor-section-stretched elementor-section-boxed elementor-section-height-default elementor-section-height-default wpr-particle-no wpr-jarallax-no wpr-parallax-no wpr-sticky-section-no wpr-equal-height-no\" data-id=\"59ce59ca\" data-element_type=\"section\" data-e-type=\"section\" data-settings=\"{&quot;stretch_section&quot;:&quot;section-stretched&quot;,&quot;background_background&quot;:&quot;classic&quot;}\">\n\t\t\t\t\t\t<div class=\"elementor-container elementor-column-gap-default\">\n\t\t\t\t\t<div class=\"elementor-column elementor-col-50 elementor-top-column elementor-element elementor-element-5285cf6a\" data-id=\"5285cf6a\" data-element_type=\"column\" data-e-type=\"column\">\n\t\t\t<div class=\"elementor-widget-wrap elementor-element-populated\">\n\t\t\t\t\t\t<div class=\"elementor-element elementor-element-357407cd elementor-widget elementor-widget-image\" data-id=\"357407cd\" data-element_type=\"widget\" data-e-type=\"widget\" data-widget_type=\"image.default\">\n\t\t\t\t<div class=\"elementor-widget-container\">\n\t\t\t\t\t\t\t\t\t\t\t\t\t\t\t<img fetchpriority=\"high\" decoding=\"async\" width=\"362\" height=\"368\" src=\"https:\/\/www.ednh.fr\/salon-nutrition\/paris\/wp-content\/uploads\/sites\/2\/2026\/03\/Capture-decran-2026-03-05-160518.png\" class=\"attachment-2048x2048 size-2048x2048 wp-image-2249\" alt=\"\" srcset=\"https:\/\/www.ednh.fr\/salon-nutrition\/paris\/wp-content\/uploads\/sites\/2\/2026\/03\/Capture-decran-2026-03-05-160518.png 362w, https:\/\/www.ednh.fr\/salon-nutrition\/paris\/wp-content\/uploads\/sites\/2\/2026\/03\/Capture-decran-2026-03-05-160518-295x300.png 295w\" sizes=\"(max-width: 362px) 100vw, 362px\" \/>\t\t\t\t\t\t\t\t\t\t\t\t\t\t\t<\/div>\n\t\t\t\t<\/div>\n\t\t\t\t\t<\/div>\n\t\t<\/div>\n\t\t\t\t<div class=\"elementor-column elementor-col-50 elementor-top-column elementor-element elementor-element-61ff4595\" data-id=\"61ff4595\" data-element_type=\"column\" data-e-type=\"column\">\n\t\t\t<div class=\"elementor-widget-wrap elementor-element-populated\">\n\t\t\t\t\t\t<div class=\"elementor-element elementor-element-20f33f8a elementor-widget elementor-widget-text-editor\" data-id=\"20f33f8a\" data-element_type=\"widget\" data-e-type=\"widget\" data-widget_type=\"text-editor.default\">\n\t\t\t\t<div class=\"elementor-widget-container\">\n\t\t\t\t\t\t\t\t\t<p>Pour cette 12\u1d49 \u00e9dition du <strong>Salon de la Nutrition<\/strong>, nous avons l&rsquo;honneur d\u2019avoir <b>Marving\u00a0<\/b>\u00a0comme parrain. Passionn\u00e9 de <strong>nutrition <\/strong>, il partage son expertise \u00e0 travers ses projets innovants et son engagement aupr\u00e8s du grand public , des enfants au personnes ag\u00e9es en passant par plusieurs g\u00e9n\u00e9ration.<\/p><p>Sa vision et son exp\u00e9rience font de lui un acteur cl\u00e9 dans la sensibilisation au lien entre performance et sant\u00e9 mentale qui est le th\u00e8me central de cette \u00e9dition. Nous sommes fiers de l\u2019accueillir et impatients de partager ces moments d\u2019\u00e9change avec lui !<\/p>\t\t\t\t\t\t\t\t<\/div>\n\t\t\t\t<\/div>\n\t\t\t\t\t<\/div>\n\t\t<\/div>\n\t\t\t\t\t<\/div>\n\t\t<\/section>\n\t\t\t\t<section class=\"elementor-section elementor-top-section elementor-element elementor-element-1ad3f55d elementor-reverse-mobile elementor-section-boxed elementor-section-height-default elementor-section-height-default wpr-particle-no wpr-jarallax-no wpr-parallax-no wpr-sticky-section-no wpr-equal-height-no\" data-id=\"1ad3f55d\" data-element_type=\"section\" data-e-type=\"section\" data-settings=\"{&quot;background_background&quot;:&quot;classic&quot;}\">\n\t\t\t\t\t\t<div class=\"elementor-container elementor-column-gap-default\">\n\t\t\t\t\t<div class=\"elementor-column elementor-col-50 elementor-top-column elementor-element elementor-element-220d292e\" data-id=\"220d292e\" data-element_type=\"column\" data-e-type=\"column\">\n\t\t\t<div class=\"elementor-widget-wrap elementor-element-populated\">\n\t\t\t\t\t\t<div class=\"elementor-element elementor-element-43f59c2c elementor-widget elementor-widget-text-editor\" data-id=\"43f59c2c\" data-element_type=\"widget\" data-e-type=\"widget\" data-widget_type=\"text-editor.default\">\n\t\t\t\t<div class=\"elementor-widget-container\">\n\t\t\t\t\t\t\t\t\t<div><div><div><p>Marving langeron est un entrepreneur engag\u00e9e dans le d\u00e9veloppement de l\u2019\u00e9quilibre alimentaire chez les adultes et les enfants \u00e0 travers la cantine des champions. Une cause importante \u00e0 prendre en compte de nos jours et sensibiliser au maximum les enfants comme les adultes \u00e0 bien manger et favoriser au maximum l\u2019\u00e9quilibre alimentaire aux quotidien tout en ayant une approche ludique et amusante.<\/p><p>Retrouvez le sur ces r\u00e9seaux sociaux :<\/p><\/div><\/div><\/div>\t\t\t\t\t\t\t\t<\/div>\n\t\t\t\t<\/div>\n\t\t\t\t\t<\/div>\n\t\t<\/div>\n\t\t\t\t<div class=\"elementor-column elementor-col-50 elementor-top-column elementor-element elementor-element-1c2e7f71\" data-id=\"1c2e7f71\" data-element_type=\"column\" data-e-type=\"column\">\n\t\t\t<div class=\"elementor-widget-wrap elementor-element-populated\">\n\t\t\t\t\t\t<div class=\"elementor-element elementor-element-f4e2582 elementor-widget elementor-widget-image\" data-id=\"f4e2582\" data-element_type=\"widget\" data-e-type=\"widget\" data-widget_type=\"image.default\">\n\t\t\t\t<div class=\"elementor-widget-container\">\n\t\t\t\t\t\t\t\t\t\t\t\t\t\t\t<img decoding=\"async\" width=\"378\" height=\"333\" src=\"https:\/\/www.ednh.fr\/salon-nutrition\/paris\/wp-content\/uploads\/sites\/2\/2026\/03\/Capture-decran-2026-03-05-160726.png\" class=\"attachment-full size-full wp-image-2251\" alt=\"\" srcset=\"https:\/\/www.ednh.fr\/salon-nutrition\/paris\/wp-content\/uploads\/sites\/2\/2026\/03\/Capture-decran-2026-03-05-160726.png 378w, https:\/\/www.ednh.fr\/salon-nutrition\/paris\/wp-content\/uploads\/sites\/2\/2026\/03\/Capture-decran-2026-03-05-160726-300x264.png 300w\" sizes=\"(max-width: 378px) 100vw, 378px\" \/>\t\t\t\t\t\t\t\t\t\t\t\t\t\t\t<\/div>\n\t\t\t\t<\/div>\n\t\t\t\t\t<\/div>\n\t\t<\/div>\n\t\t\t\t\t<\/div>\n\t\t<\/section>\n\t\t\t\t<section class=\"elementor-section elementor-top-section elementor-element elementor-element-2c5af756 elementor-section-boxed elementor-section-height-default elementor-section-height-default wpr-particle-no wpr-jarallax-no wpr-parallax-no wpr-sticky-section-no wpr-equal-height-no\" data-id=\"2c5af756\" data-element_type=\"section\" data-e-type=\"section\" data-settings=\"{&quot;background_background&quot;:&quot;classic&quot;}\">\n\t\t\t\t\t\t<div class=\"elementor-container elementor-column-gap-default\">\n\t\t\t\t\t<div class=\"elementor-column elementor-col-25 elementor-top-column elementor-element elementor-element-d232a30\" data-id=\"d232a30\" data-element_type=\"column\" data-e-type=\"column\">\n\t\t\t<div class=\"elementor-widget-wrap elementor-element-populated\">\n\t\t\t\t\t\t<div class=\"elementor-element elementor-element-2064da4e elementor-view-default elementor-widget elementor-widget-icon\" data-id=\"2064da4e\" data-element_type=\"widget\" data-e-type=\"widget\" data-widget_type=\"icon.default\">\n\t\t\t\t<div class=\"elementor-widget-container\">\n\t\t\t\t\t\t\t<div class=\"elementor-icon-wrapper\">\n\t\t\t<a class=\"elementor-icon\" href=\"https:\/\/www.instagram.com\/p\/DSslxOajOES\/?utm_source=ig_web_copy_link&#038;igsh=MzRlODBiNWFlZA==\">\n\t\t\t<i aria-hidden=\"true\" class=\"fab fa-instagram\"><\/i>\t\t\t<\/a>\n\t\t<\/div>\n\t\t\t\t\t\t<\/div>\n\t\t\t\t<\/div>\n\t\t\t\t\t<\/div>\n\t\t<\/div>\n\t\t\t\t<div class=\"elementor-column elementor-col-25 elementor-top-column elementor-element elementor-element-7ed721e5\" data-id=\"7ed721e5\" data-element_type=\"column\" data-e-type=\"column\">\n\t\t\t<div class=\"elementor-widget-wrap elementor-element-populated\">\n\t\t\t\t\t\t<div class=\"elementor-element elementor-element-337e21ab elementor-view-default elementor-widget elementor-widget-icon\" data-id=\"337e21ab\" data-element_type=\"widget\" data-e-type=\"widget\" data-widget_type=\"icon.default\">\n\t\t\t\t<div class=\"elementor-widget-container\">\n\t\t\t\t\t\t\t<div class=\"elementor-icon-wrapper\">\n\t\t\t<a class=\"elementor-icon\" href=\"https:\/\/vm.tiktok.com\/ZNRmxoGhh\/\">\n\t\t\t<i aria-hidden=\"true\" class=\"fab fa-tiktok\"><\/i>\t\t\t<\/a>\n\t\t<\/div>\n\t\t\t\t\t\t<\/div>\n\t\t\t\t<\/div>\n\t\t\t\t\t<\/div>\n\t\t<\/div>\n\t\t\t\t<div class=\"elementor-column elementor-col-25 elementor-top-column elementor-element elementor-element-19796b43\" data-id=\"19796b43\" data-element_type=\"column\" data-e-type=\"column\">\n\t\t\t<div class=\"elementor-widget-wrap elementor-element-populated\">\n\t\t\t\t\t\t<div class=\"elementor-element elementor-element-17530490 elementor-view-default elementor-widget elementor-widget-icon\" data-id=\"17530490\" data-element_type=\"widget\" data-e-type=\"widget\" data-widget_type=\"icon.default\">\n\t\t\t\t<div class=\"elementor-widget-container\">\n\t\t\t\t\t\t\t<div class=\"elementor-icon-wrapper\">\n\t\t\t<a class=\"elementor-icon\" href=\"https:\/\/youtu.be\/OzfDAq65lss?si=5J75pwVylhTIPlby\">\n\t\t\t<i aria-hidden=\"true\" class=\"fab fa-youtube\"><\/i>\t\t\t<\/a>\n\t\t<\/div>\n\t\t\t\t\t\t<\/div>\n\t\t\t\t<\/div>\n\t\t\t\t\t<\/div>\n\t\t<\/div>\n\t\t\t\t<div class=\"elementor-column elementor-col-25 elementor-top-column elementor-element elementor-element-2dab561b\" data-id=\"2dab561b\" data-element_type=\"column\" data-e-type=\"column\">\n\t\t\t<div class=\"elementor-widget-wrap\">\n\t\t\t\t\t\t\t<\/div>\n\t\t<\/div>\n\t\t\t\t\t<\/div>\n\t\t<\/section>\n\t\t\t\t<\/div>\n\t\t","protected":false},"excerpt":{"rendered":"<p>Notre parain Pour cette 12\u1d49 \u00e9dition du Salon de la Nutrition, nous avons l&rsquo;honneur d\u2019avoir Marving\u00a0\u00a0comme parrain. Passionn\u00e9 de nutrition<\/p>\n","protected":false},"author":16,"featured_media":0,"parent":0,"menu_order":0,"comment_status":"closed","ping_status":"closed","template":"elementor_theme","meta":{"om_disable_all_campaigns":false,"footnotes":""},"class_list":["post-1774","page","type-page","status-publish","hentry"],"yoast_head":"<!-- This site is optimized with the Yoast SEO plugin v27.5 - https:\/\/yoast.com\/product\/yoast-seo-wordpress\/ -->\n<title>Parrain - Salon de la Nutrition<\/title>\n<meta name=\"robots\" content=\"index, follow, max-snippet:-1, max-image-preview:large, max-video-preview:-1\" \/>\n<link rel=\"canonical\" href=\"https:\/\/www.ednh.fr\/salon-nutrition\/paris\/parain\/\" \/>\n<meta property=\"og:locale\" content=\"fr_FR\" \/>\n<meta property=\"og:type\" content=\"article\" \/>\n<meta property=\"og:title\" content=\"Parrain - Salon de la Nutrition\" \/>\n<meta property=\"og:description\" content=\"Notre parain Pour cette 12\u1d49 \u00e9dition du Salon de la Nutrition, nous avons l&rsquo;honneur d\u2019avoir Marving\u00a0\u00a0comme parrain. Passionn\u00e9 de nutrition\" \/>\n<meta property=\"og:url\" content=\"https:\/\/www.ednh.fr\/salon-nutrition\/paris\/parain\/\" \/>\n<meta property=\"og:site_name\" content=\"Salon de la Nutrition\" \/>\n<meta property=\"article:modified_time\" content=\"2026-03-10T12:05:28+00:00\" \/>\n<meta property=\"og:image\" content=\"https:\/\/www.ednh.fr\/salon-nutrition\/paris\/wp-content\/uploads\/sites\/2\/2026\/03\/Capture-decran-2026-03-05-160518.png\" \/>\n\t<meta property=\"og:image:width\" content=\"362\" \/>\n\t<meta property=\"og:image:height\" content=\"368\" \/>\n\t<meta property=\"og:image:type\" content=\"image\/png\" \/>\n<meta name=\"twitter:card\" content=\"summary_large_image\" \/>\n<meta name=\"twitter:label1\" content=\"Dur\u00e9e de lecture estim\u00e9e\" \/>\n\t<meta name=\"twitter:data1\" content=\"1 minute\" \/>\n<script type=\"application\/ld+json\" class=\"yoast-schema-graph\">{\"@context\":\"https:\\\/\\\/schema.org\",\"@graph\":[{\"@type\":\"WebPage\",\"@id\":\"https:\\\/\\\/www.ednh.fr\\\/salon-nutrition\\\/paris\\\/parain\\\/\",\"url\":\"https:\\\/\\\/www.ednh.fr\\\/salon-nutrition\\\/paris\\\/parain\\\/\",\"name\":\"Parrain - Salon de la Nutrition\",\"isPartOf\":{\"@id\":\"https:\\\/\\\/www.ednh.fr\\\/salon-nutrition\\\/paris\\\/#website\"},\"primaryImageOfPage\":{\"@id\":\"https:\\\/\\\/www.ednh.fr\\\/salon-nutrition\\\/paris\\\/parain\\\/#primaryimage\"},\"image\":{\"@id\":\"https:\\\/\\\/www.ednh.fr\\\/salon-nutrition\\\/paris\\\/parain\\\/#primaryimage\"},\"thumbnailUrl\":\"https:\\\/\\\/www.ednh.fr\\\/salon-nutrition\\\/paris\\\/wp-content\\\/uploads\\\/sites\\\/2\\\/2026\\\/03\\\/Capture-decran-2026-03-05-160518.png\",\"datePublished\":\"2025-02-20T10:17:07+00:00\",\"dateModified\":\"2026-03-10T12:05:28+00:00\",\"breadcrumb\":{\"@id\":\"https:\\\/\\\/www.ednh.fr\\\/salon-nutrition\\\/paris\\\/parain\\\/#breadcrumb\"},\"inLanguage\":\"fr-FR\",\"potentialAction\":[{\"@type\":\"ReadAction\",\"target\":[\"https:\\\/\\\/www.ednh.fr\\\/salon-nutrition\\\/paris\\\/parain\\\/\"]}]},{\"@type\":\"ImageObject\",\"inLanguage\":\"fr-FR\",\"@id\":\"https:\\\/\\\/www.ednh.fr\\\/salon-nutrition\\\/paris\\\/parain\\\/#primaryimage\",\"url\":\"https:\\\/\\\/www.ednh.fr\\\/salon-nutrition\\\/paris\\\/wp-content\\\/uploads\\\/sites\\\/2\\\/2026\\\/03\\\/Capture-decran-2026-03-05-160518.png\",\"contentUrl\":\"https:\\\/\\\/www.ednh.fr\\\/salon-nutrition\\\/paris\\\/wp-content\\\/uploads\\\/sites\\\/2\\\/2026\\\/03\\\/Capture-decran-2026-03-05-160518.png\",\"width\":362,\"height\":368},{\"@type\":\"BreadcrumbList\",\"@id\":\"https:\\\/\\\/www.ednh.fr\\\/salon-nutrition\\\/paris\\\/parain\\\/#breadcrumb\",\"itemListElement\":[{\"@type\":\"ListItem\",\"position\":1,\"name\":\"Accueil\",\"item\":\"https:\\\/\\\/www.ednh.fr\\\/salon-nutrition\\\/paris\\\/\"},{\"@type\":\"ListItem\",\"position\":2,\"name\":\"Parrain\"}]},{\"@type\":\"WebSite\",\"@id\":\"https:\\\/\\\/www.ednh.fr\\\/salon-nutrition\\\/paris\\\/#website\",\"url\":\"https:\\\/\\\/www.ednh.fr\\\/salon-nutrition\\\/paris\\\/\",\"name\":\"Salon de la Nutrition\",\"description\":\"\",\"publisher\":{\"@id\":\"https:\\\/\\\/www.ednh.fr\\\/salon-nutrition\\\/paris\\\/#organization\"},\"potentialAction\":[{\"@type\":\"SearchAction\",\"target\":{\"@type\":\"EntryPoint\",\"urlTemplate\":\"https:\\\/\\\/www.ednh.fr\\\/salon-nutrition\\\/paris\\\/?s={search_term_string}\"},\"query-input\":{\"@type\":\"PropertyValueSpecification\",\"valueRequired\":true,\"valueName\":\"search_term_string\"}}],\"inLanguage\":\"fr-FR\"},{\"@type\":\"Organization\",\"@id\":\"https:\\\/\\\/www.ednh.fr\\\/salon-nutrition\\\/paris\\\/#organization\",\"name\":\"Salon de la Nutrition\",\"url\":\"https:\\\/\\\/www.ednh.fr\\\/salon-nutrition\\\/paris\\\/\",\"logo\":{\"@type\":\"ImageObject\",\"inLanguage\":\"fr-FR\",\"@id\":\"https:\\\/\\\/www.ednh.fr\\\/salon-nutrition\\\/paris\\\/#\\\/schema\\\/logo\\\/image\\\/\",\"url\":\"https:\\\/\\\/www.ednh.fr\\\/salon-nutrition\\\/paris\\\/wp-content\\\/uploads\\\/sites\\\/2\\\/2025\\\/11\\\/cropped-cropped-62a25d1a-c822-4cc4-84aa-9a06492fcc2a-1.jpeg\",\"contentUrl\":\"https:\\\/\\\/www.ednh.fr\\\/salon-nutrition\\\/paris\\\/wp-content\\\/uploads\\\/sites\\\/2\\\/2025\\\/11\\\/cropped-cropped-62a25d1a-c822-4cc4-84aa-9a06492fcc2a-1.jpeg\",\"width\":512,\"height\":512,\"caption\":\"Salon de la Nutrition \"},\"image\":{\"@id\":\"https:\\\/\\\/www.ednh.fr\\\/salon-nutrition\\\/paris\\\/#\\\/schema\\\/logo\\\/image\\\/\"}}]}<\/script>\n<!-- \/ Yoast SEO plugin. -->","yoast_head_json":{"title":"Parrain - Salon de la Nutrition","robots":{"index":"index","follow":"follow","max-snippet":"max-snippet:-1","max-image-preview":"max-image-preview:large","max-video-preview":"max-video-preview:-1"},"canonical":"https:\/\/www.ednh.fr\/salon-nutrition\/paris\/parain\/","og_locale":"fr_FR","og_type":"article","og_title":"Parrain - Salon de la Nutrition","og_description":"Notre parain Pour cette 12\u1d49 \u00e9dition du Salon de la Nutrition, nous avons l&rsquo;honneur d\u2019avoir Marving\u00a0\u00a0comme parrain. Passionn\u00e9 de nutrition","og_url":"https:\/\/www.ednh.fr\/salon-nutrition\/paris\/parain\/","og_site_name":"Salon de la Nutrition","article_modified_time":"2026-03-10T12:05:28+00:00","og_image":[{"width":362,"height":368,"url":"https:\/\/www.ednh.fr\/salon-nutrition\/paris\/wp-content\/uploads\/sites\/2\/2026\/03\/Capture-decran-2026-03-05-160518.png","type":"image\/png"}],"twitter_card":"summary_large_image","twitter_misc":{"Dur\u00e9e de lecture estim\u00e9e":"1 minute"},"schema":{"@context":"https:\/\/schema.org","@graph":[{"@type":"WebPage","@id":"https:\/\/www.ednh.fr\/salon-nutrition\/paris\/parain\/","url":"https:\/\/www.ednh.fr\/salon-nutrition\/paris\/parain\/","name":"Parrain - Salon de la Nutrition","isPartOf":{"@id":"https:\/\/www.ednh.fr\/salon-nutrition\/paris\/#website"},"primaryImageOfPage":{"@id":"https:\/\/www.ednh.fr\/salon-nutrition\/paris\/parain\/#primaryimage"},"image":{"@id":"https:\/\/www.ednh.fr\/salon-nutrition\/paris\/parain\/#primaryimage"},"thumbnailUrl":"https:\/\/www.ednh.fr\/salon-nutrition\/paris\/wp-content\/uploads\/sites\/2\/2026\/03\/Capture-decran-2026-03-05-160518.png","datePublished":"2025-02-20T10:17:07+00:00","dateModified":"2026-03-10T12:05:28+00:00","breadcrumb":{"@id":"https:\/\/www.ednh.fr\/salon-nutrition\/paris\/parain\/#breadcrumb"},"inLanguage":"fr-FR","potentialAction":[{"@type":"ReadAction","target":["https:\/\/www.ednh.fr\/salon-nutrition\/paris\/parain\/"]}]},{"@type":"ImageObject","inLanguage":"fr-FR","@id":"https:\/\/www.ednh.fr\/salon-nutrition\/paris\/parain\/#primaryimage","url":"https:\/\/www.ednh.fr\/salon-nutrition\/paris\/wp-content\/uploads\/sites\/2\/2026\/03\/Capture-decran-2026-03-05-160518.png","contentUrl":"https:\/\/www.ednh.fr\/salon-nutrition\/paris\/wp-content\/uploads\/sites\/2\/2026\/03\/Capture-decran-2026-03-05-160518.png","width":362,"height":368},{"@type":"BreadcrumbList","@id":"https:\/\/www.ednh.fr\/salon-nutrition\/paris\/parain\/#breadcrumb","itemListElement":[{"@type":"ListItem","position":1,"name":"Accueil","item":"https:\/\/www.ednh.fr\/salon-nutrition\/paris\/"},{"@type":"ListItem","position":2,"name":"Parrain"}]},{"@type":"WebSite","@id":"https:\/\/www.ednh.fr\/salon-nutrition\/paris\/#website","url":"https:\/\/www.ednh.fr\/salon-nutrition\/paris\/","name":"Salon de la Nutrition","description":"","publisher":{"@id":"https:\/\/www.ednh.fr\/salon-nutrition\/paris\/#organization"},"potentialAction":[{"@type":"SearchAction","target":{"@type":"EntryPoint","urlTemplate":"https:\/\/www.ednh.fr\/salon-nutrition\/paris\/?s={search_term_string}"},"query-input":{"@type":"PropertyValueSpecification","valueRequired":true,"valueName":"search_term_string"}}],"inLanguage":"fr-FR"},{"@type":"Organization","@id":"https:\/\/www.ednh.fr\/salon-nutrition\/paris\/#organization","name":"Salon de la Nutrition","url":"https:\/\/www.ednh.fr\/salon-nutrition\/paris\/","logo":{"@type":"ImageObject","inLanguage":"fr-FR","@id":"https:\/\/www.ednh.fr\/salon-nutrition\/paris\/#\/schema\/logo\/image\/","url":"https:\/\/www.ednh.fr\/salon-nutrition\/paris\/wp-content\/uploads\/sites\/2\/2025\/11\/cropped-cropped-62a25d1a-c822-4cc4-84aa-9a06492fcc2a-1.jpeg","contentUrl":"https:\/\/www.ednh.fr\/salon-nutrition\/paris\/wp-content\/uploads\/sites\/2\/2025\/11\/cropped-cropped-62a25d1a-c822-4cc4-84aa-9a06492fcc2a-1.jpeg","width":512,"height":512,"caption":"Salon de la Nutrition "},"image":{"@id":"https:\/\/www.ednh.fr\/salon-nutrition\/paris\/#\/schema\/logo\/image\/"}}]}},"_links":{"self":[{"href":"https:\/\/www.ednh.fr\/salon-nutrition\/paris\/wp-json\/wp\/v2\/pages\/1774","targetHints":{"allow":["GET"]}}],"collection":[{"href":"https:\/\/www.ednh.fr\/salon-nutrition\/paris\/wp-json\/wp\/v2\/pages"}],"about":[{"href":"https:\/\/www.ednh.fr\/salon-nutrition\/paris\/wp-json\/wp\/v2\/types\/page"}],"author":[{"embeddable":true,"href":"https:\/\/www.ednh.fr\/salon-nutrition\/paris\/wp-json\/wp\/v2\/users\/16"}],"replies":[{"embeddable":true,"href":"https:\/\/www.ednh.fr\/salon-nutrition\/paris\/wp-json\/wp\/v2\/comments?post=1774"}],"version-history":[{"count":39,"href":"https:\/\/www.ednh.fr\/salon-nutrition\/paris\/wp-json\/wp\/v2\/pages\/1774\/revisions"}],"predecessor-version":[{"id":2279,"href":"https:\/\/www.ednh.fr\/salon-nutrition\/paris\/wp-json\/wp\/v2\/pages\/1774\/revisions\/2279"}],"wp:attachment":[{"href":"https:\/\/www.ednh.fr\/salon-nutrition\/paris\/wp-json\/wp\/v2\/media?parent=1774"}],"curies":[{"name":"wp","href":"https:\/\/api.w.org\/{rel}","templated":true}]}}