{"id":716,"date":"2023-01-23T15:27:44","date_gmt":"2023-01-23T14:27:44","guid":{"rendered":"https:\/\/www.ednh.fr\/salon-nutrition\/nice\/?page_id=716"},"modified":"2024-03-07T13:49:24","modified_gmt":"2024-03-07T12:49:24","slug":"la-tombola","status":"publish","type":"page","link":"https:\/\/www.ednh.fr\/salon-nutrition\/nice\/?page_id=716","title":{"rendered":"LA TOMBOLA"},"content":{"rendered":"\t\t<div data-elementor-type=\"wp-page\" data-elementor-id=\"716\" class=\"elementor elementor-716\">\n\t\t\t\t\t\t<section class=\"elementor-section elementor-top-section elementor-element elementor-element-4b8c11c elementor-section-stretched elementor-section-boxed elementor-section-height-default elementor-section-height-default wpr-particle-no wpr-jarallax-no wpr-parallax-no wpr-sticky-section-no wpr-column-slider-no wpr-equal-height-no\" data-id=\"4b8c11c\" data-element_type=\"section\" data-e-type=\"section\" data-settings=\"{&quot;stretch_section&quot;:&quot;section-stretched&quot;}\">\n\t\t\t\t\t\t<div class=\"elementor-container elementor-column-gap-default\">\n\t\t\t\t\t<div class=\"elementor-column elementor-col-100 elementor-top-column elementor-element elementor-element-4262939\" data-id=\"4262939\" data-element_type=\"column\" data-e-type=\"column\">\n\t\t\t<div class=\"elementor-widget-wrap elementor-element-populated\">\n\t\t\t\t\t\t<div class=\"elementor-element elementor-element-e972084 elementor-widget elementor-widget-spacer\" data-id=\"e972084\" data-element_type=\"widget\" data-e-type=\"widget\" data-widget_type=\"spacer.default\">\n\t\t\t\t<div class=\"elementor-widget-container\">\n\t\t\t\t\t\t\t<div class=\"elementor-spacer\">\n\t\t\t<div class=\"elementor-spacer-inner\"><\/div>\n\t\t<\/div>\n\t\t\t\t\t\t<\/div>\n\t\t\t\t<\/div>\n\t\t\t\t<div class=\"elementor-element elementor-element-614f41f elementor-widget elementor-widget-image\" data-id=\"614f41f\" data-element_type=\"widget\" data-e-type=\"widget\" data-widget_type=\"image.default\">\n\t\t\t\t<div class=\"elementor-widget-container\">\n\t\t\t\t\t\t\t\t\t\t\t\t\t\t\t<img decoding=\"async\" src=\"https:\/\/www.ednh.fr\/salon-nutrition\/nice\/wp-content\/uploads\/sites\/10\/elementor\/thumbs\/Copie-de-Copie-de-Planner-qf5jbqc8gcqphi5ogaoz02f96futuzioxd1hvnsddk.png\" title=\"Copie de Copie de Planner\" alt=\"Copie de Copie de Planner\" loading=\"lazy\" \/>\t\t\t\t\t\t\t\t\t\t\t\t\t\t\t<\/div>\n\t\t\t\t<\/div>\n\t\t\t\t\t<\/div>\n\t\t<\/div>\n\t\t\t\t\t<\/div>\n\t\t<\/section>\n\t\t\t\t<section class=\"elementor-section elementor-top-section elementor-element elementor-element-d92c2e8 elementor-section-boxed elementor-section-height-default elementor-section-height-default wpr-particle-no wpr-jarallax-no wpr-parallax-no wpr-sticky-section-no wpr-column-slider-no wpr-equal-height-no\" data-id=\"d92c2e8\" data-element_type=\"section\" data-e-type=\"section\">\n\t\t\t\t\t\t<div class=\"elementor-container elementor-column-gap-default\">\n\t\t\t\t\t<div class=\"elementor-column elementor-col-100 elementor-top-column elementor-element elementor-element-de79b89\" data-id=\"de79b89\" data-element_type=\"column\" data-e-type=\"column\">\n\t\t\t<div class=\"elementor-widget-wrap elementor-element-populated\">\n\t\t\t\t\t\t<div class=\"elementor-element elementor-element-4fcd59c elementor-widget__width-inherit elementor-widget elementor-widget-text-editor\" data-id=\"4fcd59c\" data-element_type=\"widget\" data-e-type=\"widget\" data-widget_type=\"text-editor.default\">\n\t\t\t\t<div class=\"elementor-widget-container\">\n\t\t\t\t\t\t\t\t\t<p>Nous sommes ravis de vous pr\u00e9senter notre tombola lors du Salon de la Nutrition, vous avez la possibilit\u00e9 de remporter 6 prix qui vous aideront \u00e0 prendre soin de votre bien \u00eatre afin de diminuer l&rsquo;inflammation.\u00a0 Une opportunit\u00e9 unique pour remporter des prix exclusifs qui vous aideront \u00e0 prendre soin de votre bien-\u00eatre de mani\u00e8re holistique !<\/p><ol><li><strong> Balance Connect\u00e9e :<\/strong><\/li><\/ol><p>Mesurez votre progr\u00e8s avec notre balance connect\u00e9e. Vous pouvez suivre votre poids, votre composition corporelle et bien plus encore, pour assurer tous vos objectifs.\u00a0<\/p><p><span style=\"font-size: 18px;color: var( --e-global-color-text );letter-spacing: var( --e-global-typography-text-letter-spacing );text-transform: var( --e-global-typography-text-text-transform );background-color: var( --e-global-color-2b4a467 )\">3. <strong>Des p<\/strong><\/span><strong>aniers :<\/strong><\/p><p>Gagnez l&rsquo;un de nos paniers sp\u00e9cialement con\u00e7us pour votre sant\u00e9, le sport, l&rsquo;immunit\u00e9 et anti-inflammation.<\/p><p><span style=\"font-size: 18px;color: var( --e-global-color-text );letter-spacing: var( --e-global-typography-text-letter-spacing );text-transform: var( --e-global-typography-text-text-transform );background-color: var( --e-global-color-2b4a467 )\">4.\u00a0<\/span><strong>Bouteilles isothermes\u00a0<\/strong><\/p><p>Pour avoir garder une bonne hydratation toute au long de la journ\u00e9e\u00a0<\/p><p>\u00a0<\/p>\t\t\t\t\t\t\t\t<\/div>\n\t\t\t\t<\/div>\n\t\t\t\t\t<\/div>\n\t\t<\/div>\n\t\t\t\t\t<\/div>\n\t\t<\/section>\n\t\t\t\t<\/div>\n\t\t","protected":false},"excerpt":{"rendered":"<p>Nous sommes ravis de vous pr\u00e9senter notre tombola lors du Salon de la Nutrition, vous avez la possibilit\u00e9 de remporter 6 prix qui vous aideront \u00e0 prendre soin de votre bien \u00eatre afin de diminuer l&rsquo;inflammation.\u00a0 Une opportunit\u00e9 unique pour remporter des prix exclusifs qui vous aideront \u00e0 prendre soin de votre bien-\u00eatre de mani\u00e8re holistique ! Balance Connect\u00e9e : Mesurez votre progr\u00e8s avec notre balance connect\u00e9e. Vous pouvez suivre votre poids, votre composition corporelle et bien plus encore, pour assurer tous vos objectifs.\u00a0 3. Des paniers : Gagnez l&rsquo;un de nos paniers sp\u00e9cialement con\u00e7us pour votre sant\u00e9, le sport, l&rsquo;immunit\u00e9 et anti-inflammation. 4.\u00a0Bouteilles isothermes\u00a0 Pour avoir garder une bonne hydratation toute au long de la journ\u00e9e\u00a0 \u00a0<\/p>\n","protected":false},"author":15,"featured_media":0,"parent":0,"menu_order":0,"comment_status":"closed","ping_status":"closed","template":"","meta":{"om_disable_all_campaigns":false,"footnotes":""},"class_list":["post-716","page","type-page","status-publish","hentry","entry"],"yoast_head":"<!-- This site is optimized with the Yoast SEO plugin v27.6 - https:\/\/yoast.com\/product\/yoast-seo-wordpress\/ -->\n<title>LA TOMBOLA - Salon de la Nutrition de l&#039;EDNH Nice<\/title>\n<meta name=\"robots\" content=\"index, follow, max-snippet:-1, max-image-preview:large, max-video-preview:-1\" \/>\n<link rel=\"canonical\" href=\"https:\/\/www.ednh.fr\/salon-nutrition\/nice\/?page_id=716\" \/>\n<meta property=\"og:locale\" content=\"fr_FR\" \/>\n<meta property=\"og:type\" content=\"article\" \/>\n<meta property=\"og:title\" content=\"LA TOMBOLA - Salon de la Nutrition de l&#039;EDNH Nice\" \/>\n<meta property=\"og:description\" content=\"Nous sommes ravis de vous pr\u00e9senter notre tombola lors du Salon de la Nutrition, vous avez la possibilit\u00e9 de remporter 6 prix qui vous aideront \u00e0 prendre soin de votre bien \u00eatre afin de diminuer l&rsquo;inflammation.\u00a0 Une opportunit\u00e9 unique pour remporter des prix exclusifs qui vous aideront \u00e0 prendre soin de votre bien-\u00eatre de mani\u00e8re holistique ! Balance Connect\u00e9e : Mesurez votre progr\u00e8s avec notre balance connect\u00e9e. Vous pouvez suivre votre poids, votre composition corporelle et bien plus encore, pour assurer tous vos objectifs.\u00a0 3. Des paniers : Gagnez l&rsquo;un de nos paniers sp\u00e9cialement con\u00e7us pour votre sant\u00e9, le sport, l&rsquo;immunit\u00e9 et anti-inflammation. 4.\u00a0Bouteilles isothermes\u00a0 Pour avoir garder une bonne hydratation toute au long de la journ\u00e9e\u00a0 \u00a0\" \/>\n<meta property=\"og:url\" content=\"https:\/\/www.ednh.fr\/salon-nutrition\/nice\/?page_id=716\" \/>\n<meta property=\"og:site_name\" content=\"Salon de la Nutrition de l&#039;EDNH Nice\" \/>\n<meta property=\"article:modified_time\" content=\"2024-03-07T12:49:24+00:00\" \/>\n<meta property=\"og:image\" content=\"https:\/\/www.ednh.fr\/salon-nutrition\/nice\/wp-content\/uploads\/sites\/10\/elementor\/thumbs\/Copie-de-Copie-de-Planner-qf5jbqc8gcqphi5ogaoz02f96futuzioxd1hf4eu4g.png\" \/>\n<meta name=\"twitter:card\" content=\"summary_large_image\" \/>\n<meta name=\"twitter:label1\" content=\"Dur\u00e9e de lecture estim\u00e9e\" \/>\n\t<meta name=\"twitter:data1\" content=\"1 minute\" \/>\n<script type=\"application\/ld+json\" class=\"yoast-schema-graph\">{\"@context\":\"https:\\\/\\\/schema.org\",\"@graph\":[{\"@type\":\"WebPage\",\"@id\":\"https:\\\/\\\/www.ednh.fr\\\/salon-nutrition\\\/nice\\\/?page_id=716\",\"url\":\"https:\\\/\\\/www.ednh.fr\\\/salon-nutrition\\\/nice\\\/?page_id=716\",\"name\":\"LA TOMBOLA - Salon de la Nutrition de l&#039;EDNH Nice\",\"isPartOf\":{\"@id\":\"https:\\\/\\\/www.ednh.fr\\\/salon-nutrition\\\/nice\\\/#website\"},\"primaryImageOfPage\":{\"@id\":\"https:\\\/\\\/www.ednh.fr\\\/salon-nutrition\\\/nice\\\/?page_id=716#primaryimage\"},\"image\":{\"@id\":\"https:\\\/\\\/www.ednh.fr\\\/salon-nutrition\\\/nice\\\/?page_id=716#primaryimage\"},\"thumbnailUrl\":\"https:\\\/\\\/www.ednh.fr\\\/salon-nutrition\\\/nice\\\/wp-content\\\/uploads\\\/sites\\\/10\\\/elementor\\\/thumbs\\\/Copie-de-Copie-de-Planner-qf5jbqc8gcqphi5ogaoz02f96futuzioxd1hf4eu4g.png\",\"datePublished\":\"2023-01-23T14:27:44+00:00\",\"dateModified\":\"2024-03-07T12:49:24+00:00\",\"breadcrumb\":{\"@id\":\"https:\\\/\\\/www.ednh.fr\\\/salon-nutrition\\\/nice\\\/?page_id=716#breadcrumb\"},\"inLanguage\":\"fr-FR\",\"potentialAction\":[{\"@type\":\"ReadAction\",\"target\":[\"https:\\\/\\\/www.ednh.fr\\\/salon-nutrition\\\/nice\\\/?page_id=716\"]}]},{\"@type\":\"ImageObject\",\"inLanguage\":\"fr-FR\",\"@id\":\"https:\\\/\\\/www.ednh.fr\\\/salon-nutrition\\\/nice\\\/?page_id=716#primaryimage\",\"url\":\"https:\\\/\\\/www.ednh.fr\\\/salon-nutrition\\\/nice\\\/wp-content\\\/uploads\\\/sites\\\/10\\\/elementor\\\/thumbs\\\/Copie-de-Copie-de-Planner-qf5jbqc8gcqphi5ogaoz02f96futuzioxd1hf4eu4g.png\",\"contentUrl\":\"https:\\\/\\\/www.ednh.fr\\\/salon-nutrition\\\/nice\\\/wp-content\\\/uploads\\\/sites\\\/10\\\/elementor\\\/thumbs\\\/Copie-de-Copie-de-Planner-qf5jbqc8gcqphi5ogaoz02f96futuzioxd1hf4eu4g.png\"},{\"@type\":\"BreadcrumbList\",\"@id\":\"https:\\\/\\\/www.ednh.fr\\\/salon-nutrition\\\/nice\\\/?page_id=716#breadcrumb\",\"itemListElement\":[{\"@type\":\"ListItem\",\"position\":1,\"name\":\"Accueil\",\"item\":\"https:\\\/\\\/www.ednh.fr\\\/salon-nutrition\\\/nice\\\/\"},{\"@type\":\"ListItem\",\"position\":2,\"name\":\"LA TOMBOLA\"}]},{\"@type\":\"WebSite\",\"@id\":\"https:\\\/\\\/www.ednh.fr\\\/salon-nutrition\\\/nice\\\/#website\",\"url\":\"https:\\\/\\\/www.ednh.fr\\\/salon-nutrition\\\/nice\\\/\",\"name\":\"Salon de la Nutrition de l&#039;EDNH Nice\",\"description\":\"L&#039;inflammation, l&#039;origine de vos maux ?\",\"potentialAction\":[{\"@type\":\"SearchAction\",\"target\":{\"@type\":\"EntryPoint\",\"urlTemplate\":\"https:\\\/\\\/www.ednh.fr\\\/salon-nutrition\\\/nice\\\/?s={search_term_string}\"},\"query-input\":{\"@type\":\"PropertyValueSpecification\",\"valueRequired\":true,\"valueName\":\"search_term_string\"}}],\"inLanguage\":\"fr-FR\"}]}<\/script>\n<!-- \/ Yoast SEO plugin. -->","yoast_head_json":{"title":"LA TOMBOLA - Salon de la Nutrition de l&#039;EDNH Nice","robots":{"index":"index","follow":"follow","max-snippet":"max-snippet:-1","max-image-preview":"max-image-preview:large","max-video-preview":"max-video-preview:-1"},"canonical":"https:\/\/www.ednh.fr\/salon-nutrition\/nice\/?page_id=716","og_locale":"fr_FR","og_type":"article","og_title":"LA TOMBOLA - Salon de la Nutrition de l&#039;EDNH Nice","og_description":"Nous sommes ravis de vous pr\u00e9senter notre tombola lors du Salon de la Nutrition, vous avez la possibilit\u00e9 de remporter 6 prix qui vous aideront \u00e0 prendre soin de votre bien \u00eatre afin de diminuer l&rsquo;inflammation.\u00a0 Une opportunit\u00e9 unique pour remporter des prix exclusifs qui vous aideront \u00e0 prendre soin de votre bien-\u00eatre de mani\u00e8re holistique ! Balance Connect\u00e9e : Mesurez votre progr\u00e8s avec notre balance connect\u00e9e. Vous pouvez suivre votre poids, votre composition corporelle et bien plus encore, pour assurer tous vos objectifs.\u00a0 3. Des paniers : Gagnez l&rsquo;un de nos paniers sp\u00e9cialement con\u00e7us pour votre sant\u00e9, le sport, l&rsquo;immunit\u00e9 et anti-inflammation. 4.\u00a0Bouteilles isothermes\u00a0 Pour avoir garder une bonne hydratation toute au long de la journ\u00e9e\u00a0 \u00a0","og_url":"https:\/\/www.ednh.fr\/salon-nutrition\/nice\/?page_id=716","og_site_name":"Salon de la Nutrition de l&#039;EDNH Nice","article_modified_time":"2024-03-07T12:49:24+00:00","og_image":[{"url":"https:\/\/www.ednh.fr\/salon-nutrition\/nice\/wp-content\/uploads\/sites\/10\/elementor\/thumbs\/Copie-de-Copie-de-Planner-qf5jbqc8gcqphi5ogaoz02f96futuzioxd1hf4eu4g.png","type":"","width":"","height":""}],"twitter_card":"summary_large_image","twitter_misc":{"Dur\u00e9e de lecture estim\u00e9e":"1 minute"},"schema":{"@context":"https:\/\/schema.org","@graph":[{"@type":"WebPage","@id":"https:\/\/www.ednh.fr\/salon-nutrition\/nice\/?page_id=716","url":"https:\/\/www.ednh.fr\/salon-nutrition\/nice\/?page_id=716","name":"LA TOMBOLA - Salon de la Nutrition de l&#039;EDNH Nice","isPartOf":{"@id":"https:\/\/www.ednh.fr\/salon-nutrition\/nice\/#website"},"primaryImageOfPage":{"@id":"https:\/\/www.ednh.fr\/salon-nutrition\/nice\/?page_id=716#primaryimage"},"image":{"@id":"https:\/\/www.ednh.fr\/salon-nutrition\/nice\/?page_id=716#primaryimage"},"thumbnailUrl":"https:\/\/www.ednh.fr\/salon-nutrition\/nice\/wp-content\/uploads\/sites\/10\/elementor\/thumbs\/Copie-de-Copie-de-Planner-qf5jbqc8gcqphi5ogaoz02f96futuzioxd1hf4eu4g.png","datePublished":"2023-01-23T14:27:44+00:00","dateModified":"2024-03-07T12:49:24+00:00","breadcrumb":{"@id":"https:\/\/www.ednh.fr\/salon-nutrition\/nice\/?page_id=716#breadcrumb"},"inLanguage":"fr-FR","potentialAction":[{"@type":"ReadAction","target":["https:\/\/www.ednh.fr\/salon-nutrition\/nice\/?page_id=716"]}]},{"@type":"ImageObject","inLanguage":"fr-FR","@id":"https:\/\/www.ednh.fr\/salon-nutrition\/nice\/?page_id=716#primaryimage","url":"https:\/\/www.ednh.fr\/salon-nutrition\/nice\/wp-content\/uploads\/sites\/10\/elementor\/thumbs\/Copie-de-Copie-de-Planner-qf5jbqc8gcqphi5ogaoz02f96futuzioxd1hf4eu4g.png","contentUrl":"https:\/\/www.ednh.fr\/salon-nutrition\/nice\/wp-content\/uploads\/sites\/10\/elementor\/thumbs\/Copie-de-Copie-de-Planner-qf5jbqc8gcqphi5ogaoz02f96futuzioxd1hf4eu4g.png"},{"@type":"BreadcrumbList","@id":"https:\/\/www.ednh.fr\/salon-nutrition\/nice\/?page_id=716#breadcrumb","itemListElement":[{"@type":"ListItem","position":1,"name":"Accueil","item":"https:\/\/www.ednh.fr\/salon-nutrition\/nice\/"},{"@type":"ListItem","position":2,"name":"LA TOMBOLA"}]},{"@type":"WebSite","@id":"https:\/\/www.ednh.fr\/salon-nutrition\/nice\/#website","url":"https:\/\/www.ednh.fr\/salon-nutrition\/nice\/","name":"Salon de la Nutrition de l&#039;EDNH Nice","description":"L&#039;inflammation, l&#039;origine de vos maux ?","potentialAction":[{"@type":"SearchAction","target":{"@type":"EntryPoint","urlTemplate":"https:\/\/www.ednh.fr\/salon-nutrition\/nice\/?s={search_term_string}"},"query-input":{"@type":"PropertyValueSpecification","valueRequired":true,"valueName":"search_term_string"}}],"inLanguage":"fr-FR"}]}},"_links":{"self":[{"href":"https:\/\/www.ednh.fr\/salon-nutrition\/nice\/index.php?rest_route=\/wp\/v2\/pages\/716","targetHints":{"allow":["GET"]}}],"collection":[{"href":"https:\/\/www.ednh.fr\/salon-nutrition\/nice\/index.php?rest_route=\/wp\/v2\/pages"}],"about":[{"href":"https:\/\/www.ednh.fr\/salon-nutrition\/nice\/index.php?rest_route=\/wp\/v2\/types\/page"}],"author":[{"embeddable":true,"href":"https:\/\/www.ednh.fr\/salon-nutrition\/nice\/index.php?rest_route=\/wp\/v2\/users\/15"}],"replies":[{"embeddable":true,"href":"https:\/\/www.ednh.fr\/salon-nutrition\/nice\/index.php?rest_route=%2Fwp%2Fv2%2Fcomments&post=716"}],"version-history":[{"count":82,"href":"https:\/\/www.ednh.fr\/salon-nutrition\/nice\/index.php?rest_route=\/wp\/v2\/pages\/716\/revisions"}],"predecessor-version":[{"id":2048,"href":"https:\/\/www.ednh.fr\/salon-nutrition\/nice\/index.php?rest_route=\/wp\/v2\/pages\/716\/revisions\/2048"}],"wp:attachment":[{"href":"https:\/\/www.ednh.fr\/salon-nutrition\/nice\/index.php?rest_route=%2Fwp%2Fv2%2Fmedia&parent=716"}],"curies":[{"name":"wp","href":"https:\/\/api.w.org\/{rel}","templated":true}]}}