{"id":70,"date":"2023-01-15T16:01:36","date_gmt":"2023-01-15T15:01:36","guid":{"rendered":"https:\/\/www.ednh.fr\/salon-nutrition\/montpellier\/?page_id=70"},"modified":"2025-02-28T19:43:50","modified_gmt":"2025-02-28T18:43:50","slug":"soutenez-nous","status":"publish","type":"page","link":"https:\/\/www.ednh.fr\/salon-nutrition\/montpellier\/soutenez-nous\/","title":{"rendered":"Soutenez-nous"},"content":{"rendered":"\t\t<div data-elementor-type=\"wp-page\" data-elementor-id=\"70\" class=\"elementor elementor-70\">\n\t\t\t\t\t\t<section class=\"elementor-section elementor-top-section elementor-element elementor-element-50509dd elementor-section-boxed elementor-section-height-default elementor-section-height-default wpr-particle-no wpr-jarallax-no wpr-parallax-no wpr-sticky-section-no wpr-equal-height-no\" data-id=\"50509dd\" data-element_type=\"section\" data-e-type=\"section\">\n\t\t\t\t\t\t<div class=\"elementor-container elementor-column-gap-default\">\n\t\t\t\t\t<div class=\"elementor-column elementor-col-100 elementor-top-column elementor-element elementor-element-e6261f1\" data-id=\"e6261f1\" data-element_type=\"column\" data-e-type=\"column\">\n\t\t\t<div class=\"elementor-widget-wrap elementor-element-populated\">\n\t\t\t\t\t\t<div class=\"elementor-element elementor-element-6f96657 elementor-widget elementor-widget-text-editor\" data-id=\"6f96657\" data-element_type=\"widget\" data-e-type=\"widget\" data-widget_type=\"text-editor.default\">\n\t\t\t\t<div class=\"elementor-widget-container\">\n\t\t\t\t\t\t\t\t\t<p><strong>Pour la 11\u1d49 \u00e9dition du Salon de la Nutrition, nous avons le plaisir de collaborer avec l\u2019association <em>Diet\u2019Educ<\/em>, cr\u00e9\u00e9e par des \u00e9tudiants de 3\u1d49 ann\u00e9e !<\/strong><\/p><p>Cette association a pour vocation de sensibiliser le grand public \u00e0 l\u2019importance de l\u2019alimentation, de l\u2019activit\u00e9 physique, du sport et des pratiques de bien-\u00eatre pour la sant\u00e9. En organisant des ateliers, des \u00e9v\u00e9nements interactifs et en produisant des supports \u00e9ducatifs, <em>Diet\u2019Educ<\/em> joue un r\u00f4le cl\u00e9 dans la pr\u00e9vention et l\u2019\u00e9ducation nutritionnelle.<\/p><p>Par ailleurs, gr\u00e2ce \u00e0 ses initiatives, l\u2019association contribue activement au financement du Salon de la Nutrition.<\/p><p><span style=\"color: #9ed382\"><strong>Envie de soutenir nos actions ?<\/strong><\/span> <span style=\"color: #f2a794\"><strong><a style=\"color: #f2a794\" href=\"https:\/\/www.helloasso.com\/associations\/diet-educ\" target=\"_blank\" rel=\"noopener\">Cliquez ici<\/a> <\/strong><\/span>pour d\u00e9couvrir comment vous impliquer et contribuer \u00e0 notre mission.<\/p><p><img fetchpriority=\"high\" decoding=\"async\" class=\"attachment-medium alignnone wp-image-1046 size-medium\" style=\"border-width: medium;border-style: none;margin-right: auto;margin-left: auto;font-size: 14px;text-align: center\" src=\"https:\/\/www.ednh.fr\/salon-nutrition\/montpellier\/wp-content\/uploads\/sites\/8\/2023\/12\/Nouveau-logo-300x300.jpg\" alt=\"diet educ association\" width=\"300\" height=\"300\" srcset=\"https:\/\/www.ednh.fr\/salon-nutrition\/montpellier\/wp-content\/uploads\/sites\/8\/2023\/12\/Nouveau-logo-300x300.jpg 300w, https:\/\/www.ednh.fr\/salon-nutrition\/montpellier\/wp-content\/uploads\/sites\/8\/2023\/12\/Nouveau-logo-150x150.jpg 150w, https:\/\/www.ednh.fr\/salon-nutrition\/montpellier\/wp-content\/uploads\/sites\/8\/2023\/12\/Nouveau-logo.jpg 501w\" sizes=\"(max-width: 300px) 100vw, 300px\" \/><\/p>\t\t\t\t\t\t\t\t<\/div>\n\t\t\t\t<\/div>\n\t\t\t\t<div class=\"elementor-element elementor-element-bbc8cac elementor-widget elementor-widget-text-editor\" data-id=\"bbc8cac\" data-element_type=\"widget\" data-e-type=\"widget\" data-widget_type=\"text-editor.default\">\n\t\t\t\t<div class=\"elementor-widget-container\">\n\t\t\t\t\t\t\t\t\t<p><strong>D\u00e9couvrez la Clinique de Nutrition de l&rsquo;EDNH au Salon de la Nutrition !<\/strong><\/p>\n<p>\u00c0 l\u2019occasion du Salon, profitez de l\u2019expertise de la <strong>Clinique de Nutrition de l\u2019EDNH Montpellier<\/strong>, un espace unique d\u00e9di\u00e9 \u00e0 l\u2019am\u00e9lioration de votre sant\u00e9 gr\u00e2ce \u00e0 une approche personnalis\u00e9e et \u00e9ducative.<\/p>\n<p><span style=\"color: #9ed382\"><strong>Pourquoi consulter ?<\/strong><\/span><\/p>\n<p>Consultez si vous souhaitez :<\/p>\n<ul>\n<li>Am\u00e9liorer votre sant\u00e9 g\u00e9n\u00e9rale et adopter des habitudes alimentaires saines.<\/li>\n<li>Obtenir un plan nutritionnel personnalis\u00e9.<\/li>\n<li>G\u00e9rer des conditions m\u00e9dicales (diab\u00e8te, maladies cardiaques, intol\u00e9rances).<\/li>\n<li>Optimiser votre performance sportive avec des conseils nutritionnels.<\/li>\n<li>Perdre ou prendre du poids de mani\u00e8re durable.<\/li>\n<li>Recevoir une \u00e9ducation nutritionnelle pour mieux comprendre l&rsquo;impact de vos choix alimentaires.<\/li>\n<\/ul>\n<div>&nbsp;<\/div>\n<p><span style=\"color: #9ed382\"><strong>Envie d\u2019en savoir plus ou de r\u00e9server votre place ?<\/strong><\/span><br>Visitez le site de la Clinique de Nutrition ou rejoignez-nous directement sur le Salon pour une exp\u00e9rience enrichissante.<\/p>\t\t\t\t\t\t\t\t<\/div>\n\t\t\t\t<\/div>\n\t\t\t\t<div class=\"elementor-element elementor-element-89fc4a6 elementor-align-center elementor-widget elementor-widget-button\" data-id=\"89fc4a6\" data-element_type=\"widget\" data-e-type=\"widget\" data-widget_type=\"button.default\">\n\t\t\t\t<div class=\"elementor-widget-container\">\n\t\t\t\t\t\t\t\t\t<div class=\"elementor-button-wrapper\">\n\t\t\t\t\t<a class=\"elementor-button elementor-button-link elementor-size-sm\" href=\"https:\/\/www.ednh.fr\/clinique-nutrition\/montpellier\/\" target=\"_blank\">\n\t\t\t\t\t\t<span class=\"elementor-button-content-wrapper\">\n\t\t\t\t\t\t\t\t\t<span class=\"elementor-button-text\">Cliquez ici<\/span>\n\t\t\t\t\t<\/span>\n\t\t\t\t\t<\/a>\n\t\t\t\t<\/div>\n\t\t\t\t\t\t\t\t<\/div>\n\t\t\t\t<\/div>\n\t\t\t\t<div class=\"elementor-element elementor-element-df52b29 elementor-widget elementor-widget-image\" data-id=\"df52b29\" data-element_type=\"widget\" data-e-type=\"widget\" data-widget_type=\"image.default\">\n\t\t\t\t<div class=\"elementor-widget-container\">\n\t\t\t\t\t\t\t\t\t\t\t\t\t\t\t\t<a href=\"https:\/\/www.ednh.fr\/clinique-nutrition\/Montpellier\/\" target=\"_blank\">\n\t\t\t\t\t\t\t<img decoding=\"async\" width=\"300\" height=\"101\" src=\"https:\/\/www.ednh.fr\/salon-nutrition\/montpellier\/wp-content\/uploads\/sites\/8\/2024\/11\/e3eb80f42fa008315d56c4ba870460f14f999871-300x101.png\" class=\"attachment-medium size-medium wp-image-1593\" alt=\"\" srcset=\"https:\/\/www.ednh.fr\/salon-nutrition\/montpellier\/wp-content\/uploads\/sites\/8\/2024\/11\/e3eb80f42fa008315d56c4ba870460f14f999871-300x101.png 300w, https:\/\/www.ednh.fr\/salon-nutrition\/montpellier\/wp-content\/uploads\/sites\/8\/2024\/11\/e3eb80f42fa008315d56c4ba870460f14f999871-1024x343.png 1024w, https:\/\/www.ednh.fr\/salon-nutrition\/montpellier\/wp-content\/uploads\/sites\/8\/2024\/11\/e3eb80f42fa008315d56c4ba870460f14f999871-768x258.png 768w, https:\/\/www.ednh.fr\/salon-nutrition\/montpellier\/wp-content\/uploads\/sites\/8\/2024\/11\/e3eb80f42fa008315d56c4ba870460f14f999871-1536x515.png 1536w, https:\/\/www.ednh.fr\/salon-nutrition\/montpellier\/wp-content\/uploads\/sites\/8\/2024\/11\/e3eb80f42fa008315d56c4ba870460f14f999871-2048x687.png 2048w\" sizes=\"(max-width: 300px) 100vw, 300px\" \/>\t\t\t\t\t\t\t\t<\/a>\n\t\t\t\t\t\t\t\t\t\t\t\t\t\t\t<\/div>\n\t\t\t\t<\/div>\n\t\t\t\t\t<\/div>\n\t\t<\/div>\n\t\t\t\t\t<\/div>\n\t\t<\/section>\n\t\t\t\t<section class=\"elementor-section elementor-top-section elementor-element elementor-element-5d3f00e elementor-section-boxed elementor-section-height-default elementor-section-height-default wpr-particle-no wpr-jarallax-no wpr-parallax-no wpr-sticky-section-no wpr-equal-height-no\" data-id=\"5d3f00e\" data-element_type=\"section\" data-e-type=\"section\">\n\t\t\t\t\t\t<div class=\"elementor-container elementor-column-gap-default\">\n\t\t\t\t\t<div class=\"elementor-column elementor-col-100 elementor-top-column elementor-element elementor-element-b7c8a17\" data-id=\"b7c8a17\" data-element_type=\"column\" data-e-type=\"column\">\n\t\t\t<div class=\"elementor-widget-wrap\">\n\t\t\t\t\t\t\t<\/div>\n\t\t<\/div>\n\t\t\t\t\t<\/div>\n\t\t<\/section>\n\t\t\t\t<\/div>\n\t\t","protected":false},"excerpt":{"rendered":"<p>Pour la 11\u1d49 \u00e9dition du Salon de la Nutrition, nous avons le plaisir de collaborer avec l\u2019association Diet\u2019Educ, cr\u00e9\u00e9e par des \u00e9tudiants de 3\u1d49 ann\u00e9e ! Cette association a pour vocation de sensibiliser le grand public \u00e0 l\u2019importance de l\u2019alimentation, de l\u2019activit\u00e9 physique, du sport et des pratiques de bien-\u00eatre pour la sant\u00e9. En organisant des ateliers, des \u00e9v\u00e9nements interactifs<\/p>\n","protected":false},"author":13,"featured_media":0,"parent":0,"menu_order":0,"comment_status":"closed","ping_status":"closed","template":"","meta":{"om_disable_all_campaigns":false,"footnotes":""},"class_list":["post-70","page","type-page","status-publish","hentry"],"yoast_head":"<!-- This site is optimized with the Yoast SEO plugin v27.5 - https:\/\/yoast.com\/product\/yoast-seo-wordpress\/ -->\n<title>Soutenez-nous - Salon de la Nutrition EDNH - Montpellier<\/title>\n<meta name=\"robots\" content=\"index, follow, max-snippet:-1, max-image-preview:large, max-video-preview:-1\" \/>\n<link rel=\"canonical\" href=\"https:\/\/www.ednh.fr\/salon-nutrition\/montpellier\/soutenez-nous\/\" \/>\n<meta property=\"og:locale\" content=\"fr_FR\" \/>\n<meta property=\"og:type\" content=\"article\" \/>\n<meta property=\"og:title\" content=\"Soutenez-nous - Salon de la Nutrition EDNH - Montpellier\" \/>\n<meta property=\"og:description\" content=\"Pour la 11\u1d49 \u00e9dition du Salon de la Nutrition, nous avons le plaisir de collaborer avec l\u2019association Diet\u2019Educ, cr\u00e9\u00e9e par des \u00e9tudiants de 3\u1d49 ann\u00e9e ! Cette association a pour vocation de sensibiliser le grand public \u00e0 l\u2019importance de l\u2019alimentation, de l\u2019activit\u00e9 physique, du sport et des pratiques de bien-\u00eatre pour la sant\u00e9. En organisant des ateliers, des \u00e9v\u00e9nements interactifs\" \/>\n<meta property=\"og:url\" content=\"https:\/\/www.ednh.fr\/salon-nutrition\/montpellier\/soutenez-nous\/\" \/>\n<meta property=\"og:site_name\" content=\"Salon de la Nutrition EDNH - Montpellier\" \/>\n<meta property=\"article:modified_time\" content=\"2025-02-28T18:43:50+00:00\" \/>\n<meta property=\"og:image\" content=\"https:\/\/www.ednh.fr\/salon-nutrition\/montpellier\/wp-content\/uploads\/sites\/8\/2023\/12\/Nouveau-logo.jpg\" \/>\n\t<meta property=\"og:image:width\" content=\"501\" \/>\n\t<meta property=\"og:image:height\" content=\"500\" \/>\n\t<meta property=\"og:image:type\" content=\"image\/jpeg\" \/>\n<meta name=\"twitter:card\" content=\"summary_large_image\" \/>\n<meta name=\"twitter:label1\" content=\"Dur\u00e9e de lecture estim\u00e9e\" \/>\n\t<meta name=\"twitter:data1\" content=\"2 minutes\" \/>\n<script type=\"application\/ld+json\" class=\"yoast-schema-graph\">{\"@context\":\"https:\\\/\\\/schema.org\",\"@graph\":[{\"@type\":\"WebPage\",\"@id\":\"https:\\\/\\\/www.ednh.fr\\\/salon-nutrition\\\/montpellier\\\/soutenez-nous\\\/\",\"url\":\"https:\\\/\\\/www.ednh.fr\\\/salon-nutrition\\\/montpellier\\\/soutenez-nous\\\/\",\"name\":\"Soutenez-nous - Salon de la Nutrition EDNH - Montpellier\",\"isPartOf\":{\"@id\":\"https:\\\/\\\/www.ednh.fr\\\/salon-nutrition\\\/montpellier\\\/#website\"},\"primaryImageOfPage\":{\"@id\":\"https:\\\/\\\/www.ednh.fr\\\/salon-nutrition\\\/montpellier\\\/soutenez-nous\\\/#primaryimage\"},\"image\":{\"@id\":\"https:\\\/\\\/www.ednh.fr\\\/salon-nutrition\\\/montpellier\\\/soutenez-nous\\\/#primaryimage\"},\"thumbnailUrl\":\"https:\\\/\\\/www.ednh.fr\\\/salon-nutrition\\\/montpellier\\\/wp-content\\\/uploads\\\/sites\\\/8\\\/2023\\\/12\\\/Nouveau-logo-300x300.jpg\",\"datePublished\":\"2023-01-15T15:01:36+00:00\",\"dateModified\":\"2025-02-28T18:43:50+00:00\",\"breadcrumb\":{\"@id\":\"https:\\\/\\\/www.ednh.fr\\\/salon-nutrition\\\/montpellier\\\/soutenez-nous\\\/#breadcrumb\"},\"inLanguage\":\"fr-FR\",\"potentialAction\":[{\"@type\":\"ReadAction\",\"target\":[\"https:\\\/\\\/www.ednh.fr\\\/salon-nutrition\\\/montpellier\\\/soutenez-nous\\\/\"]}]},{\"@type\":\"ImageObject\",\"inLanguage\":\"fr-FR\",\"@id\":\"https:\\\/\\\/www.ednh.fr\\\/salon-nutrition\\\/montpellier\\\/soutenez-nous\\\/#primaryimage\",\"url\":\"https:\\\/\\\/www.ednh.fr\\\/salon-nutrition\\\/montpellier\\\/wp-content\\\/uploads\\\/sites\\\/8\\\/2023\\\/12\\\/Nouveau-logo.jpg\",\"contentUrl\":\"https:\\\/\\\/www.ednh.fr\\\/salon-nutrition\\\/montpellier\\\/wp-content\\\/uploads\\\/sites\\\/8\\\/2023\\\/12\\\/Nouveau-logo.jpg\",\"width\":501,\"height\":500},{\"@type\":\"BreadcrumbList\",\"@id\":\"https:\\\/\\\/www.ednh.fr\\\/salon-nutrition\\\/montpellier\\\/soutenez-nous\\\/#breadcrumb\",\"itemListElement\":[{\"@type\":\"ListItem\",\"position\":1,\"name\":\"Accueil\",\"item\":\"https:\\\/\\\/www.ednh.fr\\\/salon-nutrition\\\/montpellier\\\/\"},{\"@type\":\"ListItem\",\"position\":2,\"name\":\"Soutenez-nous\"}]},{\"@type\":\"WebSite\",\"@id\":\"https:\\\/\\\/www.ednh.fr\\\/salon-nutrition\\\/montpellier\\\/#website\",\"url\":\"https:\\\/\\\/www.ednh.fr\\\/salon-nutrition\\\/montpellier\\\/\",\"name\":\"Salon de la Nutrition de l'EDNH - Montpellier\",\"description\":\"\",\"publisher\":{\"@id\":\"https:\\\/\\\/www.ednh.fr\\\/salon-nutrition\\\/montpellier\\\/#organization\"},\"potentialAction\":[{\"@type\":\"SearchAction\",\"target\":{\"@type\":\"EntryPoint\",\"urlTemplate\":\"https:\\\/\\\/www.ednh.fr\\\/salon-nutrition\\\/montpellier\\\/?s={search_term_string}\"},\"query-input\":{\"@type\":\"PropertyValueSpecification\",\"valueRequired\":true,\"valueName\":\"search_term_string\"}}],\"inLanguage\":\"fr-FR\"},{\"@type\":\"Organization\",\"@id\":\"https:\\\/\\\/www.ednh.fr\\\/salon-nutrition\\\/montpellier\\\/#organization\",\"name\":\"Salon de la Nutrition de l'EDNH - Montpellier\",\"url\":\"https:\\\/\\\/www.ednh.fr\\\/salon-nutrition\\\/montpellier\\\/\",\"logo\":{\"@type\":\"ImageObject\",\"inLanguage\":\"fr-FR\",\"@id\":\"https:\\\/\\\/www.ednh.fr\\\/salon-nutrition\\\/montpellier\\\/#\\\/schema\\\/logo\\\/image\\\/\",\"url\":\"https:\\\/\\\/www.ednh.fr\\\/salon-nutrition\\\/montpellier\\\/wp-content\\\/uploads\\\/sites\\\/8\\\/2024\\\/11\\\/Logo_noir.png\",\"contentUrl\":\"https:\\\/\\\/www.ednh.fr\\\/salon-nutrition\\\/montpellier\\\/wp-content\\\/uploads\\\/sites\\\/8\\\/2024\\\/11\\\/Logo_noir.png\",\"width\":500,\"height\":500,\"caption\":\"Salon de la Nutrition de l'EDNH - Montpellier\"},\"image\":{\"@id\":\"https:\\\/\\\/www.ednh.fr\\\/salon-nutrition\\\/montpellier\\\/#\\\/schema\\\/logo\\\/image\\\/\"}}]}<\/script>\n<!-- \/ Yoast SEO plugin. -->","yoast_head_json":{"title":"Soutenez-nous - Salon de la Nutrition EDNH - Montpellier","robots":{"index":"index","follow":"follow","max-snippet":"max-snippet:-1","max-image-preview":"max-image-preview:large","max-video-preview":"max-video-preview:-1"},"canonical":"https:\/\/www.ednh.fr\/salon-nutrition\/montpellier\/soutenez-nous\/","og_locale":"fr_FR","og_type":"article","og_title":"Soutenez-nous - Salon de la Nutrition EDNH - Montpellier","og_description":"Pour la 11\u1d49 \u00e9dition du Salon de la Nutrition, nous avons le plaisir de collaborer avec l\u2019association Diet\u2019Educ, cr\u00e9\u00e9e par des \u00e9tudiants de 3\u1d49 ann\u00e9e ! Cette association a pour vocation de sensibiliser le grand public \u00e0 l\u2019importance de l\u2019alimentation, de l\u2019activit\u00e9 physique, du sport et des pratiques de bien-\u00eatre pour la sant\u00e9. En organisant des ateliers, des \u00e9v\u00e9nements interactifs","og_url":"https:\/\/www.ednh.fr\/salon-nutrition\/montpellier\/soutenez-nous\/","og_site_name":"Salon de la Nutrition EDNH - Montpellier","article_modified_time":"2025-02-28T18:43:50+00:00","og_image":[{"width":501,"height":500,"url":"https:\/\/www.ednh.fr\/salon-nutrition\/montpellier\/wp-content\/uploads\/sites\/8\/2023\/12\/Nouveau-logo.jpg","type":"image\/jpeg"}],"twitter_card":"summary_large_image","twitter_misc":{"Dur\u00e9e de lecture estim\u00e9e":"2 minutes"},"schema":{"@context":"https:\/\/schema.org","@graph":[{"@type":"WebPage","@id":"https:\/\/www.ednh.fr\/salon-nutrition\/montpellier\/soutenez-nous\/","url":"https:\/\/www.ednh.fr\/salon-nutrition\/montpellier\/soutenez-nous\/","name":"Soutenez-nous - Salon de la Nutrition EDNH - Montpellier","isPartOf":{"@id":"https:\/\/www.ednh.fr\/salon-nutrition\/montpellier\/#website"},"primaryImageOfPage":{"@id":"https:\/\/www.ednh.fr\/salon-nutrition\/montpellier\/soutenez-nous\/#primaryimage"},"image":{"@id":"https:\/\/www.ednh.fr\/salon-nutrition\/montpellier\/soutenez-nous\/#primaryimage"},"thumbnailUrl":"https:\/\/www.ednh.fr\/salon-nutrition\/montpellier\/wp-content\/uploads\/sites\/8\/2023\/12\/Nouveau-logo-300x300.jpg","datePublished":"2023-01-15T15:01:36+00:00","dateModified":"2025-02-28T18:43:50+00:00","breadcrumb":{"@id":"https:\/\/www.ednh.fr\/salon-nutrition\/montpellier\/soutenez-nous\/#breadcrumb"},"inLanguage":"fr-FR","potentialAction":[{"@type":"ReadAction","target":["https:\/\/www.ednh.fr\/salon-nutrition\/montpellier\/soutenez-nous\/"]}]},{"@type":"ImageObject","inLanguage":"fr-FR","@id":"https:\/\/www.ednh.fr\/salon-nutrition\/montpellier\/soutenez-nous\/#primaryimage","url":"https:\/\/www.ednh.fr\/salon-nutrition\/montpellier\/wp-content\/uploads\/sites\/8\/2023\/12\/Nouveau-logo.jpg","contentUrl":"https:\/\/www.ednh.fr\/salon-nutrition\/montpellier\/wp-content\/uploads\/sites\/8\/2023\/12\/Nouveau-logo.jpg","width":501,"height":500},{"@type":"BreadcrumbList","@id":"https:\/\/www.ednh.fr\/salon-nutrition\/montpellier\/soutenez-nous\/#breadcrumb","itemListElement":[{"@type":"ListItem","position":1,"name":"Accueil","item":"https:\/\/www.ednh.fr\/salon-nutrition\/montpellier\/"},{"@type":"ListItem","position":2,"name":"Soutenez-nous"}]},{"@type":"WebSite","@id":"https:\/\/www.ednh.fr\/salon-nutrition\/montpellier\/#website","url":"https:\/\/www.ednh.fr\/salon-nutrition\/montpellier\/","name":"Salon de la Nutrition de l'EDNH - Montpellier","description":"","publisher":{"@id":"https:\/\/www.ednh.fr\/salon-nutrition\/montpellier\/#organization"},"potentialAction":[{"@type":"SearchAction","target":{"@type":"EntryPoint","urlTemplate":"https:\/\/www.ednh.fr\/salon-nutrition\/montpellier\/?s={search_term_string}"},"query-input":{"@type":"PropertyValueSpecification","valueRequired":true,"valueName":"search_term_string"}}],"inLanguage":"fr-FR"},{"@type":"Organization","@id":"https:\/\/www.ednh.fr\/salon-nutrition\/montpellier\/#organization","name":"Salon de la Nutrition de l'EDNH - Montpellier","url":"https:\/\/www.ednh.fr\/salon-nutrition\/montpellier\/","logo":{"@type":"ImageObject","inLanguage":"fr-FR","@id":"https:\/\/www.ednh.fr\/salon-nutrition\/montpellier\/#\/schema\/logo\/image\/","url":"https:\/\/www.ednh.fr\/salon-nutrition\/montpellier\/wp-content\/uploads\/sites\/8\/2024\/11\/Logo_noir.png","contentUrl":"https:\/\/www.ednh.fr\/salon-nutrition\/montpellier\/wp-content\/uploads\/sites\/8\/2024\/11\/Logo_noir.png","width":500,"height":500,"caption":"Salon de la Nutrition de l'EDNH - Montpellier"},"image":{"@id":"https:\/\/www.ednh.fr\/salon-nutrition\/montpellier\/#\/schema\/logo\/image\/"}}]}},"_links":{"self":[{"href":"https:\/\/www.ednh.fr\/salon-nutrition\/montpellier\/wp-json\/wp\/v2\/pages\/70","targetHints":{"allow":["GET"]}}],"collection":[{"href":"https:\/\/www.ednh.fr\/salon-nutrition\/montpellier\/wp-json\/wp\/v2\/pages"}],"about":[{"href":"https:\/\/www.ednh.fr\/salon-nutrition\/montpellier\/wp-json\/wp\/v2\/types\/page"}],"author":[{"embeddable":true,"href":"https:\/\/www.ednh.fr\/salon-nutrition\/montpellier\/wp-json\/wp\/v2\/users\/13"}],"replies":[{"embeddable":true,"href":"https:\/\/www.ednh.fr\/salon-nutrition\/montpellier\/wp-json\/wp\/v2\/comments?post=70"}],"version-history":[{"count":71,"href":"https:\/\/www.ednh.fr\/salon-nutrition\/montpellier\/wp-json\/wp\/v2\/pages\/70\/revisions"}],"predecessor-version":[{"id":1974,"href":"https:\/\/www.ednh.fr\/salon-nutrition\/montpellier\/wp-json\/wp\/v2\/pages\/70\/revisions\/1974"}],"wp:attachment":[{"href":"https:\/\/www.ednh.fr\/salon-nutrition\/montpellier\/wp-json\/wp\/v2\/media?parent=70"}],"curies":[{"name":"wp","href":"https:\/\/api.w.org\/{rel}","templated":true}]}}