{"id":248,"date":"2023-02-09T15:59:19","date_gmt":"2023-02-09T14:59:19","guid":{"rendered":"https:\/\/www.ednh.fr\/salon-nutrition\/montpellier\/?page_id=248"},"modified":"2025-02-27T19:30:57","modified_gmt":"2025-02-27T18:30:57","slug":"nos-sponsors","status":"publish","type":"page","link":"https:\/\/www.ednh.fr\/salon-nutrition\/montpellier\/nos-sponsors\/","title":{"rendered":"Nos sponsors"},"content":{"rendered":"\t\t<div data-elementor-type=\"wp-page\" data-elementor-id=\"248\" class=\"elementor elementor-248\">\n\t\t\t\t\t\t<section class=\"elementor-section elementor-top-section elementor-element elementor-element-0d8e71d elementor-section-boxed elementor-section-height-default elementor-section-height-default wpr-particle-no wpr-jarallax-no wpr-parallax-no wpr-sticky-section-no wpr-column-slider-no wpr-equal-height-no\" data-id=\"0d8e71d\" data-element_type=\"section\" data-e-type=\"section\">\n\t\t\t\t\t\t<div class=\"elementor-container elementor-column-gap-default\">\n\t\t\t\t\t<div class=\"elementor-column elementor-col-100 elementor-top-column elementor-element elementor-element-d4f4117\" data-id=\"d4f4117\" data-element_type=\"column\" data-e-type=\"column\">\n\t\t\t<div class=\"elementor-widget-wrap elementor-element-populated\">\n\t\t\t\t\t\t<div class=\"elementor-element elementor-element-1b67cf4 elementor-widget elementor-widget-heading\" data-id=\"1b67cf4\" data-element_type=\"widget\" data-e-type=\"widget\" data-widget_type=\"heading.default\">\n\t\t\t\t<div class=\"elementor-widget-container\">\n\t\t\t\t\t<h2 class=\"elementor-heading-title elementor-size-default\">Les sponsors de la 11\u00e8me \u00e9dition du Salon de la Nutrition !<\/h2>\t\t\t\t<\/div>\n\t\t\t\t<\/div>\n\t\t\t\t\t<\/div>\n\t\t<\/div>\n\t\t\t\t\t<\/div>\n\t\t<\/section>\n\t\t\t\t<section class=\"elementor-section elementor-top-section elementor-element elementor-element-1391fb5 elementor-section-boxed elementor-section-height-default elementor-section-height-default wpr-particle-no wpr-jarallax-no wpr-parallax-no wpr-sticky-section-no wpr-column-slider-no wpr-equal-height-no\" data-id=\"1391fb5\" data-element_type=\"section\" data-e-type=\"section\">\n\t\t\t\t\t\t<div class=\"elementor-container elementor-column-gap-default\">\n\t\t\t\t\t<div class=\"elementor-column elementor-col-33 elementor-top-column elementor-element elementor-element-c39cc9d\" data-id=\"c39cc9d\" data-element_type=\"column\" data-e-type=\"column\">\n\t\t\t<div class=\"elementor-widget-wrap elementor-element-populated\">\n\t\t\t\t\t\t<div class=\"elementor-element elementor-element-88fc709 elementor-widget elementor-widget-image\" data-id=\"88fc709\" data-element_type=\"widget\" data-e-type=\"widget\" data-widget_type=\"image.default\">\n\t\t\t\t<div class=\"elementor-widget-container\">\n\t\t\t\t\t\t\t\t\t\t\t\t\t\t\t<img fetchpriority=\"high\" decoding=\"async\" width=\"640\" height=\"329\" src=\"https:\/\/www.ednh.fr\/salon-nutrition\/montpellier\/wp-content\/uploads\/sites\/8\/2025\/02\/B-C1-1024x527.jpg\" class=\"attachment-large size-large wp-image-1932\" alt=\"\" srcset=\"https:\/\/www.ednh.fr\/salon-nutrition\/montpellier\/wp-content\/uploads\/sites\/8\/2025\/02\/B-C1-1024x527.jpg 1024w, https:\/\/www.ednh.fr\/salon-nutrition\/montpellier\/wp-content\/uploads\/sites\/8\/2025\/02\/B-C1-300x154.jpg 300w, https:\/\/www.ednh.fr\/salon-nutrition\/montpellier\/wp-content\/uploads\/sites\/8\/2025\/02\/B-C1-768x395.jpg 768w, https:\/\/www.ednh.fr\/salon-nutrition\/montpellier\/wp-content\/uploads\/sites\/8\/2025\/02\/B-C1-1536x790.jpg 1536w, https:\/\/www.ednh.fr\/salon-nutrition\/montpellier\/wp-content\/uploads\/sites\/8\/2025\/02\/B-C1-2048x1054.jpg 2048w\" sizes=\"(max-width: 640px) 100vw, 640px\" \/>\t\t\t\t\t\t\t\t\t\t\t\t\t\t\t<\/div>\n\t\t\t\t<\/div>\n\t\t\t\t<div class=\"elementor-element elementor-element-06e41b8 elementor-widget elementor-widget-heading\" data-id=\"06e41b8\" data-element_type=\"widget\" data-e-type=\"widget\" data-widget_type=\"heading.default\">\n\t\t\t\t<div class=\"elementor-widget-container\">\n\t\t\t\t\t<h2 class=\"elementor-heading-title elementor-size-default\"><a href=\"https:\/\/montpellier-courreau.biocoop.net\/\" target=\"_blank\">Biocoop <\/a><\/h2>\t\t\t\t<\/div>\n\t\t\t\t<\/div>\n\t\t\t\t\t<\/div>\n\t\t<\/div>\n\t\t\t\t<div class=\"elementor-column elementor-col-33 elementor-top-column elementor-element elementor-element-26282bd\" data-id=\"26282bd\" data-element_type=\"column\" data-e-type=\"column\">\n\t\t\t<div class=\"elementor-widget-wrap elementor-element-populated\">\n\t\t\t\t\t\t<div class=\"elementor-element elementor-element-e01d59b elementor-widget elementor-widget-image\" data-id=\"e01d59b\" data-element_type=\"widget\" data-e-type=\"widget\" data-widget_type=\"image.default\">\n\t\t\t\t<div class=\"elementor-widget-container\">\n\t\t\t\t\t\t\t\t\t\t\t\t\t\t\t<img decoding=\"async\" width=\"640\" height=\"640\" src=\"https:\/\/www.ednh.fr\/salon-nutrition\/montpellier\/wp-content\/uploads\/sites\/8\/2025\/01\/Design-sans-titre-1024x1024.png\" class=\"attachment-large size-large wp-image-1693\" alt=\"\" srcset=\"https:\/\/www.ednh.fr\/salon-nutrition\/montpellier\/wp-content\/uploads\/sites\/8\/2025\/01\/Design-sans-titre-1024x1024.png 1024w, https:\/\/www.ednh.fr\/salon-nutrition\/montpellier\/wp-content\/uploads\/sites\/8\/2025\/01\/Design-sans-titre-300x300.png 300w, https:\/\/www.ednh.fr\/salon-nutrition\/montpellier\/wp-content\/uploads\/sites\/8\/2025\/01\/Design-sans-titre-150x150.png 150w, https:\/\/www.ednh.fr\/salon-nutrition\/montpellier\/wp-content\/uploads\/sites\/8\/2025\/01\/Design-sans-titre-768x768.png 768w, https:\/\/www.ednh.fr\/salon-nutrition\/montpellier\/wp-content\/uploads\/sites\/8\/2025\/01\/Design-sans-titre.png 1080w\" sizes=\"(max-width: 640px) 100vw, 640px\" \/>\t\t\t\t\t\t\t\t\t\t\t\t\t\t\t<\/div>\n\t\t\t\t<\/div>\n\t\t\t\t<div class=\"elementor-element elementor-element-302efbf elementor-widget elementor-widget-heading\" data-id=\"302efbf\" data-element_type=\"widget\" data-e-type=\"widget\" data-widget_type=\"heading.default\">\n\t\t\t\t<div class=\"elementor-widget-container\">\n\t\t\t\t\t<h2 class=\"elementor-heading-title elementor-size-default\"><a href=\"https:\/\/www.cevenpack.fr\" target=\"_blank\">C\u00e9ven Pack<\/a><\/h2>\t\t\t\t<\/div>\n\t\t\t\t<\/div>\n\t\t\t\t\t<\/div>\n\t\t<\/div>\n\t\t\t\t<div class=\"elementor-column elementor-col-33 elementor-top-column elementor-element elementor-element-de1586f\" data-id=\"de1586f\" data-element_type=\"column\" data-e-type=\"column\">\n\t\t\t<div class=\"elementor-widget-wrap elementor-element-populated\">\n\t\t\t\t\t\t<div class=\"elementor-element elementor-element-97e21c7 elementor-widget elementor-widget-image\" data-id=\"97e21c7\" data-element_type=\"widget\" data-e-type=\"widget\" data-widget_type=\"image.default\">\n\t\t\t\t<div class=\"elementor-widget-container\">\n\t\t\t\t\t\t\t\t\t\t\t\t\t\t\t<img decoding=\"async\" width=\"500\" height=\"200\" src=\"https:\/\/www.ednh.fr\/salon-nutrition\/montpellier\/wp-content\/uploads\/sites\/8\/2025\/01\/logo_nutri_trans_noir_500X200_e7129b62-88f2-4aad-ab36-4ab3657fef85.png\" class=\"attachment-large size-large wp-image-1723\" alt=\"\" srcset=\"https:\/\/www.ednh.fr\/salon-nutrition\/montpellier\/wp-content\/uploads\/sites\/8\/2025\/01\/logo_nutri_trans_noir_500X200_e7129b62-88f2-4aad-ab36-4ab3657fef85.png 500w, https:\/\/www.ednh.fr\/salon-nutrition\/montpellier\/wp-content\/uploads\/sites\/8\/2025\/01\/logo_nutri_trans_noir_500X200_e7129b62-88f2-4aad-ab36-4ab3657fef85-300x120.png 300w\" sizes=\"(max-width: 500px) 100vw, 500px\" \/>\t\t\t\t\t\t\t\t\t\t\t\t\t\t\t<\/div>\n\t\t\t\t<\/div>\n\t\t\t\t<div class=\"elementor-element elementor-element-df38c09 elementor-widget elementor-widget-heading\" data-id=\"df38c09\" data-element_type=\"widget\" data-e-type=\"widget\" data-widget_type=\"heading.default\">\n\t\t\t\t<div class=\"elementor-widget-container\">\n\t\t\t\t\t<h2 class=\"elementor-heading-title elementor-size-default\"><a href=\"https:\/\/nutri-health.fr\" target=\"_blank\">Nutrihealth<\/a><\/h2>\t\t\t\t<\/div>\n\t\t\t\t<\/div>\n\t\t\t\t\t<\/div>\n\t\t<\/div>\n\t\t\t\t\t<\/div>\n\t\t<\/section>\n\t\t\t\t<\/div>\n\t\t","protected":false},"excerpt":{"rendered":"<p>Les sponsors de la 11\u00e8me \u00e9dition du Salon de la Nutrition ! Biocoop C\u00e9ven Pack Nutrihealth<\/p>\n","protected":false},"author":13,"featured_media":0,"parent":0,"menu_order":0,"comment_status":"closed","ping_status":"closed","template":"","meta":{"om_disable_all_campaigns":false,"footnotes":""},"class_list":["post-248","page","type-page","status-publish","hentry"],"yoast_head":"<!-- This site is optimized with the Yoast SEO plugin v27.6 - https:\/\/yoast.com\/product\/yoast-seo-wordpress\/ -->\n<title>Nos sponsors - Salon de la Nutrition EDNH - Montpellier<\/title>\n<meta name=\"robots\" content=\"index, follow, max-snippet:-1, max-image-preview:large, max-video-preview:-1\" \/>\n<link rel=\"canonical\" href=\"https:\/\/www.ednh.fr\/salon-nutrition\/montpellier\/nos-sponsors\/\" \/>\n<meta property=\"og:locale\" content=\"fr_FR\" \/>\n<meta property=\"og:type\" content=\"article\" \/>\n<meta property=\"og:title\" content=\"Nos sponsors - Salon de la Nutrition EDNH - Montpellier\" \/>\n<meta property=\"og:description\" content=\"Les sponsors de la 11\u00e8me \u00e9dition du Salon de la Nutrition ! Biocoop C\u00e9ven Pack Nutrihealth\" \/>\n<meta property=\"og:url\" content=\"https:\/\/www.ednh.fr\/salon-nutrition\/montpellier\/nos-sponsors\/\" \/>\n<meta property=\"og:site_name\" content=\"Salon de la Nutrition EDNH - Montpellier\" \/>\n<meta property=\"article:modified_time\" content=\"2025-02-27T18:30:57+00:00\" \/>\n<meta property=\"og:image\" content=\"https:\/\/www.ednh.fr\/salon-nutrition\/montpellier\/wp-content\/uploads\/sites\/8\/2025\/02\/B-C1.jpg\" \/>\n\t<meta property=\"og:image:width\" content=\"2120\" \/>\n\t<meta property=\"og:image:height\" content=\"1091\" \/>\n\t<meta property=\"og:image:type\" content=\"image\/jpeg\" \/>\n<meta name=\"twitter:card\" content=\"summary_large_image\" \/>\n<meta name=\"twitter:label1\" content=\"Dur\u00e9e de lecture estim\u00e9e\" \/>\n\t<meta name=\"twitter:data1\" content=\"1 minute\" \/>\n<script type=\"application\/ld+json\" class=\"yoast-schema-graph\">{\"@context\":\"https:\\\/\\\/schema.org\",\"@graph\":[{\"@type\":\"WebPage\",\"@id\":\"https:\\\/\\\/www.ednh.fr\\\/salon-nutrition\\\/montpellier\\\/nos-sponsors\\\/\",\"url\":\"https:\\\/\\\/www.ednh.fr\\\/salon-nutrition\\\/montpellier\\\/nos-sponsors\\\/\",\"name\":\"Nos sponsors - Salon de la Nutrition EDNH - Montpellier\",\"isPartOf\":{\"@id\":\"https:\\\/\\\/www.ednh.fr\\\/salon-nutrition\\\/montpellier\\\/#website\"},\"primaryImageOfPage\":{\"@id\":\"https:\\\/\\\/www.ednh.fr\\\/salon-nutrition\\\/montpellier\\\/nos-sponsors\\\/#primaryimage\"},\"image\":{\"@id\":\"https:\\\/\\\/www.ednh.fr\\\/salon-nutrition\\\/montpellier\\\/nos-sponsors\\\/#primaryimage\"},\"thumbnailUrl\":\"https:\\\/\\\/www.ednh.fr\\\/salon-nutrition\\\/montpellier\\\/wp-content\\\/uploads\\\/sites\\\/8\\\/2025\\\/02\\\/B-C1-1024x527.jpg\",\"datePublished\":\"2023-02-09T14:59:19+00:00\",\"dateModified\":\"2025-02-27T18:30:57+00:00\",\"breadcrumb\":{\"@id\":\"https:\\\/\\\/www.ednh.fr\\\/salon-nutrition\\\/montpellier\\\/nos-sponsors\\\/#breadcrumb\"},\"inLanguage\":\"fr-FR\",\"potentialAction\":[{\"@type\":\"ReadAction\",\"target\":[\"https:\\\/\\\/www.ednh.fr\\\/salon-nutrition\\\/montpellier\\\/nos-sponsors\\\/\"]}]},{\"@type\":\"ImageObject\",\"inLanguage\":\"fr-FR\",\"@id\":\"https:\\\/\\\/www.ednh.fr\\\/salon-nutrition\\\/montpellier\\\/nos-sponsors\\\/#primaryimage\",\"url\":\"https:\\\/\\\/www.ednh.fr\\\/salon-nutrition\\\/montpellier\\\/wp-content\\\/uploads\\\/sites\\\/8\\\/2025\\\/02\\\/B-C1.jpg\",\"contentUrl\":\"https:\\\/\\\/www.ednh.fr\\\/salon-nutrition\\\/montpellier\\\/wp-content\\\/uploads\\\/sites\\\/8\\\/2025\\\/02\\\/B-C1.jpg\",\"width\":2120,\"height\":1091},{\"@type\":\"BreadcrumbList\",\"@id\":\"https:\\\/\\\/www.ednh.fr\\\/salon-nutrition\\\/montpellier\\\/nos-sponsors\\\/#breadcrumb\",\"itemListElement\":[{\"@type\":\"ListItem\",\"position\":1,\"name\":\"Accueil\",\"item\":\"https:\\\/\\\/www.ednh.fr\\\/salon-nutrition\\\/montpellier\\\/\"},{\"@type\":\"ListItem\",\"position\":2,\"name\":\"Nos sponsors\"}]},{\"@type\":\"WebSite\",\"@id\":\"https:\\\/\\\/www.ednh.fr\\\/salon-nutrition\\\/montpellier\\\/#website\",\"url\":\"https:\\\/\\\/www.ednh.fr\\\/salon-nutrition\\\/montpellier\\\/\",\"name\":\"Salon de la Nutrition de l'EDNH - Montpellier\",\"description\":\"\",\"publisher\":{\"@id\":\"https:\\\/\\\/www.ednh.fr\\\/salon-nutrition\\\/montpellier\\\/#organization\"},\"potentialAction\":[{\"@type\":\"SearchAction\",\"target\":{\"@type\":\"EntryPoint\",\"urlTemplate\":\"https:\\\/\\\/www.ednh.fr\\\/salon-nutrition\\\/montpellier\\\/?s={search_term_string}\"},\"query-input\":{\"@type\":\"PropertyValueSpecification\",\"valueRequired\":true,\"valueName\":\"search_term_string\"}}],\"inLanguage\":\"fr-FR\"},{\"@type\":\"Organization\",\"@id\":\"https:\\\/\\\/www.ednh.fr\\\/salon-nutrition\\\/montpellier\\\/#organization\",\"name\":\"Salon de la Nutrition de l'EDNH - Montpellier\",\"url\":\"https:\\\/\\\/www.ednh.fr\\\/salon-nutrition\\\/montpellier\\\/\",\"logo\":{\"@type\":\"ImageObject\",\"inLanguage\":\"fr-FR\",\"@id\":\"https:\\\/\\\/www.ednh.fr\\\/salon-nutrition\\\/montpellier\\\/#\\\/schema\\\/logo\\\/image\\\/\",\"url\":\"https:\\\/\\\/www.ednh.fr\\\/salon-nutrition\\\/montpellier\\\/wp-content\\\/uploads\\\/sites\\\/8\\\/2024\\\/11\\\/Logo_noir.png\",\"contentUrl\":\"https:\\\/\\\/www.ednh.fr\\\/salon-nutrition\\\/montpellier\\\/wp-content\\\/uploads\\\/sites\\\/8\\\/2024\\\/11\\\/Logo_noir.png\",\"width\":500,\"height\":500,\"caption\":\"Salon de la Nutrition de l'EDNH - Montpellier\"},\"image\":{\"@id\":\"https:\\\/\\\/www.ednh.fr\\\/salon-nutrition\\\/montpellier\\\/#\\\/schema\\\/logo\\\/image\\\/\"}}]}<\/script>\n<!-- \/ Yoast SEO plugin. -->","yoast_head_json":{"title":"Nos sponsors - Salon de la Nutrition EDNH - Montpellier","robots":{"index":"index","follow":"follow","max-snippet":"max-snippet:-1","max-image-preview":"max-image-preview:large","max-video-preview":"max-video-preview:-1"},"canonical":"https:\/\/www.ednh.fr\/salon-nutrition\/montpellier\/nos-sponsors\/","og_locale":"fr_FR","og_type":"article","og_title":"Nos sponsors - Salon de la Nutrition EDNH - Montpellier","og_description":"Les sponsors de la 11\u00e8me \u00e9dition du Salon de la Nutrition ! Biocoop C\u00e9ven Pack Nutrihealth","og_url":"https:\/\/www.ednh.fr\/salon-nutrition\/montpellier\/nos-sponsors\/","og_site_name":"Salon de la Nutrition EDNH - Montpellier","article_modified_time":"2025-02-27T18:30:57+00:00","og_image":[{"width":2120,"height":1091,"url":"https:\/\/www.ednh.fr\/salon-nutrition\/montpellier\/wp-content\/uploads\/sites\/8\/2025\/02\/B-C1.jpg","type":"image\/jpeg"}],"twitter_card":"summary_large_image","twitter_misc":{"Dur\u00e9e de lecture estim\u00e9e":"1 minute"},"schema":{"@context":"https:\/\/schema.org","@graph":[{"@type":"WebPage","@id":"https:\/\/www.ednh.fr\/salon-nutrition\/montpellier\/nos-sponsors\/","url":"https:\/\/www.ednh.fr\/salon-nutrition\/montpellier\/nos-sponsors\/","name":"Nos sponsors - Salon de la Nutrition EDNH - Montpellier","isPartOf":{"@id":"https:\/\/www.ednh.fr\/salon-nutrition\/montpellier\/#website"},"primaryImageOfPage":{"@id":"https:\/\/www.ednh.fr\/salon-nutrition\/montpellier\/nos-sponsors\/#primaryimage"},"image":{"@id":"https:\/\/www.ednh.fr\/salon-nutrition\/montpellier\/nos-sponsors\/#primaryimage"},"thumbnailUrl":"https:\/\/www.ednh.fr\/salon-nutrition\/montpellier\/wp-content\/uploads\/sites\/8\/2025\/02\/B-C1-1024x527.jpg","datePublished":"2023-02-09T14:59:19+00:00","dateModified":"2025-02-27T18:30:57+00:00","breadcrumb":{"@id":"https:\/\/www.ednh.fr\/salon-nutrition\/montpellier\/nos-sponsors\/#breadcrumb"},"inLanguage":"fr-FR","potentialAction":[{"@type":"ReadAction","target":["https:\/\/www.ednh.fr\/salon-nutrition\/montpellier\/nos-sponsors\/"]}]},{"@type":"ImageObject","inLanguage":"fr-FR","@id":"https:\/\/www.ednh.fr\/salon-nutrition\/montpellier\/nos-sponsors\/#primaryimage","url":"https:\/\/www.ednh.fr\/salon-nutrition\/montpellier\/wp-content\/uploads\/sites\/8\/2025\/02\/B-C1.jpg","contentUrl":"https:\/\/www.ednh.fr\/salon-nutrition\/montpellier\/wp-content\/uploads\/sites\/8\/2025\/02\/B-C1.jpg","width":2120,"height":1091},{"@type":"BreadcrumbList","@id":"https:\/\/www.ednh.fr\/salon-nutrition\/montpellier\/nos-sponsors\/#breadcrumb","itemListElement":[{"@type":"ListItem","position":1,"name":"Accueil","item":"https:\/\/www.ednh.fr\/salon-nutrition\/montpellier\/"},{"@type":"ListItem","position":2,"name":"Nos sponsors"}]},{"@type":"WebSite","@id":"https:\/\/www.ednh.fr\/salon-nutrition\/montpellier\/#website","url":"https:\/\/www.ednh.fr\/salon-nutrition\/montpellier\/","name":"Salon de la Nutrition de l'EDNH - Montpellier","description":"","publisher":{"@id":"https:\/\/www.ednh.fr\/salon-nutrition\/montpellier\/#organization"},"potentialAction":[{"@type":"SearchAction","target":{"@type":"EntryPoint","urlTemplate":"https:\/\/www.ednh.fr\/salon-nutrition\/montpellier\/?s={search_term_string}"},"query-input":{"@type":"PropertyValueSpecification","valueRequired":true,"valueName":"search_term_string"}}],"inLanguage":"fr-FR"},{"@type":"Organization","@id":"https:\/\/www.ednh.fr\/salon-nutrition\/montpellier\/#organization","name":"Salon de la Nutrition de l'EDNH - Montpellier","url":"https:\/\/www.ednh.fr\/salon-nutrition\/montpellier\/","logo":{"@type":"ImageObject","inLanguage":"fr-FR","@id":"https:\/\/www.ednh.fr\/salon-nutrition\/montpellier\/#\/schema\/logo\/image\/","url":"https:\/\/www.ednh.fr\/salon-nutrition\/montpellier\/wp-content\/uploads\/sites\/8\/2024\/11\/Logo_noir.png","contentUrl":"https:\/\/www.ednh.fr\/salon-nutrition\/montpellier\/wp-content\/uploads\/sites\/8\/2024\/11\/Logo_noir.png","width":500,"height":500,"caption":"Salon de la Nutrition de l'EDNH - Montpellier"},"image":{"@id":"https:\/\/www.ednh.fr\/salon-nutrition\/montpellier\/#\/schema\/logo\/image\/"}}]}},"_links":{"self":[{"href":"https:\/\/www.ednh.fr\/salon-nutrition\/montpellier\/wp-json\/wp\/v2\/pages\/248","targetHints":{"allow":["GET"]}}],"collection":[{"href":"https:\/\/www.ednh.fr\/salon-nutrition\/montpellier\/wp-json\/wp\/v2\/pages"}],"about":[{"href":"https:\/\/www.ednh.fr\/salon-nutrition\/montpellier\/wp-json\/wp\/v2\/types\/page"}],"author":[{"embeddable":true,"href":"https:\/\/www.ednh.fr\/salon-nutrition\/montpellier\/wp-json\/wp\/v2\/users\/13"}],"replies":[{"embeddable":true,"href":"https:\/\/www.ednh.fr\/salon-nutrition\/montpellier\/wp-json\/wp\/v2\/comments?post=248"}],"version-history":[{"count":105,"href":"https:\/\/www.ednh.fr\/salon-nutrition\/montpellier\/wp-json\/wp\/v2\/pages\/248\/revisions"}],"predecessor-version":[{"id":1935,"href":"https:\/\/www.ednh.fr\/salon-nutrition\/montpellier\/wp-json\/wp\/v2\/pages\/248\/revisions\/1935"}],"wp:attachment":[{"href":"https:\/\/www.ednh.fr\/salon-nutrition\/montpellier\/wp-json\/wp\/v2\/media?parent=248"}],"curies":[{"name":"wp","href":"https:\/\/api.w.org\/{rel}","templated":true}]}}