{"id":1977,"date":"2025-03-03T12:07:50","date_gmt":"2025-03-03T11:07:50","guid":{"rendered":"https:\/\/www.ednh.fr\/salon-nutrition\/montpellier\/?page_id=1977"},"modified":"2025-03-03T12:23:23","modified_gmt":"2025-03-03T11:23:23","slug":"la-clinique-de-la-nutrition","status":"publish","type":"page","link":"https:\/\/www.ednh.fr\/salon-nutrition\/montpellier\/la-clinique-de-la-nutrition\/","title":{"rendered":"La Clinique de la Nutrition"},"content":{"rendered":"\t\t<div data-elementor-type=\"wp-page\" data-elementor-id=\"1977\" class=\"elementor elementor-1977\">\n\t\t\t\t\t\t<section class=\"elementor-section elementor-top-section elementor-element elementor-element-f1b75a1 elementor-section-boxed elementor-section-height-default elementor-section-height-default wpr-particle-no wpr-jarallax-no wpr-parallax-no wpr-sticky-section-no wpr-column-slider-no wpr-equal-height-no\" data-id=\"f1b75a1\" data-element_type=\"section\" data-e-type=\"section\">\n\t\t\t\t\t\t<div class=\"elementor-container elementor-column-gap-default\">\n\t\t\t\t\t<div class=\"elementor-column elementor-col-100 elementor-top-column elementor-element elementor-element-7022c52\" data-id=\"7022c52\" data-element_type=\"column\" data-e-type=\"column\">\n\t\t\t<div class=\"elementor-widget-wrap elementor-element-populated\">\n\t\t\t\t\t\t<div class=\"elementor-element elementor-element-7c51398 elementor-widget elementor-widget-text-editor\" data-id=\"7c51398\" data-element_type=\"widget\" data-e-type=\"widget\" data-widget_type=\"text-editor.default\">\n\t\t\t\t<div class=\"elementor-widget-container\">\n\t\t\t\t\t\t\t\t\t<p data-start=\"0\" data-end=\"336\">Nous sommes une \u00e9quipe de 15 \u00e9tudiants passionn\u00e9s de nutrition et de di\u00e9t\u00e9tique, d\u00e9termin\u00e9s \u00e0 faire une diff\u00e9rence dans le domaine de la sant\u00e9 et du bien-\u00eatre. Avec l\u2019encadrement de nos enseignants, nous mettons en pratique nos connaissances pour accompagner, sensibiliser et inspirer chacun \u00e0 adopter une alimentation \u00e9quilibr\u00e9e. \ud83c\udf31\u2728<\/p><p data-start=\"338\" data-end=\"624\" data-is-last-node=\"\" data-is-only-node=\"\">Nous serons pr\u00e9sents toute la journ\u00e9e du 15 mars lors du Salon de la Nutrition pour \u00e9changer et vous conseiller. Vous pouvez \u00e9galement prendre rendez-vous \u00e0 d&rsquo;autres dates pour une consultation personnalis\u00e9e. Consultez notre site web pour en savoir plus et r\u00e9server votre cr\u00e9neau ! \ud83d\udcbb\ud83d\udcc5<\/p>\t\t\t\t\t\t\t\t<\/div>\n\t\t\t\t<\/div>\n\t\t\t\t<div class=\"elementor-element elementor-element-9483b92 elementor-align-center elementor-widget elementor-widget-button\" data-id=\"9483b92\" data-element_type=\"widget\" data-e-type=\"widget\" data-widget_type=\"button.default\">\n\t\t\t\t<div class=\"elementor-widget-container\">\n\t\t\t\t\t\t\t\t\t<div class=\"elementor-button-wrapper\">\n\t\t\t\t\t<a class=\"elementor-button elementor-button-link elementor-size-sm\" href=\"https:\/\/www.ednh.fr\/clinique-nutrition\/montpellier\/\" target=\"_blank\">\n\t\t\t\t\t\t<span class=\"elementor-button-content-wrapper\">\n\t\t\t\t\t\t\t\t\t<span class=\"elementor-button-text\">Clinique de la Nutrition<\/span>\n\t\t\t\t\t<\/span>\n\t\t\t\t\t<\/a>\n\t\t\t\t<\/div>\n\t\t\t\t\t\t\t\t<\/div>\n\t\t\t\t<\/div>\n\t\t\t\t\t<\/div>\n\t\t<\/div>\n\t\t\t\t\t<\/div>\n\t\t<\/section>\n\t\t\t\t<section class=\"elementor-section elementor-top-section elementor-element elementor-element-5992fc9 elementor-section-boxed elementor-section-height-default elementor-section-height-default wpr-particle-no wpr-jarallax-no wpr-parallax-no wpr-sticky-section-no wpr-column-slider-no wpr-equal-height-no\" data-id=\"5992fc9\" data-element_type=\"section\" data-e-type=\"section\">\n\t\t\t\t\t\t<div class=\"elementor-container elementor-column-gap-default\">\n\t\t\t\t\t<div class=\"elementor-column elementor-col-100 elementor-top-column elementor-element elementor-element-9c9c8e9\" data-id=\"9c9c8e9\" data-element_type=\"column\" data-e-type=\"column\">\n\t\t\t<div class=\"elementor-widget-wrap elementor-element-populated\">\n\t\t\t\t\t\t<div class=\"elementor-element elementor-element-2c46ea4 elementor-widget elementor-widget-image\" data-id=\"2c46ea4\" data-element_type=\"widget\" data-e-type=\"widget\" data-widget_type=\"image.default\">\n\t\t\t\t<div class=\"elementor-widget-container\">\n\t\t\t\t\t\t\t\t\t\t\t\t\t\t\t<img fetchpriority=\"high\" decoding=\"async\" width=\"640\" height=\"360\" src=\"https:\/\/www.ednh.fr\/salon-nutrition\/montpellier\/wp-content\/uploads\/sites\/8\/2025\/03\/logo-clinique-de-la-nutrition-ednh-1024x576.png.webp\" class=\"attachment-large size-large wp-image-1983\" alt=\"\" srcset=\"https:\/\/www.ednh.fr\/salon-nutrition\/montpellier\/wp-content\/uploads\/sites\/8\/2025\/03\/logo-clinique-de-la-nutrition-ednh-1024x576.png.webp 1024w, https:\/\/www.ednh.fr\/salon-nutrition\/montpellier\/wp-content\/uploads\/sites\/8\/2025\/03\/logo-clinique-de-la-nutrition-ednh-1024x576.png-300x169.webp 300w, https:\/\/www.ednh.fr\/salon-nutrition\/montpellier\/wp-content\/uploads\/sites\/8\/2025\/03\/logo-clinique-de-la-nutrition-ednh-1024x576.png-768x432.webp 768w\" sizes=\"(max-width: 640px) 100vw, 640px\" \/>\t\t\t\t\t\t\t\t\t\t\t\t\t\t\t<\/div>\n\t\t\t\t<\/div>\n\t\t\t\t\t<\/div>\n\t\t<\/div>\n\t\t\t\t\t<\/div>\n\t\t<\/section>\n\t\t\t\t<\/div>\n\t\t","protected":false},"excerpt":{"rendered":"<p>Nous sommes une \u00e9quipe de 15 \u00e9tudiants passionn\u00e9s de nutrition et de di\u00e9t\u00e9tique, d\u00e9termin\u00e9s \u00e0 faire une diff\u00e9rence dans le domaine de la sant\u00e9 et du bien-\u00eatre. Avec l\u2019encadrement de nos enseignants, nous mettons en pratique nos connaissances pour accompagner, sensibiliser et inspirer chacun \u00e0 adopter une alimentation \u00e9quilibr\u00e9e. \ud83c\udf31\u2728 Nous serons pr\u00e9sents toute la journ\u00e9e du 15 mars lors<\/p>\n","protected":false},"author":13,"featured_media":0,"parent":0,"menu_order":0,"comment_status":"closed","ping_status":"closed","template":"","meta":{"om_disable_all_campaigns":false,"footnotes":""},"class_list":["post-1977","page","type-page","status-publish","hentry"],"yoast_head":"<!-- This site is optimized with the Yoast SEO plugin v27.6 - https:\/\/yoast.com\/product\/yoast-seo-wordpress\/ -->\n<title>La Clinique de la Nutrition - Salon de la Nutrition EDNH - Montpellier<\/title>\n<meta name=\"robots\" content=\"index, follow, max-snippet:-1, max-image-preview:large, max-video-preview:-1\" \/>\n<link rel=\"canonical\" href=\"https:\/\/www.ednh.fr\/salon-nutrition\/montpellier\/la-clinique-de-la-nutrition\/\" \/>\n<meta property=\"og:locale\" content=\"fr_FR\" \/>\n<meta property=\"og:type\" content=\"article\" \/>\n<meta property=\"og:title\" content=\"La Clinique de la Nutrition - Salon de la Nutrition EDNH - Montpellier\" \/>\n<meta property=\"og:description\" content=\"Nous sommes une \u00e9quipe de 15 \u00e9tudiants passionn\u00e9s de nutrition et de di\u00e9t\u00e9tique, d\u00e9termin\u00e9s \u00e0 faire une diff\u00e9rence dans le domaine de la sant\u00e9 et du bien-\u00eatre. Avec l\u2019encadrement de nos enseignants, nous mettons en pratique nos connaissances pour accompagner, sensibiliser et inspirer chacun \u00e0 adopter une alimentation \u00e9quilibr\u00e9e. \ud83c\udf31\u2728 Nous serons pr\u00e9sents toute la journ\u00e9e du 15 mars lors\" \/>\n<meta property=\"og:url\" content=\"https:\/\/www.ednh.fr\/salon-nutrition\/montpellier\/la-clinique-de-la-nutrition\/\" \/>\n<meta property=\"og:site_name\" content=\"Salon de la Nutrition EDNH - Montpellier\" \/>\n<meta property=\"article:modified_time\" content=\"2025-03-03T11:23:23+00:00\" \/>\n<meta property=\"og:image\" content=\"https:\/\/www.ednh.fr\/salon-nutrition\/montpellier\/wp-content\/uploads\/sites\/8\/2025\/03\/logo-clinique-de-la-nutrition-ednh-1024x576.png.webp\" \/>\n\t<meta property=\"og:image:width\" content=\"1024\" \/>\n\t<meta property=\"og:image:height\" content=\"576\" \/>\n\t<meta property=\"og:image:type\" content=\"image\/webp\" \/>\n<meta name=\"twitter:card\" content=\"summary_large_image\" \/>\n<meta name=\"twitter:label1\" content=\"Dur\u00e9e de lecture estim\u00e9e\" \/>\n\t<meta name=\"twitter:data1\" content=\"1 minute\" \/>\n<script type=\"application\/ld+json\" class=\"yoast-schema-graph\">{\"@context\":\"https:\\\/\\\/schema.org\",\"@graph\":[{\"@type\":\"WebPage\",\"@id\":\"https:\\\/\\\/www.ednh.fr\\\/salon-nutrition\\\/montpellier\\\/la-clinique-de-la-nutrition\\\/\",\"url\":\"https:\\\/\\\/www.ednh.fr\\\/salon-nutrition\\\/montpellier\\\/la-clinique-de-la-nutrition\\\/\",\"name\":\"La Clinique de la Nutrition - Salon de la Nutrition EDNH - Montpellier\",\"isPartOf\":{\"@id\":\"https:\\\/\\\/www.ednh.fr\\\/salon-nutrition\\\/montpellier\\\/#website\"},\"primaryImageOfPage\":{\"@id\":\"https:\\\/\\\/www.ednh.fr\\\/salon-nutrition\\\/montpellier\\\/la-clinique-de-la-nutrition\\\/#primaryimage\"},\"image\":{\"@id\":\"https:\\\/\\\/www.ednh.fr\\\/salon-nutrition\\\/montpellier\\\/la-clinique-de-la-nutrition\\\/#primaryimage\"},\"thumbnailUrl\":\"https:\\\/\\\/www.ednh.fr\\\/salon-nutrition\\\/montpellier\\\/wp-content\\\/uploads\\\/sites\\\/8\\\/2025\\\/03\\\/logo-clinique-de-la-nutrition-ednh-1024x576.png.webp\",\"datePublished\":\"2025-03-03T11:07:50+00:00\",\"dateModified\":\"2025-03-03T11:23:23+00:00\",\"breadcrumb\":{\"@id\":\"https:\\\/\\\/www.ednh.fr\\\/salon-nutrition\\\/montpellier\\\/la-clinique-de-la-nutrition\\\/#breadcrumb\"},\"inLanguage\":\"fr-FR\",\"potentialAction\":[{\"@type\":\"ReadAction\",\"target\":[\"https:\\\/\\\/www.ednh.fr\\\/salon-nutrition\\\/montpellier\\\/la-clinique-de-la-nutrition\\\/\"]}]},{\"@type\":\"ImageObject\",\"inLanguage\":\"fr-FR\",\"@id\":\"https:\\\/\\\/www.ednh.fr\\\/salon-nutrition\\\/montpellier\\\/la-clinique-de-la-nutrition\\\/#primaryimage\",\"url\":\"https:\\\/\\\/www.ednh.fr\\\/salon-nutrition\\\/montpellier\\\/wp-content\\\/uploads\\\/sites\\\/8\\\/2025\\\/03\\\/logo-clinique-de-la-nutrition-ednh-1024x576.png.webp\",\"contentUrl\":\"https:\\\/\\\/www.ednh.fr\\\/salon-nutrition\\\/montpellier\\\/wp-content\\\/uploads\\\/sites\\\/8\\\/2025\\\/03\\\/logo-clinique-de-la-nutrition-ednh-1024x576.png.webp\",\"width\":1024,\"height\":576},{\"@type\":\"BreadcrumbList\",\"@id\":\"https:\\\/\\\/www.ednh.fr\\\/salon-nutrition\\\/montpellier\\\/la-clinique-de-la-nutrition\\\/#breadcrumb\",\"itemListElement\":[{\"@type\":\"ListItem\",\"position\":1,\"name\":\"Accueil\",\"item\":\"https:\\\/\\\/www.ednh.fr\\\/salon-nutrition\\\/montpellier\\\/\"},{\"@type\":\"ListItem\",\"position\":2,\"name\":\"La Clinique de la Nutrition\"}]},{\"@type\":\"WebSite\",\"@id\":\"https:\\\/\\\/www.ednh.fr\\\/salon-nutrition\\\/montpellier\\\/#website\",\"url\":\"https:\\\/\\\/www.ednh.fr\\\/salon-nutrition\\\/montpellier\\\/\",\"name\":\"Salon de la Nutrition de l'EDNH - Montpellier\",\"description\":\"\",\"publisher\":{\"@id\":\"https:\\\/\\\/www.ednh.fr\\\/salon-nutrition\\\/montpellier\\\/#organization\"},\"potentialAction\":[{\"@type\":\"SearchAction\",\"target\":{\"@type\":\"EntryPoint\",\"urlTemplate\":\"https:\\\/\\\/www.ednh.fr\\\/salon-nutrition\\\/montpellier\\\/?s={search_term_string}\"},\"query-input\":{\"@type\":\"PropertyValueSpecification\",\"valueRequired\":true,\"valueName\":\"search_term_string\"}}],\"inLanguage\":\"fr-FR\"},{\"@type\":\"Organization\",\"@id\":\"https:\\\/\\\/www.ednh.fr\\\/salon-nutrition\\\/montpellier\\\/#organization\",\"name\":\"Salon de la Nutrition de l'EDNH - Montpellier\",\"url\":\"https:\\\/\\\/www.ednh.fr\\\/salon-nutrition\\\/montpellier\\\/\",\"logo\":{\"@type\":\"ImageObject\",\"inLanguage\":\"fr-FR\",\"@id\":\"https:\\\/\\\/www.ednh.fr\\\/salon-nutrition\\\/montpellier\\\/#\\\/schema\\\/logo\\\/image\\\/\",\"url\":\"https:\\\/\\\/www.ednh.fr\\\/salon-nutrition\\\/montpellier\\\/wp-content\\\/uploads\\\/sites\\\/8\\\/2024\\\/11\\\/Logo_noir.png\",\"contentUrl\":\"https:\\\/\\\/www.ednh.fr\\\/salon-nutrition\\\/montpellier\\\/wp-content\\\/uploads\\\/sites\\\/8\\\/2024\\\/11\\\/Logo_noir.png\",\"width\":500,\"height\":500,\"caption\":\"Salon de la Nutrition de l'EDNH - Montpellier\"},\"image\":{\"@id\":\"https:\\\/\\\/www.ednh.fr\\\/salon-nutrition\\\/montpellier\\\/#\\\/schema\\\/logo\\\/image\\\/\"}}]}<\/script>\n<!-- \/ Yoast SEO plugin. -->","yoast_head_json":{"title":"La Clinique de la Nutrition - Salon de la Nutrition EDNH - Montpellier","robots":{"index":"index","follow":"follow","max-snippet":"max-snippet:-1","max-image-preview":"max-image-preview:large","max-video-preview":"max-video-preview:-1"},"canonical":"https:\/\/www.ednh.fr\/salon-nutrition\/montpellier\/la-clinique-de-la-nutrition\/","og_locale":"fr_FR","og_type":"article","og_title":"La Clinique de la Nutrition - Salon de la Nutrition EDNH - Montpellier","og_description":"Nous sommes une \u00e9quipe de 15 \u00e9tudiants passionn\u00e9s de nutrition et de di\u00e9t\u00e9tique, d\u00e9termin\u00e9s \u00e0 faire une diff\u00e9rence dans le domaine de la sant\u00e9 et du bien-\u00eatre. Avec l\u2019encadrement de nos enseignants, nous mettons en pratique nos connaissances pour accompagner, sensibiliser et inspirer chacun \u00e0 adopter une alimentation \u00e9quilibr\u00e9e. \ud83c\udf31\u2728 Nous serons pr\u00e9sents toute la journ\u00e9e du 15 mars lors","og_url":"https:\/\/www.ednh.fr\/salon-nutrition\/montpellier\/la-clinique-de-la-nutrition\/","og_site_name":"Salon de la Nutrition EDNH - Montpellier","article_modified_time":"2025-03-03T11:23:23+00:00","og_image":[{"width":1024,"height":576,"url":"https:\/\/www.ednh.fr\/salon-nutrition\/montpellier\/wp-content\/uploads\/sites\/8\/2025\/03\/logo-clinique-de-la-nutrition-ednh-1024x576.png.webp","type":"image\/webp"}],"twitter_card":"summary_large_image","twitter_misc":{"Dur\u00e9e de lecture estim\u00e9e":"1 minute"},"schema":{"@context":"https:\/\/schema.org","@graph":[{"@type":"WebPage","@id":"https:\/\/www.ednh.fr\/salon-nutrition\/montpellier\/la-clinique-de-la-nutrition\/","url":"https:\/\/www.ednh.fr\/salon-nutrition\/montpellier\/la-clinique-de-la-nutrition\/","name":"La Clinique de la Nutrition - Salon de la Nutrition EDNH - Montpellier","isPartOf":{"@id":"https:\/\/www.ednh.fr\/salon-nutrition\/montpellier\/#website"},"primaryImageOfPage":{"@id":"https:\/\/www.ednh.fr\/salon-nutrition\/montpellier\/la-clinique-de-la-nutrition\/#primaryimage"},"image":{"@id":"https:\/\/www.ednh.fr\/salon-nutrition\/montpellier\/la-clinique-de-la-nutrition\/#primaryimage"},"thumbnailUrl":"https:\/\/www.ednh.fr\/salon-nutrition\/montpellier\/wp-content\/uploads\/sites\/8\/2025\/03\/logo-clinique-de-la-nutrition-ednh-1024x576.png.webp","datePublished":"2025-03-03T11:07:50+00:00","dateModified":"2025-03-03T11:23:23+00:00","breadcrumb":{"@id":"https:\/\/www.ednh.fr\/salon-nutrition\/montpellier\/la-clinique-de-la-nutrition\/#breadcrumb"},"inLanguage":"fr-FR","potentialAction":[{"@type":"ReadAction","target":["https:\/\/www.ednh.fr\/salon-nutrition\/montpellier\/la-clinique-de-la-nutrition\/"]}]},{"@type":"ImageObject","inLanguage":"fr-FR","@id":"https:\/\/www.ednh.fr\/salon-nutrition\/montpellier\/la-clinique-de-la-nutrition\/#primaryimage","url":"https:\/\/www.ednh.fr\/salon-nutrition\/montpellier\/wp-content\/uploads\/sites\/8\/2025\/03\/logo-clinique-de-la-nutrition-ednh-1024x576.png.webp","contentUrl":"https:\/\/www.ednh.fr\/salon-nutrition\/montpellier\/wp-content\/uploads\/sites\/8\/2025\/03\/logo-clinique-de-la-nutrition-ednh-1024x576.png.webp","width":1024,"height":576},{"@type":"BreadcrumbList","@id":"https:\/\/www.ednh.fr\/salon-nutrition\/montpellier\/la-clinique-de-la-nutrition\/#breadcrumb","itemListElement":[{"@type":"ListItem","position":1,"name":"Accueil","item":"https:\/\/www.ednh.fr\/salon-nutrition\/montpellier\/"},{"@type":"ListItem","position":2,"name":"La Clinique de la Nutrition"}]},{"@type":"WebSite","@id":"https:\/\/www.ednh.fr\/salon-nutrition\/montpellier\/#website","url":"https:\/\/www.ednh.fr\/salon-nutrition\/montpellier\/","name":"Salon de la Nutrition de l'EDNH - Montpellier","description":"","publisher":{"@id":"https:\/\/www.ednh.fr\/salon-nutrition\/montpellier\/#organization"},"potentialAction":[{"@type":"SearchAction","target":{"@type":"EntryPoint","urlTemplate":"https:\/\/www.ednh.fr\/salon-nutrition\/montpellier\/?s={search_term_string}"},"query-input":{"@type":"PropertyValueSpecification","valueRequired":true,"valueName":"search_term_string"}}],"inLanguage":"fr-FR"},{"@type":"Organization","@id":"https:\/\/www.ednh.fr\/salon-nutrition\/montpellier\/#organization","name":"Salon de la Nutrition de l'EDNH - Montpellier","url":"https:\/\/www.ednh.fr\/salon-nutrition\/montpellier\/","logo":{"@type":"ImageObject","inLanguage":"fr-FR","@id":"https:\/\/www.ednh.fr\/salon-nutrition\/montpellier\/#\/schema\/logo\/image\/","url":"https:\/\/www.ednh.fr\/salon-nutrition\/montpellier\/wp-content\/uploads\/sites\/8\/2024\/11\/Logo_noir.png","contentUrl":"https:\/\/www.ednh.fr\/salon-nutrition\/montpellier\/wp-content\/uploads\/sites\/8\/2024\/11\/Logo_noir.png","width":500,"height":500,"caption":"Salon de la Nutrition de l'EDNH - Montpellier"},"image":{"@id":"https:\/\/www.ednh.fr\/salon-nutrition\/montpellier\/#\/schema\/logo\/image\/"}}]}},"_links":{"self":[{"href":"https:\/\/www.ednh.fr\/salon-nutrition\/montpellier\/wp-json\/wp\/v2\/pages\/1977","targetHints":{"allow":["GET"]}}],"collection":[{"href":"https:\/\/www.ednh.fr\/salon-nutrition\/montpellier\/wp-json\/wp\/v2\/pages"}],"about":[{"href":"https:\/\/www.ednh.fr\/salon-nutrition\/montpellier\/wp-json\/wp\/v2\/types\/page"}],"author":[{"embeddable":true,"href":"https:\/\/www.ednh.fr\/salon-nutrition\/montpellier\/wp-json\/wp\/v2\/users\/13"}],"replies":[{"embeddable":true,"href":"https:\/\/www.ednh.fr\/salon-nutrition\/montpellier\/wp-json\/wp\/v2\/comments?post=1977"}],"version-history":[{"count":7,"href":"https:\/\/www.ednh.fr\/salon-nutrition\/montpellier\/wp-json\/wp\/v2\/pages\/1977\/revisions"}],"predecessor-version":[{"id":1989,"href":"https:\/\/www.ednh.fr\/salon-nutrition\/montpellier\/wp-json\/wp\/v2\/pages\/1977\/revisions\/1989"}],"wp:attachment":[{"href":"https:\/\/www.ednh.fr\/salon-nutrition\/montpellier\/wp-json\/wp\/v2\/media?parent=1977"}],"curies":[{"name":"wp","href":"https:\/\/api.w.org\/{rel}","templated":true}]}}