{"id":1955,"date":"2025-02-28T19:26:55","date_gmt":"2025-02-28T18:26:55","guid":{"rendered":"https:\/\/www.ednh.fr\/salon-nutrition\/montpellier\/?page_id=1955"},"modified":"2025-02-28T19:37:31","modified_gmt":"2025-02-28T18:37:31","slug":"restauration","status":"publish","type":"page","link":"https:\/\/www.ednh.fr\/salon-nutrition\/montpellier\/restauration\/","title":{"rendered":"Restauration"},"content":{"rendered":"\t\t<div data-elementor-type=\"wp-page\" data-elementor-id=\"1955\" class=\"elementor elementor-1955\">\n\t\t\t\t\t\t<section class=\"elementor-section elementor-top-section elementor-element elementor-element-0b7d400 elementor-section-boxed elementor-section-height-default elementor-section-height-default wpr-particle-no wpr-jarallax-no wpr-parallax-no wpr-sticky-section-no wpr-equal-height-no\" data-id=\"0b7d400\" data-element_type=\"section\" data-e-type=\"section\">\n\t\t\t\t\t\t<div class=\"elementor-container elementor-column-gap-default\">\n\t\t\t\t\t<div class=\"elementor-column elementor-col-50 elementor-top-column elementor-element elementor-element-607de85\" data-id=\"607de85\" data-element_type=\"column\" data-e-type=\"column\">\n\t\t\t<div class=\"elementor-widget-wrap elementor-element-populated\">\n\t\t\t\t\t\t<div class=\"elementor-element elementor-element-74dc6bf elementor-widget elementor-widget-text-editor\" data-id=\"74dc6bf\" data-element_type=\"widget\" data-e-type=\"widget\" data-widget_type=\"text-editor.default\">\n\t\t\t\t<div class=\"elementor-widget-container\">\n\t\t\t\t\t\t\t\t\t<p data-start=\"52\" data-end=\"95\"><strong data-start=\"52\" data-end=\"95\">Restauration sur place &#8211; Samedi 15 mars<\/strong><\/p><p data-start=\"97\" data-end=\"304\">Pour cette \u00e9dition du Salon de la Nutrition, nous avons le plaisir de vous proposer une s\u00e9lection de repas frais et savoureux pr\u00e9par\u00e9s par <b>Charango<\/b>, qui sera pr\u00e9sent sur place le samedi 15 mars de 10h \u00e0 16h.<\/p>\t\t\t\t\t\t\t\t<\/div>\n\t\t\t\t<\/div>\n\t\t\t\t\t<\/div>\n\t\t<\/div>\n\t\t\t\t<div class=\"elementor-column elementor-col-50 elementor-top-column elementor-element elementor-element-1d39753\" data-id=\"1d39753\" data-element_type=\"column\" data-e-type=\"column\">\n\t\t\t<div class=\"elementor-widget-wrap elementor-element-populated\">\n\t\t\t\t\t\t<div class=\"elementor-element elementor-element-5b64874 elementor-widget elementor-widget-image\" data-id=\"5b64874\" data-element_type=\"widget\" data-e-type=\"widget\" data-widget_type=\"image.default\">\n\t\t\t\t<div class=\"elementor-widget-container\">\n\t\t\t\t\t\t\t\t\t\t\t\t\t\t\t<img fetchpriority=\"high\" decoding=\"async\" width=\"524\" height=\"640\" src=\"https:\/\/www.ednh.fr\/salon-nutrition\/montpellier\/wp-content\/uploads\/sites\/8\/2025\/02\/IMG_E49007BA3FF3-1-Medium.jpeg\" class=\"attachment-large size-large wp-image-1964\" alt=\"\" srcset=\"https:\/\/www.ednh.fr\/salon-nutrition\/montpellier\/wp-content\/uploads\/sites\/8\/2025\/02\/IMG_E49007BA3FF3-1-Medium.jpeg 524w, https:\/\/www.ednh.fr\/salon-nutrition\/montpellier\/wp-content\/uploads\/sites\/8\/2025\/02\/IMG_E49007BA3FF3-1-Medium-246x300.jpeg 246w\" sizes=\"(max-width: 524px) 100vw, 524px\" \/>\t\t\t\t\t\t\t\t\t\t\t\t\t\t\t<\/div>\n\t\t\t\t<\/div>\n\t\t\t\t\t<\/div>\n\t\t<\/div>\n\t\t\t\t\t<\/div>\n\t\t<\/section>\n\t\t\t\t<\/div>\n\t\t","protected":false},"excerpt":{"rendered":"<p>Restauration sur place &#8211; Samedi 15 mars Pour cette \u00e9dition du Salon de la Nutrition, nous avons le plaisir de vous proposer une s\u00e9lection de repas frais et savoureux pr\u00e9par\u00e9s par Charango, qui sera pr\u00e9sent sur place le samedi 15 mars de 10h \u00e0 16h.<\/p>\n","protected":false},"author":13,"featured_media":0,"parent":0,"menu_order":0,"comment_status":"closed","ping_status":"closed","template":"","meta":{"om_disable_all_campaigns":false,"footnotes":""},"class_list":["post-1955","page","type-page","status-publish","hentry"],"yoast_head":"<!-- This site is optimized with the Yoast SEO plugin v27.5 - https:\/\/yoast.com\/product\/yoast-seo-wordpress\/ -->\n<title>Restauration - Salon de la Nutrition EDNH - Montpellier<\/title>\n<meta name=\"robots\" content=\"index, follow, max-snippet:-1, max-image-preview:large, max-video-preview:-1\" \/>\n<link rel=\"canonical\" href=\"https:\/\/www.ednh.fr\/salon-nutrition\/montpellier\/restauration\/\" \/>\n<meta property=\"og:locale\" content=\"fr_FR\" \/>\n<meta property=\"og:type\" content=\"article\" \/>\n<meta property=\"og:title\" content=\"Restauration - Salon de la Nutrition EDNH - Montpellier\" \/>\n<meta property=\"og:description\" content=\"Restauration sur place &#8211; Samedi 15 mars Pour cette \u00e9dition du Salon de la Nutrition, nous avons le plaisir de vous proposer une s\u00e9lection de repas frais et savoureux pr\u00e9par\u00e9s par Charango, qui sera pr\u00e9sent sur place le samedi 15 mars de 10h \u00e0 16h.\" \/>\n<meta property=\"og:url\" content=\"https:\/\/www.ednh.fr\/salon-nutrition\/montpellier\/restauration\/\" \/>\n<meta property=\"og:site_name\" content=\"Salon de la Nutrition EDNH - Montpellier\" \/>\n<meta property=\"article:modified_time\" content=\"2025-02-28T18:37:31+00:00\" \/>\n<meta property=\"og:image\" content=\"https:\/\/www.ednh.fr\/salon-nutrition\/montpellier\/wp-content\/uploads\/sites\/8\/2025\/02\/IMG_E49007BA3FF3-1-Medium.jpeg\" \/>\n\t<meta property=\"og:image:width\" content=\"524\" \/>\n\t<meta property=\"og:image:height\" content=\"640\" \/>\n\t<meta property=\"og:image:type\" content=\"image\/jpeg\" \/>\n<meta name=\"twitter:card\" content=\"summary_large_image\" \/>\n<meta name=\"twitter:label1\" content=\"Dur\u00e9e de lecture estim\u00e9e\" \/>\n\t<meta name=\"twitter:data1\" content=\"1 minute\" \/>\n<script type=\"application\/ld+json\" class=\"yoast-schema-graph\">{\"@context\":\"https:\\\/\\\/schema.org\",\"@graph\":[{\"@type\":\"WebPage\",\"@id\":\"https:\\\/\\\/www.ednh.fr\\\/salon-nutrition\\\/montpellier\\\/restauration\\\/\",\"url\":\"https:\\\/\\\/www.ednh.fr\\\/salon-nutrition\\\/montpellier\\\/restauration\\\/\",\"name\":\"Restauration - Salon de la Nutrition EDNH - Montpellier\",\"isPartOf\":{\"@id\":\"https:\\\/\\\/www.ednh.fr\\\/salon-nutrition\\\/montpellier\\\/#website\"},\"primaryImageOfPage\":{\"@id\":\"https:\\\/\\\/www.ednh.fr\\\/salon-nutrition\\\/montpellier\\\/restauration\\\/#primaryimage\"},\"image\":{\"@id\":\"https:\\\/\\\/www.ednh.fr\\\/salon-nutrition\\\/montpellier\\\/restauration\\\/#primaryimage\"},\"thumbnailUrl\":\"https:\\\/\\\/www.ednh.fr\\\/salon-nutrition\\\/montpellier\\\/wp-content\\\/uploads\\\/sites\\\/8\\\/2025\\\/02\\\/IMG_E49007BA3FF3-1-Medium.jpeg\",\"datePublished\":\"2025-02-28T18:26:55+00:00\",\"dateModified\":\"2025-02-28T18:37:31+00:00\",\"breadcrumb\":{\"@id\":\"https:\\\/\\\/www.ednh.fr\\\/salon-nutrition\\\/montpellier\\\/restauration\\\/#breadcrumb\"},\"inLanguage\":\"fr-FR\",\"potentialAction\":[{\"@type\":\"ReadAction\",\"target\":[\"https:\\\/\\\/www.ednh.fr\\\/salon-nutrition\\\/montpellier\\\/restauration\\\/\"]}]},{\"@type\":\"ImageObject\",\"inLanguage\":\"fr-FR\",\"@id\":\"https:\\\/\\\/www.ednh.fr\\\/salon-nutrition\\\/montpellier\\\/restauration\\\/#primaryimage\",\"url\":\"https:\\\/\\\/www.ednh.fr\\\/salon-nutrition\\\/montpellier\\\/wp-content\\\/uploads\\\/sites\\\/8\\\/2025\\\/02\\\/IMG_E49007BA3FF3-1-Medium.jpeg\",\"contentUrl\":\"https:\\\/\\\/www.ednh.fr\\\/salon-nutrition\\\/montpellier\\\/wp-content\\\/uploads\\\/sites\\\/8\\\/2025\\\/02\\\/IMG_E49007BA3FF3-1-Medium.jpeg\",\"width\":524,\"height\":640},{\"@type\":\"BreadcrumbList\",\"@id\":\"https:\\\/\\\/www.ednh.fr\\\/salon-nutrition\\\/montpellier\\\/restauration\\\/#breadcrumb\",\"itemListElement\":[{\"@type\":\"ListItem\",\"position\":1,\"name\":\"Accueil\",\"item\":\"https:\\\/\\\/www.ednh.fr\\\/salon-nutrition\\\/montpellier\\\/\"},{\"@type\":\"ListItem\",\"position\":2,\"name\":\"Restauration\"}]},{\"@type\":\"WebSite\",\"@id\":\"https:\\\/\\\/www.ednh.fr\\\/salon-nutrition\\\/montpellier\\\/#website\",\"url\":\"https:\\\/\\\/www.ednh.fr\\\/salon-nutrition\\\/montpellier\\\/\",\"name\":\"Salon de la Nutrition de l'EDNH - Montpellier\",\"description\":\"\",\"publisher\":{\"@id\":\"https:\\\/\\\/www.ednh.fr\\\/salon-nutrition\\\/montpellier\\\/#organization\"},\"potentialAction\":[{\"@type\":\"SearchAction\",\"target\":{\"@type\":\"EntryPoint\",\"urlTemplate\":\"https:\\\/\\\/www.ednh.fr\\\/salon-nutrition\\\/montpellier\\\/?s={search_term_string}\"},\"query-input\":{\"@type\":\"PropertyValueSpecification\",\"valueRequired\":true,\"valueName\":\"search_term_string\"}}],\"inLanguage\":\"fr-FR\"},{\"@type\":\"Organization\",\"@id\":\"https:\\\/\\\/www.ednh.fr\\\/salon-nutrition\\\/montpellier\\\/#organization\",\"name\":\"Salon de la Nutrition de l'EDNH - Montpellier\",\"url\":\"https:\\\/\\\/www.ednh.fr\\\/salon-nutrition\\\/montpellier\\\/\",\"logo\":{\"@type\":\"ImageObject\",\"inLanguage\":\"fr-FR\",\"@id\":\"https:\\\/\\\/www.ednh.fr\\\/salon-nutrition\\\/montpellier\\\/#\\\/schema\\\/logo\\\/image\\\/\",\"url\":\"https:\\\/\\\/www.ednh.fr\\\/salon-nutrition\\\/montpellier\\\/wp-content\\\/uploads\\\/sites\\\/8\\\/2024\\\/11\\\/Logo_noir.png\",\"contentUrl\":\"https:\\\/\\\/www.ednh.fr\\\/salon-nutrition\\\/montpellier\\\/wp-content\\\/uploads\\\/sites\\\/8\\\/2024\\\/11\\\/Logo_noir.png\",\"width\":500,\"height\":500,\"caption\":\"Salon de la Nutrition de l'EDNH - Montpellier\"},\"image\":{\"@id\":\"https:\\\/\\\/www.ednh.fr\\\/salon-nutrition\\\/montpellier\\\/#\\\/schema\\\/logo\\\/image\\\/\"}}]}<\/script>\n<!-- \/ Yoast SEO plugin. -->","yoast_head_json":{"title":"Restauration - Salon de la Nutrition EDNH - Montpellier","robots":{"index":"index","follow":"follow","max-snippet":"max-snippet:-1","max-image-preview":"max-image-preview:large","max-video-preview":"max-video-preview:-1"},"canonical":"https:\/\/www.ednh.fr\/salon-nutrition\/montpellier\/restauration\/","og_locale":"fr_FR","og_type":"article","og_title":"Restauration - Salon de la Nutrition EDNH - Montpellier","og_description":"Restauration sur place &#8211; Samedi 15 mars Pour cette \u00e9dition du Salon de la Nutrition, nous avons le plaisir de vous proposer une s\u00e9lection de repas frais et savoureux pr\u00e9par\u00e9s par Charango, qui sera pr\u00e9sent sur place le samedi 15 mars de 10h \u00e0 16h.","og_url":"https:\/\/www.ednh.fr\/salon-nutrition\/montpellier\/restauration\/","og_site_name":"Salon de la Nutrition EDNH - Montpellier","article_modified_time":"2025-02-28T18:37:31+00:00","og_image":[{"width":524,"height":640,"url":"https:\/\/www.ednh.fr\/salon-nutrition\/montpellier\/wp-content\/uploads\/sites\/8\/2025\/02\/IMG_E49007BA3FF3-1-Medium.jpeg","type":"image\/jpeg"}],"twitter_card":"summary_large_image","twitter_misc":{"Dur\u00e9e de lecture estim\u00e9e":"1 minute"},"schema":{"@context":"https:\/\/schema.org","@graph":[{"@type":"WebPage","@id":"https:\/\/www.ednh.fr\/salon-nutrition\/montpellier\/restauration\/","url":"https:\/\/www.ednh.fr\/salon-nutrition\/montpellier\/restauration\/","name":"Restauration - Salon de la Nutrition EDNH - Montpellier","isPartOf":{"@id":"https:\/\/www.ednh.fr\/salon-nutrition\/montpellier\/#website"},"primaryImageOfPage":{"@id":"https:\/\/www.ednh.fr\/salon-nutrition\/montpellier\/restauration\/#primaryimage"},"image":{"@id":"https:\/\/www.ednh.fr\/salon-nutrition\/montpellier\/restauration\/#primaryimage"},"thumbnailUrl":"https:\/\/www.ednh.fr\/salon-nutrition\/montpellier\/wp-content\/uploads\/sites\/8\/2025\/02\/IMG_E49007BA3FF3-1-Medium.jpeg","datePublished":"2025-02-28T18:26:55+00:00","dateModified":"2025-02-28T18:37:31+00:00","breadcrumb":{"@id":"https:\/\/www.ednh.fr\/salon-nutrition\/montpellier\/restauration\/#breadcrumb"},"inLanguage":"fr-FR","potentialAction":[{"@type":"ReadAction","target":["https:\/\/www.ednh.fr\/salon-nutrition\/montpellier\/restauration\/"]}]},{"@type":"ImageObject","inLanguage":"fr-FR","@id":"https:\/\/www.ednh.fr\/salon-nutrition\/montpellier\/restauration\/#primaryimage","url":"https:\/\/www.ednh.fr\/salon-nutrition\/montpellier\/wp-content\/uploads\/sites\/8\/2025\/02\/IMG_E49007BA3FF3-1-Medium.jpeg","contentUrl":"https:\/\/www.ednh.fr\/salon-nutrition\/montpellier\/wp-content\/uploads\/sites\/8\/2025\/02\/IMG_E49007BA3FF3-1-Medium.jpeg","width":524,"height":640},{"@type":"BreadcrumbList","@id":"https:\/\/www.ednh.fr\/salon-nutrition\/montpellier\/restauration\/#breadcrumb","itemListElement":[{"@type":"ListItem","position":1,"name":"Accueil","item":"https:\/\/www.ednh.fr\/salon-nutrition\/montpellier\/"},{"@type":"ListItem","position":2,"name":"Restauration"}]},{"@type":"WebSite","@id":"https:\/\/www.ednh.fr\/salon-nutrition\/montpellier\/#website","url":"https:\/\/www.ednh.fr\/salon-nutrition\/montpellier\/","name":"Salon de la Nutrition de l'EDNH - Montpellier","description":"","publisher":{"@id":"https:\/\/www.ednh.fr\/salon-nutrition\/montpellier\/#organization"},"potentialAction":[{"@type":"SearchAction","target":{"@type":"EntryPoint","urlTemplate":"https:\/\/www.ednh.fr\/salon-nutrition\/montpellier\/?s={search_term_string}"},"query-input":{"@type":"PropertyValueSpecification","valueRequired":true,"valueName":"search_term_string"}}],"inLanguage":"fr-FR"},{"@type":"Organization","@id":"https:\/\/www.ednh.fr\/salon-nutrition\/montpellier\/#organization","name":"Salon de la Nutrition de l'EDNH - Montpellier","url":"https:\/\/www.ednh.fr\/salon-nutrition\/montpellier\/","logo":{"@type":"ImageObject","inLanguage":"fr-FR","@id":"https:\/\/www.ednh.fr\/salon-nutrition\/montpellier\/#\/schema\/logo\/image\/","url":"https:\/\/www.ednh.fr\/salon-nutrition\/montpellier\/wp-content\/uploads\/sites\/8\/2024\/11\/Logo_noir.png","contentUrl":"https:\/\/www.ednh.fr\/salon-nutrition\/montpellier\/wp-content\/uploads\/sites\/8\/2024\/11\/Logo_noir.png","width":500,"height":500,"caption":"Salon de la Nutrition de l'EDNH - Montpellier"},"image":{"@id":"https:\/\/www.ednh.fr\/salon-nutrition\/montpellier\/#\/schema\/logo\/image\/"}}]}},"_links":{"self":[{"href":"https:\/\/www.ednh.fr\/salon-nutrition\/montpellier\/wp-json\/wp\/v2\/pages\/1955","targetHints":{"allow":["GET"]}}],"collection":[{"href":"https:\/\/www.ednh.fr\/salon-nutrition\/montpellier\/wp-json\/wp\/v2\/pages"}],"about":[{"href":"https:\/\/www.ednh.fr\/salon-nutrition\/montpellier\/wp-json\/wp\/v2\/types\/page"}],"author":[{"embeddable":true,"href":"https:\/\/www.ednh.fr\/salon-nutrition\/montpellier\/wp-json\/wp\/v2\/users\/13"}],"replies":[{"embeddable":true,"href":"https:\/\/www.ednh.fr\/salon-nutrition\/montpellier\/wp-json\/wp\/v2\/comments?post=1955"}],"version-history":[{"count":4,"href":"https:\/\/www.ednh.fr\/salon-nutrition\/montpellier\/wp-json\/wp\/v2\/pages\/1955\/revisions"}],"predecessor-version":[{"id":1967,"href":"https:\/\/www.ednh.fr\/salon-nutrition\/montpellier\/wp-json\/wp\/v2\/pages\/1955\/revisions\/1967"}],"wp:attachment":[{"href":"https:\/\/www.ednh.fr\/salon-nutrition\/montpellier\/wp-json\/wp\/v2\/media?parent=1955"}],"curies":[{"name":"wp","href":"https:\/\/api.w.org\/{rel}","templated":true}]}}