{"id":1177,"date":"2024-02-02T17:32:05","date_gmt":"2024-02-02T16:32:05","guid":{"rendered":"https:\/\/www.ednh.fr\/salon-nutrition\/montpellier\/?page_id=1177"},"modified":"2025-03-10T21:05:16","modified_gmt":"2025-03-10T20:05:16","slug":"presse","status":"publish","type":"page","link":"https:\/\/www.ednh.fr\/salon-nutrition\/montpellier\/presse\/","title":{"rendered":"La presse"},"content":{"rendered":"\t\t<div data-elementor-type=\"wp-page\" data-elementor-id=\"1177\" class=\"elementor elementor-1177\">\n\t\t\t\t\t\t<section class=\"elementor-section elementor-top-section elementor-element elementor-element-01bca6e elementor-section-boxed elementor-section-height-default elementor-section-height-default wpr-particle-no wpr-jarallax-no wpr-parallax-no wpr-sticky-section-no wpr-column-slider-no wpr-equal-height-no\" data-id=\"01bca6e\" data-element_type=\"section\" data-e-type=\"section\">\n\t\t\t\t\t\t<div class=\"elementor-container elementor-column-gap-default\">\n\t\t\t\t\t<div class=\"elementor-column elementor-col-50 elementor-top-column elementor-element elementor-element-769b026\" data-id=\"769b026\" data-element_type=\"column\" data-e-type=\"column\">\n\t\t\t<div class=\"elementor-widget-wrap elementor-element-populated\">\n\t\t\t\t\t\t<div class=\"elementor-element elementor-element-2231aca elementor-widget elementor-widget-heading\" data-id=\"2231aca\" data-element_type=\"widget\" data-e-type=\"widget\" data-widget_type=\"heading.default\">\n\t\t\t\t<div class=\"elementor-widget-container\">\n\t\t\t\t\t<h2 class=\"elementor-heading-title elementor-size-default\">Communiqu\u00e9 de presse<\/h2>\t\t\t\t<\/div>\n\t\t\t\t<\/div>\n\t\t\t\t<div class=\"elementor-element elementor-element-d8f1fd1 elementor-widget elementor-widget-text-editor\" data-id=\"d8f1fd1\" data-element_type=\"widget\" data-e-type=\"widget\" data-widget_type=\"text-editor.default\">\n\t\t\t\t<div class=\"elementor-widget-container\">\n\t\t\t\t\t\t\t\t\t<p>Vous souhaitez avoir plus de d\u00e9tails sur notre salon ? Alors vous \u00eates au bon endroit avec notre communiqu\u00e9 de presse pour annoncer la 11\u00e8me \u00e9dition du Salon de la Nutrition de l&rsquo;EDNH \u00e0 Montpellier !\u00a0<\/p>\t\t\t\t\t\t\t\t<\/div>\n\t\t\t\t<\/div>\n\t\t\t\t\t<\/div>\n\t\t<\/div>\n\t\t\t\t<div class=\"elementor-column elementor-col-50 elementor-top-column elementor-element elementor-element-78ffd75\" data-id=\"78ffd75\" data-element_type=\"column\" data-e-type=\"column\">\n\t\t\t<div class=\"elementor-widget-wrap elementor-element-populated\">\n\t\t\t\t\t\t<div class=\"elementor-element elementor-element-ccb2acc elementor-widget elementor-widget-heading\" data-id=\"ccb2acc\" data-element_type=\"widget\" data-e-type=\"widget\" data-widget_type=\"heading.default\">\n\t\t\t\t<div class=\"elementor-widget-container\">\n\t\t\t\t\t<h2 class=\"elementor-heading-title elementor-size-default\">Dossier de presse<\/h2>\t\t\t\t<\/div>\n\t\t\t\t<\/div>\n\t\t\t\t<div class=\"elementor-element elementor-element-27a822e elementor-widget elementor-widget-text-editor\" data-id=\"27a822e\" data-element_type=\"widget\" data-e-type=\"widget\" data-widget_type=\"text-editor.default\">\n\t\t\t\t<div class=\"elementor-widget-container\">\n\t\t\t\t\t\t\t\t\t<p>D\u00e9couvrez toutes les informations sur notre salon dans le dossier de presse ! Il y a l&rsquo;ensemble des conf\u00e9rences, des ateliers de nos 3 journ\u00e9es !\u00a0<\/p>\t\t\t\t\t\t\t\t<\/div>\n\t\t\t\t<\/div>\n\t\t\t\t\t<\/div>\n\t\t<\/div>\n\t\t\t\t\t<\/div>\n\t\t<\/section>\n\t\t\t\t<section class=\"elementor-section elementor-top-section elementor-element elementor-element-098f997 elementor-section-boxed elementor-section-height-default elementor-section-height-default wpr-particle-no wpr-jarallax-no wpr-parallax-no wpr-sticky-section-no wpr-column-slider-no wpr-equal-height-no\" data-id=\"098f997\" data-element_type=\"section\" data-e-type=\"section\">\n\t\t\t\t\t\t<div class=\"elementor-container elementor-column-gap-default\">\n\t\t\t\t\t<div class=\"elementor-column elementor-col-100 elementor-top-column elementor-element elementor-element-dd1f090\" data-id=\"dd1f090\" data-element_type=\"column\" data-e-type=\"column\">\n\t\t\t<div class=\"elementor-widget-wrap elementor-element-populated\">\n\t\t\t\t\t\t<div class=\"elementor-element elementor-element-b000117 elementor-widget elementor-widget-image\" data-id=\"b000117\" data-element_type=\"widget\" data-e-type=\"widget\" data-widget_type=\"image.default\">\n\t\t\t\t<div class=\"elementor-widget-container\">\n\t\t\t\t\t\t\t\t\t\t\t\t\t\t\t<img fetchpriority=\"high\" decoding=\"async\" width=\"974\" height=\"1382\" src=\"https:\/\/www.ednh.fr\/salon-nutrition\/montpellier\/wp-content\/uploads\/sites\/8\/2025\/03\/Screenshot-2025-03-10-at-21.04.43.png\" class=\"attachment-full size-full wp-image-2022\" alt=\"\" srcset=\"https:\/\/www.ednh.fr\/salon-nutrition\/montpellier\/wp-content\/uploads\/sites\/8\/2025\/03\/Screenshot-2025-03-10-at-21.04.43.png 974w, https:\/\/www.ednh.fr\/salon-nutrition\/montpellier\/wp-content\/uploads\/sites\/8\/2025\/03\/Screenshot-2025-03-10-at-21.04.43-211x300.png 211w, https:\/\/www.ednh.fr\/salon-nutrition\/montpellier\/wp-content\/uploads\/sites\/8\/2025\/03\/Screenshot-2025-03-10-at-21.04.43-722x1024.png 722w, https:\/\/www.ednh.fr\/salon-nutrition\/montpellier\/wp-content\/uploads\/sites\/8\/2025\/03\/Screenshot-2025-03-10-at-21.04.43-768x1090.png 768w\" sizes=\"(max-width: 974px) 100vw, 974px\" \/>\t\t\t\t\t\t\t\t\t\t\t\t\t\t\t<\/div>\n\t\t\t\t<\/div>\n\t\t\t\t\t<\/div>\n\t\t<\/div>\n\t\t\t\t\t<\/div>\n\t\t<\/section>\n\t\t\t\t<\/div>\n\t\t","protected":false},"excerpt":{"rendered":"<p>Communiqu\u00e9 de presse Vous souhaitez avoir plus de d\u00e9tails sur notre salon ? Alors vous \u00eates au bon endroit avec notre communiqu\u00e9 de presse pour annoncer la 11\u00e8me \u00e9dition du Salon de la Nutrition de l&rsquo;EDNH \u00e0 Montpellier !\u00a0 Dossier de presse D\u00e9couvrez toutes les informations sur notre salon dans le dossier de presse ! Il y a l&rsquo;ensemble des<\/p>\n","protected":false},"author":13,"featured_media":0,"parent":0,"menu_order":0,"comment_status":"closed","ping_status":"closed","template":"","meta":{"om_disable_all_campaigns":false,"footnotes":""},"class_list":["post-1177","page","type-page","status-publish","hentry"],"yoast_head":"<!-- This site is optimized with the Yoast SEO plugin v27.6 - https:\/\/yoast.com\/product\/yoast-seo-wordpress\/ -->\n<title>La presse - Salon de la Nutrition EDNH - Montpellier<\/title>\n<meta name=\"robots\" content=\"index, follow, max-snippet:-1, max-image-preview:large, max-video-preview:-1\" \/>\n<link rel=\"canonical\" href=\"https:\/\/www.ednh.fr\/salon-nutrition\/montpellier\/presse\/\" \/>\n<meta property=\"og:locale\" content=\"fr_FR\" \/>\n<meta property=\"og:type\" content=\"article\" \/>\n<meta property=\"og:title\" content=\"La presse - Salon de la Nutrition EDNH - Montpellier\" \/>\n<meta property=\"og:description\" content=\"Communiqu\u00e9 de presse Vous souhaitez avoir plus de d\u00e9tails sur notre salon ? Alors vous \u00eates au bon endroit avec notre communiqu\u00e9 de presse pour annoncer la 11\u00e8me \u00e9dition du Salon de la Nutrition de l&rsquo;EDNH \u00e0 Montpellier !\u00a0 Dossier de presse D\u00e9couvrez toutes les informations sur notre salon dans le dossier de presse ! Il y a l&rsquo;ensemble des\" \/>\n<meta property=\"og:url\" content=\"https:\/\/www.ednh.fr\/salon-nutrition\/montpellier\/presse\/\" \/>\n<meta property=\"og:site_name\" content=\"Salon de la Nutrition EDNH - Montpellier\" \/>\n<meta property=\"article:modified_time\" content=\"2025-03-10T20:05:16+00:00\" \/>\n<meta property=\"og:image\" content=\"https:\/\/www.ednh.fr\/salon-nutrition\/montpellier\/wp-content\/uploads\/sites\/8\/2025\/03\/Screenshot-2025-03-10-at-21.04.43.png\" \/>\n\t<meta property=\"og:image:width\" content=\"974\" \/>\n\t<meta property=\"og:image:height\" content=\"1382\" \/>\n\t<meta property=\"og:image:type\" content=\"image\/png\" \/>\n<meta name=\"twitter:card\" content=\"summary_large_image\" \/>\n<meta name=\"twitter:label1\" content=\"Dur\u00e9e de lecture estim\u00e9e\" \/>\n\t<meta name=\"twitter:data1\" content=\"1 minute\" \/>\n<script type=\"application\/ld+json\" class=\"yoast-schema-graph\">{\"@context\":\"https:\\\/\\\/schema.org\",\"@graph\":[{\"@type\":\"WebPage\",\"@id\":\"https:\\\/\\\/www.ednh.fr\\\/salon-nutrition\\\/montpellier\\\/presse\\\/\",\"url\":\"https:\\\/\\\/www.ednh.fr\\\/salon-nutrition\\\/montpellier\\\/presse\\\/\",\"name\":\"La presse - Salon de la Nutrition EDNH - Montpellier\",\"isPartOf\":{\"@id\":\"https:\\\/\\\/www.ednh.fr\\\/salon-nutrition\\\/montpellier\\\/#website\"},\"primaryImageOfPage\":{\"@id\":\"https:\\\/\\\/www.ednh.fr\\\/salon-nutrition\\\/montpellier\\\/presse\\\/#primaryimage\"},\"image\":{\"@id\":\"https:\\\/\\\/www.ednh.fr\\\/salon-nutrition\\\/montpellier\\\/presse\\\/#primaryimage\"},\"thumbnailUrl\":\"https:\\\/\\\/www.ednh.fr\\\/salon-nutrition\\\/montpellier\\\/wp-content\\\/uploads\\\/sites\\\/8\\\/2025\\\/03\\\/Screenshot-2025-03-10-at-21.04.43.png\",\"datePublished\":\"2024-02-02T16:32:05+00:00\",\"dateModified\":\"2025-03-10T20:05:16+00:00\",\"breadcrumb\":{\"@id\":\"https:\\\/\\\/www.ednh.fr\\\/salon-nutrition\\\/montpellier\\\/presse\\\/#breadcrumb\"},\"inLanguage\":\"fr-FR\",\"potentialAction\":[{\"@type\":\"ReadAction\",\"target\":[\"https:\\\/\\\/www.ednh.fr\\\/salon-nutrition\\\/montpellier\\\/presse\\\/\"]}]},{\"@type\":\"ImageObject\",\"inLanguage\":\"fr-FR\",\"@id\":\"https:\\\/\\\/www.ednh.fr\\\/salon-nutrition\\\/montpellier\\\/presse\\\/#primaryimage\",\"url\":\"https:\\\/\\\/www.ednh.fr\\\/salon-nutrition\\\/montpellier\\\/wp-content\\\/uploads\\\/sites\\\/8\\\/2025\\\/03\\\/Screenshot-2025-03-10-at-21.04.43.png\",\"contentUrl\":\"https:\\\/\\\/www.ednh.fr\\\/salon-nutrition\\\/montpellier\\\/wp-content\\\/uploads\\\/sites\\\/8\\\/2025\\\/03\\\/Screenshot-2025-03-10-at-21.04.43.png\",\"width\":974,\"height\":1382},{\"@type\":\"BreadcrumbList\",\"@id\":\"https:\\\/\\\/www.ednh.fr\\\/salon-nutrition\\\/montpellier\\\/presse\\\/#breadcrumb\",\"itemListElement\":[{\"@type\":\"ListItem\",\"position\":1,\"name\":\"Accueil\",\"item\":\"https:\\\/\\\/www.ednh.fr\\\/salon-nutrition\\\/montpellier\\\/\"},{\"@type\":\"ListItem\",\"position\":2,\"name\":\"La presse\"}]},{\"@type\":\"WebSite\",\"@id\":\"https:\\\/\\\/www.ednh.fr\\\/salon-nutrition\\\/montpellier\\\/#website\",\"url\":\"https:\\\/\\\/www.ednh.fr\\\/salon-nutrition\\\/montpellier\\\/\",\"name\":\"Salon de la Nutrition de l'EDNH - Montpellier\",\"description\":\"\",\"publisher\":{\"@id\":\"https:\\\/\\\/www.ednh.fr\\\/salon-nutrition\\\/montpellier\\\/#organization\"},\"potentialAction\":[{\"@type\":\"SearchAction\",\"target\":{\"@type\":\"EntryPoint\",\"urlTemplate\":\"https:\\\/\\\/www.ednh.fr\\\/salon-nutrition\\\/montpellier\\\/?s={search_term_string}\"},\"query-input\":{\"@type\":\"PropertyValueSpecification\",\"valueRequired\":true,\"valueName\":\"search_term_string\"}}],\"inLanguage\":\"fr-FR\"},{\"@type\":\"Organization\",\"@id\":\"https:\\\/\\\/www.ednh.fr\\\/salon-nutrition\\\/montpellier\\\/#organization\",\"name\":\"Salon de la Nutrition de l'EDNH - Montpellier\",\"url\":\"https:\\\/\\\/www.ednh.fr\\\/salon-nutrition\\\/montpellier\\\/\",\"logo\":{\"@type\":\"ImageObject\",\"inLanguage\":\"fr-FR\",\"@id\":\"https:\\\/\\\/www.ednh.fr\\\/salon-nutrition\\\/montpellier\\\/#\\\/schema\\\/logo\\\/image\\\/\",\"url\":\"https:\\\/\\\/www.ednh.fr\\\/salon-nutrition\\\/montpellier\\\/wp-content\\\/uploads\\\/sites\\\/8\\\/2024\\\/11\\\/Logo_noir.png\",\"contentUrl\":\"https:\\\/\\\/www.ednh.fr\\\/salon-nutrition\\\/montpellier\\\/wp-content\\\/uploads\\\/sites\\\/8\\\/2024\\\/11\\\/Logo_noir.png\",\"width\":500,\"height\":500,\"caption\":\"Salon de la Nutrition de l'EDNH - Montpellier\"},\"image\":{\"@id\":\"https:\\\/\\\/www.ednh.fr\\\/salon-nutrition\\\/montpellier\\\/#\\\/schema\\\/logo\\\/image\\\/\"}}]}<\/script>\n<!-- \/ Yoast SEO plugin. -->","yoast_head_json":{"title":"La presse - Salon de la Nutrition EDNH - Montpellier","robots":{"index":"index","follow":"follow","max-snippet":"max-snippet:-1","max-image-preview":"max-image-preview:large","max-video-preview":"max-video-preview:-1"},"canonical":"https:\/\/www.ednh.fr\/salon-nutrition\/montpellier\/presse\/","og_locale":"fr_FR","og_type":"article","og_title":"La presse - Salon de la Nutrition EDNH - Montpellier","og_description":"Communiqu\u00e9 de presse Vous souhaitez avoir plus de d\u00e9tails sur notre salon ? Alors vous \u00eates au bon endroit avec notre communiqu\u00e9 de presse pour annoncer la 11\u00e8me \u00e9dition du Salon de la Nutrition de l&rsquo;EDNH \u00e0 Montpellier !\u00a0 Dossier de presse D\u00e9couvrez toutes les informations sur notre salon dans le dossier de presse ! Il y a l&rsquo;ensemble des","og_url":"https:\/\/www.ednh.fr\/salon-nutrition\/montpellier\/presse\/","og_site_name":"Salon de la Nutrition EDNH - Montpellier","article_modified_time":"2025-03-10T20:05:16+00:00","og_image":[{"width":974,"height":1382,"url":"https:\/\/www.ednh.fr\/salon-nutrition\/montpellier\/wp-content\/uploads\/sites\/8\/2025\/03\/Screenshot-2025-03-10-at-21.04.43.png","type":"image\/png"}],"twitter_card":"summary_large_image","twitter_misc":{"Dur\u00e9e de lecture estim\u00e9e":"1 minute"},"schema":{"@context":"https:\/\/schema.org","@graph":[{"@type":"WebPage","@id":"https:\/\/www.ednh.fr\/salon-nutrition\/montpellier\/presse\/","url":"https:\/\/www.ednh.fr\/salon-nutrition\/montpellier\/presse\/","name":"La presse - Salon de la Nutrition EDNH - Montpellier","isPartOf":{"@id":"https:\/\/www.ednh.fr\/salon-nutrition\/montpellier\/#website"},"primaryImageOfPage":{"@id":"https:\/\/www.ednh.fr\/salon-nutrition\/montpellier\/presse\/#primaryimage"},"image":{"@id":"https:\/\/www.ednh.fr\/salon-nutrition\/montpellier\/presse\/#primaryimage"},"thumbnailUrl":"https:\/\/www.ednh.fr\/salon-nutrition\/montpellier\/wp-content\/uploads\/sites\/8\/2025\/03\/Screenshot-2025-03-10-at-21.04.43.png","datePublished":"2024-02-02T16:32:05+00:00","dateModified":"2025-03-10T20:05:16+00:00","breadcrumb":{"@id":"https:\/\/www.ednh.fr\/salon-nutrition\/montpellier\/presse\/#breadcrumb"},"inLanguage":"fr-FR","potentialAction":[{"@type":"ReadAction","target":["https:\/\/www.ednh.fr\/salon-nutrition\/montpellier\/presse\/"]}]},{"@type":"ImageObject","inLanguage":"fr-FR","@id":"https:\/\/www.ednh.fr\/salon-nutrition\/montpellier\/presse\/#primaryimage","url":"https:\/\/www.ednh.fr\/salon-nutrition\/montpellier\/wp-content\/uploads\/sites\/8\/2025\/03\/Screenshot-2025-03-10-at-21.04.43.png","contentUrl":"https:\/\/www.ednh.fr\/salon-nutrition\/montpellier\/wp-content\/uploads\/sites\/8\/2025\/03\/Screenshot-2025-03-10-at-21.04.43.png","width":974,"height":1382},{"@type":"BreadcrumbList","@id":"https:\/\/www.ednh.fr\/salon-nutrition\/montpellier\/presse\/#breadcrumb","itemListElement":[{"@type":"ListItem","position":1,"name":"Accueil","item":"https:\/\/www.ednh.fr\/salon-nutrition\/montpellier\/"},{"@type":"ListItem","position":2,"name":"La presse"}]},{"@type":"WebSite","@id":"https:\/\/www.ednh.fr\/salon-nutrition\/montpellier\/#website","url":"https:\/\/www.ednh.fr\/salon-nutrition\/montpellier\/","name":"Salon de la Nutrition de l'EDNH - Montpellier","description":"","publisher":{"@id":"https:\/\/www.ednh.fr\/salon-nutrition\/montpellier\/#organization"},"potentialAction":[{"@type":"SearchAction","target":{"@type":"EntryPoint","urlTemplate":"https:\/\/www.ednh.fr\/salon-nutrition\/montpellier\/?s={search_term_string}"},"query-input":{"@type":"PropertyValueSpecification","valueRequired":true,"valueName":"search_term_string"}}],"inLanguage":"fr-FR"},{"@type":"Organization","@id":"https:\/\/www.ednh.fr\/salon-nutrition\/montpellier\/#organization","name":"Salon de la Nutrition de l'EDNH - Montpellier","url":"https:\/\/www.ednh.fr\/salon-nutrition\/montpellier\/","logo":{"@type":"ImageObject","inLanguage":"fr-FR","@id":"https:\/\/www.ednh.fr\/salon-nutrition\/montpellier\/#\/schema\/logo\/image\/","url":"https:\/\/www.ednh.fr\/salon-nutrition\/montpellier\/wp-content\/uploads\/sites\/8\/2024\/11\/Logo_noir.png","contentUrl":"https:\/\/www.ednh.fr\/salon-nutrition\/montpellier\/wp-content\/uploads\/sites\/8\/2024\/11\/Logo_noir.png","width":500,"height":500,"caption":"Salon de la Nutrition de l'EDNH - Montpellier"},"image":{"@id":"https:\/\/www.ednh.fr\/salon-nutrition\/montpellier\/#\/schema\/logo\/image\/"}}]}},"_links":{"self":[{"href":"https:\/\/www.ednh.fr\/salon-nutrition\/montpellier\/wp-json\/wp\/v2\/pages\/1177","targetHints":{"allow":["GET"]}}],"collection":[{"href":"https:\/\/www.ednh.fr\/salon-nutrition\/montpellier\/wp-json\/wp\/v2\/pages"}],"about":[{"href":"https:\/\/www.ednh.fr\/salon-nutrition\/montpellier\/wp-json\/wp\/v2\/types\/page"}],"author":[{"embeddable":true,"href":"https:\/\/www.ednh.fr\/salon-nutrition\/montpellier\/wp-json\/wp\/v2\/users\/13"}],"replies":[{"embeddable":true,"href":"https:\/\/www.ednh.fr\/salon-nutrition\/montpellier\/wp-json\/wp\/v2\/comments?post=1177"}],"version-history":[{"count":29,"href":"https:\/\/www.ednh.fr\/salon-nutrition\/montpellier\/wp-json\/wp\/v2\/pages\/1177\/revisions"}],"predecessor-version":[{"id":2025,"href":"https:\/\/www.ednh.fr\/salon-nutrition\/montpellier\/wp-json\/wp\/v2\/pages\/1177\/revisions\/2025"}],"wp:attachment":[{"href":"https:\/\/www.ednh.fr\/salon-nutrition\/montpellier\/wp-json\/wp\/v2\/media?parent=1177"}],"curies":[{"name":"wp","href":"https:\/\/api.w.org\/{rel}","templated":true}]}}