{"id":2726,"date":"2025-11-19T15:49:55","date_gmt":"2025-11-19T14:49:55","guid":{"rendered":"https:\/\/www.ednh.fr\/salon-nutrition\/lyon\/?page_id=2726"},"modified":"2025-12-03T17:23:27","modified_gmt":"2025-12-03T16:23:27","slug":"finance","status":"publish","type":"page","link":"https:\/\/www.ednh.fr\/salon-nutrition\/lyon\/finance\/","title":{"rendered":"Finance"},"content":{"rendered":"\t\t<div data-elementor-type=\"wp-page\" data-elementor-id=\"2726\" class=\"elementor elementor-2726\">\n\t\t\t\t\t\t<section class=\"elementor-section elementor-top-section elementor-element elementor-element-3abe7af elementor-section-boxed elementor-section-height-default elementor-section-height-default wpr-particle-no wpr-jarallax-no wpr-parallax-no wpr-sticky-section-no wpr-column-slider-no wpr-equal-height-no\" data-id=\"3abe7af\" data-element_type=\"section\" data-e-type=\"section\">\n\t\t\t\t\t\t<div class=\"elementor-container elementor-column-gap-default\">\n\t\t\t\t\t<div class=\"elementor-column elementor-col-100 elementor-top-column elementor-element elementor-element-15d7b4f\" data-id=\"15d7b4f\" data-element_type=\"column\" data-e-type=\"column\">\n\t\t\t<div class=\"elementor-widget-wrap\">\n\t\t\t\t\t\t\t<\/div>\n\t\t<\/div>\n\t\t\t\t\t<\/div>\n\t\t<\/section>\n\t\t\t\t<section class=\"elementor-section elementor-top-section elementor-element elementor-element-6f1f1bb elementor-section-boxed elementor-section-height-default elementor-section-height-default wpr-particle-no wpr-jarallax-no wpr-parallax-no wpr-sticky-section-no wpr-column-slider-no wpr-equal-height-no\" data-id=\"6f1f1bb\" data-element_type=\"section\" data-e-type=\"section\">\n\t\t\t\t\t\t<div class=\"elementor-container elementor-column-gap-default\">\n\t\t\t\t\t<div class=\"elementor-column elementor-col-100 elementor-top-column elementor-element elementor-element-c4c45ef\" data-id=\"c4c45ef\" data-element_type=\"column\" data-e-type=\"column\">\n\t\t\t<div class=\"elementor-widget-wrap elementor-element-populated\">\n\t\t\t\t\t\t<div class=\"elementor-element elementor-element-b74963a elementor-widget elementor-widget-heading\" data-id=\"b74963a\" data-element_type=\"widget\" data-e-type=\"widget\" data-widget_type=\"heading.default\">\n\t\t\t\t<div class=\"elementor-widget-container\">\n\t\t\t\t\t<h2 class=\"elementor-heading-title elementor-size-default\">Finance<br><\/h2>\t\t\t\t<\/div>\n\t\t\t\t<\/div>\n\t\t\t\t\t<\/div>\n\t\t<\/div>\n\t\t\t\t\t<\/div>\n\t\t<\/section>\n\t\t\t\t<section class=\"elementor-section elementor-top-section elementor-element elementor-element-4025cd5 elementor-section-boxed elementor-section-height-default elementor-section-height-default wpr-particle-no wpr-jarallax-no wpr-parallax-no wpr-sticky-section-no wpr-column-slider-no wpr-equal-height-no\" data-id=\"4025cd5\" data-element_type=\"section\" data-e-type=\"section\">\n\t\t\t\t\t\t<div class=\"elementor-container elementor-column-gap-default\">\n\t\t\t\t\t<div class=\"elementor-column elementor-col-50 elementor-top-column elementor-element elementor-element-64380b3\" data-id=\"64380b3\" data-element_type=\"column\" data-e-type=\"column\">\n\t\t\t<div class=\"elementor-widget-wrap\">\n\t\t\t\t\t\t\t<\/div>\n\t\t<\/div>\n\t\t\t\t<div class=\"elementor-column elementor-col-50 elementor-top-column elementor-element elementor-element-54441ec\" data-id=\"54441ec\" data-element_type=\"column\" data-e-type=\"column\">\n\t\t\t<div class=\"elementor-widget-wrap\">\n\t\t\t\t\t\t\t<\/div>\n\t\t<\/div>\n\t\t\t\t\t<\/div>\n\t\t<\/section>\n\t\t\t\t<section class=\"elementor-section elementor-top-section elementor-element elementor-element-0adb399 elementor-section-boxed elementor-section-height-default elementor-section-height-default wpr-particle-no wpr-jarallax-no wpr-parallax-no wpr-sticky-section-no wpr-column-slider-no wpr-equal-height-no\" data-id=\"0adb399\" data-element_type=\"section\" data-e-type=\"section\">\n\t\t\t\t\t\t<div class=\"elementor-container elementor-column-gap-default\">\n\t\t\t\t\t<div class=\"elementor-column elementor-col-100 elementor-top-column elementor-element elementor-element-2509da6\" data-id=\"2509da6\" data-element_type=\"column\" data-e-type=\"column\">\n\t\t\t<div class=\"elementor-widget-wrap elementor-element-populated\">\n\t\t\t\t\t\t<div class=\"elementor-element elementor-element-0feb355 elementor-widget elementor-widget-heading\" data-id=\"0feb355\" data-element_type=\"widget\" data-e-type=\"widget\" data-widget_type=\"heading.default\">\n\t\t\t\t<div class=\"elementor-widget-container\">\n\t\t\t\t\t<h2 class=\"elementor-heading-title elementor-size-default\">Lina<\/h2>\t\t\t\t<\/div>\n\t\t\t\t<\/div>\n\t\t\t\t\t<\/div>\n\t\t<\/div>\n\t\t\t\t\t<\/div>\n\t\t<\/section>\n\t\t\t\t<section class=\"elementor-section elementor-top-section elementor-element elementor-element-c6bd258 elementor-section-boxed elementor-section-height-default elementor-section-height-default wpr-particle-no wpr-jarallax-no wpr-parallax-no wpr-sticky-section-no wpr-column-slider-no wpr-equal-height-no\" data-id=\"c6bd258\" data-element_type=\"section\" data-e-type=\"section\">\n\t\t\t\t\t\t<div class=\"elementor-container elementor-column-gap-default\">\n\t\t\t\t\t<div class=\"elementor-column elementor-col-50 elementor-top-column elementor-element elementor-element-c107e74\" data-id=\"c107e74\" data-element_type=\"column\" data-e-type=\"column\">\n\t\t\t<div class=\"elementor-widget-wrap elementor-element-populated\">\n\t\t\t\t\t\t<div class=\"elementor-element elementor-element-53951c0 elementor-widget elementor-widget-image\" data-id=\"53951c0\" data-element_type=\"widget\" data-e-type=\"widget\" data-widget_type=\"image.default\">\n\t\t\t\t<div class=\"elementor-widget-container\">\n\t\t\t\t\t\t\t\t\t\t\t\t\t\t\t<img fetchpriority=\"high\" decoding=\"async\" width=\"819\" height=\"1024\" src=\"https:\/\/www.ednh.fr\/salon-nutrition\/lyon\/wp-content\/uploads\/sites\/7\/2025\/11\/Lina-819x1024.png\" class=\"attachment-large size-large wp-image-2791\" alt=\"\" srcset=\"https:\/\/www.ednh.fr\/salon-nutrition\/lyon\/wp-content\/uploads\/sites\/7\/2025\/11\/Lina-819x1024.png 819w, https:\/\/www.ednh.fr\/salon-nutrition\/lyon\/wp-content\/uploads\/sites\/7\/2025\/11\/Lina-240x300.png 240w, https:\/\/www.ednh.fr\/salon-nutrition\/lyon\/wp-content\/uploads\/sites\/7\/2025\/11\/Lina-768x960.png 768w, https:\/\/www.ednh.fr\/salon-nutrition\/lyon\/wp-content\/uploads\/sites\/7\/2025\/11\/Lina.png 1080w\" sizes=\"(max-width: 819px) 100vw, 819px\" \/>\t\t\t\t\t\t\t\t\t\t\t\t\t\t\t<\/div>\n\t\t\t\t<\/div>\n\t\t\t\t\t<\/div>\n\t\t<\/div>\n\t\t\t\t<div class=\"elementor-column elementor-col-50 elementor-top-column elementor-element elementor-element-7e69027\" data-id=\"7e69027\" data-element_type=\"column\" data-e-type=\"column\">\n\t\t\t<div class=\"elementor-widget-wrap elementor-element-populated\">\n\t\t\t\t\t\t<div class=\"elementor-element elementor-element-9ecdeb3 elementor-widget elementor-widget-text-editor\" data-id=\"9ecdeb3\" data-element_type=\"widget\" data-e-type=\"widget\" data-widget_type=\"text-editor.default\">\n\t\t\t\t<div class=\"elementor-widget-container\">\n\t\t\t\t\t\t\t\t\t<p>Coucou ! je m&rsquo;appelle Lina<\/p>\n<p>Je participe \u00e0 l\u2019organisation du Salon de la Nutrition et je suis vraiment contente de faire partie de ce projet.<\/p>\n<p>J\u2019aime apprendre, d\u00e9couvrir et partager autour de la sant\u00e9 et de l\u2019alimentation.&nbsp;<\/p><p>Ce salon est l\u2019occasion de vivre une belle exp\u00e9rience.<\/p>\n<p>H\u00e2te de vous accueillir et de profiter de ce moment avec vous !<\/p>\t\t\t\t\t\t\t\t<\/div>\n\t\t\t\t<\/div>\n\t\t\t\t\t<\/div>\n\t\t<\/div>\n\t\t\t\t\t<\/div>\n\t\t<\/section>\n\t\t\t\t<section class=\"elementor-section elementor-top-section elementor-element elementor-element-9ce4f92 elementor-section-boxed elementor-section-height-default elementor-section-height-default wpr-particle-no wpr-jarallax-no wpr-parallax-no wpr-sticky-section-no wpr-column-slider-no wpr-equal-height-no\" data-id=\"9ce4f92\" data-element_type=\"section\" data-e-type=\"section\">\n\t\t\t\t\t\t<div class=\"elementor-container elementor-column-gap-default\">\n\t\t\t\t\t<div class=\"elementor-column elementor-col-100 elementor-top-column elementor-element elementor-element-af46ba5\" data-id=\"af46ba5\" data-element_type=\"column\" data-e-type=\"column\">\n\t\t\t<div class=\"elementor-widget-wrap elementor-element-populated\">\n\t\t\t\t\t\t<div class=\"elementor-element elementor-element-29f6b54 elementor-widget-divider--view-line elementor-widget elementor-widget-divider\" data-id=\"29f6b54\" data-element_type=\"widget\" data-e-type=\"widget\" data-widget_type=\"divider.default\">\n\t\t\t\t<div class=\"elementor-widget-container\">\n\t\t\t\t\t\t\t<div class=\"elementor-divider\">\n\t\t\t<span class=\"elementor-divider-separator\">\n\t\t\t\t\t\t<\/span>\n\t\t<\/div>\n\t\t\t\t\t\t<\/div>\n\t\t\t\t<\/div>\n\t\t\t\t\t<\/div>\n\t\t<\/div>\n\t\t\t\t\t<\/div>\n\t\t<\/section>\n\t\t\t\t<section class=\"elementor-section elementor-top-section elementor-element elementor-element-bf215c4 elementor-section-boxed elementor-section-height-default elementor-section-height-default wpr-particle-no wpr-jarallax-no wpr-parallax-no wpr-sticky-section-no wpr-column-slider-no wpr-equal-height-no\" data-id=\"bf215c4\" data-element_type=\"section\" data-e-type=\"section\">\n\t\t\t\t\t\t<div class=\"elementor-container elementor-column-gap-default\">\n\t\t\t\t\t<div class=\"elementor-column elementor-col-50 elementor-top-column elementor-element elementor-element-4208dd1\" data-id=\"4208dd1\" data-element_type=\"column\" data-e-type=\"column\">\n\t\t\t<div class=\"elementor-widget-wrap\">\n\t\t\t\t\t\t\t<\/div>\n\t\t<\/div>\n\t\t\t\t<div class=\"elementor-column elementor-col-50 elementor-top-column elementor-element elementor-element-4a1f70e\" data-id=\"4a1f70e\" data-element_type=\"column\" data-e-type=\"column\">\n\t\t\t<div class=\"elementor-widget-wrap elementor-element-populated\">\n\t\t\t\t\t\t<div class=\"elementor-element elementor-element-6cdcc66 elementor-widget elementor-widget-heading\" data-id=\"6cdcc66\" data-element_type=\"widget\" data-e-type=\"widget\" data-widget_type=\"heading.default\">\n\t\t\t\t<div class=\"elementor-widget-container\">\n\t\t\t\t\t<h2 class=\"elementor-heading-title elementor-size-default\"><span style=\"font-size: 34px;text-align: right;letter-spacing: 0px\">Nathan M.<\/span><\/h2>\t\t\t\t<\/div>\n\t\t\t\t<\/div>\n\t\t\t\t\t<\/div>\n\t\t<\/div>\n\t\t\t\t\t<\/div>\n\t\t<\/section>\n\t\t\t\t<section class=\"elementor-section elementor-top-section elementor-element elementor-element-bc3be0f elementor-section-boxed elementor-section-height-default elementor-section-height-default wpr-particle-no wpr-jarallax-no wpr-parallax-no wpr-sticky-section-no wpr-column-slider-no wpr-equal-height-no\" data-id=\"bc3be0f\" data-element_type=\"section\" data-e-type=\"section\">\n\t\t\t\t\t\t<div class=\"elementor-container elementor-column-gap-default\">\n\t\t\t\t\t<div class=\"elementor-column elementor-col-50 elementor-top-column elementor-element elementor-element-1a9087a\" data-id=\"1a9087a\" data-element_type=\"column\" data-e-type=\"column\">\n\t\t\t<div class=\"elementor-widget-wrap elementor-element-populated\">\n\t\t\t\t\t\t<div class=\"elementor-element elementor-element-db1b629 elementor-widget elementor-widget-text-editor\" data-id=\"db1b629\" data-element_type=\"widget\" data-e-type=\"widget\" data-widget_type=\"text-editor.default\">\n\t\t\t\t<div class=\"elementor-widget-container\">\n\t\t\t\t\t\t\t\t\t<p>Salut moi c&rsquo;est Nathan !\u00a0<\/p><p>On est peut-\u00eatre deux sur le salon avec le m\u00eame pr\u00e9nom mais je suis certainement le plus souriant et jovial des deux !\u00a0<\/p><p>Venez sur le salon pour vous faire votre propre avis !\u00a0<\/p>\t\t\t\t\t\t\t\t<\/div>\n\t\t\t\t<\/div>\n\t\t\t\t\t<\/div>\n\t\t<\/div>\n\t\t\t\t<div class=\"elementor-column elementor-col-50 elementor-top-column elementor-element elementor-element-2bcfc2e\" data-id=\"2bcfc2e\" data-element_type=\"column\" data-e-type=\"column\">\n\t\t\t<div class=\"elementor-widget-wrap elementor-element-populated\">\n\t\t\t\t\t\t<div class=\"elementor-element elementor-element-728fbeb elementor-widget elementor-widget-image\" data-id=\"728fbeb\" data-element_type=\"widget\" data-e-type=\"widget\" data-widget_type=\"image.default\">\n\t\t\t\t<div class=\"elementor-widget-container\">\n\t\t\t\t\t\t\t\t\t\t\t\t\t\t\t<img decoding=\"async\" width=\"819\" height=\"1024\" src=\"https:\/\/www.ednh.fr\/salon-nutrition\/lyon\/wp-content\/uploads\/sites\/7\/2025\/11\/Nathan-M-819x1024.png\" class=\"attachment-large size-large wp-image-2793\" alt=\"\" srcset=\"https:\/\/www.ednh.fr\/salon-nutrition\/lyon\/wp-content\/uploads\/sites\/7\/2025\/11\/Nathan-M-819x1024.png 819w, https:\/\/www.ednh.fr\/salon-nutrition\/lyon\/wp-content\/uploads\/sites\/7\/2025\/11\/Nathan-M-240x300.png 240w, https:\/\/www.ednh.fr\/salon-nutrition\/lyon\/wp-content\/uploads\/sites\/7\/2025\/11\/Nathan-M-768x960.png 768w, https:\/\/www.ednh.fr\/salon-nutrition\/lyon\/wp-content\/uploads\/sites\/7\/2025\/11\/Nathan-M.png 1080w\" sizes=\"(max-width: 819px) 100vw, 819px\" \/>\t\t\t\t\t\t\t\t\t\t\t\t\t\t\t<\/div>\n\t\t\t\t<\/div>\n\t\t\t\t\t<\/div>\n\t\t<\/div>\n\t\t\t\t\t<\/div>\n\t\t<\/section>\n\t\t\t\t<\/div>\n\t\t","protected":false},"excerpt":{"rendered":"<p>Finance Lina Coucou ! je m&rsquo;appelle Lina Je participe \u00e0 l\u2019organisation du Salon de la Nutrition et je suis vraiment contente de faire partie de ce projet. J\u2019aime apprendre, d\u00e9couvrir et partager autour de la sant\u00e9 et de l\u2019alimentation.&nbsp; Ce salon est l\u2019occasion de vivre une belle exp\u00e9rience. H\u00e2te de vous accueillir et de profiter de ce moment avec vous ! Nathan M. Salut moi c&rsquo;est Nathan !\u00a0 On est peut-\u00eatre deux sur le salon avec le m\u00eame pr\u00e9nom mais je suis certainement le plus souriant et jovial des deux !\u00a0 Venez sur le salon pour vous faire votre propre avis !\u00a0<\/p>\n","protected":false},"author":12,"featured_media":0,"parent":0,"menu_order":0,"comment_status":"closed","ping_status":"closed","template":"elementor_header_footer","meta":{"om_disable_all_campaigns":false,"footnotes":""},"class_list":["post-2726","page","type-page","status-publish","hentry"],"yoast_head":"<!-- This site is optimized with the Yoast SEO plugin v27.6 - https:\/\/yoast.com\/product\/yoast-seo-wordpress\/ -->\n<title>Finance - Salon de la Nutrition de l&#039;EDNH de Lyon<\/title>\n<meta name=\"robots\" content=\"index, follow, max-snippet:-1, max-image-preview:large, max-video-preview:-1\" \/>\n<link rel=\"canonical\" href=\"https:\/\/www.ednh.fr\/salon-nutrition\/lyon\/finance\/\" \/>\n<meta property=\"og:locale\" content=\"fr_FR\" \/>\n<meta property=\"og:type\" content=\"article\" \/>\n<meta property=\"og:title\" content=\"Finance - Salon de la Nutrition de l&#039;EDNH de Lyon\" \/>\n<meta property=\"og:description\" content=\"Finance Lina Coucou ! je m&rsquo;appelle Lina Je participe \u00e0 l\u2019organisation du Salon de la Nutrition et je suis vraiment contente de faire partie de ce projet. J\u2019aime apprendre, d\u00e9couvrir et partager autour de la sant\u00e9 et de l\u2019alimentation.&nbsp; Ce salon est l\u2019occasion de vivre une belle exp\u00e9rience. H\u00e2te de vous accueillir et de profiter de ce moment avec vous ! Nathan M. Salut moi c&rsquo;est Nathan !\u00a0 On est peut-\u00eatre deux sur le salon avec le m\u00eame pr\u00e9nom mais je suis certainement le plus souriant et jovial des deux !\u00a0 Venez sur le salon pour vous faire votre propre avis !\u00a0\" \/>\n<meta property=\"og:url\" content=\"https:\/\/www.ednh.fr\/salon-nutrition\/lyon\/finance\/\" \/>\n<meta property=\"og:site_name\" content=\"Salon de la Nutrition de l&#039;EDNH de Lyon\" \/>\n<meta property=\"article:modified_time\" content=\"2025-12-03T16:23:27+00:00\" \/>\n<meta property=\"og:image\" content=\"https:\/\/www.ednh.fr\/salon-nutrition\/lyon\/wp-content\/uploads\/sites\/7\/2025\/11\/Lina.png\" \/>\n\t<meta property=\"og:image:width\" content=\"1080\" \/>\n\t<meta property=\"og:image:height\" content=\"1350\" \/>\n\t<meta property=\"og:image:type\" content=\"image\/png\" \/>\n<meta name=\"twitter:card\" content=\"summary_large_image\" \/>\n<meta name=\"twitter:label1\" content=\"Dur\u00e9e de lecture estim\u00e9e\" \/>\n\t<meta name=\"twitter:data1\" content=\"1 minute\" \/>\n<script type=\"application\/ld+json\" class=\"yoast-schema-graph\">{\"@context\":\"https:\\\/\\\/schema.org\",\"@graph\":[{\"@type\":\"WebPage\",\"@id\":\"https:\\\/\\\/www.ednh.fr\\\/salon-nutrition\\\/lyon\\\/finance\\\/\",\"url\":\"https:\\\/\\\/www.ednh.fr\\\/salon-nutrition\\\/lyon\\\/finance\\\/\",\"name\":\"Finance - Salon de la Nutrition de l&#039;EDNH de Lyon\",\"isPartOf\":{\"@id\":\"https:\\\/\\\/www.ednh.fr\\\/salon-nutrition\\\/lyon\\\/#website\"},\"primaryImageOfPage\":{\"@id\":\"https:\\\/\\\/www.ednh.fr\\\/salon-nutrition\\\/lyon\\\/finance\\\/#primaryimage\"},\"image\":{\"@id\":\"https:\\\/\\\/www.ednh.fr\\\/salon-nutrition\\\/lyon\\\/finance\\\/#primaryimage\"},\"thumbnailUrl\":\"https:\\\/\\\/www.ednh.fr\\\/salon-nutrition\\\/lyon\\\/wp-content\\\/uploads\\\/sites\\\/7\\\/2025\\\/11\\\/Lina-819x1024.png\",\"datePublished\":\"2025-11-19T14:49:55+00:00\",\"dateModified\":\"2025-12-03T16:23:27+00:00\",\"breadcrumb\":{\"@id\":\"https:\\\/\\\/www.ednh.fr\\\/salon-nutrition\\\/lyon\\\/finance\\\/#breadcrumb\"},\"inLanguage\":\"fr-FR\",\"potentialAction\":[{\"@type\":\"ReadAction\",\"target\":[\"https:\\\/\\\/www.ednh.fr\\\/salon-nutrition\\\/lyon\\\/finance\\\/\"]}]},{\"@type\":\"ImageObject\",\"inLanguage\":\"fr-FR\",\"@id\":\"https:\\\/\\\/www.ednh.fr\\\/salon-nutrition\\\/lyon\\\/finance\\\/#primaryimage\",\"url\":\"https:\\\/\\\/www.ednh.fr\\\/salon-nutrition\\\/lyon\\\/wp-content\\\/uploads\\\/sites\\\/7\\\/2025\\\/11\\\/Lina.png\",\"contentUrl\":\"https:\\\/\\\/www.ednh.fr\\\/salon-nutrition\\\/lyon\\\/wp-content\\\/uploads\\\/sites\\\/7\\\/2025\\\/11\\\/Lina.png\",\"width\":1080,\"height\":1350},{\"@type\":\"BreadcrumbList\",\"@id\":\"https:\\\/\\\/www.ednh.fr\\\/salon-nutrition\\\/lyon\\\/finance\\\/#breadcrumb\",\"itemListElement\":[{\"@type\":\"ListItem\",\"position\":1,\"name\":\"Accueil\",\"item\":\"https:\\\/\\\/www.ednh.fr\\\/salon-nutrition\\\/lyon\\\/\"},{\"@type\":\"ListItem\",\"position\":2,\"name\":\"Finance\"}]},{\"@type\":\"WebSite\",\"@id\":\"https:\\\/\\\/www.ednh.fr\\\/salon-nutrition\\\/lyon\\\/#website\",\"url\":\"https:\\\/\\\/www.ednh.fr\\\/salon-nutrition\\\/lyon\\\/\",\"name\":\"Salon de la Nutrition de l&#039;EDNH de Lyon\",\"description\":\"12\u00e8me \u00e9dition du Salon de la Nutrition de l&#039;EDNH\",\"publisher\":{\"@id\":\"https:\\\/\\\/www.ednh.fr\\\/salon-nutrition\\\/lyon\\\/#organization\"},\"potentialAction\":[{\"@type\":\"SearchAction\",\"target\":{\"@type\":\"EntryPoint\",\"urlTemplate\":\"https:\\\/\\\/www.ednh.fr\\\/salon-nutrition\\\/lyon\\\/?s={search_term_string}\"},\"query-input\":{\"@type\":\"PropertyValueSpecification\",\"valueRequired\":true,\"valueName\":\"search_term_string\"}}],\"inLanguage\":\"fr-FR\"},{\"@type\":\"Organization\",\"@id\":\"https:\\\/\\\/www.ednh.fr\\\/salon-nutrition\\\/lyon\\\/#organization\",\"name\":\"Salon de la Nutrition de l&#039;EDNH de Lyon\",\"url\":\"https:\\\/\\\/www.ednh.fr\\\/salon-nutrition\\\/lyon\\\/\",\"logo\":{\"@type\":\"ImageObject\",\"inLanguage\":\"fr-FR\",\"@id\":\"https:\\\/\\\/www.ednh.fr\\\/salon-nutrition\\\/lyon\\\/#\\\/schema\\\/logo\\\/image\\\/\",\"url\":\"https:\\\/\\\/www.ednh.fr\\\/salon-nutrition\\\/lyon\\\/wp-content\\\/uploads\\\/sites\\\/7\\\/2022\\\/12\\\/LOGO-salon.png\",\"contentUrl\":\"https:\\\/\\\/www.ednh.fr\\\/salon-nutrition\\\/lyon\\\/wp-content\\\/uploads\\\/sites\\\/7\\\/2022\\\/12\\\/LOGO-salon.png\",\"width\":500,\"height\":500,\"caption\":\"Salon de la Nutrition de l&#039;EDNH de Lyon\"},\"image\":{\"@id\":\"https:\\\/\\\/www.ednh.fr\\\/salon-nutrition\\\/lyon\\\/#\\\/schema\\\/logo\\\/image\\\/\"}}]}<\/script>\n<!-- \/ Yoast SEO plugin. -->","yoast_head_json":{"title":"Finance - Salon de la Nutrition de l&#039;EDNH de Lyon","robots":{"index":"index","follow":"follow","max-snippet":"max-snippet:-1","max-image-preview":"max-image-preview:large","max-video-preview":"max-video-preview:-1"},"canonical":"https:\/\/www.ednh.fr\/salon-nutrition\/lyon\/finance\/","og_locale":"fr_FR","og_type":"article","og_title":"Finance - Salon de la Nutrition de l&#039;EDNH de Lyon","og_description":"Finance Lina Coucou ! je m&rsquo;appelle Lina Je participe \u00e0 l\u2019organisation du Salon de la Nutrition et je suis vraiment contente de faire partie de ce projet. J\u2019aime apprendre, d\u00e9couvrir et partager autour de la sant\u00e9 et de l\u2019alimentation.&nbsp; Ce salon est l\u2019occasion de vivre une belle exp\u00e9rience. H\u00e2te de vous accueillir et de profiter de ce moment avec vous ! Nathan M. Salut moi c&rsquo;est Nathan !\u00a0 On est peut-\u00eatre deux sur le salon avec le m\u00eame pr\u00e9nom mais je suis certainement le plus souriant et jovial des deux !\u00a0 Venez sur le salon pour vous faire votre propre avis !\u00a0","og_url":"https:\/\/www.ednh.fr\/salon-nutrition\/lyon\/finance\/","og_site_name":"Salon de la Nutrition de l&#039;EDNH de Lyon","article_modified_time":"2025-12-03T16:23:27+00:00","og_image":[{"width":1080,"height":1350,"url":"https:\/\/www.ednh.fr\/salon-nutrition\/lyon\/wp-content\/uploads\/sites\/7\/2025\/11\/Lina.png","type":"image\/png"}],"twitter_card":"summary_large_image","twitter_misc":{"Dur\u00e9e de lecture estim\u00e9e":"1 minute"},"schema":{"@context":"https:\/\/schema.org","@graph":[{"@type":"WebPage","@id":"https:\/\/www.ednh.fr\/salon-nutrition\/lyon\/finance\/","url":"https:\/\/www.ednh.fr\/salon-nutrition\/lyon\/finance\/","name":"Finance - Salon de la Nutrition de l&#039;EDNH de Lyon","isPartOf":{"@id":"https:\/\/www.ednh.fr\/salon-nutrition\/lyon\/#website"},"primaryImageOfPage":{"@id":"https:\/\/www.ednh.fr\/salon-nutrition\/lyon\/finance\/#primaryimage"},"image":{"@id":"https:\/\/www.ednh.fr\/salon-nutrition\/lyon\/finance\/#primaryimage"},"thumbnailUrl":"https:\/\/www.ednh.fr\/salon-nutrition\/lyon\/wp-content\/uploads\/sites\/7\/2025\/11\/Lina-819x1024.png","datePublished":"2025-11-19T14:49:55+00:00","dateModified":"2025-12-03T16:23:27+00:00","breadcrumb":{"@id":"https:\/\/www.ednh.fr\/salon-nutrition\/lyon\/finance\/#breadcrumb"},"inLanguage":"fr-FR","potentialAction":[{"@type":"ReadAction","target":["https:\/\/www.ednh.fr\/salon-nutrition\/lyon\/finance\/"]}]},{"@type":"ImageObject","inLanguage":"fr-FR","@id":"https:\/\/www.ednh.fr\/salon-nutrition\/lyon\/finance\/#primaryimage","url":"https:\/\/www.ednh.fr\/salon-nutrition\/lyon\/wp-content\/uploads\/sites\/7\/2025\/11\/Lina.png","contentUrl":"https:\/\/www.ednh.fr\/salon-nutrition\/lyon\/wp-content\/uploads\/sites\/7\/2025\/11\/Lina.png","width":1080,"height":1350},{"@type":"BreadcrumbList","@id":"https:\/\/www.ednh.fr\/salon-nutrition\/lyon\/finance\/#breadcrumb","itemListElement":[{"@type":"ListItem","position":1,"name":"Accueil","item":"https:\/\/www.ednh.fr\/salon-nutrition\/lyon\/"},{"@type":"ListItem","position":2,"name":"Finance"}]},{"@type":"WebSite","@id":"https:\/\/www.ednh.fr\/salon-nutrition\/lyon\/#website","url":"https:\/\/www.ednh.fr\/salon-nutrition\/lyon\/","name":"Salon de la Nutrition de l&#039;EDNH de Lyon","description":"12\u00e8me \u00e9dition du Salon de la Nutrition de l&#039;EDNH","publisher":{"@id":"https:\/\/www.ednh.fr\/salon-nutrition\/lyon\/#organization"},"potentialAction":[{"@type":"SearchAction","target":{"@type":"EntryPoint","urlTemplate":"https:\/\/www.ednh.fr\/salon-nutrition\/lyon\/?s={search_term_string}"},"query-input":{"@type":"PropertyValueSpecification","valueRequired":true,"valueName":"search_term_string"}}],"inLanguage":"fr-FR"},{"@type":"Organization","@id":"https:\/\/www.ednh.fr\/salon-nutrition\/lyon\/#organization","name":"Salon de la Nutrition de l&#039;EDNH de Lyon","url":"https:\/\/www.ednh.fr\/salon-nutrition\/lyon\/","logo":{"@type":"ImageObject","inLanguage":"fr-FR","@id":"https:\/\/www.ednh.fr\/salon-nutrition\/lyon\/#\/schema\/logo\/image\/","url":"https:\/\/www.ednh.fr\/salon-nutrition\/lyon\/wp-content\/uploads\/sites\/7\/2022\/12\/LOGO-salon.png","contentUrl":"https:\/\/www.ednh.fr\/salon-nutrition\/lyon\/wp-content\/uploads\/sites\/7\/2022\/12\/LOGO-salon.png","width":500,"height":500,"caption":"Salon de la Nutrition de l&#039;EDNH de Lyon"},"image":{"@id":"https:\/\/www.ednh.fr\/salon-nutrition\/lyon\/#\/schema\/logo\/image\/"}}]}},"_links":{"self":[{"href":"https:\/\/www.ednh.fr\/salon-nutrition\/lyon\/wp-json\/wp\/v2\/pages\/2726","targetHints":{"allow":["GET"]}}],"collection":[{"href":"https:\/\/www.ednh.fr\/salon-nutrition\/lyon\/wp-json\/wp\/v2\/pages"}],"about":[{"href":"https:\/\/www.ednh.fr\/salon-nutrition\/lyon\/wp-json\/wp\/v2\/types\/page"}],"author":[{"embeddable":true,"href":"https:\/\/www.ednh.fr\/salon-nutrition\/lyon\/wp-json\/wp\/v2\/users\/12"}],"replies":[{"embeddable":true,"href":"https:\/\/www.ednh.fr\/salon-nutrition\/lyon\/wp-json\/wp\/v2\/comments?post=2726"}],"version-history":[{"count":13,"href":"https:\/\/www.ednh.fr\/salon-nutrition\/lyon\/wp-json\/wp\/v2\/pages\/2726\/revisions"}],"predecessor-version":[{"id":2879,"href":"https:\/\/www.ednh.fr\/salon-nutrition\/lyon\/wp-json\/wp\/v2\/pages\/2726\/revisions\/2879"}],"wp:attachment":[{"href":"https:\/\/www.ednh.fr\/salon-nutrition\/lyon\/wp-json\/wp\/v2\/media?parent=2726"}],"curies":[{"name":"wp","href":"https:\/\/api.w.org\/{rel}","templated":true}]}}