{"id":9,"date":"2023-11-30T08:58:39","date_gmt":"2023-11-30T07:58:39","guid":{"rendered":"https:\/\/www.ednh.fr\/salon-nutrition\/lille\/?page_id=9"},"modified":"2026-02-18T15:57:01","modified_gmt":"2026-02-18T14:57:01","slug":"conferences","status":"publish","type":"page","link":"https:\/\/www.ednh.fr\/salon-nutrition\/lille\/conferences\/","title":{"rendered":"Conf\u00e9rences"},"content":{"rendered":"\t\t<div data-elementor-type=\"wp-page\" data-elementor-id=\"9\" class=\"elementor elementor-9\">\n\t\t\t\t\t\t<section class=\"elementor-section elementor-top-section elementor-element elementor-element-7528720 elementor-section-boxed elementor-section-height-default elementor-section-height-default wpr-particle-no wpr-jarallax-no wpr-parallax-no wpr-sticky-section-no wpr-column-slider-no wpr-equal-height-no\" data-id=\"7528720\" data-element_type=\"section\" data-e-type=\"section\">\n\t\t\t\t\t\t<div class=\"elementor-container elementor-column-gap-default\">\n\t\t\t\t\t<div class=\"elementor-column elementor-col-100 elementor-top-column elementor-element elementor-element-3e5f79d3\" data-id=\"3e5f79d3\" data-element_type=\"column\" data-e-type=\"column\">\n\t\t\t<div class=\"elementor-widget-wrap elementor-element-populated\">\n\t\t\t\t\t\t<div class=\"elementor-element elementor-element-48978511 elementor-widget elementor-widget-text-editor\" data-id=\"48978511\" data-element_type=\"widget\" data-e-type=\"widget\" data-widget_type=\"text-editor.default\">\n\t\t\t\t<div class=\"elementor-widget-container\">\n\t\t\t\t\t\t\t\t\t<p><\/p>\n<p>Les conf\u00e9renciers pr\u00e9sents le Samedi :\u00a0<\/p>\n<p><\/p>\n<p><!-- \/wp:list --><\/p>\t\t\t\t\t\t\t\t<\/div>\n\t\t\t\t<\/div>\n\t\t\t\t\t<\/div>\n\t\t<\/div>\n\t\t\t\t\t<\/div>\n\t\t<\/section>\n\t\t\t\t<section class=\"elementor-section elementor-top-section elementor-element elementor-element-f315906 elementor-section-boxed elementor-section-height-default elementor-section-height-default wpr-particle-no wpr-jarallax-no wpr-parallax-no wpr-sticky-section-no wpr-column-slider-no wpr-equal-height-no\" data-id=\"f315906\" data-element_type=\"section\" data-e-type=\"section\">\n\t\t\t\t\t\t<div class=\"elementor-container elementor-column-gap-default\">\n\t\t\t\t\t<div class=\"elementor-column elementor-col-33 elementor-top-column elementor-element elementor-element-e857679\" data-id=\"e857679\" data-element_type=\"column\" data-e-type=\"column\">\n\t\t\t<div class=\"elementor-widget-wrap elementor-element-populated\">\n\t\t\t\t\t\t<div class=\"elementor-element elementor-element-8e8c1a1 elementor-widget elementor-widget-image\" data-id=\"8e8c1a1\" data-element_type=\"widget\" data-e-type=\"widget\" data-widget_type=\"image.default\">\n\t\t\t\t<div class=\"elementor-widget-container\">\n\t\t\t\t\t\t\t\t\t\t\t\t\t\t\t<img fetchpriority=\"high\" decoding=\"async\" width=\"500\" height=\"500\" src=\"https:\/\/www.ednh.fr\/salon-nutrition\/lille\/wp-content\/uploads\/sites\/6\/2026\/02\/anne.png\" class=\"attachment-large size-large wp-image-769\" alt=\"\" srcset=\"https:\/\/www.ednh.fr\/salon-nutrition\/lille\/wp-content\/uploads\/sites\/6\/2026\/02\/anne.png 500w, https:\/\/www.ednh.fr\/salon-nutrition\/lille\/wp-content\/uploads\/sites\/6\/2026\/02\/anne-300x300.png 300w, https:\/\/www.ednh.fr\/salon-nutrition\/lille\/wp-content\/uploads\/sites\/6\/2026\/02\/anne-150x150.png 150w\" sizes=\"(max-width: 500px) 100vw, 500px\" \/>\t\t\t\t\t\t\t\t\t\t\t\t\t\t\t<\/div>\n\t\t\t\t<\/div>\n\t\t\t\t<div class=\"elementor-element elementor-element-c78904b elementor-widget elementor-widget-heading\" data-id=\"c78904b\" data-element_type=\"widget\" data-e-type=\"widget\" data-widget_type=\"heading.default\">\n\t\t\t\t<div class=\"elementor-widget-container\">\n\t\t\t\t\t<h2 class=\"elementor-heading-title elementor-size-default\">H\u00e9raut Anne<\/h2>\t\t\t\t<\/div>\n\t\t\t\t<\/div>\n\t\t\t\t<div class=\"elementor-element elementor-element-cd44a96 elementor-widget__width-initial elementor-widget elementor-widget-text-editor\" data-id=\"cd44a96\" data-element_type=\"widget\" data-e-type=\"widget\" data-widget_type=\"text-editor.default\">\n\t\t\t\t<div class=\"elementor-widget-container\">\n\t\t\t\t\t\t\t\t\t<p>Horaire : 10h \u00e0 11h<\/p>\n<p>Comment limiter le gaspillage alimentaire?\u00a0<\/p>\t\t\t\t\t\t\t\t<\/div>\n\t\t\t\t<\/div>\n\t\t\t\t\t<\/div>\n\t\t<\/div>\n\t\t\t\t<div class=\"elementor-column elementor-col-33 elementor-top-column elementor-element elementor-element-01d1a71\" data-id=\"01d1a71\" data-element_type=\"column\" data-e-type=\"column\">\n\t\t\t<div class=\"elementor-widget-wrap elementor-element-populated\">\n\t\t\t\t\t\t<div class=\"elementor-element elementor-element-1b4dd5d elementor-widget elementor-widget-image\" data-id=\"1b4dd5d\" data-element_type=\"widget\" data-e-type=\"widget\" data-widget_type=\"image.default\">\n\t\t\t\t<div class=\"elementor-widget-container\">\n\t\t\t\t\t\t\t\t\t\t\t\t\t\t\t<img decoding=\"async\" width=\"500\" height=\"500\" src=\"https:\/\/www.ednh.fr\/salon-nutrition\/lille\/wp-content\/uploads\/sites\/6\/2026\/02\/alexia.png\" class=\"attachment-large size-large wp-image-766\" alt=\"\" srcset=\"https:\/\/www.ednh.fr\/salon-nutrition\/lille\/wp-content\/uploads\/sites\/6\/2026\/02\/alexia.png 500w, https:\/\/www.ednh.fr\/salon-nutrition\/lille\/wp-content\/uploads\/sites\/6\/2026\/02\/alexia-300x300.png 300w, https:\/\/www.ednh.fr\/salon-nutrition\/lille\/wp-content\/uploads\/sites\/6\/2026\/02\/alexia-150x150.png 150w\" sizes=\"(max-width: 500px) 100vw, 500px\" \/>\t\t\t\t\t\t\t\t\t\t\t\t\t\t\t<\/div>\n\t\t\t\t<\/div>\n\t\t\t\t<div class=\"elementor-element elementor-element-c6566cc elementor-widget elementor-widget-heading\" data-id=\"c6566cc\" data-element_type=\"widget\" data-e-type=\"widget\" data-widget_type=\"heading.default\">\n\t\t\t\t<div class=\"elementor-widget-container\">\n\t\t\t\t\t<h2 class=\"elementor-heading-title elementor-size-default\">Chanoine Alexia<\/h2>\t\t\t\t<\/div>\n\t\t\t\t<\/div>\n\t\t\t\t<div class=\"elementor-element elementor-element-4cc7a3d elementor-widget elementor-widget-text-editor\" data-id=\"4cc7a3d\" data-element_type=\"widget\" data-e-type=\"widget\" data-widget_type=\"text-editor.default\">\n\t\t\t\t<div class=\"elementor-widget-container\">\n\t\t\t\t\t\t\t\t\t<p>Horaire : 11h \u00e0 12h<\/p>\n<p>Comment manger \u00e9quilibr\u00e9 \u00e0 petit budget?<\/p>\t\t\t\t\t\t\t\t<\/div>\n\t\t\t\t<\/div>\n\t\t\t\t\t<\/div>\n\t\t<\/div>\n\t\t\t\t<div class=\"elementor-column elementor-col-33 elementor-top-column elementor-element elementor-element-30ab8ee\" data-id=\"30ab8ee\" data-element_type=\"column\" data-e-type=\"column\">\n\t\t\t<div class=\"elementor-widget-wrap elementor-element-populated\">\n\t\t\t\t\t\t<div class=\"elementor-element elementor-element-463bb73 elementor-widget elementor-widget-image\" data-id=\"463bb73\" data-element_type=\"widget\" data-e-type=\"widget\" data-widget_type=\"image.default\">\n\t\t\t\t<div class=\"elementor-widget-container\">\n\t\t\t\t\t\t\t\t\t\t\t\t\t\t\t<img decoding=\"async\" width=\"500\" height=\"500\" src=\"https:\/\/www.ednh.fr\/salon-nutrition\/lille\/wp-content\/uploads\/sites\/6\/2026\/02\/st.png\" class=\"attachment-large size-large wp-image-781\" alt=\"\" srcset=\"https:\/\/www.ednh.fr\/salon-nutrition\/lille\/wp-content\/uploads\/sites\/6\/2026\/02\/st.png 500w, https:\/\/www.ednh.fr\/salon-nutrition\/lille\/wp-content\/uploads\/sites\/6\/2026\/02\/st-300x300.png 300w, https:\/\/www.ednh.fr\/salon-nutrition\/lille\/wp-content\/uploads\/sites\/6\/2026\/02\/st-150x150.png 150w\" sizes=\"(max-width: 500px) 100vw, 500px\" \/>\t\t\t\t\t\t\t\t\t\t\t\t\t\t\t<\/div>\n\t\t\t\t<\/div>\n\t\t\t\t<div class=\"elementor-element elementor-element-8d230d2 elementor-widget elementor-widget-heading\" data-id=\"8d230d2\" data-element_type=\"widget\" data-e-type=\"widget\" data-widget_type=\"heading.default\">\n\t\t\t\t<div class=\"elementor-widget-container\">\n\t\t\t\t\t<h2 class=\"elementor-heading-title elementor-size-default\">Bachelor deuxi\u00e8me ann\u00e9e <\/h2>\t\t\t\t<\/div>\n\t\t\t\t<\/div>\n\t\t\t\t<div class=\"elementor-element elementor-element-aa14127 elementor-widget elementor-widget-text-editor\" data-id=\"aa14127\" data-element_type=\"widget\" data-e-type=\"widget\" data-widget_type=\"text-editor.default\">\n\t\t\t\t<div class=\"elementor-widget-container\">\n\t\t\t\t\t\t\t\t\t<p>Horaire : 11h \u00e0 12h<\/p>\n<p>Nutrig\u00e9nomique : De la cellule \u00e0 l&rsquo;assiette<\/p>\t\t\t\t\t\t\t\t<\/div>\n\t\t\t\t<\/div>\n\t\t\t\t\t<\/div>\n\t\t<\/div>\n\t\t\t\t\t<\/div>\n\t\t<\/section>\n\t\t\t\t<section class=\"elementor-section elementor-top-section elementor-element elementor-element-9699a1d elementor-section-boxed elementor-section-height-default elementor-section-height-default wpr-particle-no wpr-jarallax-no wpr-parallax-no wpr-sticky-section-no wpr-column-slider-no wpr-equal-height-no\" data-id=\"9699a1d\" data-element_type=\"section\" data-e-type=\"section\">\n\t\t\t\t\t\t<div class=\"elementor-container elementor-column-gap-default\">\n\t\t\t\t\t<div class=\"elementor-column elementor-col-50 elementor-top-column elementor-element elementor-element-0ecb983\" data-id=\"0ecb983\" data-element_type=\"column\" data-e-type=\"column\">\n\t\t\t<div class=\"elementor-widget-wrap elementor-element-populated\">\n\t\t\t\t\t\t<div class=\"elementor-element elementor-element-8e18614 elementor-widget elementor-widget-image\" data-id=\"8e18614\" data-element_type=\"widget\" data-e-type=\"widget\" data-widget_type=\"image.default\">\n\t\t\t\t<div class=\"elementor-widget-container\">\n\t\t\t\t\t\t\t\t\t\t\t\t\t\t\t<img loading=\"lazy\" decoding=\"async\" width=\"500\" height=\"500\" src=\"https:\/\/www.ednh.fr\/salon-nutrition\/lille\/wp-content\/uploads\/sites\/6\/2026\/02\/ayoub.png\" class=\"attachment-large size-large wp-image-767\" alt=\"\" srcset=\"https:\/\/www.ednh.fr\/salon-nutrition\/lille\/wp-content\/uploads\/sites\/6\/2026\/02\/ayoub.png 500w, https:\/\/www.ednh.fr\/salon-nutrition\/lille\/wp-content\/uploads\/sites\/6\/2026\/02\/ayoub-300x300.png 300w, https:\/\/www.ednh.fr\/salon-nutrition\/lille\/wp-content\/uploads\/sites\/6\/2026\/02\/ayoub-150x150.png 150w\" sizes=\"(max-width: 500px) 100vw, 500px\" \/>\t\t\t\t\t\t\t\t\t\t\t\t\t\t\t<\/div>\n\t\t\t\t<\/div>\n\t\t\t\t<div class=\"elementor-element elementor-element-88b0e8f elementor-widget elementor-widget-heading\" data-id=\"88b0e8f\" data-element_type=\"widget\" data-e-type=\"widget\" data-widget_type=\"heading.default\">\n\t\t\t\t<div class=\"elementor-widget-container\">\n\t\t\t\t\t<h2 class=\"elementor-heading-title elementor-size-default\">Bouzi Ayoub<\/h2>\t\t\t\t<\/div>\n\t\t\t\t<\/div>\n\t\t\t\t<div class=\"elementor-element elementor-element-61c8464 elementor-widget elementor-widget-text-editor\" data-id=\"61c8464\" data-element_type=\"widget\" data-e-type=\"widget\" data-widget_type=\"text-editor.default\">\n\t\t\t\t<div class=\"elementor-widget-container\">\n\t\t\t\t\t\t\t\t\t<p>Horaire : 14h \u00e0 15h<\/p>\n<p>Comment manger rapidement, simplement, de mani\u00e8re \u00e9quilibr\u00e9e sans pression ni id\u00e9es re\u00e7ues?<\/p>\t\t\t\t\t\t\t\t<\/div>\n\t\t\t\t<\/div>\n\t\t\t\t\t<\/div>\n\t\t<\/div>\n\t\t\t\t<div class=\"elementor-column elementor-col-50 elementor-top-column elementor-element elementor-element-5b35dae\" data-id=\"5b35dae\" data-element_type=\"column\" data-e-type=\"column\">\n\t\t\t<div class=\"elementor-widget-wrap elementor-element-populated\">\n\t\t\t\t\t\t<div class=\"elementor-element elementor-element-1f24048 elementor-widget elementor-widget-image\" data-id=\"1f24048\" data-element_type=\"widget\" data-e-type=\"widget\" data-widget_type=\"image.default\">\n\t\t\t\t<div class=\"elementor-widget-container\">\n\t\t\t\t\t\t\t\t\t\t\t\t\t\t\t<img loading=\"lazy\" decoding=\"async\" width=\"500\" height=\"500\" src=\"https:\/\/www.ednh.fr\/salon-nutrition\/lille\/wp-content\/uploads\/sites\/6\/2026\/02\/ad.png\" class=\"attachment-large size-large wp-image-773\" alt=\"\" srcset=\"https:\/\/www.ednh.fr\/salon-nutrition\/lille\/wp-content\/uploads\/sites\/6\/2026\/02\/ad.png 500w, https:\/\/www.ednh.fr\/salon-nutrition\/lille\/wp-content\/uploads\/sites\/6\/2026\/02\/ad-300x300.png 300w, https:\/\/www.ednh.fr\/salon-nutrition\/lille\/wp-content\/uploads\/sites\/6\/2026\/02\/ad-150x150.png 150w\" sizes=\"(max-width: 500px) 100vw, 500px\" \/>\t\t\t\t\t\t\t\t\t\t\t\t\t\t\t<\/div>\n\t\t\t\t<\/div>\n\t\t\t\t<div class=\"elementor-element elementor-element-4d6c6ec elementor-widget elementor-widget-heading\" data-id=\"4d6c6ec\" data-element_type=\"widget\" data-e-type=\"widget\" data-widget_type=\"heading.default\">\n\t\t\t\t<div class=\"elementor-widget-container\">\n\t\t\t\t\t<h2 class=\"elementor-heading-title elementor-size-default\">Adrien<\/h2>\t\t\t\t<\/div>\n\t\t\t\t<\/div>\n\t\t\t\t<div class=\"elementor-element elementor-element-d44d9a6 elementor-widget elementor-widget-text-editor\" data-id=\"d44d9a6\" data-element_type=\"widget\" data-e-type=\"widget\" data-widget_type=\"text-editor.default\">\n\t\t\t\t<div class=\"elementor-widget-container\">\n\t\t\t\t\t\t\t\t\t<p>Horaire : 15-16h<\/p>\n<p>Comment s&rsquo;alimenter quand on est \u00e9tudiant et sportif?<\/p>\t\t\t\t\t\t\t\t<\/div>\n\t\t\t\t<\/div>\n\t\t\t\t\t<\/div>\n\t\t<\/div>\n\t\t\t\t\t<\/div>\n\t\t<\/section>\n\t\t\t\t<\/div>\n\t\t","protected":false},"excerpt":{"rendered":"<p>Les conf\u00e9renciers pr\u00e9sents le Samedi :\u00a0 H\u00e9raut Anne Horaire : 10h \u00e0 11h Comment limiter le gaspillage alimentaire?\u00a0 Chanoine Alexia Horaire : 11h \u00e0 12h Comment manger \u00e9quilibr\u00e9 \u00e0 petit budget? Bachelor deuxi\u00e8me ann\u00e9e Horaire : 11h \u00e0 12h Nutrig\u00e9nomique : De la cellule \u00e0 l&rsquo;assiette Bouzi Ayoub Horaire : 14h \u00e0 15h Comment manger rapidement, simplement, de mani\u00e8re \u00e9quilibr\u00e9e sans pression ni id\u00e9es re\u00e7ues? Adrien Horaire : 15-16h Comment s&rsquo;alimenter quand on est \u00e9tudiant et sportif?<\/p>\n","protected":false},"author":11,"featured_media":0,"parent":0,"menu_order":0,"comment_status":"closed","ping_status":"closed","template":"","meta":{"om_disable_all_campaigns":false,"footnotes":""},"class_list":["post-9","page","type-page","status-publish","hentry"],"yoast_head":"<!-- This site is optimized with the Yoast SEO plugin v27.6 - https:\/\/yoast.com\/product\/yoast-seo-wordpress\/ -->\n<title>Conf\u00e9rences - Salon de na nutrition EDNH - Fast &amp; Fresh<\/title>\n<meta name=\"robots\" content=\"index, follow, max-snippet:-1, max-image-preview:large, max-video-preview:-1\" \/>\n<link rel=\"canonical\" href=\"https:\/\/www.ednh.fr\/salon-nutrition\/lille\/conferences\/\" \/>\n<meta property=\"og:locale\" content=\"fr_FR\" \/>\n<meta property=\"og:type\" content=\"article\" \/>\n<meta property=\"og:title\" content=\"Conf\u00e9rences - Salon de na nutrition EDNH - Fast &amp; Fresh\" \/>\n<meta property=\"og:description\" content=\"Les conf\u00e9renciers pr\u00e9sents le Samedi :\u00a0 H\u00e9raut Anne Horaire : 10h \u00e0 11h Comment limiter le gaspillage alimentaire?\u00a0 Chanoine Alexia Horaire : 11h \u00e0 12h Comment manger \u00e9quilibr\u00e9 \u00e0 petit budget? Bachelor deuxi\u00e8me ann\u00e9e Horaire : 11h \u00e0 12h Nutrig\u00e9nomique : De la cellule \u00e0 l&rsquo;assiette Bouzi Ayoub Horaire : 14h \u00e0 15h Comment manger rapidement, simplement, de mani\u00e8re \u00e9quilibr\u00e9e sans pression ni id\u00e9es re\u00e7ues? Adrien Horaire : 15-16h Comment s&rsquo;alimenter quand on est \u00e9tudiant et sportif?\" \/>\n<meta property=\"og:url\" content=\"https:\/\/www.ednh.fr\/salon-nutrition\/lille\/conferences\/\" \/>\n<meta property=\"og:site_name\" content=\"Salon de na nutrition EDNH - Fast &amp; Fresh\" \/>\n<meta property=\"article:modified_time\" content=\"2026-02-18T14:57:01+00:00\" \/>\n<meta property=\"og:image\" content=\"https:\/\/www.ednh.fr\/salon-nutrition\/lille\/wp-content\/uploads\/sites\/6\/2026\/02\/anne.png\" \/>\n\t<meta property=\"og:image:width\" content=\"500\" \/>\n\t<meta property=\"og:image:height\" content=\"500\" \/>\n\t<meta property=\"og:image:type\" content=\"image\/png\" \/>\n<meta name=\"twitter:card\" content=\"summary_large_image\" \/>\n<meta name=\"twitter:label1\" content=\"Dur\u00e9e de lecture estim\u00e9e\" \/>\n\t<meta name=\"twitter:data1\" content=\"2 minutes\" \/>\n<script type=\"application\/ld+json\" class=\"yoast-schema-graph\">{\"@context\":\"https:\\\/\\\/schema.org\",\"@graph\":[{\"@type\":\"WebPage\",\"@id\":\"https:\\\/\\\/www.ednh.fr\\\/salon-nutrition\\\/lille\\\/conferences\\\/\",\"url\":\"https:\\\/\\\/www.ednh.fr\\\/salon-nutrition\\\/lille\\\/conferences\\\/\",\"name\":\"Conf\u00e9rences - Salon de na nutrition EDNH - Fast &amp; Fresh\",\"isPartOf\":{\"@id\":\"https:\\\/\\\/www.ednh.fr\\\/salon-nutrition\\\/lille\\\/#website\"},\"primaryImageOfPage\":{\"@id\":\"https:\\\/\\\/www.ednh.fr\\\/salon-nutrition\\\/lille\\\/conferences\\\/#primaryimage\"},\"image\":{\"@id\":\"https:\\\/\\\/www.ednh.fr\\\/salon-nutrition\\\/lille\\\/conferences\\\/#primaryimage\"},\"thumbnailUrl\":\"https:\\\/\\\/www.ednh.fr\\\/salon-nutrition\\\/lille\\\/wp-content\\\/uploads\\\/sites\\\/6\\\/2026\\\/02\\\/anne.png\",\"datePublished\":\"2023-11-30T07:58:39+00:00\",\"dateModified\":\"2026-02-18T14:57:01+00:00\",\"breadcrumb\":{\"@id\":\"https:\\\/\\\/www.ednh.fr\\\/salon-nutrition\\\/lille\\\/conferences\\\/#breadcrumb\"},\"inLanguage\":\"fr-FR\",\"potentialAction\":[{\"@type\":\"ReadAction\",\"target\":[\"https:\\\/\\\/www.ednh.fr\\\/salon-nutrition\\\/lille\\\/conferences\\\/\"]}]},{\"@type\":\"ImageObject\",\"inLanguage\":\"fr-FR\",\"@id\":\"https:\\\/\\\/www.ednh.fr\\\/salon-nutrition\\\/lille\\\/conferences\\\/#primaryimage\",\"url\":\"https:\\\/\\\/www.ednh.fr\\\/salon-nutrition\\\/lille\\\/wp-content\\\/uploads\\\/sites\\\/6\\\/2026\\\/02\\\/anne.png\",\"contentUrl\":\"https:\\\/\\\/www.ednh.fr\\\/salon-nutrition\\\/lille\\\/wp-content\\\/uploads\\\/sites\\\/6\\\/2026\\\/02\\\/anne.png\",\"width\":500,\"height\":500},{\"@type\":\"BreadcrumbList\",\"@id\":\"https:\\\/\\\/www.ednh.fr\\\/salon-nutrition\\\/lille\\\/conferences\\\/#breadcrumb\",\"itemListElement\":[{\"@type\":\"ListItem\",\"position\":1,\"name\":\"Accueil\",\"item\":\"https:\\\/\\\/www.ednh.fr\\\/salon-nutrition\\\/lille\\\/\"},{\"@type\":\"ListItem\",\"position\":2,\"name\":\"Conf\u00e9rences\"}]},{\"@type\":\"WebSite\",\"@id\":\"https:\\\/\\\/www.ednh.fr\\\/salon-nutrition\\\/lille\\\/#website\",\"url\":\"https:\\\/\\\/www.ednh.fr\\\/salon-nutrition\\\/lille\\\/\",\"name\":\"Salon de na nutrition EDNH - Fast &amp; Fresh\",\"description\":\"\",\"publisher\":{\"@id\":\"https:\\\/\\\/www.ednh.fr\\\/salon-nutrition\\\/lille\\\/#organization\"},\"potentialAction\":[{\"@type\":\"SearchAction\",\"target\":{\"@type\":\"EntryPoint\",\"urlTemplate\":\"https:\\\/\\\/www.ednh.fr\\\/salon-nutrition\\\/lille\\\/?s={search_term_string}\"},\"query-input\":{\"@type\":\"PropertyValueSpecification\",\"valueRequired\":true,\"valueName\":\"search_term_string\"}}],\"inLanguage\":\"fr-FR\"},{\"@type\":\"Organization\",\"@id\":\"https:\\\/\\\/www.ednh.fr\\\/salon-nutrition\\\/lille\\\/#organization\",\"name\":\"Salon de na nutrition EDNH - Fast &amp; Fresh\",\"url\":\"https:\\\/\\\/www.ednh.fr\\\/salon-nutrition\\\/lille\\\/\",\"logo\":{\"@type\":\"ImageObject\",\"inLanguage\":\"fr-FR\",\"@id\":\"https:\\\/\\\/www.ednh.fr\\\/salon-nutrition\\\/lille\\\/#\\\/schema\\\/logo\\\/image\\\/\",\"url\":\"https:\\\/\\\/www.ednh.fr\\\/salon-nutrition\\\/lille\\\/wp-content\\\/uploads\\\/sites\\\/6\\\/2025\\\/10\\\/cropped-Capture-decran-2025-10-29-161312.png\",\"contentUrl\":\"https:\\\/\\\/www.ednh.fr\\\/salon-nutrition\\\/lille\\\/wp-content\\\/uploads\\\/sites\\\/6\\\/2025\\\/10\\\/cropped-Capture-decran-2025-10-29-161312.png\",\"width\":327,\"height\":177,\"caption\":\"Salon de na nutrition EDNH - Fast &amp; Fresh\"},\"image\":{\"@id\":\"https:\\\/\\\/www.ednh.fr\\\/salon-nutrition\\\/lille\\\/#\\\/schema\\\/logo\\\/image\\\/\"}}]}<\/script>\n<!-- \/ Yoast SEO plugin. -->","yoast_head_json":{"title":"Conf\u00e9rences - Salon de na nutrition EDNH - Fast &amp; Fresh","robots":{"index":"index","follow":"follow","max-snippet":"max-snippet:-1","max-image-preview":"max-image-preview:large","max-video-preview":"max-video-preview:-1"},"canonical":"https:\/\/www.ednh.fr\/salon-nutrition\/lille\/conferences\/","og_locale":"fr_FR","og_type":"article","og_title":"Conf\u00e9rences - Salon de na nutrition EDNH - Fast &amp; Fresh","og_description":"Les conf\u00e9renciers pr\u00e9sents le Samedi :\u00a0 H\u00e9raut Anne Horaire : 10h \u00e0 11h Comment limiter le gaspillage alimentaire?\u00a0 Chanoine Alexia Horaire : 11h \u00e0 12h Comment manger \u00e9quilibr\u00e9 \u00e0 petit budget? Bachelor deuxi\u00e8me ann\u00e9e Horaire : 11h \u00e0 12h Nutrig\u00e9nomique : De la cellule \u00e0 l&rsquo;assiette Bouzi Ayoub Horaire : 14h \u00e0 15h Comment manger rapidement, simplement, de mani\u00e8re \u00e9quilibr\u00e9e sans pression ni id\u00e9es re\u00e7ues? Adrien Horaire : 15-16h Comment s&rsquo;alimenter quand on est \u00e9tudiant et sportif?","og_url":"https:\/\/www.ednh.fr\/salon-nutrition\/lille\/conferences\/","og_site_name":"Salon de na nutrition EDNH - Fast &amp; Fresh","article_modified_time":"2026-02-18T14:57:01+00:00","og_image":[{"width":500,"height":500,"url":"https:\/\/www.ednh.fr\/salon-nutrition\/lille\/wp-content\/uploads\/sites\/6\/2026\/02\/anne.png","type":"image\/png"}],"twitter_card":"summary_large_image","twitter_misc":{"Dur\u00e9e de lecture estim\u00e9e":"2 minutes"},"schema":{"@context":"https:\/\/schema.org","@graph":[{"@type":"WebPage","@id":"https:\/\/www.ednh.fr\/salon-nutrition\/lille\/conferences\/","url":"https:\/\/www.ednh.fr\/salon-nutrition\/lille\/conferences\/","name":"Conf\u00e9rences - Salon de na nutrition EDNH - Fast &amp; Fresh","isPartOf":{"@id":"https:\/\/www.ednh.fr\/salon-nutrition\/lille\/#website"},"primaryImageOfPage":{"@id":"https:\/\/www.ednh.fr\/salon-nutrition\/lille\/conferences\/#primaryimage"},"image":{"@id":"https:\/\/www.ednh.fr\/salon-nutrition\/lille\/conferences\/#primaryimage"},"thumbnailUrl":"https:\/\/www.ednh.fr\/salon-nutrition\/lille\/wp-content\/uploads\/sites\/6\/2026\/02\/anne.png","datePublished":"2023-11-30T07:58:39+00:00","dateModified":"2026-02-18T14:57:01+00:00","breadcrumb":{"@id":"https:\/\/www.ednh.fr\/salon-nutrition\/lille\/conferences\/#breadcrumb"},"inLanguage":"fr-FR","potentialAction":[{"@type":"ReadAction","target":["https:\/\/www.ednh.fr\/salon-nutrition\/lille\/conferences\/"]}]},{"@type":"ImageObject","inLanguage":"fr-FR","@id":"https:\/\/www.ednh.fr\/salon-nutrition\/lille\/conferences\/#primaryimage","url":"https:\/\/www.ednh.fr\/salon-nutrition\/lille\/wp-content\/uploads\/sites\/6\/2026\/02\/anne.png","contentUrl":"https:\/\/www.ednh.fr\/salon-nutrition\/lille\/wp-content\/uploads\/sites\/6\/2026\/02\/anne.png","width":500,"height":500},{"@type":"BreadcrumbList","@id":"https:\/\/www.ednh.fr\/salon-nutrition\/lille\/conferences\/#breadcrumb","itemListElement":[{"@type":"ListItem","position":1,"name":"Accueil","item":"https:\/\/www.ednh.fr\/salon-nutrition\/lille\/"},{"@type":"ListItem","position":2,"name":"Conf\u00e9rences"}]},{"@type":"WebSite","@id":"https:\/\/www.ednh.fr\/salon-nutrition\/lille\/#website","url":"https:\/\/www.ednh.fr\/salon-nutrition\/lille\/","name":"Salon de na nutrition EDNH - Fast &amp; Fresh","description":"","publisher":{"@id":"https:\/\/www.ednh.fr\/salon-nutrition\/lille\/#organization"},"potentialAction":[{"@type":"SearchAction","target":{"@type":"EntryPoint","urlTemplate":"https:\/\/www.ednh.fr\/salon-nutrition\/lille\/?s={search_term_string}"},"query-input":{"@type":"PropertyValueSpecification","valueRequired":true,"valueName":"search_term_string"}}],"inLanguage":"fr-FR"},{"@type":"Organization","@id":"https:\/\/www.ednh.fr\/salon-nutrition\/lille\/#organization","name":"Salon de na nutrition EDNH - Fast &amp; Fresh","url":"https:\/\/www.ednh.fr\/salon-nutrition\/lille\/","logo":{"@type":"ImageObject","inLanguage":"fr-FR","@id":"https:\/\/www.ednh.fr\/salon-nutrition\/lille\/#\/schema\/logo\/image\/","url":"https:\/\/www.ednh.fr\/salon-nutrition\/lille\/wp-content\/uploads\/sites\/6\/2025\/10\/cropped-Capture-decran-2025-10-29-161312.png","contentUrl":"https:\/\/www.ednh.fr\/salon-nutrition\/lille\/wp-content\/uploads\/sites\/6\/2025\/10\/cropped-Capture-decran-2025-10-29-161312.png","width":327,"height":177,"caption":"Salon de na nutrition EDNH - Fast &amp; Fresh"},"image":{"@id":"https:\/\/www.ednh.fr\/salon-nutrition\/lille\/#\/schema\/logo\/image\/"}}]}},"_links":{"self":[{"href":"https:\/\/www.ednh.fr\/salon-nutrition\/lille\/wp-json\/wp\/v2\/pages\/9","targetHints":{"allow":["GET"]}}],"collection":[{"href":"https:\/\/www.ednh.fr\/salon-nutrition\/lille\/wp-json\/wp\/v2\/pages"}],"about":[{"href":"https:\/\/www.ednh.fr\/salon-nutrition\/lille\/wp-json\/wp\/v2\/types\/page"}],"author":[{"embeddable":true,"href":"https:\/\/www.ednh.fr\/salon-nutrition\/lille\/wp-json\/wp\/v2\/users\/11"}],"replies":[{"embeddable":true,"href":"https:\/\/www.ednh.fr\/salon-nutrition\/lille\/wp-json\/wp\/v2\/comments?post=9"}],"version-history":[{"count":5,"href":"https:\/\/www.ednh.fr\/salon-nutrition\/lille\/wp-json\/wp\/v2\/pages\/9\/revisions"}],"predecessor-version":[{"id":785,"href":"https:\/\/www.ednh.fr\/salon-nutrition\/lille\/wp-json\/wp\/v2\/pages\/9\/revisions\/785"}],"wp:attachment":[{"href":"https:\/\/www.ednh.fr\/salon-nutrition\/lille\/wp-json\/wp\/v2\/media?parent=9"}],"curies":[{"name":"wp","href":"https:\/\/api.w.org\/{rel}","templated":true}]}}