{"id":936,"date":"2024-12-12T10:37:58","date_gmt":"2024-12-12T09:37:58","guid":{"rendered":"https:\/\/www.ednh.fr\/salon-nutrition\/bordeaux\/?page_id=936"},"modified":"2025-02-14T17:43:16","modified_gmt":"2025-02-14T16:43:16","slug":"tombola","status":"publish","type":"page","link":"https:\/\/www.ednh.fr\/salon-nutrition\/bordeaux\/tombola\/","title":{"rendered":"TOMBOLA"},"content":{"rendered":"\t\t<div data-elementor-type=\"wp-page\" data-elementor-id=\"936\" class=\"elementor elementor-936\">\n\t\t\t\t\t\t<section class=\"elementor-section elementor-top-section elementor-element elementor-element-4a3255d elementor-section-boxed elementor-section-height-default elementor-section-height-default wpr-particle-no wpr-jarallax-no wpr-parallax-no wpr-sticky-section-no wpr-equal-height-no\" data-id=\"4a3255d\" data-element_type=\"section\" data-e-type=\"section\">\n\t\t\t\t\t\t<div class=\"elementor-container elementor-column-gap-default\">\n\t\t\t\t\t<div class=\"elementor-column elementor-col-100 elementor-top-column elementor-element elementor-element-ffe7677\" data-id=\"ffe7677\" data-element_type=\"column\" data-e-type=\"column\">\n\t\t\t<div class=\"elementor-widget-wrap elementor-element-populated\">\n\t\t\t\t\t\t<div class=\"elementor-element elementor-element-7ff8259 elementor-widget elementor-widget-heading\" data-id=\"7ff8259\" data-element_type=\"widget\" data-e-type=\"widget\" data-widget_type=\"heading.default\">\n\t\t\t\t<div class=\"elementor-widget-container\">\n\t\t\t\t\t<h2 class=\"elementor-heading-title elementor-size-default\">PARTICIPEZ \u00c0 NOTRE TOMBOLA<\/h2>\t\t\t\t<\/div>\n\t\t\t\t<\/div>\n\t\t\t\t\t<\/div>\n\t\t<\/div>\n\t\t\t\t\t<\/div>\n\t\t<\/section>\n\t\t\t\t<section class=\"elementor-section elementor-top-section elementor-element elementor-element-f767b9d elementor-section-boxed elementor-section-height-default elementor-section-height-default wpr-particle-no wpr-jarallax-no wpr-parallax-no wpr-sticky-section-no wpr-equal-height-no\" data-id=\"f767b9d\" data-element_type=\"section\" data-e-type=\"section\">\n\t\t\t\t\t\t<div class=\"elementor-container elementor-column-gap-default\">\n\t\t\t\t\t<div class=\"elementor-column elementor-col-100 elementor-top-column elementor-element elementor-element-3f4106d\" data-id=\"3f4106d\" data-element_type=\"column\" data-e-type=\"column\">\n\t\t\t<div class=\"elementor-widget-wrap elementor-element-populated\">\n\t\t\t\t\t\t<div class=\"elementor-element elementor-element-5be63d2 elementor-widget elementor-widget-image\" data-id=\"5be63d2\" data-element_type=\"widget\" data-e-type=\"widget\" data-widget_type=\"image.default\">\n\t\t\t\t<div class=\"elementor-widget-container\">\n\t\t\t\t\t\t\t\t\t\t\t\t\t\t\t\t<a href=\"https:\/\/www.helloasso.com\/associations\/clinique-de-la-nutrition-bordeaux\/evenements\/tombola-salon-de-la-nutrition-bordeaux\">\n\t\t\t\t\t\t\t<img fetchpriority=\"high\" decoding=\"async\" width=\"780\" height=\"252\" src=\"https:\/\/www.ednh.fr\/salon-nutrition\/bordeaux\/wp-content\/uploads\/sites\/5\/2025\/02\/1-1024x331.jpg\" class=\"attachment-large size-large wp-image-1510\" alt=\"\" srcset=\"https:\/\/www.ednh.fr\/salon-nutrition\/bordeaux\/wp-content\/uploads\/sites\/5\/2025\/02\/1-1024x331.jpg 1024w, https:\/\/www.ednh.fr\/salon-nutrition\/bordeaux\/wp-content\/uploads\/sites\/5\/2025\/02\/1-300x97.jpg 300w, https:\/\/www.ednh.fr\/salon-nutrition\/bordeaux\/wp-content\/uploads\/sites\/5\/2025\/02\/1-768x248.jpg 768w, https:\/\/www.ednh.fr\/salon-nutrition\/bordeaux\/wp-content\/uploads\/sites\/5\/2025\/02\/1-1536x497.jpg 1536w, https:\/\/www.ednh.fr\/salon-nutrition\/bordeaux\/wp-content\/uploads\/sites\/5\/2025\/02\/1-1560x505.jpg 1560w, https:\/\/www.ednh.fr\/salon-nutrition\/bordeaux\/wp-content\/uploads\/sites\/5\/2025\/02\/1.jpg 2000w\" sizes=\"(max-width: 780px) 100vw, 780px\" \/>\t\t\t\t\t\t\t\t<\/a>\n\t\t\t\t\t\t\t\t\t\t\t\t\t\t\t<\/div>\n\t\t\t\t<\/div>\n\t\t\t\t\t<\/div>\n\t\t<\/div>\n\t\t\t\t\t<\/div>\n\t\t<\/section>\n\t\t\t\t<section class=\"elementor-section elementor-top-section elementor-element elementor-element-27d96e9 elementor-section-boxed elementor-section-height-default elementor-section-height-default wpr-particle-no wpr-jarallax-no wpr-parallax-no wpr-sticky-section-no wpr-equal-height-no\" data-id=\"27d96e9\" data-element_type=\"section\" data-e-type=\"section\">\n\t\t\t\t\t\t<div class=\"elementor-container elementor-column-gap-default\">\n\t\t\t\t\t<div class=\"elementor-column elementor-col-100 elementor-top-column elementor-element elementor-element-9bbae12\" data-id=\"9bbae12\" data-element_type=\"column\" data-e-type=\"column\">\n\t\t\t<div class=\"elementor-widget-wrap elementor-element-populated\">\n\t\t\t\t\t\t<div class=\"elementor-element elementor-element-0ec8e00 elementor-widget elementor-widget-text-editor\" data-id=\"0ec8e00\" data-element_type=\"widget\" data-e-type=\"widget\" data-widget_type=\"text-editor.default\">\n\t\t\t\t<div class=\"elementor-widget-container\">\n\t\t\t\t\t\t\t\t\t<p>\u00a0Tentez de gagner de nombreux lots !<\/p>\t\t\t\t\t\t\t\t<\/div>\n\t\t\t\t<\/div>\n\t\t\t\t\t<\/div>\n\t\t<\/div>\n\t\t\t\t\t<\/div>\n\t\t<\/section>\n\t\t\t\t<section class=\"elementor-section elementor-top-section elementor-element elementor-element-b6c4900 elementor-section-boxed elementor-section-height-default elementor-section-height-default wpr-particle-no wpr-jarallax-no wpr-parallax-no wpr-sticky-section-no wpr-equal-height-no\" data-id=\"b6c4900\" data-element_type=\"section\" data-e-type=\"section\">\n\t\t\t\t\t\t<div class=\"elementor-container elementor-column-gap-default\">\n\t\t\t\t\t<div class=\"elementor-column elementor-col-100 elementor-top-column elementor-element elementor-element-22d368e\" data-id=\"22d368e\" data-element_type=\"column\" data-e-type=\"column\">\n\t\t\t<div class=\"elementor-widget-wrap elementor-element-populated\">\n\t\t\t\t\t\t<div class=\"elementor-element elementor-element-54fb087 elementor-align-center elementor-widget elementor-widget-button\" data-id=\"54fb087\" data-element_type=\"widget\" data-e-type=\"widget\" data-widget_type=\"button.default\">\n\t\t\t\t<div class=\"elementor-widget-container\">\n\t\t\t\t\t\t\t\t\t<div class=\"elementor-button-wrapper\">\n\t\t\t\t\t<a class=\"elementor-button elementor-button-link elementor-size-sm\" href=\"https:\/\/www.helloasso.com\/associations\/clinique-de-la-nutrition-bordeaux\/evenements\/tombola-salon-de-la-nutrition-bordeaux\" target=\"_blank\">\n\t\t\t\t\t\t<span class=\"elementor-button-content-wrapper\">\n\t\t\t\t\t\t\t\t\t<span class=\"elementor-button-text\">Achetez votre ticket !<\/span>\n\t\t\t\t\t<\/span>\n\t\t\t\t\t<\/a>\n\t\t\t\t<\/div>\n\t\t\t\t\t\t\t\t<\/div>\n\t\t\t\t<\/div>\n\t\t\t\t<div class=\"elementor-element elementor-element-ca6ee89 elementor-widget elementor-widget-spacer\" data-id=\"ca6ee89\" data-element_type=\"widget\" data-e-type=\"widget\" data-widget_type=\"spacer.default\">\n\t\t\t\t<div class=\"elementor-widget-container\">\n\t\t\t\t\t\t\t<div class=\"elementor-spacer\">\n\t\t\t<div class=\"elementor-spacer-inner\"><\/div>\n\t\t<\/div>\n\t\t\t\t\t\t<\/div>\n\t\t\t\t<\/div>\n\t\t\t\t\t<\/div>\n\t\t<\/div>\n\t\t\t\t\t<\/div>\n\t\t<\/section>\n\t\t\t\t<section class=\"elementor-section elementor-top-section elementor-element elementor-element-4e12f11 elementor-section-boxed elementor-section-height-default elementor-section-height-default wpr-particle-no wpr-jarallax-no wpr-parallax-no wpr-sticky-section-no wpr-equal-height-no\" data-id=\"4e12f11\" data-element_type=\"section\" data-e-type=\"section\">\n\t\t\t\t\t\t<div class=\"elementor-container elementor-column-gap-default\">\n\t\t\t\t\t<div class=\"elementor-column elementor-col-100 elementor-top-column elementor-element elementor-element-0d2ef22\" data-id=\"0d2ef22\" data-element_type=\"column\" data-e-type=\"column\">\n\t\t\t<div class=\"elementor-widget-wrap elementor-element-populated\">\n\t\t\t\t\t\t<div class=\"elementor-element elementor-element-f218454 elementor-widget elementor-widget-heading\" data-id=\"f218454\" data-element_type=\"widget\" data-e-type=\"widget\" data-widget_type=\"heading.default\">\n\t\t\t\t<div class=\"elementor-widget-container\">\n\t\t\t\t\t<h2 class=\"elementor-heading-title elementor-size-default\">REGLEMENT :<\/h2>\t\t\t\t<\/div>\n\t\t\t\t<\/div>\n\t\t\t\t\t<\/div>\n\t\t<\/div>\n\t\t\t\t\t<\/div>\n\t\t<\/section>\n\t\t\t\t<section class=\"elementor-section elementor-top-section elementor-element elementor-element-6541032 elementor-section-boxed elementor-section-height-default elementor-section-height-default wpr-particle-no wpr-jarallax-no wpr-parallax-no wpr-sticky-section-no wpr-equal-height-no\" data-id=\"6541032\" data-element_type=\"section\" data-e-type=\"section\">\n\t\t\t\t\t\t<div class=\"elementor-container elementor-column-gap-default\">\n\t\t\t\t\t<div class=\"elementor-column elementor-col-100 elementor-top-column elementor-element elementor-element-d71d3a4\" data-id=\"d71d3a4\" data-element_type=\"column\" data-e-type=\"column\">\n\t\t\t<div class=\"elementor-widget-wrap elementor-element-populated\">\n\t\t\t\t\t\t<div class=\"elementor-element elementor-element-388509d elementor-widget elementor-widget-text-editor\" data-id=\"388509d\" data-element_type=\"widget\" data-e-type=\"widget\" data-widget_type=\"text-editor.default\">\n\t\t\t\t<div class=\"elementor-widget-container\">\n\t\t\t\t\t\t\t\t\t<div><ul><li>La tombola est organis\u00e9e par \u00ab\u00a0Salon de la Nutrition de l&rsquo;EDNH &#8211; Bordeaux\u00a0\u00bb, dans le cadre du Salon de la Nutrition de l&rsquo;EDNH &#8211; Bordeaux, qui se tiendra le 15 mars 2025 au 64 Boulevard George V, Bordeaux 33000<\/li><li>Le tirage au sort aura lieu le 15 mars 2025 \u00e0 17h30, sur le lieu de l&rsquo;\u00e9v\u00e9nement.<\/li><li>Les r\u00e9sultats seront annonc\u00e9s en direct, sur le live instagram et affich\u00e9s sur notre site internet.<\/li><li>Les gagnants pr\u00e9sents devront pr\u00e9senter leur billet pour r\u00e9cup\u00e9rer leur lot imm\u00e9diatement apr\u00e8s le tirage.<\/li><li>En cas d&rsquo;absence, les gagnants seront contact\u00e9s gr\u00e2ce aux coordonn\u00e9es fournies lors de l&rsquo;achat du billet.<\/li><li>Prix de vente 2\u20ac l\u2019un et 8\u20ac les 5.<\/li><li>Aucun remboursement ne sera effectu\u00e9.<\/li><li>L&rsquo;organisateur d\u00e9cline toute responsabilit\u00e9 en cas de perte ou de vol des billets apr\u00e8s leur achat.<\/li><li>La participation \u00e0 la tombola implique l&rsquo;acceptation pleine et enti\u00e8re de ce r\u00e8glement.<\/li><li>Pour toute question, veuillez contacter clinique-bordeaux@ednh.fr<\/li><\/ul><\/div>\t\t\t\t\t\t\t\t<\/div>\n\t\t\t\t<\/div>\n\t\t\t\t\t<\/div>\n\t\t<\/div>\n\t\t\t\t\t<\/div>\n\t\t<\/section>\n\t\t\t\t<\/div>\n\t\t","protected":false},"excerpt":{"rendered":"<p>PARTICIPEZ \u00c0 NOTRE TOMBOLA \u00a0Tentez de gagner de nombreux lots ! Achetez votre ticket ! REGLEMENT : La tombola est organis\u00e9e par \u00ab\u00a0Salon de la Nutrition de l&rsquo;EDNH &#8211; Bordeaux\u00a0\u00bb, dans le cadre du Salon de la Nutrition de l&rsquo;EDNH &#8211; Bordeaux, qui se tiendra le 15 mars 2025 au 64 Boulevard George V, Bordeaux 33000 Le tirage au sort aura lieu le 15 mars 2025 \u00e0 17h30, sur le lieu de l&rsquo;\u00e9v\u00e9nement. Les r\u00e9sultats seront annonc\u00e9s en direct, sur le live instagram et affich\u00e9s sur notre site internet. Les gagnants pr\u00e9sents devront pr\u00e9senter leur billet pour r\u00e9cup\u00e9rer leur lot imm\u00e9diatement apr\u00e8s le tirage. En cas d&rsquo;absence, les gagnants seront contact\u00e9s gr\u00e2ce aux coordonn\u00e9es fournies lors de l&rsquo;achat du billet. Prix de vente 2\u20ac l\u2019un et 8\u20ac les 5. Aucun remboursement ne sera effectu\u00e9. L&rsquo;organisateur d\u00e9cline toute responsabilit\u00e9 en cas de perte ou de vol des billets apr\u00e8s leur achat. La participation \u00e0 la tombola implique l&rsquo;acceptation pleine et enti\u00e8re de ce r\u00e8glement. Pour toute question, veuillez contacter clinique-bordeaux@ednh.fr<\/p>\n","protected":false},"author":10,"featured_media":0,"parent":0,"menu_order":0,"comment_status":"closed","ping_status":"closed","template":"","meta":{"om_disable_all_campaigns":false,"footnotes":""},"class_list":["post-936","page","type-page","status-publish","hentry"],"yoast_head":"<!-- This site is optimized with the Yoast SEO plugin v27.5 - https:\/\/yoast.com\/product\/yoast-seo-wordpress\/ -->\n<title>TOMBOLA - Salon de la Nutrition de l&#039;EDNH 2025 - Bordeaux<\/title>\n<meta name=\"robots\" content=\"index, follow, max-snippet:-1, max-image-preview:large, max-video-preview:-1\" \/>\n<link rel=\"canonical\" href=\"https:\/\/www.ednh.fr\/salon-nutrition\/bordeaux\/tombola\/\" \/>\n<meta property=\"og:locale\" content=\"fr_FR\" \/>\n<meta property=\"og:type\" content=\"article\" \/>\n<meta property=\"og:title\" content=\"TOMBOLA - Salon de la Nutrition de l&#039;EDNH 2025 - Bordeaux\" \/>\n<meta property=\"og:description\" content=\"PARTICIPEZ \u00c0 NOTRE TOMBOLA \u00a0Tentez de gagner de nombreux lots ! Achetez votre ticket ! REGLEMENT : La tombola est organis\u00e9e par \u00ab\u00a0Salon de la Nutrition de l&rsquo;EDNH &#8211; Bordeaux\u00a0\u00bb, dans le cadre du Salon de la Nutrition de l&rsquo;EDNH &#8211; Bordeaux, qui se tiendra le 15 mars 2025 au 64 Boulevard George V, Bordeaux 33000 Le tirage au sort aura lieu le 15 mars 2025 \u00e0 17h30, sur le lieu de l&rsquo;\u00e9v\u00e9nement. Les r\u00e9sultats seront annonc\u00e9s en direct, sur le live instagram et affich\u00e9s sur notre site internet. Les gagnants pr\u00e9sents devront pr\u00e9senter leur billet pour r\u00e9cup\u00e9rer leur lot imm\u00e9diatement apr\u00e8s le tirage. En cas d&rsquo;absence, les gagnants seront contact\u00e9s gr\u00e2ce aux coordonn\u00e9es fournies lors de l&rsquo;achat du billet. Prix de vente 2\u20ac l\u2019un et 8\u20ac les 5. Aucun remboursement ne sera effectu\u00e9. L&rsquo;organisateur d\u00e9cline toute responsabilit\u00e9 en cas de perte ou de vol des billets apr\u00e8s leur achat. La participation \u00e0 la tombola implique l&rsquo;acceptation pleine et enti\u00e8re de ce r\u00e8glement. Pour toute question, veuillez contacter clinique-bordeaux@ednh.fr\" \/>\n<meta property=\"og:url\" content=\"https:\/\/www.ednh.fr\/salon-nutrition\/bordeaux\/tombola\/\" \/>\n<meta property=\"og:site_name\" content=\"Salon de la Nutrition de l&#039;EDNH 2025 - Bordeaux\" \/>\n<meta property=\"article:modified_time\" content=\"2025-02-14T16:43:16+00:00\" \/>\n<meta property=\"og:image\" content=\"https:\/\/www.ednh.fr\/salon-nutrition\/bordeaux\/wp-content\/uploads\/sites\/5\/2025\/02\/1.jpg\" \/>\n\t<meta property=\"og:image:width\" content=\"2000\" \/>\n\t<meta property=\"og:image:height\" content=\"647\" \/>\n\t<meta property=\"og:image:type\" content=\"image\/jpeg\" \/>\n<meta name=\"twitter:card\" content=\"summary_large_image\" \/>\n<meta name=\"twitter:label1\" content=\"Dur\u00e9e de lecture estim\u00e9e\" \/>\n\t<meta name=\"twitter:data1\" content=\"2 minutes\" \/>\n<script type=\"application\/ld+json\" class=\"yoast-schema-graph\">{\"@context\":\"https:\\\/\\\/schema.org\",\"@graph\":[{\"@type\":\"WebPage\",\"@id\":\"https:\\\/\\\/www.ednh.fr\\\/salon-nutrition\\\/bordeaux\\\/tombola\\\/\",\"url\":\"https:\\\/\\\/www.ednh.fr\\\/salon-nutrition\\\/bordeaux\\\/tombola\\\/\",\"name\":\"TOMBOLA - Salon de la Nutrition de l&#039;EDNH 2025 - Bordeaux\",\"isPartOf\":{\"@id\":\"https:\\\/\\\/www.ednh.fr\\\/salon-nutrition\\\/bordeaux\\\/#website\"},\"primaryImageOfPage\":{\"@id\":\"https:\\\/\\\/www.ednh.fr\\\/salon-nutrition\\\/bordeaux\\\/tombola\\\/#primaryimage\"},\"image\":{\"@id\":\"https:\\\/\\\/www.ednh.fr\\\/salon-nutrition\\\/bordeaux\\\/tombola\\\/#primaryimage\"},\"thumbnailUrl\":\"https:\\\/\\\/www.ednh.fr\\\/salon-nutrition\\\/bordeaux\\\/wp-content\\\/uploads\\\/sites\\\/5\\\/2025\\\/02\\\/1-1024x331.jpg\",\"datePublished\":\"2024-12-12T09:37:58+00:00\",\"dateModified\":\"2025-02-14T16:43:16+00:00\",\"breadcrumb\":{\"@id\":\"https:\\\/\\\/www.ednh.fr\\\/salon-nutrition\\\/bordeaux\\\/tombola\\\/#breadcrumb\"},\"inLanguage\":\"fr-FR\",\"potentialAction\":[{\"@type\":\"ReadAction\",\"target\":[\"https:\\\/\\\/www.ednh.fr\\\/salon-nutrition\\\/bordeaux\\\/tombola\\\/\"]}]},{\"@type\":\"ImageObject\",\"inLanguage\":\"fr-FR\",\"@id\":\"https:\\\/\\\/www.ednh.fr\\\/salon-nutrition\\\/bordeaux\\\/tombola\\\/#primaryimage\",\"url\":\"https:\\\/\\\/www.ednh.fr\\\/salon-nutrition\\\/bordeaux\\\/wp-content\\\/uploads\\\/sites\\\/5\\\/2025\\\/02\\\/1.jpg\",\"contentUrl\":\"https:\\\/\\\/www.ednh.fr\\\/salon-nutrition\\\/bordeaux\\\/wp-content\\\/uploads\\\/sites\\\/5\\\/2025\\\/02\\\/1.jpg\",\"width\":2000,\"height\":647},{\"@type\":\"BreadcrumbList\",\"@id\":\"https:\\\/\\\/www.ednh.fr\\\/salon-nutrition\\\/bordeaux\\\/tombola\\\/#breadcrumb\",\"itemListElement\":[{\"@type\":\"ListItem\",\"position\":1,\"name\":\"Accueil\",\"item\":\"https:\\\/\\\/www.ednh.fr\\\/salon-nutrition\\\/bordeaux\\\/\"},{\"@type\":\"ListItem\",\"position\":2,\"name\":\"TOMBOLA\"}]},{\"@type\":\"WebSite\",\"@id\":\"https:\\\/\\\/www.ednh.fr\\\/salon-nutrition\\\/bordeaux\\\/#website\",\"url\":\"https:\\\/\\\/www.ednh.fr\\\/salon-nutrition\\\/bordeaux\\\/\",\"name\":\"Salon de la Nutrition de l&#039;EDNH 2025 - Bordeaux\",\"description\":\"Assiette &amp; Plan\u00e8te\",\"potentialAction\":[{\"@type\":\"SearchAction\",\"target\":{\"@type\":\"EntryPoint\",\"urlTemplate\":\"https:\\\/\\\/www.ednh.fr\\\/salon-nutrition\\\/bordeaux\\\/?s={search_term_string}\"},\"query-input\":{\"@type\":\"PropertyValueSpecification\",\"valueRequired\":true,\"valueName\":\"search_term_string\"}}],\"inLanguage\":\"fr-FR\"}]}<\/script>\n<!-- \/ Yoast SEO plugin. -->","yoast_head_json":{"title":"TOMBOLA - Salon de la Nutrition de l&#039;EDNH 2025 - Bordeaux","robots":{"index":"index","follow":"follow","max-snippet":"max-snippet:-1","max-image-preview":"max-image-preview:large","max-video-preview":"max-video-preview:-1"},"canonical":"https:\/\/www.ednh.fr\/salon-nutrition\/bordeaux\/tombola\/","og_locale":"fr_FR","og_type":"article","og_title":"TOMBOLA - Salon de la Nutrition de l&#039;EDNH 2025 - Bordeaux","og_description":"PARTICIPEZ \u00c0 NOTRE TOMBOLA \u00a0Tentez de gagner de nombreux lots ! Achetez votre ticket ! REGLEMENT : La tombola est organis\u00e9e par \u00ab\u00a0Salon de la Nutrition de l&rsquo;EDNH &#8211; Bordeaux\u00a0\u00bb, dans le cadre du Salon de la Nutrition de l&rsquo;EDNH &#8211; Bordeaux, qui se tiendra le 15 mars 2025 au 64 Boulevard George V, Bordeaux 33000 Le tirage au sort aura lieu le 15 mars 2025 \u00e0 17h30, sur le lieu de l&rsquo;\u00e9v\u00e9nement. Les r\u00e9sultats seront annonc\u00e9s en direct, sur le live instagram et affich\u00e9s sur notre site internet. Les gagnants pr\u00e9sents devront pr\u00e9senter leur billet pour r\u00e9cup\u00e9rer leur lot imm\u00e9diatement apr\u00e8s le tirage. En cas d&rsquo;absence, les gagnants seront contact\u00e9s gr\u00e2ce aux coordonn\u00e9es fournies lors de l&rsquo;achat du billet. Prix de vente 2\u20ac l\u2019un et 8\u20ac les 5. Aucun remboursement ne sera effectu\u00e9. L&rsquo;organisateur d\u00e9cline toute responsabilit\u00e9 en cas de perte ou de vol des billets apr\u00e8s leur achat. La participation \u00e0 la tombola implique l&rsquo;acceptation pleine et enti\u00e8re de ce r\u00e8glement. Pour toute question, veuillez contacter clinique-bordeaux@ednh.fr","og_url":"https:\/\/www.ednh.fr\/salon-nutrition\/bordeaux\/tombola\/","og_site_name":"Salon de la Nutrition de l&#039;EDNH 2025 - Bordeaux","article_modified_time":"2025-02-14T16:43:16+00:00","og_image":[{"width":2000,"height":647,"url":"https:\/\/www.ednh.fr\/salon-nutrition\/bordeaux\/wp-content\/uploads\/sites\/5\/2025\/02\/1.jpg","type":"image\/jpeg"}],"twitter_card":"summary_large_image","twitter_misc":{"Dur\u00e9e de lecture estim\u00e9e":"2 minutes"},"schema":{"@context":"https:\/\/schema.org","@graph":[{"@type":"WebPage","@id":"https:\/\/www.ednh.fr\/salon-nutrition\/bordeaux\/tombola\/","url":"https:\/\/www.ednh.fr\/salon-nutrition\/bordeaux\/tombola\/","name":"TOMBOLA - Salon de la Nutrition de l&#039;EDNH 2025 - Bordeaux","isPartOf":{"@id":"https:\/\/www.ednh.fr\/salon-nutrition\/bordeaux\/#website"},"primaryImageOfPage":{"@id":"https:\/\/www.ednh.fr\/salon-nutrition\/bordeaux\/tombola\/#primaryimage"},"image":{"@id":"https:\/\/www.ednh.fr\/salon-nutrition\/bordeaux\/tombola\/#primaryimage"},"thumbnailUrl":"https:\/\/www.ednh.fr\/salon-nutrition\/bordeaux\/wp-content\/uploads\/sites\/5\/2025\/02\/1-1024x331.jpg","datePublished":"2024-12-12T09:37:58+00:00","dateModified":"2025-02-14T16:43:16+00:00","breadcrumb":{"@id":"https:\/\/www.ednh.fr\/salon-nutrition\/bordeaux\/tombola\/#breadcrumb"},"inLanguage":"fr-FR","potentialAction":[{"@type":"ReadAction","target":["https:\/\/www.ednh.fr\/salon-nutrition\/bordeaux\/tombola\/"]}]},{"@type":"ImageObject","inLanguage":"fr-FR","@id":"https:\/\/www.ednh.fr\/salon-nutrition\/bordeaux\/tombola\/#primaryimage","url":"https:\/\/www.ednh.fr\/salon-nutrition\/bordeaux\/wp-content\/uploads\/sites\/5\/2025\/02\/1.jpg","contentUrl":"https:\/\/www.ednh.fr\/salon-nutrition\/bordeaux\/wp-content\/uploads\/sites\/5\/2025\/02\/1.jpg","width":2000,"height":647},{"@type":"BreadcrumbList","@id":"https:\/\/www.ednh.fr\/salon-nutrition\/bordeaux\/tombola\/#breadcrumb","itemListElement":[{"@type":"ListItem","position":1,"name":"Accueil","item":"https:\/\/www.ednh.fr\/salon-nutrition\/bordeaux\/"},{"@type":"ListItem","position":2,"name":"TOMBOLA"}]},{"@type":"WebSite","@id":"https:\/\/www.ednh.fr\/salon-nutrition\/bordeaux\/#website","url":"https:\/\/www.ednh.fr\/salon-nutrition\/bordeaux\/","name":"Salon de la Nutrition de l&#039;EDNH 2025 - Bordeaux","description":"Assiette &amp; Plan\u00e8te","potentialAction":[{"@type":"SearchAction","target":{"@type":"EntryPoint","urlTemplate":"https:\/\/www.ednh.fr\/salon-nutrition\/bordeaux\/?s={search_term_string}"},"query-input":{"@type":"PropertyValueSpecification","valueRequired":true,"valueName":"search_term_string"}}],"inLanguage":"fr-FR"}]}},"_links":{"self":[{"href":"https:\/\/www.ednh.fr\/salon-nutrition\/bordeaux\/wp-json\/wp\/v2\/pages\/936","targetHints":{"allow":["GET"]}}],"collection":[{"href":"https:\/\/www.ednh.fr\/salon-nutrition\/bordeaux\/wp-json\/wp\/v2\/pages"}],"about":[{"href":"https:\/\/www.ednh.fr\/salon-nutrition\/bordeaux\/wp-json\/wp\/v2\/types\/page"}],"author":[{"embeddable":true,"href":"https:\/\/www.ednh.fr\/salon-nutrition\/bordeaux\/wp-json\/wp\/v2\/users\/10"}],"replies":[{"embeddable":true,"href":"https:\/\/www.ednh.fr\/salon-nutrition\/bordeaux\/wp-json\/wp\/v2\/comments?post=936"}],"version-history":[{"count":131,"href":"https:\/\/www.ednh.fr\/salon-nutrition\/bordeaux\/wp-json\/wp\/v2\/pages\/936\/revisions"}],"predecessor-version":[{"id":1549,"href":"https:\/\/www.ednh.fr\/salon-nutrition\/bordeaux\/wp-json\/wp\/v2\/pages\/936\/revisions\/1549"}],"wp:attachment":[{"href":"https:\/\/www.ednh.fr\/salon-nutrition\/bordeaux\/wp-json\/wp\/v2\/media?parent=936"}],"curies":[{"name":"wp","href":"https:\/\/api.w.org\/{rel}","templated":true}]}}