{"id":755,"date":"2024-11-21T20:09:19","date_gmt":"2024-11-21T19:09:19","guid":{"rendered":"https:\/\/www.ednh.fr\/salon-nutrition\/bordeaux\/?page_id=755"},"modified":"2025-02-07T13:53:58","modified_gmt":"2025-02-07T12:53:58","slug":"infos-pratiques","status":"publish","type":"page","link":"https:\/\/www.ednh.fr\/salon-nutrition\/bordeaux\/infos-pratiques\/","title":{"rendered":"INFOS PRATIQUES 2025"},"content":{"rendered":"\t\t<div data-elementor-type=\"wp-page\" data-elementor-id=\"755\" class=\"elementor elementor-755\">\n\t\t\t\t\t\t<section class=\"elementor-section elementor-top-section elementor-element elementor-element-9ad500f elementor-section-boxed elementor-section-height-default elementor-section-height-default wpr-particle-no wpr-jarallax-no wpr-parallax-no wpr-sticky-section-no wpr-equal-height-no\" data-id=\"9ad500f\" data-element_type=\"section\" data-e-type=\"section\">\n\t\t\t\t\t\t<div class=\"elementor-container elementor-column-gap-default\">\n\t\t\t\t\t<div class=\"elementor-column elementor-col-100 elementor-top-column elementor-element elementor-element-7aeb1f6\" data-id=\"7aeb1f6\" data-element_type=\"column\" data-e-type=\"column\">\n\t\t\t<div class=\"elementor-widget-wrap elementor-element-populated\">\n\t\t\t\t\t\t<div class=\"elementor-element elementor-element-ac587ee elementor-widget elementor-widget-spacer\" data-id=\"ac587ee\" data-element_type=\"widget\" data-e-type=\"widget\" data-widget_type=\"spacer.default\">\n\t\t\t\t<div class=\"elementor-widget-container\">\n\t\t\t\t\t\t\t<div class=\"elementor-spacer\">\n\t\t\t<div class=\"elementor-spacer-inner\"><\/div>\n\t\t<\/div>\n\t\t\t\t\t\t<\/div>\n\t\t\t\t<\/div>\n\t\t\t\t\t<\/div>\n\t\t<\/div>\n\t\t\t\t\t<\/div>\n\t\t<\/section>\n\t\t\t\t<section class=\"elementor-section elementor-top-section elementor-element elementor-element-b415aab elementor-section-boxed elementor-section-height-default elementor-section-height-default wpr-particle-no wpr-jarallax-no wpr-parallax-no wpr-sticky-section-no wpr-equal-height-no\" data-id=\"b415aab\" data-element_type=\"section\" data-e-type=\"section\">\n\t\t\t\t\t\t<div class=\"elementor-container elementor-column-gap-default\">\n\t\t\t\t\t<div class=\"elementor-column elementor-col-100 elementor-top-column elementor-element elementor-element-f8f47ef\" data-id=\"f8f47ef\" data-element_type=\"column\" data-e-type=\"column\">\n\t\t\t<div class=\"elementor-widget-wrap elementor-element-populated\">\n\t\t\t\t\t\t<div class=\"elementor-element elementor-element-abadd11 elementor-widget elementor-widget-heading\" data-id=\"abadd11\" data-element_type=\"widget\" data-e-type=\"widget\" data-widget_type=\"heading.default\">\n\t\t\t\t<div class=\"elementor-widget-container\">\n\t\t\t\t\t<h2 class=\"elementor-heading-title elementor-size-default\">SAMEDI 15 MARS 2025<\/h2>\t\t\t\t<\/div>\n\t\t\t\t<\/div>\n\t\t\t\t\t<\/div>\n\t\t<\/div>\n\t\t\t\t\t<\/div>\n\t\t<\/section>\n\t\t\t\t<section class=\"elementor-section elementor-top-section elementor-element elementor-element-d76ad1a elementor-section-boxed elementor-section-height-default elementor-section-height-default wpr-particle-no wpr-jarallax-no wpr-parallax-no wpr-sticky-section-no wpr-equal-height-no\" data-id=\"d76ad1a\" data-element_type=\"section\" data-e-type=\"section\">\n\t\t\t\t\t\t<div class=\"elementor-container elementor-column-gap-default\">\n\t\t\t\t\t<div class=\"elementor-column elementor-col-100 elementor-top-column elementor-element elementor-element-99b6f19\" data-id=\"99b6f19\" data-element_type=\"column\" data-e-type=\"column\">\n\t\t\t<div class=\"elementor-widget-wrap elementor-element-populated\">\n\t\t\t\t\t\t<div class=\"elementor-element elementor-element-1b58784 elementor-widget elementor-widget-text-editor\" data-id=\"1b58784\" data-element_type=\"widget\" data-e-type=\"widget\" data-widget_type=\"text-editor.default\">\n\t\t\t\t<div class=\"elementor-widget-container\">\n\t\t\t\t\t\t\t\t\t<p><strong>9H30-18H<\/strong><\/p><p>Entr\u00e9e libre<\/p>\t\t\t\t\t\t\t\t<\/div>\n\t\t\t\t<\/div>\n\t\t\t\t\t<\/div>\n\t\t<\/div>\n\t\t\t\t\t<\/div>\n\t\t<\/section>\n\t\t\t\t<section class=\"elementor-section elementor-top-section elementor-element elementor-element-5fb4b0c elementor-section-boxed elementor-section-height-default elementor-section-height-default wpr-particle-no wpr-jarallax-no wpr-parallax-no wpr-sticky-section-no wpr-equal-height-no\" data-id=\"5fb4b0c\" data-element_type=\"section\" data-e-type=\"section\">\n\t\t\t\t\t\t<div class=\"elementor-container elementor-column-gap-default\">\n\t\t\t\t\t<div class=\"elementor-column elementor-col-100 elementor-top-column elementor-element elementor-element-2931635\" data-id=\"2931635\" data-element_type=\"column\" data-e-type=\"column\">\n\t\t\t<div class=\"elementor-widget-wrap elementor-element-populated\">\n\t\t\t\t\t\t<div class=\"elementor-element elementor-element-2aa531b elementor-widget elementor-widget-text-editor\" data-id=\"2aa531b\" data-element_type=\"widget\" data-e-type=\"widget\" data-widget_type=\"text-editor.default\">\n\t\t\t\t<div class=\"elementor-widget-container\">\n\t\t\t\t\t\t\t\t\t<p>64 BOULEVARD GEORGE V, 33000 BORDEAUX<\/p>\t\t\t\t\t\t\t\t<\/div>\n\t\t\t\t<\/div>\n\t\t\t\t\t<\/div>\n\t\t<\/div>\n\t\t\t\t\t<\/div>\n\t\t<\/section>\n\t\t\t\t<section class=\"elementor-section elementor-top-section elementor-element elementor-element-c9f404c elementor-section-boxed elementor-section-height-default elementor-section-height-default wpr-particle-no wpr-jarallax-no wpr-parallax-no wpr-sticky-section-no wpr-equal-height-no\" data-id=\"c9f404c\" data-element_type=\"section\" data-e-type=\"section\">\n\t\t\t\t\t\t<div class=\"elementor-container elementor-column-gap-default\">\n\t\t\t\t\t<div class=\"elementor-column elementor-col-50 elementor-top-column elementor-element elementor-element-32f33cd\" data-id=\"32f33cd\" data-element_type=\"column\" data-e-type=\"column\">\n\t\t\t<div class=\"elementor-widget-wrap elementor-element-populated\">\n\t\t\t\t\t\t<div class=\"elementor-element elementor-element-e19c02c elementor-widget elementor-widget-text-editor\" data-id=\"e19c02c\" data-element_type=\"widget\" data-e-type=\"widget\" data-widget_type=\"text-editor.default\">\n\t\t\t\t<div class=\"elementor-widget-container\">\n\t\t\t\t\t\t\t\t\t<p><strong>Comment s&rsquo;y rendre ?<\/strong><\/p>\n<ul>\n<li style=\"font-weight: 400\"><b>En bus<\/b><span style=\"font-weight: 400\"> : Les lignes <\/span><b>1<\/b><span style=\"font-weight: 400\">, <\/span><b>20<\/b><span style=\"font-weight: 400\">, et <\/span><b>9<\/b><span style=\"font-weight: 400\"> du r\u00e9seau TBM s\u2019arr\u00eatent \u00e0 l&rsquo;arr\u00eat&nbsp; \u201c<\/span><i><span style=\"font-weight: 400\">Barri\u00e8re de Pessac\u201d<\/span><\/i><span style=\"font-weight: 400\">, situ\u00e9 \u00e0 <strong>une minute \u00e0 pied<\/strong>.<\/span><\/li>\n<\/ul>\n<ul>\n<li style=\"font-weight: 400\"><b>En tram<\/b><span style=\"font-weight: 400\"> : &nbsp; Ligne <\/span><b>A<\/b><span style=\"font-weight: 400\"> : Arr\u00eat \u00ab\u00a0<\/span><i><span style=\"font-weight: 400\">Stade Chaban-Delmas\u201d<\/span><\/i><span style=\"font-weight: 400\">, \u00e0 <\/span><b>10 minutes \u00e0 pied &nbsp; &nbsp; &nbsp; &nbsp; &nbsp; &nbsp; &nbsp; &nbsp; &nbsp; &nbsp; &nbsp;&nbsp;<\/b><span style=\"font-family: var( --e-global-typography-54d7ce3-font-family ), Sans-serif;font-size: var( --e-global-typography-54d7ce3-font-size )\">&nbsp; &nbsp; &nbsp; &nbsp; &nbsp; &nbsp; Ligne <\/span><b style=\"font-family: var( --e-global-typography-54d7ce3-font-family ), Sans-serif;font-size: var( --e-global-typography-54d7ce3-font-size )\">B<\/b><span style=\"font-family: var( --e-global-typography-54d7ce3-font-family ), Sans-serif;font-size: var( --e-global-typography-54d7ce3-font-size )\"> : Arr\u00eat \u00ab\u00a0<\/span><i style=\"font-family: var( --e-global-typography-54d7ce3-font-family ), Sans-serif;font-size: var( --e-global-typography-54d7ce3-font-size )\">Barri\u00e8re Saint-Gen\u00e8s\u201d<\/i><span style=\"font-family: var( --e-global-typography-54d7ce3-font-family ), Sans-serif;font-size: var( --e-global-typography-54d7ce3-font-size )\">, \u00e0 <\/span><b style=\"font-family: var( --e-global-typography-54d7ce3-font-family ), Sans-serif;font-size: var( --e-global-typography-54d7ce3-font-size )\">10 minutes \u00e0 pied<\/b><span style=\"font-family: var( --e-global-typography-54d7ce3-font-family ), Sans-serif;font-size: var( --e-global-typography-54d7ce3-font-size )\">.<\/span><\/li>\n<\/ul>\t\t\t\t\t\t\t\t<\/div>\n\t\t\t\t<\/div>\n\t\t\t\t\t<\/div>\n\t\t<\/div>\n\t\t\t\t<div class=\"elementor-column elementor-col-50 elementor-top-column elementor-element elementor-element-4bc01d6\" data-id=\"4bc01d6\" data-element_type=\"column\" data-e-type=\"column\">\n\t\t\t<div class=\"elementor-widget-wrap elementor-element-populated\">\n\t\t\t\t\t\t<div class=\"elementor-element elementor-element-065bf4d elementor-widget elementor-widget-google_maps\" data-id=\"065bf4d\" data-element_type=\"widget\" data-e-type=\"widget\" data-widget_type=\"google_maps.default\">\n\t\t\t\t<div class=\"elementor-widget-container\">\n\t\t\t\t\t\t\t<div class=\"elementor-custom-embed\">\n\t\t\t<iframe loading=\"lazy\"\n\t\t\t\t\tsrc=\"https:\/\/maps.google.com\/maps?q=64%20BOULEVARD%20GEORGE%20V%2C%20BORDEAUX&#038;t=m&#038;z=13&#038;output=embed&#038;iwloc=near\"\n\t\t\t\t\ttitle=\"64 BOULEVARD GEORGE V, BORDEAUX\"\n\t\t\t\t\taria-label=\"64 BOULEVARD GEORGE V, BORDEAUX\"\n\t\t\t><\/iframe>\n\t\t<\/div>\n\t\t\t\t\t\t<\/div>\n\t\t\t\t<\/div>\n\t\t\t\t\t<\/div>\n\t\t<\/div>\n\t\t\t\t\t<\/div>\n\t\t<\/section>\n\t\t\t\t<\/div>\n\t\t","protected":false},"excerpt":{"rendered":"<p>SAMEDI 15 MARS 2025 9H30-18H Entr\u00e9e libre 64 BOULEVARD GEORGE V, 33000 BORDEAUX Comment s&rsquo;y rendre ? En bus : Les lignes 1, 20, et 9 du r\u00e9seau TBM s\u2019arr\u00eatent \u00e0 l&rsquo;arr\u00eat&nbsp; \u201cBarri\u00e8re de Pessac\u201d, situ\u00e9 \u00e0 une minute \u00e0 pied. En tram : &nbsp; Ligne A : Arr\u00eat \u00ab\u00a0Stade Chaban-Delmas\u201d, \u00e0 10 minutes \u00e0 pied &nbsp; &nbsp; &nbsp; &nbsp; &nbsp; &nbsp; &nbsp; &nbsp; &nbsp; &nbsp; &nbsp;&nbsp;&nbsp; &nbsp; &nbsp; &nbsp; &nbsp; &nbsp; Ligne B : Arr\u00eat \u00ab\u00a0Barri\u00e8re Saint-Gen\u00e8s\u201d, \u00e0 10 minutes \u00e0 pied.<\/p>\n","protected":false},"author":10,"featured_media":0,"parent":0,"menu_order":0,"comment_status":"closed","ping_status":"closed","template":"","meta":{"om_disable_all_campaigns":false,"footnotes":""},"class_list":["post-755","page","type-page","status-publish","hentry"],"yoast_head":"<!-- This site is optimized with the Yoast SEO plugin v27.5 - https:\/\/yoast.com\/product\/yoast-seo-wordpress\/ -->\n<title>INFOS PRATIQUES 2025 - Salon de la Nutrition de l&#039;EDNH 2025 - Bordeaux<\/title>\n<meta name=\"robots\" content=\"index, follow, max-snippet:-1, max-image-preview:large, max-video-preview:-1\" \/>\n<link rel=\"canonical\" href=\"https:\/\/www.ednh.fr\/salon-nutrition\/bordeaux\/infos-pratiques\/\" \/>\n<meta property=\"og:locale\" content=\"fr_FR\" \/>\n<meta property=\"og:type\" content=\"article\" \/>\n<meta property=\"og:title\" content=\"INFOS PRATIQUES 2025 - Salon de la Nutrition de l&#039;EDNH 2025 - Bordeaux\" \/>\n<meta property=\"og:description\" content=\"SAMEDI 15 MARS 2025 9H30-18H Entr\u00e9e libre 64 BOULEVARD GEORGE V, 33000 BORDEAUX Comment s&rsquo;y rendre ? En bus : Les lignes 1, 20, et 9 du r\u00e9seau TBM s\u2019arr\u00eatent \u00e0 l&rsquo;arr\u00eat&nbsp; \u201cBarri\u00e8re de Pessac\u201d, situ\u00e9 \u00e0 une minute \u00e0 pied. En tram : &nbsp; Ligne A : Arr\u00eat \u00ab\u00a0Stade Chaban-Delmas\u201d, \u00e0 10 minutes \u00e0 pied &nbsp; &nbsp; &nbsp; &nbsp; &nbsp; &nbsp; &nbsp; &nbsp; &nbsp; &nbsp; &nbsp;&nbsp;&nbsp; &nbsp; &nbsp; &nbsp; &nbsp; &nbsp; Ligne B : Arr\u00eat \u00ab\u00a0Barri\u00e8re Saint-Gen\u00e8s\u201d, \u00e0 10 minutes \u00e0 pied.\" \/>\n<meta property=\"og:url\" content=\"https:\/\/www.ednh.fr\/salon-nutrition\/bordeaux\/infos-pratiques\/\" \/>\n<meta property=\"og:site_name\" content=\"Salon de la Nutrition de l&#039;EDNH 2025 - Bordeaux\" \/>\n<meta property=\"article:modified_time\" content=\"2025-02-07T12:53:58+00:00\" \/>\n<meta name=\"twitter:card\" content=\"summary_large_image\" \/>\n<meta name=\"twitter:label1\" content=\"Dur\u00e9e de lecture estim\u00e9e\" \/>\n\t<meta name=\"twitter:data1\" content=\"1 minute\" \/>\n<script type=\"application\/ld+json\" class=\"yoast-schema-graph\">{\"@context\":\"https:\\\/\\\/schema.org\",\"@graph\":[{\"@type\":\"WebPage\",\"@id\":\"https:\\\/\\\/www.ednh.fr\\\/salon-nutrition\\\/bordeaux\\\/infos-pratiques\\\/\",\"url\":\"https:\\\/\\\/www.ednh.fr\\\/salon-nutrition\\\/bordeaux\\\/infos-pratiques\\\/\",\"name\":\"INFOS PRATIQUES 2025 - Salon de la Nutrition de l&#039;EDNH 2025 - Bordeaux\",\"isPartOf\":{\"@id\":\"https:\\\/\\\/www.ednh.fr\\\/salon-nutrition\\\/bordeaux\\\/#website\"},\"datePublished\":\"2024-11-21T19:09:19+00:00\",\"dateModified\":\"2025-02-07T12:53:58+00:00\",\"breadcrumb\":{\"@id\":\"https:\\\/\\\/www.ednh.fr\\\/salon-nutrition\\\/bordeaux\\\/infos-pratiques\\\/#breadcrumb\"},\"inLanguage\":\"fr-FR\",\"potentialAction\":[{\"@type\":\"ReadAction\",\"target\":[\"https:\\\/\\\/www.ednh.fr\\\/salon-nutrition\\\/bordeaux\\\/infos-pratiques\\\/\"]}]},{\"@type\":\"BreadcrumbList\",\"@id\":\"https:\\\/\\\/www.ednh.fr\\\/salon-nutrition\\\/bordeaux\\\/infos-pratiques\\\/#breadcrumb\",\"itemListElement\":[{\"@type\":\"ListItem\",\"position\":1,\"name\":\"Accueil\",\"item\":\"https:\\\/\\\/www.ednh.fr\\\/salon-nutrition\\\/bordeaux\\\/\"},{\"@type\":\"ListItem\",\"position\":2,\"name\":\"INFOS PRATIQUES 2025\"}]},{\"@type\":\"WebSite\",\"@id\":\"https:\\\/\\\/www.ednh.fr\\\/salon-nutrition\\\/bordeaux\\\/#website\",\"url\":\"https:\\\/\\\/www.ednh.fr\\\/salon-nutrition\\\/bordeaux\\\/\",\"name\":\"Salon de la Nutrition de l&#039;EDNH 2025 - Bordeaux\",\"description\":\"Assiette &amp; Plan\u00e8te\",\"potentialAction\":[{\"@type\":\"SearchAction\",\"target\":{\"@type\":\"EntryPoint\",\"urlTemplate\":\"https:\\\/\\\/www.ednh.fr\\\/salon-nutrition\\\/bordeaux\\\/?s={search_term_string}\"},\"query-input\":{\"@type\":\"PropertyValueSpecification\",\"valueRequired\":true,\"valueName\":\"search_term_string\"}}],\"inLanguage\":\"fr-FR\"}]}<\/script>\n<!-- \/ Yoast SEO plugin. -->","yoast_head_json":{"title":"INFOS PRATIQUES 2025 - Salon de la Nutrition de l&#039;EDNH 2025 - Bordeaux","robots":{"index":"index","follow":"follow","max-snippet":"max-snippet:-1","max-image-preview":"max-image-preview:large","max-video-preview":"max-video-preview:-1"},"canonical":"https:\/\/www.ednh.fr\/salon-nutrition\/bordeaux\/infos-pratiques\/","og_locale":"fr_FR","og_type":"article","og_title":"INFOS PRATIQUES 2025 - Salon de la Nutrition de l&#039;EDNH 2025 - Bordeaux","og_description":"SAMEDI 15 MARS 2025 9H30-18H Entr\u00e9e libre 64 BOULEVARD GEORGE V, 33000 BORDEAUX Comment s&rsquo;y rendre ? En bus : Les lignes 1, 20, et 9 du r\u00e9seau TBM s\u2019arr\u00eatent \u00e0 l&rsquo;arr\u00eat&nbsp; \u201cBarri\u00e8re de Pessac\u201d, situ\u00e9 \u00e0 une minute \u00e0 pied. En tram : &nbsp; Ligne A : Arr\u00eat \u00ab\u00a0Stade Chaban-Delmas\u201d, \u00e0 10 minutes \u00e0 pied &nbsp; &nbsp; &nbsp; &nbsp; &nbsp; &nbsp; &nbsp; &nbsp; &nbsp; &nbsp; &nbsp;&nbsp;&nbsp; &nbsp; &nbsp; &nbsp; &nbsp; &nbsp; Ligne B : Arr\u00eat \u00ab\u00a0Barri\u00e8re Saint-Gen\u00e8s\u201d, \u00e0 10 minutes \u00e0 pied.","og_url":"https:\/\/www.ednh.fr\/salon-nutrition\/bordeaux\/infos-pratiques\/","og_site_name":"Salon de la Nutrition de l&#039;EDNH 2025 - Bordeaux","article_modified_time":"2025-02-07T12:53:58+00:00","twitter_card":"summary_large_image","twitter_misc":{"Dur\u00e9e de lecture estim\u00e9e":"1 minute"},"schema":{"@context":"https:\/\/schema.org","@graph":[{"@type":"WebPage","@id":"https:\/\/www.ednh.fr\/salon-nutrition\/bordeaux\/infos-pratiques\/","url":"https:\/\/www.ednh.fr\/salon-nutrition\/bordeaux\/infos-pratiques\/","name":"INFOS PRATIQUES 2025 - Salon de la Nutrition de l&#039;EDNH 2025 - Bordeaux","isPartOf":{"@id":"https:\/\/www.ednh.fr\/salon-nutrition\/bordeaux\/#website"},"datePublished":"2024-11-21T19:09:19+00:00","dateModified":"2025-02-07T12:53:58+00:00","breadcrumb":{"@id":"https:\/\/www.ednh.fr\/salon-nutrition\/bordeaux\/infos-pratiques\/#breadcrumb"},"inLanguage":"fr-FR","potentialAction":[{"@type":"ReadAction","target":["https:\/\/www.ednh.fr\/salon-nutrition\/bordeaux\/infos-pratiques\/"]}]},{"@type":"BreadcrumbList","@id":"https:\/\/www.ednh.fr\/salon-nutrition\/bordeaux\/infos-pratiques\/#breadcrumb","itemListElement":[{"@type":"ListItem","position":1,"name":"Accueil","item":"https:\/\/www.ednh.fr\/salon-nutrition\/bordeaux\/"},{"@type":"ListItem","position":2,"name":"INFOS PRATIQUES 2025"}]},{"@type":"WebSite","@id":"https:\/\/www.ednh.fr\/salon-nutrition\/bordeaux\/#website","url":"https:\/\/www.ednh.fr\/salon-nutrition\/bordeaux\/","name":"Salon de la Nutrition de l&#039;EDNH 2025 - Bordeaux","description":"Assiette &amp; Plan\u00e8te","potentialAction":[{"@type":"SearchAction","target":{"@type":"EntryPoint","urlTemplate":"https:\/\/www.ednh.fr\/salon-nutrition\/bordeaux\/?s={search_term_string}"},"query-input":{"@type":"PropertyValueSpecification","valueRequired":true,"valueName":"search_term_string"}}],"inLanguage":"fr-FR"}]}},"_links":{"self":[{"href":"https:\/\/www.ednh.fr\/salon-nutrition\/bordeaux\/wp-json\/wp\/v2\/pages\/755","targetHints":{"allow":["GET"]}}],"collection":[{"href":"https:\/\/www.ednh.fr\/salon-nutrition\/bordeaux\/wp-json\/wp\/v2\/pages"}],"about":[{"href":"https:\/\/www.ednh.fr\/salon-nutrition\/bordeaux\/wp-json\/wp\/v2\/types\/page"}],"author":[{"embeddable":true,"href":"https:\/\/www.ednh.fr\/salon-nutrition\/bordeaux\/wp-json\/wp\/v2\/users\/10"}],"replies":[{"embeddable":true,"href":"https:\/\/www.ednh.fr\/salon-nutrition\/bordeaux\/wp-json\/wp\/v2\/comments?post=755"}],"version-history":[{"count":38,"href":"https:\/\/www.ednh.fr\/salon-nutrition\/bordeaux\/wp-json\/wp\/v2\/pages\/755\/revisions"}],"predecessor-version":[{"id":1506,"href":"https:\/\/www.ednh.fr\/salon-nutrition\/bordeaux\/wp-json\/wp\/v2\/pages\/755\/revisions\/1506"}],"wp:attachment":[{"href":"https:\/\/www.ednh.fr\/salon-nutrition\/bordeaux\/wp-json\/wp\/v2\/media?parent=755"}],"curies":[{"name":"wp","href":"https:\/\/api.w.org\/{rel}","templated":true}]}}