{"id":754,"date":"2024-11-21T20:09:19","date_gmt":"2024-11-21T19:09:19","guid":{"rendered":"https:\/\/www.ednh.fr\/salon-nutrition\/bordeaux\/?page_id=754"},"modified":"2025-02-11T10:10:03","modified_gmt":"2025-02-11T09:10:03","slug":"qui-sommes-nous","status":"publish","type":"page","link":"https:\/\/www.ednh.fr\/salon-nutrition\/bordeaux\/qui-sommes-nous\/","title":{"rendered":"QUI SOMMES NOUS ?"},"content":{"rendered":"\t\t<div data-elementor-type=\"wp-page\" data-elementor-id=\"754\" class=\"elementor elementor-754\">\n\t\t\t\t\t\t<section class=\"elementor-section elementor-top-section elementor-element elementor-element-24ce1f7 elementor-section-boxed elementor-section-height-default elementor-section-height-default wpr-particle-no wpr-jarallax-no wpr-parallax-no wpr-sticky-section-no wpr-equal-height-no\" data-id=\"24ce1f7\" data-element_type=\"section\" data-e-type=\"section\">\n\t\t\t\t\t\t<div class=\"elementor-container elementor-column-gap-default\">\n\t\t\t\t\t<div class=\"elementor-column elementor-col-100 elementor-top-column elementor-element elementor-element-932ed7a\" data-id=\"932ed7a\" data-element_type=\"column\" data-e-type=\"column\">\n\t\t\t<div class=\"elementor-widget-wrap elementor-element-populated\">\n\t\t\t\t\t\t<div class=\"elementor-element elementor-element-18c2275 elementor-widget elementor-widget-text-editor\" data-id=\"18c2275\" data-element_type=\"widget\" data-e-type=\"widget\" data-widget_type=\"text-editor.default\">\n\t\t\t\t<div class=\"elementor-widget-container\">\n\t\t\t\t\t\t\t\t\t<h4><span style=\"font-weight: normal\">Nous sommes une \u00e9quipe d&rsquo;\u00e9tudiants en <\/span>di\u00e9t\u00e9tique<span style=\"font-weight: normal\"> et <\/span>nutrition<span style=\"font-weight: normal\">, passionn\u00e9s par la sant\u00e9 et le bien-\u00eatre et convaincus qu\u2019une bonne nutrition est la cl\u00e9 d\u2019une vie \u00e9quilibr\u00e9e. &nbsp;<\/span><font face=\"var( --e-global-typography-54d7ce3-font-family ), Sans-serif\"><span style=\"font-weight: normal\">Nous organisons le Salon de la <\/span><\/font><span style=\"font-weight: 400\">Nutrition de l&rsquo;EDNH<\/span><font face=\"var( --e-global-typography-54d7ce3-font-family ), Sans-serif\"><span style=\"font-weight: normal\">.<\/span><\/font><\/h4>\t\t\t\t\t\t\t\t<\/div>\n\t\t\t\t<\/div>\n\t\t\t\t\t<\/div>\n\t\t<\/div>\n\t\t\t\t\t<\/div>\n\t\t<\/section>\n\t\t\t\t<section class=\"elementor-section elementor-top-section elementor-element elementor-element-a752ff8 elementor-section-boxed elementor-section-height-default elementor-section-height-default wpr-particle-no wpr-jarallax-no wpr-parallax-no wpr-sticky-section-no wpr-equal-height-no\" data-id=\"a752ff8\" data-element_type=\"section\" data-e-type=\"section\">\n\t\t\t\t\t\t<div class=\"elementor-container elementor-column-gap-default\">\n\t\t\t\t\t<div class=\"elementor-column elementor-col-100 elementor-top-column elementor-element elementor-element-4207705\" data-id=\"4207705\" data-element_type=\"column\" data-e-type=\"column\">\n\t\t\t<div class=\"elementor-widget-wrap elementor-element-populated\">\n\t\t\t\t\t\t<div class=\"elementor-element elementor-element-89e6f3c elementor-widget elementor-widget-image\" data-id=\"89e6f3c\" data-element_type=\"widget\" data-e-type=\"widget\" data-widget_type=\"image.default\">\n\t\t\t\t<div class=\"elementor-widget-container\">\n\t\t\t\t\t\t\t\t\t\t\t\t\t\t\t<img fetchpriority=\"high\" decoding=\"async\" width=\"780\" height=\"440\" src=\"https:\/\/www.ednh.fr\/salon-nutrition\/bordeaux\/wp-content\/uploads\/sites\/5\/2025\/01\/Image-30-01-2025-a-17.40-1024x577.jpg\" class=\"attachment-large size-large wp-image-1423\" alt=\"\" srcset=\"https:\/\/www.ednh.fr\/salon-nutrition\/bordeaux\/wp-content\/uploads\/sites\/5\/2025\/01\/Image-30-01-2025-a-17.40-1024x577.jpg 1024w, https:\/\/www.ednh.fr\/salon-nutrition\/bordeaux\/wp-content\/uploads\/sites\/5\/2025\/01\/Image-30-01-2025-a-17.40-300x169.jpg 300w, https:\/\/www.ednh.fr\/salon-nutrition\/bordeaux\/wp-content\/uploads\/sites\/5\/2025\/01\/Image-30-01-2025-a-17.40-768x432.jpg 768w, https:\/\/www.ednh.fr\/salon-nutrition\/bordeaux\/wp-content\/uploads\/sites\/5\/2025\/01\/Image-30-01-2025-a-17.40-1536x865.jpg 1536w, https:\/\/www.ednh.fr\/salon-nutrition\/bordeaux\/wp-content\/uploads\/sites\/5\/2025\/01\/Image-30-01-2025-a-17.40-2048x1153.jpg 2048w, https:\/\/www.ednh.fr\/salon-nutrition\/bordeaux\/wp-content\/uploads\/sites\/5\/2025\/01\/Image-30-01-2025-a-17.40-1560x878.jpg 1560w\" sizes=\"(max-width: 780px) 100vw, 780px\" \/>\t\t\t\t\t\t\t\t\t\t\t\t\t\t\t<\/div>\n\t\t\t\t<\/div>\n\t\t\t\t\t<\/div>\n\t\t<\/div>\n\t\t\t\t\t<\/div>\n\t\t<\/section>\n\t\t\t\t<section class=\"elementor-section elementor-top-section elementor-element elementor-element-2fb8928 elementor-section-boxed elementor-section-height-default elementor-section-height-default wpr-particle-no wpr-jarallax-no wpr-parallax-no wpr-sticky-section-no wpr-equal-height-no\" data-id=\"2fb8928\" data-element_type=\"section\" data-e-type=\"section\">\n\t\t\t\t\t\t<div class=\"elementor-container elementor-column-gap-default\">\n\t\t\t\t\t<div class=\"elementor-column elementor-col-100 elementor-top-column elementor-element elementor-element-25185c3\" data-id=\"25185c3\" data-element_type=\"column\" data-e-type=\"column\">\n\t\t\t<div class=\"elementor-widget-wrap elementor-element-populated\">\n\t\t\t\t\t\t<div class=\"elementor-element elementor-element-f0570a8 elementor-widget elementor-widget-heading\" data-id=\"f0570a8\" data-element_type=\"widget\" data-e-type=\"widget\" data-widget_type=\"heading.default\">\n\t\t\t\t<div class=\"elementor-widget-container\">\n\t\t\t\t\t<h4 class=\"elementor-heading-title elementor-size-default\">Nous avons \u00e0 c\u0153ur de sensibiliser nos visiteurs aux bienfaits d\u2019une alimentation saine tout en mettant en lumi\u00e8re les d\u00e9fis environnementaux li\u00e9s \u00e0 nos choix alimentaires.<\/h4>\t\t\t\t<\/div>\n\t\t\t\t<\/div>\n\t\t\t\t\t<\/div>\n\t\t<\/div>\n\t\t\t\t\t<\/div>\n\t\t<\/section>\n\t\t\t\t<section class=\"elementor-section elementor-top-section elementor-element elementor-element-31d235f elementor-section-boxed elementor-section-height-default elementor-section-height-default wpr-particle-no wpr-jarallax-no wpr-parallax-no wpr-sticky-section-no wpr-equal-height-no\" data-id=\"31d235f\" data-element_type=\"section\" data-e-type=\"section\">\n\t\t\t\t\t\t<div class=\"elementor-container elementor-column-gap-default\">\n\t\t\t\t\t<div class=\"elementor-column elementor-col-100 elementor-top-column elementor-element elementor-element-adcc6fb\" data-id=\"adcc6fb\" data-element_type=\"column\" data-e-type=\"column\">\n\t\t\t<div class=\"elementor-widget-wrap elementor-element-populated\">\n\t\t\t\t\t\t<div class=\"elementor-element elementor-element-606ed05 elementor-widget-divider--view-line elementor-widget elementor-widget-divider\" data-id=\"606ed05\" data-element_type=\"widget\" data-e-type=\"widget\" data-widget_type=\"divider.default\">\n\t\t\t\t<div class=\"elementor-widget-container\">\n\t\t\t\t\t\t\t<div class=\"elementor-divider\">\n\t\t\t<span class=\"elementor-divider-separator\">\n\t\t\t\t\t\t<\/span>\n\t\t<\/div>\n\t\t\t\t\t\t<\/div>\n\t\t\t\t<\/div>\n\t\t\t\t<div class=\"elementor-element elementor-element-002d487 elementor-widget elementor-widget-heading\" data-id=\"002d487\" data-element_type=\"widget\" data-e-type=\"widget\" data-widget_type=\"heading.default\">\n\t\t\t\t<div class=\"elementor-widget-container\">\n\t\t\t\t\t<h3 class=\"elementor-heading-title elementor-size-default\">NOTRE ENGAGEMENT REPOSE SUR TROIS PILIERS :\n<\/h3>\t\t\t\t<\/div>\n\t\t\t\t<\/div>\n\t\t\t\t<div class=\"elementor-element elementor-element-305c8fe elementor-widget elementor-widget-text-editor\" data-id=\"305c8fe\" data-element_type=\"widget\" data-e-type=\"widget\" data-widget_type=\"text-editor.default\">\n\t\t\t\t<div class=\"elementor-widget-container\">\n\t\t\t\t\t\t\t\t\t<h4>&nbsp;<\/h4>\n<h1><h3><h4><ul><li><span style=\"font-weight: normal\"><strong>&nbsp;Informer&nbsp;:<\/strong> Transmettre des connaissances essentielles pour adopter une alimentation plus saine et durable.<\/span><\/li><\/ul><ul><li><span style=\"font-weight: normal\"><strong>Pr\u00e9server la plan\u00e8te&nbsp;:<\/strong> Encourager des pratiques alimentaires respectueuses de l\u2019environnement.<\/span><\/li><\/ul><ul><li><span style=\"font-weight: normal\"><strong>Partager&nbsp;:<\/strong> Offrir un espace d\u2019\u00e9change et de d\u00e9couverte accessible \u00e0 tous.<\/span><\/li><\/ul><\/h4><\/h3><\/h1>\n\n\n<h4><span style=\"font-weight: normal\">Gr\u00e2ce aux comp\u00e9tences et \u00e0 la cr\u00e9ativit\u00e9 de chacun, nous construisons un \u00e9v\u00e9nement interactif et enrichissant. Notre ambition est de faire de ce salon un moment unique d\u2019apprentissage et de r\u00e9flexion.<\/span><\/h4>\n<h4><span style=\"font-weight: normal\">\ud83d\udcc5&nbsp;Rendez-vous le samedi 15 mars 2025&nbsp;pour d\u00e9couvrir, \u00e9changer et avancer ensemble vers un avenir plus responsable !<\/span><\/h4>\t\t\t\t\t\t\t\t<\/div>\n\t\t\t\t<\/div>\n\t\t\t\t<div class=\"elementor-element elementor-element-e878a00 elementor-widget-divider--view-line elementor-widget elementor-widget-divider\" data-id=\"e878a00\" data-element_type=\"widget\" data-e-type=\"widget\" data-widget_type=\"divider.default\">\n\t\t\t\t<div class=\"elementor-widget-container\">\n\t\t\t\t\t\t\t<div class=\"elementor-divider\">\n\t\t\t<span class=\"elementor-divider-separator\">\n\t\t\t\t\t\t<\/span>\n\t\t<\/div>\n\t\t\t\t\t\t<\/div>\n\t\t\t\t<\/div>\n\t\t\t\t\t<\/div>\n\t\t<\/div>\n\t\t\t\t\t<\/div>\n\t\t<\/section>\n\t\t\t\t<section class=\"elementor-section elementor-top-section elementor-element elementor-element-46643f9 elementor-section-boxed elementor-section-height-default elementor-section-height-default wpr-particle-no wpr-jarallax-no wpr-parallax-no wpr-sticky-section-no wpr-equal-height-no\" data-id=\"46643f9\" data-element_type=\"section\" data-e-type=\"section\">\n\t\t\t\t\t\t<div class=\"elementor-container elementor-column-gap-default\">\n\t\t\t\t\t<div class=\"elementor-column elementor-col-100 elementor-top-column elementor-element elementor-element-2dad538\" data-id=\"2dad538\" data-element_type=\"column\" data-e-type=\"column\">\n\t\t\t<div class=\"elementor-widget-wrap\">\n\t\t\t\t\t\t\t<\/div>\n\t\t<\/div>\n\t\t\t\t\t<\/div>\n\t\t<\/section>\n\t\t\t\t<\/div>\n\t\t","protected":false},"excerpt":{"rendered":"<p>Nous sommes une \u00e9quipe d&rsquo;\u00e9tudiants en di\u00e9t\u00e9tique et nutrition, passionn\u00e9s par la sant\u00e9 et le bien-\u00eatre et convaincus qu\u2019une bonne nutrition est la cl\u00e9 d\u2019une vie \u00e9quilibr\u00e9e. &nbsp;Nous organisons le Salon de la Nutrition de l&rsquo;EDNH. Nous avons \u00e0 c\u0153ur de sensibiliser nos visiteurs aux bienfaits d\u2019une alimentation saine tout en mettant en lumi\u00e8re les d\u00e9fis environnementaux li\u00e9s \u00e0 nos choix alimentaires. NOTRE ENGAGEMENT REPOSE SUR TROIS PILIERS : &nbsp; &nbsp;Informer&nbsp;: Transmettre des connaissances essentielles pour adopter une alimentation plus saine et durable. Pr\u00e9server la plan\u00e8te&nbsp;: Encourager des pratiques alimentaires respectueuses de l\u2019environnement. Partager&nbsp;: Offrir un espace d\u2019\u00e9change et de d\u00e9couverte accessible \u00e0 tous. Gr\u00e2ce aux comp\u00e9tences et \u00e0 la cr\u00e9ativit\u00e9 de chacun, nous construisons un \u00e9v\u00e9nement interactif et enrichissant. Notre ambition est de faire de ce salon un moment unique d\u2019apprentissage et de r\u00e9flexion. \ud83d\udcc5&nbsp;Rendez-vous le samedi 15 mars 2025&nbsp;pour d\u00e9couvrir, \u00e9changer et avancer ensemble vers un avenir plus responsable !<\/p>\n","protected":false},"author":10,"featured_media":0,"parent":0,"menu_order":0,"comment_status":"closed","ping_status":"closed","template":"","meta":{"om_disable_all_campaigns":false,"footnotes":""},"class_list":["post-754","page","type-page","status-publish","hentry"],"yoast_head":"<!-- This site is optimized with the Yoast SEO plugin v27.5 - https:\/\/yoast.com\/product\/yoast-seo-wordpress\/ -->\n<title>QUI SOMMES NOUS ? - Salon de la Nutrition de l&#039;EDNH 2025 - Bordeaux<\/title>\n<meta name=\"robots\" content=\"index, follow, max-snippet:-1, max-image-preview:large, max-video-preview:-1\" \/>\n<link rel=\"canonical\" href=\"https:\/\/www.ednh.fr\/salon-nutrition\/bordeaux\/qui-sommes-nous\/\" \/>\n<meta property=\"og:locale\" content=\"fr_FR\" \/>\n<meta property=\"og:type\" content=\"article\" \/>\n<meta property=\"og:title\" content=\"QUI SOMMES NOUS ? - Salon de la Nutrition de l&#039;EDNH 2025 - Bordeaux\" \/>\n<meta property=\"og:description\" content=\"Nous sommes une \u00e9quipe d&rsquo;\u00e9tudiants en di\u00e9t\u00e9tique et nutrition, passionn\u00e9s par la sant\u00e9 et le bien-\u00eatre et convaincus qu\u2019une bonne nutrition est la cl\u00e9 d\u2019une vie \u00e9quilibr\u00e9e. &nbsp;Nous organisons le Salon de la Nutrition de l&rsquo;EDNH. Nous avons \u00e0 c\u0153ur de sensibiliser nos visiteurs aux bienfaits d\u2019une alimentation saine tout en mettant en lumi\u00e8re les d\u00e9fis environnementaux li\u00e9s \u00e0 nos choix alimentaires. NOTRE ENGAGEMENT REPOSE SUR TROIS PILIERS : &nbsp; &nbsp;Informer&nbsp;: Transmettre des connaissances essentielles pour adopter une alimentation plus saine et durable. Pr\u00e9server la plan\u00e8te&nbsp;: Encourager des pratiques alimentaires respectueuses de l\u2019environnement. Partager&nbsp;: Offrir un espace d\u2019\u00e9change et de d\u00e9couverte accessible \u00e0 tous. Gr\u00e2ce aux comp\u00e9tences et \u00e0 la cr\u00e9ativit\u00e9 de chacun, nous construisons un \u00e9v\u00e9nement interactif et enrichissant. Notre ambition est de faire de ce salon un moment unique d\u2019apprentissage et de r\u00e9flexion. \ud83d\udcc5&nbsp;Rendez-vous le samedi 15 mars 2025&nbsp;pour d\u00e9couvrir, \u00e9changer et avancer ensemble vers un avenir plus responsable !\" \/>\n<meta property=\"og:url\" content=\"https:\/\/www.ednh.fr\/salon-nutrition\/bordeaux\/qui-sommes-nous\/\" \/>\n<meta property=\"og:site_name\" content=\"Salon de la Nutrition de l&#039;EDNH 2025 - Bordeaux\" \/>\n<meta property=\"article:modified_time\" content=\"2025-02-11T09:10:03+00:00\" \/>\n<meta property=\"og:image\" content=\"https:\/\/www.ednh.fr\/salon-nutrition\/bordeaux\/wp-content\/uploads\/sites\/5\/2025\/01\/Image-30-01-2025-a-17.40.jpg\" \/>\n\t<meta property=\"og:image:width\" content=\"2536\" \/>\n\t<meta property=\"og:image:height\" content=\"1428\" \/>\n\t<meta property=\"og:image:type\" content=\"image\/jpeg\" \/>\n<meta name=\"twitter:card\" content=\"summary_large_image\" \/>\n<meta name=\"twitter:label1\" content=\"Dur\u00e9e de lecture estim\u00e9e\" \/>\n\t<meta name=\"twitter:data1\" content=\"1 minute\" \/>\n<script type=\"application\/ld+json\" class=\"yoast-schema-graph\">{\"@context\":\"https:\\\/\\\/schema.org\",\"@graph\":[{\"@type\":\"WebPage\",\"@id\":\"https:\\\/\\\/www.ednh.fr\\\/salon-nutrition\\\/bordeaux\\\/qui-sommes-nous\\\/\",\"url\":\"https:\\\/\\\/www.ednh.fr\\\/salon-nutrition\\\/bordeaux\\\/qui-sommes-nous\\\/\",\"name\":\"QUI SOMMES NOUS ? - Salon de la Nutrition de l&#039;EDNH 2025 - Bordeaux\",\"isPartOf\":{\"@id\":\"https:\\\/\\\/www.ednh.fr\\\/salon-nutrition\\\/bordeaux\\\/#website\"},\"primaryImageOfPage\":{\"@id\":\"https:\\\/\\\/www.ednh.fr\\\/salon-nutrition\\\/bordeaux\\\/qui-sommes-nous\\\/#primaryimage\"},\"image\":{\"@id\":\"https:\\\/\\\/www.ednh.fr\\\/salon-nutrition\\\/bordeaux\\\/qui-sommes-nous\\\/#primaryimage\"},\"thumbnailUrl\":\"https:\\\/\\\/www.ednh.fr\\\/salon-nutrition\\\/bordeaux\\\/wp-content\\\/uploads\\\/sites\\\/5\\\/2025\\\/01\\\/Image-30-01-2025-a-17.40-1024x577.jpg\",\"datePublished\":\"2024-11-21T19:09:19+00:00\",\"dateModified\":\"2025-02-11T09:10:03+00:00\",\"breadcrumb\":{\"@id\":\"https:\\\/\\\/www.ednh.fr\\\/salon-nutrition\\\/bordeaux\\\/qui-sommes-nous\\\/#breadcrumb\"},\"inLanguage\":\"fr-FR\",\"potentialAction\":[{\"@type\":\"ReadAction\",\"target\":[\"https:\\\/\\\/www.ednh.fr\\\/salon-nutrition\\\/bordeaux\\\/qui-sommes-nous\\\/\"]}]},{\"@type\":\"ImageObject\",\"inLanguage\":\"fr-FR\",\"@id\":\"https:\\\/\\\/www.ednh.fr\\\/salon-nutrition\\\/bordeaux\\\/qui-sommes-nous\\\/#primaryimage\",\"url\":\"https:\\\/\\\/www.ednh.fr\\\/salon-nutrition\\\/bordeaux\\\/wp-content\\\/uploads\\\/sites\\\/5\\\/2025\\\/01\\\/Image-30-01-2025-a-17.40.jpg\",\"contentUrl\":\"https:\\\/\\\/www.ednh.fr\\\/salon-nutrition\\\/bordeaux\\\/wp-content\\\/uploads\\\/sites\\\/5\\\/2025\\\/01\\\/Image-30-01-2025-a-17.40.jpg\",\"width\":2536,\"height\":1428},{\"@type\":\"BreadcrumbList\",\"@id\":\"https:\\\/\\\/www.ednh.fr\\\/salon-nutrition\\\/bordeaux\\\/qui-sommes-nous\\\/#breadcrumb\",\"itemListElement\":[{\"@type\":\"ListItem\",\"position\":1,\"name\":\"Accueil\",\"item\":\"https:\\\/\\\/www.ednh.fr\\\/salon-nutrition\\\/bordeaux\\\/\"},{\"@type\":\"ListItem\",\"position\":2,\"name\":\"QUI SOMMES NOUS ?\"}]},{\"@type\":\"WebSite\",\"@id\":\"https:\\\/\\\/www.ednh.fr\\\/salon-nutrition\\\/bordeaux\\\/#website\",\"url\":\"https:\\\/\\\/www.ednh.fr\\\/salon-nutrition\\\/bordeaux\\\/\",\"name\":\"Salon de la Nutrition de l&#039;EDNH 2025 - Bordeaux\",\"description\":\"Assiette &amp; Plan\u00e8te\",\"potentialAction\":[{\"@type\":\"SearchAction\",\"target\":{\"@type\":\"EntryPoint\",\"urlTemplate\":\"https:\\\/\\\/www.ednh.fr\\\/salon-nutrition\\\/bordeaux\\\/?s={search_term_string}\"},\"query-input\":{\"@type\":\"PropertyValueSpecification\",\"valueRequired\":true,\"valueName\":\"search_term_string\"}}],\"inLanguage\":\"fr-FR\"}]}<\/script>\n<!-- \/ Yoast SEO plugin. -->","yoast_head_json":{"title":"QUI SOMMES NOUS ? - Salon de la Nutrition de l&#039;EDNH 2025 - Bordeaux","robots":{"index":"index","follow":"follow","max-snippet":"max-snippet:-1","max-image-preview":"max-image-preview:large","max-video-preview":"max-video-preview:-1"},"canonical":"https:\/\/www.ednh.fr\/salon-nutrition\/bordeaux\/qui-sommes-nous\/","og_locale":"fr_FR","og_type":"article","og_title":"QUI SOMMES NOUS ? - Salon de la Nutrition de l&#039;EDNH 2025 - Bordeaux","og_description":"Nous sommes une \u00e9quipe d&rsquo;\u00e9tudiants en di\u00e9t\u00e9tique et nutrition, passionn\u00e9s par la sant\u00e9 et le bien-\u00eatre et convaincus qu\u2019une bonne nutrition est la cl\u00e9 d\u2019une vie \u00e9quilibr\u00e9e. &nbsp;Nous organisons le Salon de la Nutrition de l&rsquo;EDNH. Nous avons \u00e0 c\u0153ur de sensibiliser nos visiteurs aux bienfaits d\u2019une alimentation saine tout en mettant en lumi\u00e8re les d\u00e9fis environnementaux li\u00e9s \u00e0 nos choix alimentaires. NOTRE ENGAGEMENT REPOSE SUR TROIS PILIERS : &nbsp; &nbsp;Informer&nbsp;: Transmettre des connaissances essentielles pour adopter une alimentation plus saine et durable. Pr\u00e9server la plan\u00e8te&nbsp;: Encourager des pratiques alimentaires respectueuses de l\u2019environnement. Partager&nbsp;: Offrir un espace d\u2019\u00e9change et de d\u00e9couverte accessible \u00e0 tous. Gr\u00e2ce aux comp\u00e9tences et \u00e0 la cr\u00e9ativit\u00e9 de chacun, nous construisons un \u00e9v\u00e9nement interactif et enrichissant. Notre ambition est de faire de ce salon un moment unique d\u2019apprentissage et de r\u00e9flexion. \ud83d\udcc5&nbsp;Rendez-vous le samedi 15 mars 2025&nbsp;pour d\u00e9couvrir, \u00e9changer et avancer ensemble vers un avenir plus responsable !","og_url":"https:\/\/www.ednh.fr\/salon-nutrition\/bordeaux\/qui-sommes-nous\/","og_site_name":"Salon de la Nutrition de l&#039;EDNH 2025 - Bordeaux","article_modified_time":"2025-02-11T09:10:03+00:00","og_image":[{"width":2536,"height":1428,"url":"https:\/\/www.ednh.fr\/salon-nutrition\/bordeaux\/wp-content\/uploads\/sites\/5\/2025\/01\/Image-30-01-2025-a-17.40.jpg","type":"image\/jpeg"}],"twitter_card":"summary_large_image","twitter_misc":{"Dur\u00e9e de lecture estim\u00e9e":"1 minute"},"schema":{"@context":"https:\/\/schema.org","@graph":[{"@type":"WebPage","@id":"https:\/\/www.ednh.fr\/salon-nutrition\/bordeaux\/qui-sommes-nous\/","url":"https:\/\/www.ednh.fr\/salon-nutrition\/bordeaux\/qui-sommes-nous\/","name":"QUI SOMMES NOUS ? - Salon de la Nutrition de l&#039;EDNH 2025 - Bordeaux","isPartOf":{"@id":"https:\/\/www.ednh.fr\/salon-nutrition\/bordeaux\/#website"},"primaryImageOfPage":{"@id":"https:\/\/www.ednh.fr\/salon-nutrition\/bordeaux\/qui-sommes-nous\/#primaryimage"},"image":{"@id":"https:\/\/www.ednh.fr\/salon-nutrition\/bordeaux\/qui-sommes-nous\/#primaryimage"},"thumbnailUrl":"https:\/\/www.ednh.fr\/salon-nutrition\/bordeaux\/wp-content\/uploads\/sites\/5\/2025\/01\/Image-30-01-2025-a-17.40-1024x577.jpg","datePublished":"2024-11-21T19:09:19+00:00","dateModified":"2025-02-11T09:10:03+00:00","breadcrumb":{"@id":"https:\/\/www.ednh.fr\/salon-nutrition\/bordeaux\/qui-sommes-nous\/#breadcrumb"},"inLanguage":"fr-FR","potentialAction":[{"@type":"ReadAction","target":["https:\/\/www.ednh.fr\/salon-nutrition\/bordeaux\/qui-sommes-nous\/"]}]},{"@type":"ImageObject","inLanguage":"fr-FR","@id":"https:\/\/www.ednh.fr\/salon-nutrition\/bordeaux\/qui-sommes-nous\/#primaryimage","url":"https:\/\/www.ednh.fr\/salon-nutrition\/bordeaux\/wp-content\/uploads\/sites\/5\/2025\/01\/Image-30-01-2025-a-17.40.jpg","contentUrl":"https:\/\/www.ednh.fr\/salon-nutrition\/bordeaux\/wp-content\/uploads\/sites\/5\/2025\/01\/Image-30-01-2025-a-17.40.jpg","width":2536,"height":1428},{"@type":"BreadcrumbList","@id":"https:\/\/www.ednh.fr\/salon-nutrition\/bordeaux\/qui-sommes-nous\/#breadcrumb","itemListElement":[{"@type":"ListItem","position":1,"name":"Accueil","item":"https:\/\/www.ednh.fr\/salon-nutrition\/bordeaux\/"},{"@type":"ListItem","position":2,"name":"QUI SOMMES NOUS ?"}]},{"@type":"WebSite","@id":"https:\/\/www.ednh.fr\/salon-nutrition\/bordeaux\/#website","url":"https:\/\/www.ednh.fr\/salon-nutrition\/bordeaux\/","name":"Salon de la Nutrition de l&#039;EDNH 2025 - Bordeaux","description":"Assiette &amp; Plan\u00e8te","potentialAction":[{"@type":"SearchAction","target":{"@type":"EntryPoint","urlTemplate":"https:\/\/www.ednh.fr\/salon-nutrition\/bordeaux\/?s={search_term_string}"},"query-input":{"@type":"PropertyValueSpecification","valueRequired":true,"valueName":"search_term_string"}}],"inLanguage":"fr-FR"}]}},"_links":{"self":[{"href":"https:\/\/www.ednh.fr\/salon-nutrition\/bordeaux\/wp-json\/wp\/v2\/pages\/754","targetHints":{"allow":["GET"]}}],"collection":[{"href":"https:\/\/www.ednh.fr\/salon-nutrition\/bordeaux\/wp-json\/wp\/v2\/pages"}],"about":[{"href":"https:\/\/www.ednh.fr\/salon-nutrition\/bordeaux\/wp-json\/wp\/v2\/types\/page"}],"author":[{"embeddable":true,"href":"https:\/\/www.ednh.fr\/salon-nutrition\/bordeaux\/wp-json\/wp\/v2\/users\/10"}],"replies":[{"embeddable":true,"href":"https:\/\/www.ednh.fr\/salon-nutrition\/bordeaux\/wp-json\/wp\/v2\/comments?post=754"}],"version-history":[{"count":40,"href":"https:\/\/www.ednh.fr\/salon-nutrition\/bordeaux\/wp-json\/wp\/v2\/pages\/754\/revisions"}],"predecessor-version":[{"id":1509,"href":"https:\/\/www.ednh.fr\/salon-nutrition\/bordeaux\/wp-json\/wp\/v2\/pages\/754\/revisions\/1509"}],"wp:attachment":[{"href":"https:\/\/www.ednh.fr\/salon-nutrition\/bordeaux\/wp-json\/wp\/v2\/media?parent=754"}],"curies":[{"name":"wp","href":"https:\/\/api.w.org\/{rel}","templated":true}]}}