{"id":451,"date":"2024-11-24T20:20:44","date_gmt":"2024-11-24T19:20:44","guid":{"rendered":"https:\/\/www.ednh.fr\/clinique-nutrition\/montpellier\/?page_id=451"},"modified":"2025-01-06T15:45:56","modified_gmt":"2025-01-06T14:45:56","slug":"notre-equipe","status":"publish","type":"page","link":"https:\/\/www.ednh.fr\/clinique-nutrition\/montpellier\/notre-equipe\/","title":{"rendered":"Notre \u00e9quipe"},"content":{"rendered":"\t\t<div data-elementor-type=\"wp-page\" data-elementor-id=\"451\" class=\"elementor elementor-451\">\n\t\t\t\t<div class=\"elementor-element elementor-element-12d3c1c e-flex e-con-boxed wpr-particle-no wpr-jarallax-no wpr-parallax-no wpr-sticky-section-no wpr-column-slider-no wpr-equal-height-no e-con e-parent\" data-id=\"12d3c1c\" data-element_type=\"container\" data-e-type=\"container\">\n\t\t\t\t\t<div class=\"e-con-inner\">\n\t\t\t\t<div class=\"elementor-element elementor-element-70eb358 elementor-widget elementor-widget-text-editor\" data-id=\"70eb358\" data-element_type=\"widget\" data-e-type=\"widget\" data-widget_type=\"text-editor.default\">\n\t\t\t\t<div class=\"elementor-widget-container\">\n\t\t\t\t\t\t\t\t\t<p>Apprenez \u00e0 nous conna\u00eetre en d\u00e9couvrant notre vision de l&rsquo;alimentation et nos domaines d\u2019expertise. Si un profil vous semble correspondre \u00e0 vos besoins, notez le nom de l\u2019\u00e9tudiant et mentionnez-le lors de la prise de rendez-vous.<\/p>\t\t\t\t\t\t\t\t<\/div>\n\t\t\t\t<\/div>\n\t\t\t\t<div class=\"elementor-element elementor-element-8a95517 elementor-widget elementor-widget-image\" data-id=\"8a95517\" data-element_type=\"widget\" data-e-type=\"widget\" data-widget_type=\"image.default\">\n\t\t\t\t<div class=\"elementor-widget-container\">\n\t\t\t\t\t\t\t\t\t\t\t\t\t\t\t<img fetchpriority=\"high\" decoding=\"async\" width=\"724\" height=\"1024\" src=\"https:\/\/www.ednh.fr\/clinique-nutrition\/montpellier\/wp-content\/uploads\/sites\/3\/2024\/12\/1-724x1024.png\" class=\"attachment-large size-large wp-image-525\" alt=\"\" srcset=\"https:\/\/www.ednh.fr\/clinique-nutrition\/montpellier\/wp-content\/uploads\/sites\/3\/2024\/12\/1-724x1024.png 724w, https:\/\/www.ednh.fr\/clinique-nutrition\/montpellier\/wp-content\/uploads\/sites\/3\/2024\/12\/1-212x300.png 212w, https:\/\/www.ednh.fr\/clinique-nutrition\/montpellier\/wp-content\/uploads\/sites\/3\/2024\/12\/1-768x1086.png 768w, https:\/\/www.ednh.fr\/clinique-nutrition\/montpellier\/wp-content\/uploads\/sites\/3\/2024\/12\/1-1086x1536.png 1086w, https:\/\/www.ednh.fr\/clinique-nutrition\/montpellier\/wp-content\/uploads\/sites\/3\/2024\/12\/1.png 1414w\" sizes=\"(max-width: 724px) 100vw, 724px\" \/>\t\t\t\t\t\t\t\t\t\t\t\t\t\t\t<\/div>\n\t\t\t\t<\/div>\n\t\t\t\t<div class=\"elementor-element elementor-element-ba1568e elementor-widget elementor-widget-image\" data-id=\"ba1568e\" data-element_type=\"widget\" data-e-type=\"widget\" data-widget_type=\"image.default\">\n\t\t\t\t<div class=\"elementor-widget-container\">\n\t\t\t\t\t\t\t\t\t\t\t\t\t\t\t<img decoding=\"async\" src=\"https:\/\/www.ednh.fr\/clinique-nutrition\/montpellier\/wp-content\/uploads\/sites\/3\/2024\/12\/2.png\" title=\"\" alt=\"\" loading=\"lazy\" \/>\t\t\t\t\t\t\t\t\t\t\t\t\t\t\t<\/div>\n\t\t\t\t<\/div>\n\t\t\t\t<div class=\"elementor-element elementor-element-95206b0 elementor-widget elementor-widget-image\" data-id=\"95206b0\" data-element_type=\"widget\" data-e-type=\"widget\" data-widget_type=\"image.default\">\n\t\t\t\t<div class=\"elementor-widget-container\">\n\t\t\t\t\t\t\t\t\t\t\t\t\t\t\t<img decoding=\"async\" width=\"1024\" height=\"734\" src=\"https:\/\/www.ednh.fr\/clinique-nutrition\/montpellier\/wp-content\/uploads\/sites\/3\/2024\/12\/3-1-e1736174738480-1024x734.png\" class=\"attachment-large size-large wp-image-523\" alt=\"\" srcset=\"https:\/\/www.ednh.fr\/clinique-nutrition\/montpellier\/wp-content\/uploads\/sites\/3\/2024\/12\/3-1-e1736174738480-1024x734.png 1024w, https:\/\/www.ednh.fr\/clinique-nutrition\/montpellier\/wp-content\/uploads\/sites\/3\/2024\/12\/3-1-e1736174738480-300x215.png 300w, https:\/\/www.ednh.fr\/clinique-nutrition\/montpellier\/wp-content\/uploads\/sites\/3\/2024\/12\/3-1-e1736174738480-768x550.png 768w, https:\/\/www.ednh.fr\/clinique-nutrition\/montpellier\/wp-content\/uploads\/sites\/3\/2024\/12\/3-1-e1736174738480.png 1410w\" sizes=\"(max-width: 1024px) 100vw, 1024px\" \/>\t\t\t\t\t\t\t\t\t\t\t\t\t\t\t<\/div>\n\t\t\t\t<\/div>\n\t\t\t\t<div class=\"elementor-element elementor-element-3644bc3 elementor-widget elementor-widget-heading\" data-id=\"3644bc3\" data-element_type=\"widget\" data-e-type=\"widget\" data-widget_type=\"heading.default\">\n\t\t\t\t<div class=\"elementor-widget-container\">\n\t\t\t\t\t<h2 class=\"elementor-heading-title elementor-size-default\">Rejoignez nous : <\/h2>\t\t\t\t<\/div>\n\t\t\t\t<\/div>\n\t\t\t\t\t<\/div>\n\t\t\t\t<\/div>\n\t\t<div class=\"elementor-element elementor-element-639f0b1 e-flex e-con-boxed wpr-particle-no wpr-jarallax-no wpr-parallax-no wpr-sticky-section-no wpr-column-slider-no wpr-equal-height-no e-con e-parent\" data-id=\"639f0b1\" data-element_type=\"container\" data-e-type=\"container\">\n\t\t\t\t\t<div class=\"e-con-inner\">\n\t\t\t\t<div class=\"elementor-element elementor-element-869e965 elementor-widget elementor-widget-spacer\" data-id=\"869e965\" data-element_type=\"widget\" data-e-type=\"widget\" data-widget_type=\"spacer.default\">\n\t\t\t\t<div class=\"elementor-widget-container\">\n\t\t\t\t\t\t\t<div class=\"elementor-spacer\">\n\t\t\t<div class=\"elementor-spacer-inner\"><\/div>\n\t\t<\/div>\n\t\t\t\t\t\t<\/div>\n\t\t\t\t<\/div>\n\t\t\t\t\t<\/div>\n\t\t\t\t<\/div>\n\t\t<div class=\"elementor-element elementor-element-093cc84 e-flex e-con-boxed wpr-particle-no wpr-jarallax-no wpr-parallax-no wpr-sticky-section-no wpr-column-slider-no wpr-equal-height-no e-con e-parent\" data-id=\"093cc84\" data-element_type=\"container\" data-e-type=\"container\">\n\t\t\t\t\t<div class=\"e-con-inner\">\n\t\t\t\t<div class=\"elementor-element elementor-element-029a373 elementor-widget elementor-widget-google_maps\" data-id=\"029a373\" data-element_type=\"widget\" data-e-type=\"widget\" data-widget_type=\"google_maps.default\">\n\t\t\t\t<div class=\"elementor-widget-container\">\n\t\t\t\t\t\t\t<div class=\"elementor-custom-embed\">\n\t\t\t<iframe loading=\"lazy\"\n\t\t\t\t\tsrc=\"https:\/\/maps.google.com\/maps?q=13%20rue%20Carr%C3%A9%20du%20roi&#038;t=m&#038;z=10&#038;output=embed&#038;iwloc=near\"\n\t\t\t\t\ttitle=\"13 rue Carr\u00e9 du roi\"\n\t\t\t\t\taria-label=\"13 rue Carr\u00e9 du roi\"\n\t\t\t><\/iframe>\n\t\t<\/div>\n\t\t\t\t\t\t<\/div>\n\t\t\t\t<\/div>\n\t\t\t\t\t<\/div>\n\t\t\t\t<\/div>\n\t\t\t\t<\/div>\n\t\t","protected":false},"excerpt":{"rendered":"<p>Apprenez \u00e0 nous conna\u00eetre en d\u00e9couvrant notre vision de l&rsquo;alimentation et nos domaines d\u2019expertise. Si un profil vous semble correspondre \u00e0 vos besoins, notez le nom de l\u2019\u00e9tudiant et mentionnez-le lors de la prise de rendez-vous. Rejoignez nous :<\/p>\n","protected":false},"author":4,"featured_media":0,"parent":0,"menu_order":0,"comment_status":"closed","ping_status":"closed","template":"","meta":{"om_disable_all_campaigns":false,"footnotes":""},"class_list":["post-451","page","type-page","status-publish","hentry"],"_links":{"self":[{"href":"https:\/\/www.ednh.fr\/clinique-nutrition\/montpellier\/wp-json\/wp\/v2\/pages\/451","targetHints":{"allow":["GET"]}}],"collection":[{"href":"https:\/\/www.ednh.fr\/clinique-nutrition\/montpellier\/wp-json\/wp\/v2\/pages"}],"about":[{"href":"https:\/\/www.ednh.fr\/clinique-nutrition\/montpellier\/wp-json\/wp\/v2\/types\/page"}],"author":[{"embeddable":true,"href":"https:\/\/www.ednh.fr\/clinique-nutrition\/montpellier\/wp-json\/wp\/v2\/users\/4"}],"replies":[{"embeddable":true,"href":"https:\/\/www.ednh.fr\/clinique-nutrition\/montpellier\/wp-json\/wp\/v2\/comments?post=451"}],"version-history":[{"count":37,"href":"https:\/\/www.ednh.fr\/clinique-nutrition\/montpellier\/wp-json\/wp\/v2\/pages\/451\/revisions"}],"predecessor-version":[{"id":532,"href":"https:\/\/www.ednh.fr\/clinique-nutrition\/montpellier\/wp-json\/wp\/v2\/pages\/451\/revisions\/532"}],"wp:attachment":[{"href":"https:\/\/www.ednh.fr\/clinique-nutrition\/montpellier\/wp-json\/wp\/v2\/media?parent=451"}],"curies":[{"name":"wp","href":"https:\/\/api.w.org\/{rel}","templated":true}]}}