{"id":57,"date":"2024-11-08T14:04:20","date_gmt":"2024-11-08T13:04:20","guid":{"rendered":"https:\/\/www.ednh.fr\/clinique-nutrition\/lyon\/?page_id=57"},"modified":"2026-01-28T12:28:17","modified_gmt":"2026-01-28T11:28:17","slug":"prendre-rendez-vous","status":"publish","type":"page","link":"https:\/\/www.ednh.fr\/clinique-nutrition\/lyon\/prendre-rendez-vous\/","title":{"rendered":"Le d\u00e9roul\u00e9 d&rsquo;une s\u00e9ance"},"content":{"rendered":"\t\t<div data-elementor-type=\"wp-page\" data-elementor-id=\"57\" class=\"elementor elementor-57\">\n\t\t\t\t<div class=\"elementor-element elementor-element-9cae88d e-flex e-con-boxed wpr-particle-no wpr-jarallax-no wpr-parallax-no wpr-sticky-section-no wpr-column-slider-no wpr-equal-height-no e-con e-parent\" data-id=\"9cae88d\" data-element_type=\"container\" data-e-type=\"container\">\n\t\t\t\t\t<div class=\"e-con-inner\">\n\t\t\t\t<div class=\"elementor-element elementor-element-1354728 elementor-widget elementor-widget-text-editor\" data-id=\"1354728\" data-element_type=\"widget\" data-e-type=\"widget\" data-widget_type=\"text-editor.default\">\n\t\t\t\t<div class=\"elementor-widget-container\">\n\t\t\t\t\t\t\t\t\t<p>La premi\u00e8re consultation a lieu dans les locaux de l&rsquo;\u00e9cole pendant environ <br>1 heure.&nbsp;<br>L&rsquo;objectif est d&rsquo;\u00e9tablir un bilan complet de votre hygi\u00e8ne de vie : alimentation, activit\u00e9 physique, probl\u00e8mes de sant\u00e9 \u00e9ventuels, ant\u00e9c\u00e9dents&#8230;&nbsp;<\/p>\n<p>A partir de ces informations et selon votre objectif, nous \u00e9tablirons ensemble un plan d&rsquo;action adapt\u00e9 \u00e0 votre quotidien et vos contraintes.<br><\/p>\t\t\t\t\t\t\t\t<\/div>\n\t\t\t\t<\/div>\n\t\t\t\t\t<\/div>\n\t\t\t\t<\/div>\n\t\t<div class=\"elementor-element elementor-element-625fc39 e-flex e-con-boxed wpr-particle-no wpr-jarallax-no wpr-parallax-no wpr-sticky-section-no wpr-column-slider-no wpr-equal-height-no e-con e-parent\" data-id=\"625fc39\" data-element_type=\"container\" data-e-type=\"container\">\n\t\t\t\t\t<div class=\"e-con-inner\">\n\t\t\t\t<div class=\"elementor-element elementor-element-0704e85 elementor-widget-divider--view-line elementor-widget elementor-widget-divider\" data-id=\"0704e85\" data-element_type=\"widget\" data-e-type=\"widget\" data-widget_type=\"divider.default\">\n\t\t\t\t<div class=\"elementor-widget-container\">\n\t\t\t\t\t\t\t<div class=\"elementor-divider\">\n\t\t\t<span class=\"elementor-divider-separator\">\n\t\t\t\t\t\t<\/span>\n\t\t<\/div>\n\t\t\t\t\t\t<\/div>\n\t\t\t\t<\/div>\n\t\t\t\t\t<\/div>\n\t\t\t\t<\/div>\n\t\t<div class=\"elementor-element elementor-element-43dd779 e-flex e-con-boxed wpr-particle-no wpr-jarallax-no wpr-parallax-no wpr-sticky-section-no wpr-column-slider-no wpr-equal-height-no e-con e-parent\" data-id=\"43dd779\" data-element_type=\"container\" data-e-type=\"container\">\n\t\t\t\t\t<div class=\"e-con-inner\">\n\t\t\t\t<div class=\"elementor-element elementor-element-e6ed7c3 elementor-widget elementor-widget-text-editor\" data-id=\"e6ed7c3\" data-element_type=\"widget\" data-e-type=\"widget\" data-widget_type=\"text-editor.default\">\n\t\t\t\t<div class=\"elementor-widget-container\">\n\t\t\t\t\t\t\t\t\t<p><span style=\"text-align: var(--text-align);background-color: var(--wp--preset--color--base);font-size: var(--wp--preset--font-size--medium)\">Horaires : du lundi au vendredi 8h30-17h30<\/span><\/p><p><span style=\"text-align: var(--text-align);background-color: var(--wp--preset--color--base);font-size: var(--wp--preset--font-size--medium)\">Adresse : 3 rue de Gen\u00e8ve, 69100 Villeurbanne<\/span><\/p><p>Acc\u00e8s TCL : arr\u00eat Charpennes<\/p><p><span style=\"text-align: var(--text-align);background-color: var(--wp--preset--color--base);font-size: var(--wp--preset--font-size--medium)\">M\u00e9tro A et m\u00e9tro B \/\u00a0<\/span><span style=\"text-align: var(--text-align);background-color: var(--wp--preset--color--base);font-size: var(--wp--preset--font-size--medium)\">Tramway T1 et T4\u00a0<\/span><\/p>\t\t\t\t\t\t\t\t<\/div>\n\t\t\t\t<\/div>\n\t\t\t\t\t<\/div>\n\t\t\t\t<\/div>\n\t\t<div class=\"elementor-element elementor-element-1a33999 e-flex e-con-boxed wpr-particle-no wpr-jarallax-no wpr-parallax-no wpr-sticky-section-no wpr-column-slider-no wpr-equal-height-no e-con e-parent\" data-id=\"1a33999\" data-element_type=\"container\" data-e-type=\"container\">\n\t\t\t\t\t<div class=\"e-con-inner\">\n\t\t\t\t<div class=\"elementor-element elementor-element-f0d8b73 elementor-widget elementor-widget-google_maps\" data-id=\"f0d8b73\" data-element_type=\"widget\" data-e-type=\"widget\" data-widget_type=\"google_maps.default\">\n\t\t\t\t<div class=\"elementor-widget-container\">\n\t\t\t\t\t\t\t<div class=\"elementor-custom-embed\">\n\t\t\t<iframe loading=\"lazy\"\n\t\t\t\t\tsrc=\"https:\/\/maps.google.com\/maps?q=3%20rue%20de%20Gen%C3%A8ve%20Lyon%20&#038;t=m&#038;z=13&#038;output=embed&#038;iwloc=near\"\n\t\t\t\t\ttitle=\"3 rue de Gen\u00e8ve Lyon \"\n\t\t\t\t\taria-label=\"3 rue de Gen\u00e8ve Lyon \"\n\t\t\t><\/iframe>\n\t\t<\/div>\n\t\t\t\t\t\t<\/div>\n\t\t\t\t<\/div>\n\t\t\t\t\t<\/div>\n\t\t\t\t<\/div>\n\t\t\t\t<\/div>\n\t\t","protected":false},"excerpt":{"rendered":"<p>La premi\u00e8re consultation a lieu dans les locaux de l&rsquo;\u00e9cole pendant environ 1 heure.&nbsp;L&rsquo;objectif est d&rsquo;\u00e9tablir un bilan complet de votre hygi\u00e8ne de vie : alimentation, activit\u00e9 physique, probl\u00e8mes de sant\u00e9 \u00e9ventuels, ant\u00e9c\u00e9dents&#8230;&nbsp; A partir de ces informations et selon votre objectif, nous \u00e9tablirons ensemble un plan d&rsquo;action adapt\u00e9 \u00e0 votre quotidien et vos contraintes. Horaires : du lundi au vendredi 8h30-17h30 Adresse : 3 rue de Gen\u00e8ve, 69100 Villeurbanne Acc\u00e8s TCL : arr\u00eat Charpennes M\u00e9tro A et m\u00e9tro B \/\u00a0Tramway T1 et T4\u00a0<\/p>\n","protected":false},"author":7,"featured_media":0,"parent":0,"menu_order":2,"comment_status":"closed","ping_status":"closed","template":"","meta":{"om_disable_all_campaigns":false,"footnotes":""},"class_list":["post-57","page","type-page","status-publish","hentry"],"_links":{"self":[{"href":"https:\/\/www.ednh.fr\/clinique-nutrition\/lyon\/wp-json\/wp\/v2\/pages\/57","targetHints":{"allow":["GET"]}}],"collection":[{"href":"https:\/\/www.ednh.fr\/clinique-nutrition\/lyon\/wp-json\/wp\/v2\/pages"}],"about":[{"href":"https:\/\/www.ednh.fr\/clinique-nutrition\/lyon\/wp-json\/wp\/v2\/types\/page"}],"author":[{"embeddable":true,"href":"https:\/\/www.ednh.fr\/clinique-nutrition\/lyon\/wp-json\/wp\/v2\/users\/7"}],"replies":[{"embeddable":true,"href":"https:\/\/www.ednh.fr\/clinique-nutrition\/lyon\/wp-json\/wp\/v2\/comments?post=57"}],"version-history":[{"count":41,"href":"https:\/\/www.ednh.fr\/clinique-nutrition\/lyon\/wp-json\/wp\/v2\/pages\/57\/revisions"}],"predecessor-version":[{"id":314,"href":"https:\/\/www.ednh.fr\/clinique-nutrition\/lyon\/wp-json\/wp\/v2\/pages\/57\/revisions\/314"}],"wp:attachment":[{"href":"https:\/\/www.ednh.fr\/clinique-nutrition\/lyon\/wp-json\/wp\/v2\/media?parent=57"}],"curies":[{"name":"wp","href":"https:\/\/api.w.org\/{rel}","templated":true}]}}