{"id":165,"date":"2025-10-24T16:17:06","date_gmt":"2025-10-24T14:17:06","guid":{"rendered":"https:\/\/www.ednh.fr\/clinique-nutrition\/lyon\/?page_id=165"},"modified":"2026-01-28T12:25:55","modified_gmt":"2026-01-28T11:25:55","slug":"acceuil","status":"publish","type":"page","link":"https:\/\/www.ednh.fr\/clinique-nutrition\/lyon\/acceuil\/","title":{"rendered":"Qui sommes-nous"},"content":{"rendered":"\t\t<div data-elementor-type=\"wp-page\" data-elementor-id=\"165\" class=\"elementor elementor-165\">\n\t\t\t\t<div class=\"elementor-element elementor-element-3704a53 e-flex e-con-boxed wpr-particle-no wpr-jarallax-no wpr-parallax-no wpr-sticky-section-no wpr-column-slider-no wpr-equal-height-no e-con e-parent\" data-id=\"3704a53\" data-element_type=\"container\" data-e-type=\"container\">\n\t\t\t\t\t<div class=\"e-con-inner\">\n\t\t\t\t<div class=\"elementor-element elementor-element-572160c elementor-widget elementor-widget-image\" data-id=\"572160c\" data-element_type=\"widget\" data-e-type=\"widget\" data-widget_type=\"image.default\">\n\t\t\t\t<div class=\"elementor-widget-container\">\n\t\t\t\t\t\t\t\t\t\t\t\t\t\t\t<img fetchpriority=\"high\" decoding=\"async\" width=\"1024\" height=\"658\" src=\"https:\/\/www.ednh.fr\/clinique-nutrition\/lyon\/wp-content\/uploads\/sites\/6\/2025\/11\/Capture-decran-2025-11-01-a-16.59.00-min-2-1024x658.jpg\" class=\"elementor-animation-grow attachment-large size-large wp-image-193\" alt=\"\" srcset=\"https:\/\/www.ednh.fr\/clinique-nutrition\/lyon\/wp-content\/uploads\/sites\/6\/2025\/11\/Capture-decran-2025-11-01-a-16.59.00-min-2-1024x658.jpg 1024w, https:\/\/www.ednh.fr\/clinique-nutrition\/lyon\/wp-content\/uploads\/sites\/6\/2025\/11\/Capture-decran-2025-11-01-a-16.59.00-min-2-300x193.jpg 300w, https:\/\/www.ednh.fr\/clinique-nutrition\/lyon\/wp-content\/uploads\/sites\/6\/2025\/11\/Capture-decran-2025-11-01-a-16.59.00-min-2-768x493.jpg 768w, https:\/\/www.ednh.fr\/clinique-nutrition\/lyon\/wp-content\/uploads\/sites\/6\/2025\/11\/Capture-decran-2025-11-01-a-16.59.00-min-2-1536x987.jpg 1536w, https:\/\/www.ednh.fr\/clinique-nutrition\/lyon\/wp-content\/uploads\/sites\/6\/2025\/11\/Capture-decran-2025-11-01-a-16.59.00-min-2-1568x1007.jpg 1568w, https:\/\/www.ednh.fr\/clinique-nutrition\/lyon\/wp-content\/uploads\/sites\/6\/2025\/11\/Capture-decran-2025-11-01-a-16.59.00-min-2.jpg 1600w\" sizes=\"(max-width: 1024px) 100vw, 1024px\" \/>\t\t\t\t\t\t\t\t\t\t\t\t\t\t\t<\/div>\n\t\t\t\t<\/div>\n\t\t\t\t\t<\/div>\n\t\t\t\t<\/div>\n\t\t<div class=\"elementor-element elementor-element-ba2705c e-flex e-con-boxed wpr-particle-no wpr-jarallax-no wpr-parallax-no wpr-sticky-section-no wpr-column-slider-no wpr-equal-height-no e-con e-parent\" data-id=\"ba2705c\" data-element_type=\"container\" data-e-type=\"container\">\n\t\t\t\t\t<div class=\"e-con-inner\">\n\t\t\t\t<div class=\"elementor-element elementor-element-b672772 elementor-widget elementor-widget-heading\" data-id=\"b672772\" data-element_type=\"widget\" data-e-type=\"widget\" data-widget_type=\"heading.default\">\n\t\t\t\t<div class=\"elementor-widget-container\">\n\t\t\t\t\t<h2 class=\"elementor-heading-title elementor-size-default\">Qui sommes-nous ? <\/h2>\t\t\t\t<\/div>\n\t\t\t\t<\/div>\n\t\t\t\t\t<\/div>\n\t\t\t\t<\/div>\n\t\t<div class=\"elementor-element elementor-element-2bf30ee e-flex e-con-boxed wpr-particle-no wpr-jarallax-no wpr-parallax-no wpr-sticky-section-no wpr-column-slider-no wpr-equal-height-no e-con e-parent\" data-id=\"2bf30ee\" data-element_type=\"container\" data-e-type=\"container\">\n\t\t\t\t\t<div class=\"e-con-inner\">\n\t\t\t\t<div class=\"elementor-element elementor-element-3463bf2 elementor-widget elementor-widget-text-editor\" data-id=\"3463bf2\" data-element_type=\"widget\" data-e-type=\"widget\" data-widget_type=\"text-editor.default\">\n\t\t\t\t<div class=\"elementor-widget-container\">\n\t\t\t\t\t\t\t\t\t<p data-start=\"175\" data-end=\"529\">Nous sommes une \u00e9quipe d\u2019\u00e9tudiants en Bachelor Di\u00e9t\u00e9tique et Nutrition, passionn\u00e9s par l\u2019alimentation, la sant\u00e9 et le bien-\u00eatre.<br data-start=\"307\" data-end=\"310\" \/>\u00c0 travers la Clinique de la Nutrition, nous mettons en pratique nos connaissances en proposant de vraies consultations di\u00e9t\u00e9tiques, encadr\u00e9es par des di\u00e9t\u00e9ticiens dipl\u00f4m\u00e9s et des enseignants sp\u00e9cialis\u00e9s.<\/p><p data-start=\"531\" data-end=\"830\"><em><span style=\"text-decoration: underline\"><strong>Notre mission ?<\/strong><\/span><\/em><\/p><p data-start=\"531\" data-end=\"830\">\u00a0 \u00a0 \u00a0Accompagner chaque personne vers une alimentation \u00e9quilibr\u00e9e, adapt\u00e9e \u00e0 ses besoins, son rythme de vie et ses objectifs.<br data-start=\"676\" data-end=\"679\" \/>Nous croyons qu\u2019une bonne nutrition ne se r\u00e9sume pas \u00e0 des r\u00e8gles, mais qu\u2019elle repose sur l\u2019\u00e9coute, la bienveillance et la compr\u00e9hension du corps.<\/p><p data-start=\"832\" data-end=\"864\"><em><span style=\"text-decoration: underline\"><strong>Cette clinique est \u00e0 la fois :<\/strong><\/span><\/em><\/p><ul data-start=\"865\" data-end=\"1085\"><li data-start=\"865\" data-end=\"945\"><p data-start=\"867\" data-end=\"945\">un lieu d\u2019apprentissage concret pour les futurs professionnels de sant\u00e9,<\/p><\/li><li data-start=\"946\" data-end=\"1006\"><p data-start=\"948\" data-end=\"1006\">un espace d\u2019\u00e9change et de pr\u00e9vention pour le public,<\/p><\/li><li data-start=\"1007\" data-end=\"1085\"><p data-start=\"1009\" data-end=\"1085\">et une exp\u00e9rience humaine unique, fond\u00e9e sur le partage et la confiance.<\/p><\/li><\/ul><p data-start=\"1087\" data-end=\"1147\">Ensemble, apprenons \u00e0 mieux manger pour mieux vivre !<\/p>\t\t\t\t\t\t\t\t<\/div>\n\t\t\t\t<\/div>\n\t\t\t\t\t<\/div>\n\t\t\t\t<\/div>\n\t\t<div class=\"elementor-element elementor-element-492b9e5 e-flex e-con-boxed wpr-particle-no wpr-jarallax-no wpr-parallax-no wpr-sticky-section-no wpr-column-slider-no wpr-equal-height-no e-con e-parent\" data-id=\"492b9e5\" data-element_type=\"container\" data-e-type=\"container\">\n\t\t\t\t\t<div class=\"e-con-inner\">\n\t\t\t\t<div class=\"elementor-element elementor-element-491b341 elementor-widget elementor-widget-heading\" data-id=\"491b341\" data-element_type=\"widget\" data-e-type=\"widget\" data-widget_type=\"heading.default\">\n\t\t\t\t<div class=\"elementor-widget-container\">\n\t\t\t\t\t<h2 class=\"elementor-heading-title elementor-size-default\">Pr\u00e9sentation de l'\u00e9quipe <\/h2>\t\t\t\t<\/div>\n\t\t\t\t<\/div>\n\t\t\t\t\t<\/div>\n\t\t\t\t<\/div>\n\t\t\t\t<\/div>\n\t\t","protected":false},"excerpt":{"rendered":"<p>Qui sommes-nous ? Nous sommes une \u00e9quipe d\u2019\u00e9tudiants en Bachelor Di\u00e9t\u00e9tique et Nutrition, passionn\u00e9s par l\u2019alimentation, la sant\u00e9 et le bien-\u00eatre.\u00c0 travers la Clinique de la Nutrition, nous mettons en pratique nos connaissances en proposant de vraies consultations di\u00e9t\u00e9tiques, encadr\u00e9es par des di\u00e9t\u00e9ticiens dipl\u00f4m\u00e9s et des enseignants sp\u00e9cialis\u00e9s. Notre mission ? \u00a0 \u00a0 \u00a0Accompagner chaque personne vers une alimentation \u00e9quilibr\u00e9e, adapt\u00e9e \u00e0 ses besoins, son rythme de vie et ses objectifs.Nous croyons qu\u2019une bonne nutrition ne se r\u00e9sume pas \u00e0 des r\u00e8gles, mais qu\u2019elle repose sur l\u2019\u00e9coute, la bienveillance et la compr\u00e9hension du corps. Cette clinique est \u00e0 la fois : un lieu d\u2019apprentissage concret pour les futurs professionnels de sant\u00e9, un espace d\u2019\u00e9change et de pr\u00e9vention pour le public, et une exp\u00e9rience humaine unique, fond\u00e9e sur le partage et la confiance. Ensemble, apprenons \u00e0 mieux manger pour mieux vivre ! Pr\u00e9sentation de l&rsquo;\u00e9quipe<\/p>\n","protected":false},"author":7,"featured_media":0,"parent":0,"menu_order":0,"comment_status":"closed","ping_status":"closed","template":"","meta":{"om_disable_all_campaigns":false,"footnotes":""},"class_list":["post-165","page","type-page","status-publish","hentry"],"_links":{"self":[{"href":"https:\/\/www.ednh.fr\/clinique-nutrition\/lyon\/wp-json\/wp\/v2\/pages\/165","targetHints":{"allow":["GET"]}}],"collection":[{"href":"https:\/\/www.ednh.fr\/clinique-nutrition\/lyon\/wp-json\/wp\/v2\/pages"}],"about":[{"href":"https:\/\/www.ednh.fr\/clinique-nutrition\/lyon\/wp-json\/wp\/v2\/types\/page"}],"author":[{"embeddable":true,"href":"https:\/\/www.ednh.fr\/clinique-nutrition\/lyon\/wp-json\/wp\/v2\/users\/7"}],"replies":[{"embeddable":true,"href":"https:\/\/www.ednh.fr\/clinique-nutrition\/lyon\/wp-json\/wp\/v2\/comments?post=165"}],"version-history":[{"count":39,"href":"https:\/\/www.ednh.fr\/clinique-nutrition\/lyon\/wp-json\/wp\/v2\/pages\/165\/revisions"}],"predecessor-version":[{"id":311,"href":"https:\/\/www.ednh.fr\/clinique-nutrition\/lyon\/wp-json\/wp\/v2\/pages\/165\/revisions\/311"}],"wp:attachment":[{"href":"https:\/\/www.ednh.fr\/clinique-nutrition\/lyon\/wp-json\/wp\/v2\/media?parent=165"}],"curies":[{"name":"wp","href":"https:\/\/api.w.org\/{rel}","templated":true}]}}