{"id":160,"date":"2025-10-24T16:13:45","date_gmt":"2025-10-24T14:13:45","guid":{"rendered":"https:\/\/www.ednh.fr\/clinique-nutrition\/lyon\/?page_id=160"},"modified":"2025-12-05T10:38:07","modified_gmt":"2025-12-05T09:38:07","slug":"actualite","status":"publish","type":"page","link":"https:\/\/www.ednh.fr\/clinique-nutrition\/lyon\/actualite\/","title":{"rendered":"B\u00e9n\u00e9ficiez d\u2019un accompagnement nutritionnel personnalis\u00e9"},"content":{"rendered":"\t\t<div data-elementor-type=\"wp-page\" data-elementor-id=\"160\" class=\"elementor elementor-160\">\n\t\t\t\t<div class=\"elementor-element elementor-element-4d19d9e e-flex e-con-boxed wpr-particle-no wpr-jarallax-no wpr-parallax-no wpr-sticky-section-no wpr-column-slider-no wpr-equal-height-no e-con e-parent\" data-id=\"4d19d9e\" data-element_type=\"container\" data-e-type=\"container\">\n\t\t\t\t\t<div class=\"e-con-inner\">\n\t\t\t\t<div class=\"elementor-element elementor-element-641de83 elementor-align-center elementor-widget elementor-widget-button\" data-id=\"641de83\" data-element_type=\"widget\" data-e-type=\"widget\" data-widget_type=\"button.default\">\n\t\t\t\t<div class=\"elementor-widget-container\">\n\t\t\t\t\t\t\t\t\t<div class=\"elementor-button-wrapper\">\n\t\t\t\t\t<a class=\"elementor-button elementor-button-link elementor-size-sm elementor-animation-grow\" href=\"https:\/\/calendly.com\/clinique-nutritionlyon\/prisederendez-vous\">\n\t\t\t\t\t\t<span class=\"elementor-button-content-wrapper\">\n\t\t\t\t\t\t\t\t\t<span class=\"elementor-button-text\">R\u00e9server une consultation<\/span>\n\t\t\t\t\t<\/span>\n\t\t\t\t\t<\/a>\n\t\t\t\t<\/div>\n\t\t\t\t\t\t\t\t<\/div>\n\t\t\t\t<\/div>\n\t\t\t\t<div class=\"elementor-element elementor-element-9ff79be elementor-widget elementor-widget-heading\" data-id=\"9ff79be\" data-element_type=\"widget\" data-e-type=\"widget\" data-widget_type=\"heading.default\">\n\t\t\t\t<div class=\"elementor-widget-container\">\n\t\t\t\t\t<h2 class=\"elementor-heading-title elementor-size-default\">\n<\/h2>\t\t\t\t<\/div>\n\t\t\t\t<\/div>\n\t\t\t\t<div class=\"elementor-element elementor-element-4f8318a elementor-widget elementor-widget-text-editor\" data-id=\"4f8318a\" data-element_type=\"widget\" data-e-type=\"widget\" data-widget_type=\"text-editor.default\">\n\t\t\t\t<div class=\"elementor-widget-container\">\n\t\t\t\t\t\t\t\t\t<p>Vous souhaitez un bilan nutritionnel, un suivi di\u00e9t\u00e9tique ou simplement des conseils adapt\u00e9s ? Notre \u00e9quipe d\u2019\u00e9tudiants en Bachelor Di\u00e9t\u00e9tique et Nutrition, encadr\u00e9e par une di\u00e9t\u00e9ticienne dipl\u00f4m\u00e9e d\u2019\u00c9tat, vous accompagne avec bienveillance et professionnalisme.<\/p>\t\t\t\t\t\t\t\t<\/div>\n\t\t\t\t<\/div>\n\t\t\t\t\t<\/div>\n\t\t\t\t<\/div>\n\t\t<div class=\"elementor-element elementor-element-621334d e-flex e-con-boxed wpr-particle-no wpr-jarallax-no wpr-parallax-no wpr-sticky-section-no wpr-column-slider-no wpr-equal-height-no e-con e-parent\" data-id=\"621334d\" data-element_type=\"container\" data-e-type=\"container\">\n\t\t\t\t\t<div class=\"e-con-inner\">\n\t\t\t\t<div class=\"elementor-element elementor-element-73be9aa elementor-widget elementor-widget-heading\" data-id=\"73be9aa\" data-element_type=\"widget\" data-e-type=\"widget\" data-widget_type=\"heading.default\">\n\t\t\t\t<div class=\"elementor-widget-container\">\n\t\t\t\t\t<h2 class=\"elementor-heading-title elementor-size-default\">Retrouvez-nous aussi sur notre flyer !<\/h2>\t\t\t\t<\/div>\n\t\t\t\t<\/div>\n\t\t\t\t\t<\/div>\n\t\t\t\t<\/div>\n\t\t<div class=\"elementor-element elementor-element-25b4df4 e-flex e-con-boxed wpr-particle-no wpr-jarallax-no wpr-parallax-no wpr-sticky-section-no wpr-column-slider-no wpr-equal-height-no e-con e-parent\" data-id=\"25b4df4\" data-element_type=\"container\" data-e-type=\"container\">\n\t\t\t\t\t<div class=\"e-con-inner\">\n\t\t<div class=\"elementor-element elementor-element-95ddb18 e-con-full e-flex wpr-particle-no wpr-jarallax-no wpr-parallax-no wpr-sticky-section-no wpr-column-slider-no wpr-equal-height-no e-con e-child\" data-id=\"95ddb18\" data-element_type=\"container\" data-e-type=\"container\">\n\t\t\t\t<div class=\"elementor-element elementor-element-e059a6e elementor-widget elementor-widget-image\" data-id=\"e059a6e\" data-element_type=\"widget\" data-e-type=\"widget\" data-widget_type=\"image.default\">\n\t\t\t\t<div class=\"elementor-widget-container\">\n\t\t\t\t\t\t\t\t\t\t\t\t\t\t\t<img decoding=\"async\" src=\"https:\/\/www.ednh.fr\/clinique-nutrition\/lyon\/wp-content\/uploads\/sites\/6\/2025\/11\/FLYER-avec20compression.pdf\" title=\"\" alt=\"\" loading=\"lazy\" \/>\t\t\t\t\t\t\t\t\t\t\t\t\t\t\t<\/div>\n\t\t\t\t<\/div>\n\t\t\t\t<\/div>\n\t\t<div class=\"elementor-element elementor-element-e02306d e-con-full e-flex wpr-particle-no wpr-jarallax-no wpr-parallax-no wpr-sticky-section-no wpr-column-slider-no wpr-equal-height-no e-con e-child\" data-id=\"e02306d\" data-element_type=\"container\" data-e-type=\"container\">\n\t\t\t\t<div class=\"elementor-element elementor-element-c54c669 elementor-widget elementor-widget-text-editor\" data-id=\"c54c669\" data-element_type=\"widget\" data-e-type=\"widget\" data-widget_type=\"text-editor.default\">\n\t\t\t\t<div class=\"elementor-widget-container\">\n\t\t\t\t\t\t\t\t\t<p data-start=\"221\" data-end=\"479\">Nous diffusons un <strong data-start=\"239\" data-end=\"259\">flyer informatif<\/strong> dans la r\u00e9gion et sur le campus \ud83c\udf93<br data-start=\"294\" data-end=\"297\" \/>\ud83d\udcf1 <strong data-start=\"300\" data-end=\"322\">Scannez le QR code<\/strong> pr\u00e9sent sur celui-ci pour acc\u00e9der directement \u00e0 notre site, prendre rendez-vous en ligne ou en savoir plus sur notre <strong data-start=\"440\" data-end=\"478\">Clinique de la Nutrition \u00c9tudiante<\/strong>.<\/p><blockquote data-start=\"481\" data-end=\"590\"><p data-start=\"483\" data-end=\"590\">\ud83d\udd0d Simple, rapide et pratique : un scan, et vous \u00eates connect\u00e9s \u00e0 votre futur accompagnement nutritionnel !<\/p><\/blockquote>\t\t\t\t\t\t\t\t<\/div>\n\t\t\t\t<\/div>\n\t\t\t\t<\/div>\n\t\t\t\t\t<\/div>\n\t\t\t\t<\/div>\n\t\t<div class=\"elementor-element elementor-element-88918c5 e-flex e-con-boxed wpr-particle-no wpr-jarallax-no wpr-parallax-no wpr-sticky-section-no wpr-column-slider-no wpr-equal-height-no e-con e-parent\" data-id=\"88918c5\" data-element_type=\"container\" data-e-type=\"container\">\n\t\t\t\t\t<div class=\"e-con-inner\">\n\t\t\t\t<div class=\"elementor-element elementor-element-2f62230 elementor-widget elementor-widget-heading\" data-id=\"2f62230\" data-element_type=\"widget\" data-e-type=\"widget\" data-widget_type=\"heading.default\">\n\t\t\t\t<div class=\"elementor-widget-container\">\n\t\t\t\t\t<h2 class=\"elementor-heading-title elementor-size-default\">Le d\u00e9roul\u00e9 d'une s\u00e9ance <\/h2>\t\t\t\t<\/div>\n\t\t\t\t<\/div>\n\t\t\t\t\t<\/div>\n\t\t\t\t<\/div>\n\t\t<div class=\"elementor-element elementor-element-8c8b6a2 e-flex e-con-boxed wpr-particle-no wpr-jarallax-no wpr-parallax-no wpr-sticky-section-no wpr-column-slider-no wpr-equal-height-no e-con e-parent\" data-id=\"8c8b6a2\" data-element_type=\"container\" data-e-type=\"container\">\n\t\t\t\t\t<div class=\"e-con-inner\">\n\t\t\t\t<div class=\"elementor-element elementor-element-7a03b76 elementor-widget elementor-widget-text-editor\" data-id=\"7a03b76\" data-element_type=\"widget\" data-e-type=\"widget\" data-widget_type=\"text-editor.default\">\n\t\t\t\t<div class=\"elementor-widget-container\">\n\t\t\t\t\t\t\t\t\t<div class=\"elementor-element elementor-element-9cae88d e-flex e-con-boxed wpr-particle-no wpr-jarallax-no wpr-parallax-no wpr-sticky-section-no e-con e-parent e-lazyloaded\" data-id=\"9cae88d\" data-element_type=\"container\"><div class=\"e-con-inner\"><div class=\"elementor-element elementor-element-1354728 elementor-widget elementor-widget-text-editor\" data-id=\"1354728\" data-element_type=\"widget\" data-widget_type=\"text-editor.default\"><div class=\"elementor-widget-container\"><p>La premi\u00e8re consultation a lieu dans les locaux de l\u2019\u00e9cole pendant environ <br \/>1 heure.\u00a0<br \/>L\u2019objectif est d\u2019\u00e9tablir un bilan complet de votre hygi\u00e8ne de vie : alimentation, activit\u00e9 physique, probl\u00e8mes de sant\u00e9 \u00e9ventuels, ant\u00e9c\u00e9dents\u2026\u00a0<\/p><p>A partir de ces informations et selon votre objectif, nous \u00e9tablirons ensemble un plan d\u2019action adapt\u00e9 \u00e0 votre quotidien et vos contraintes.<\/p><\/div><\/div><\/div><\/div><div class=\"elementor-element elementor-element-625fc39 e-flex e-con-boxed wpr-particle-no wpr-jarallax-no wpr-parallax-no wpr-sticky-section-no e-con e-parent e-lazyloaded\" data-id=\"625fc39\" data-element_type=\"container\"><div class=\"e-con-inner\"><div class=\"elementor-element elementor-element-0704e85 elementor-widget-divider--view-line elementor-widget elementor-widget-divider\" data-id=\"0704e85\" data-element_type=\"widget\" data-widget_type=\"divider.default\"><div class=\"elementor-widget-container\"><div class=\"elementor-divider\">\u00a0<\/div><\/div><\/div><\/div><\/div><div class=\"elementor-element elementor-element-43dd779 e-flex e-con-boxed wpr-particle-no wpr-jarallax-no wpr-parallax-no wpr-sticky-section-no e-con e-parent e-lazyloaded\" data-id=\"43dd779\" data-element_type=\"container\"><div class=\"e-con-inner\"><div class=\"elementor-element elementor-element-e6ed7c3 elementor-widget elementor-widget-text-editor\" data-id=\"e6ed7c3\" data-element_type=\"widget\" data-widget_type=\"text-editor.default\"><div class=\"elementor-widget-container\"><p>Horaires : du lundi au vendredi 8h30-17h30<\/p><p>Adresse : 12-14 rue Antoine Dutrievoz, 69100 Villeurbanne<\/p><p>Acc\u00e8s TCL : arr\u00eat Charpennes<\/p><p>M\u00e9tro A et m\u00e9tro B \/\u00a0Tramway T1 et T4\u00a0<\/p><\/div><\/div><\/div><\/div>\t\t\t\t\t\t\t\t<\/div>\n\t\t\t\t<\/div>\n\t\t\t\t\t<\/div>\n\t\t\t\t<\/div>\n\t\t<div class=\"elementor-element elementor-element-121239e e-flex e-con-boxed wpr-particle-no wpr-jarallax-no wpr-parallax-no wpr-sticky-section-no wpr-column-slider-no wpr-equal-height-no e-con e-parent\" data-id=\"121239e\" data-element_type=\"container\" data-e-type=\"container\">\n\t\t\t\t\t<div class=\"e-con-inner\">\n\t\t\t\t<div class=\"elementor-element elementor-element-145af1b elementor-widget elementor-widget-google_maps\" data-id=\"145af1b\" data-element_type=\"widget\" data-e-type=\"widget\" data-widget_type=\"google_maps.default\">\n\t\t\t\t<div class=\"elementor-widget-container\">\n\t\t\t\t\t\t\t<div class=\"elementor-custom-embed\">\n\t\t\t<iframe loading=\"lazy\"\n\t\t\t\t\tsrc=\"https:\/\/maps.google.com\/maps?q=3%20rue%20de%20Gen%C3%A8ve%20Lyon&#038;t=m&#038;z=13&#038;output=embed&#038;iwloc=near\"\n\t\t\t\t\ttitle=\"3 rue de Gen\u00e8ve Lyon\"\n\t\t\t\t\taria-label=\"3 rue de Gen\u00e8ve Lyon\"\n\t\t\t><\/iframe>\n\t\t<\/div>\n\t\t\t\t\t\t<\/div>\n\t\t\t\t<\/div>\n\t\t\t\t\t<\/div>\n\t\t\t\t<\/div>\n\t\t\t\t<\/div>\n\t\t","protected":false},"excerpt":{"rendered":"<p>R\u00e9server une consultation Vous souhaitez un bilan nutritionnel, un suivi di\u00e9t\u00e9tique ou simplement des conseils adapt\u00e9s ? Notre \u00e9quipe d\u2019\u00e9tudiants en Bachelor Di\u00e9t\u00e9tique et Nutrition, encadr\u00e9e par une di\u00e9t\u00e9ticienne dipl\u00f4m\u00e9e d\u2019\u00c9tat, vous accompagne avec bienveillance et professionnalisme. Retrouvez-nous aussi sur notre flyer ! Nous diffusons un flyer informatif dans la r\u00e9gion et sur le campus \ud83c\udf93\ud83d\udcf1 Scannez le QR code pr\u00e9sent sur celui-ci pour acc\u00e9der directement \u00e0 notre site, prendre rendez-vous en ligne ou en savoir plus sur notre Clinique de la Nutrition \u00c9tudiante. \ud83d\udd0d Simple, rapide et pratique : un scan, et vous \u00eates connect\u00e9s \u00e0 votre futur accompagnement nutritionnel ! Le d\u00e9roul\u00e9 d&rsquo;une s\u00e9ance La premi\u00e8re consultation a lieu dans les locaux de l\u2019\u00e9cole pendant environ 1 heure.\u00a0L\u2019objectif est d\u2019\u00e9tablir un bilan complet de votre hygi\u00e8ne de vie : alimentation, activit\u00e9 physique, probl\u00e8mes de sant\u00e9 \u00e9ventuels, ant\u00e9c\u00e9dents\u2026\u00a0 A partir de ces informations et selon votre objectif, nous \u00e9tablirons ensemble un plan d\u2019action adapt\u00e9 \u00e0 votre quotidien et vos contraintes. \u00a0 Horaires : du lundi au vendredi 8h30-17h30 Adresse : 12-14 rue Antoine Dutrievoz, 69100 Villeurbanne Acc\u00e8s TCL : arr\u00eat Charpennes M\u00e9tro A et m\u00e9tro B \/\u00a0Tramway T1 et T4\u00a0<\/p>\n","protected":false},"author":7,"featured_media":0,"parent":0,"menu_order":0,"comment_status":"closed","ping_status":"closed","template":"","meta":{"om_disable_all_campaigns":false,"footnotes":""},"class_list":["post-160","page","type-page","status-publish","hentry"],"_links":{"self":[{"href":"https:\/\/www.ednh.fr\/clinique-nutrition\/lyon\/wp-json\/wp\/v2\/pages\/160","targetHints":{"allow":["GET"]}}],"collection":[{"href":"https:\/\/www.ednh.fr\/clinique-nutrition\/lyon\/wp-json\/wp\/v2\/pages"}],"about":[{"href":"https:\/\/www.ednh.fr\/clinique-nutrition\/lyon\/wp-json\/wp\/v2\/types\/page"}],"author":[{"embeddable":true,"href":"https:\/\/www.ednh.fr\/clinique-nutrition\/lyon\/wp-json\/wp\/v2\/users\/7"}],"replies":[{"embeddable":true,"href":"https:\/\/www.ednh.fr\/clinique-nutrition\/lyon\/wp-json\/wp\/v2\/comments?post=160"}],"version-history":[{"count":46,"href":"https:\/\/www.ednh.fr\/clinique-nutrition\/lyon\/wp-json\/wp\/v2\/pages\/160\/revisions"}],"predecessor-version":[{"id":307,"href":"https:\/\/www.ednh.fr\/clinique-nutrition\/lyon\/wp-json\/wp\/v2\/pages\/160\/revisions\/307"}],"wp:attachment":[{"href":"https:\/\/www.ednh.fr\/clinique-nutrition\/lyon\/wp-json\/wp\/v2\/media?parent=160"}],"curies":[{"name":"wp","href":"https:\/\/api.w.org\/{rel}","templated":true}]}}