{"id":11,"date":"2024-12-01T19:48:11","date_gmt":"2024-12-01T18:48:11","guid":{"rendered":"https:\/\/www.ednh.fr\/clinique-nutrition\/aixenprovence\/?page_id=11"},"modified":"2026-01-09T13:16:54","modified_gmt":"2026-01-09T12:16:54","slug":"clinique-de-la-nutrition-de-lednh-aix-en-provence","status":"publish","type":"page","link":"https:\/\/www.ednh.fr\/clinique-nutrition\/aixenprovence\/","title":{"rendered":"Clinique de la Nutrition de l&rsquo;EDNH &#8211; Aix-en-Provence"},"content":{"rendered":"\t\t<div data-elementor-type=\"wp-page\" data-elementor-id=\"11\" class=\"elementor elementor-11\">\n\t\t\t\t<div class=\"elementor-element elementor-element-2d7779c e-con-full e-flex wpr-particle-no wpr-jarallax-no wpr-parallax-no wpr-sticky-section-no e-con e-parent\" data-id=\"2d7779c\" data-element_type=\"container\" data-e-type=\"container\">\n\t\t\t\t<div class=\"elementor-element elementor-element-2dbb6a5 elementor-widget-divider--view-line elementor-widget elementor-widget-divider\" data-id=\"2dbb6a5\" data-element_type=\"widget\" data-e-type=\"widget\" data-widget_type=\"divider.default\">\n\t\t\t\t<div class=\"elementor-widget-container\">\n\t\t\t\t\t\t\t<div class=\"elementor-divider\">\n\t\t\t<span class=\"elementor-divider-separator\">\n\t\t\t\t\t\t<\/span>\n\t\t<\/div>\n\t\t\t\t\t\t<\/div>\n\t\t\t\t<\/div>\n\t\t\t\t<div class=\"elementor-element elementor-element-63a14ee elementor-widget__width-initial elementor-widget elementor-widget-text-editor\" data-id=\"63a14ee\" data-element_type=\"widget\" data-e-type=\"widget\" data-widget_type=\"text-editor.default\">\n\t\t\t\t<div class=\"elementor-widget-container\">\n\t\t\t\t\t\t\t\t\t<p><strong data-start=\"59\" data-end=\"133\">\u00a0<\/strong><\/p><p><strong data-start=\"59\" data-end=\"133\">La classe de 3\u1d49 ann\u00e9e du Bachelor de di\u00e9t\u00e9tique et nutrition de l\u2019EDNH<\/strong> partage une vision commune : la nutrition est un pilier essentiel de l\u2019\u00e9quilibre de vie. Pour eux, l\u2019alimentation ne se limite pas \u00e0 un besoin vital ; c\u2019est aussi une source de plaisir, de curiosit\u00e9 et de d\u00e9couverte.<\/p>\t\t\t\t\t\t\t\t<\/div>\n\t\t\t\t<\/div>\n\t\t\t\t<\/div>\n\t\t\t\t<section class=\"elementor-section elementor-top-section elementor-element elementor-element-698720490 elementor-section-boxed elementor-section-height-default elementor-section-height-default wpr-particle-no wpr-jarallax-no wpr-parallax-no wpr-sticky-section-no\" data-id=\"698720490\" data-element_type=\"section\" data-e-type=\"section\">\n\t\t\t\t\t\t<div class=\"elementor-container elementor-column-gap-default\">\n\t\t\t\t\t<div class=\"elementor-column elementor-col-100 elementor-top-column elementor-element elementor-element-51b31d35\" data-id=\"51b31d35\" data-element_type=\"column\" data-e-type=\"column\" data-settings=\"{&quot;background_background&quot;:&quot;classic&quot;}\">\n\t\t\t<div class=\"elementor-widget-wrap elementor-element-populated\">\n\t\t\t\t\t\t<div class=\"elementor-element elementor-element-78d06a83 elementor-widget__width-inherit e-transform e-transform wpr-adv-slider-columns-1 wpr-adv-slider-columns--tablet1 wpr-adv-slider-columns--mobile1 wpr-adv-slides-to-scroll-1 wpr-slider-dots-horizontal elementor-widget elementor-widget-wpr-advanced-slider\" data-id=\"78d06a83\" data-element_type=\"widget\" data-e-type=\"widget\" data-settings=\"{&quot;_transform_scale_effect&quot;:{&quot;unit&quot;:&quot;px&quot;,&quot;size&quot;:&quot;0.7&quot;,&quot;sizes&quot;:[]},&quot;slider_amount&quot;:1,&quot;slider_amount_tablet&quot;:1,&quot;slider_amount_mobile&quot;:1,&quot;slides_to_scroll&quot;:1,&quot;slider_loop&quot;:&quot;yes&quot;,&quot;slider_hide_video_content&quot;:&quot;yes&quot;,&quot;slider_video_btn_size&quot;:&quot;medium&quot;,&quot;_transform_translateX_effect&quot;:{&quot;unit&quot;:&quot;px&quot;,&quot;size&quot;:&quot;&quot;,&quot;sizes&quot;:[]},&quot;_transform_translateX_effect_tablet&quot;:{&quot;unit&quot;:&quot;px&quot;,&quot;size&quot;:&quot;&quot;,&quot;sizes&quot;:[]},&quot;_transform_translateX_effect_mobile&quot;:{&quot;unit&quot;:&quot;px&quot;,&quot;size&quot;:&quot;&quot;,&quot;sizes&quot;:[]},&quot;_transform_translateY_effect&quot;:{&quot;unit&quot;:&quot;px&quot;,&quot;size&quot;:&quot;&quot;,&quot;sizes&quot;:[]},&quot;_transform_translateY_effect_tablet&quot;:{&quot;unit&quot;:&quot;px&quot;,&quot;size&quot;:&quot;&quot;,&quot;sizes&quot;:[]},&quot;_transform_translateY_effect_mobile&quot;:{&quot;unit&quot;:&quot;px&quot;,&quot;size&quot;:&quot;&quot;,&quot;sizes&quot;:[]},&quot;_transform_scale_effect_tablet&quot;:{&quot;unit&quot;:&quot;px&quot;,&quot;size&quot;:&quot;&quot;,&quot;sizes&quot;:[]},&quot;_transform_scale_effect_mobile&quot;:{&quot;unit&quot;:&quot;px&quot;,&quot;size&quot;:&quot;&quot;,&quot;sizes&quot;:[]}}\" data-widget_type=\"wpr-advanced-slider.default\">\n\t\t\t\t<div class=\"elementor-widget-container\">\n\t\t\t\t\t\n\t\t<!-- Advanced Slider -->\n\t\t<div class=\"wpr-advanced-slider-wrap\">\n\t\t\t\n\t\t\t<div class=\"wpr-advanced-slider\" dir=\"ltr\" data-slick=\"{&quot;rtl&quot;:false,&quot;infinite&quot;:true,&quot;speed&quot;:900,&quot;arrows&quot;:true,&quot;dots&quot;:true,&quot;autoplay&quot;:false,&quot;autoplaySpeed&quot;:1000,&quot;pauseOnHover&quot;:&quot;&quot;,&quot;prevArrow&quot;:&quot;#wpr-slider-prev-78d06a83&quot;,&quot;nextArrow&quot;:&quot;#wpr-slider-next-78d06a83&quot;,&quot;vertical&quot;:false,&quot;adaptiveHeight&quot;:true}\" data-hide-video-content=\"yes\" data-video-btn-size=\"{&quot;widescreen&quot;:&quot;medium&quot;,&quot;desktop&quot;:&quot;medium&quot;,&quot;laptop&quot;:&quot;medium&quot;,&quot;tablet_extra&quot;:&quot;medium&quot;,&quot;tablet&quot;:&quot;medium&quot;,&quot;mobile_extra&quot;:&quot;medium&quot;,&quot;mobile&quot;:&quot;medium&quot;}\" data-slide-effect=\"slide\">\n\t\t\t\t<div class=\"wpr-slider-item elementor-repeater-item-f76b559\"><div class=\"wpr-slider-item-bg \" style=\"background-image: url(https:\/\/www.ednh.fr\/clinique-nutrition\/aixenprovence\/wp-content\/uploads\/sites\/2\/2025\/12\/PHOTO-2025-11-10-15-18-32-2.jpg)\"><\/div><div class=\"wpr-slider-item-overlay\"><\/div><div class=\"wpr-cv-container\"><div class=\"wpr-cv-outer\"><div class=\"wpr-cv-inner\"><div class=\"wpr-slider-content\"><div class=\"wpr-slider-btns\"><\/div><\/div><\/div><\/div><\/div><\/div><div class=\"wpr-slider-item elementor-repeater-item-4fceabc\"><div class=\"wpr-slider-item-bg \" style=\"background-image: url(https:\/\/www.ednh.fr\/clinique-nutrition\/aixenprovence\/wp-content\/uploads\/sites\/2\/2025\/12\/PHOTO-2025-12-11-12-56-12.jpg)\"><\/div><div class=\"wpr-cv-container\"><div class=\"wpr-cv-outer\"><div class=\"wpr-cv-inner\"><div class=\"wpr-slider-content\"><div class=\"wpr-slider-btns\"><\/div><\/div><\/div><\/div><\/div><\/div><div class=\"wpr-slider-item elementor-repeater-item-ff95c99\"><div class=\"wpr-slider-item-bg \" style=\"background-image: url(https:\/\/www.ednh.fr\/clinique-nutrition\/aixenprovence\/wp-content\/uploads\/sites\/2\/2025\/12\/PHOTO-2025-12-11-12-56-12-2.jpg)\"><\/div><div class=\"wpr-cv-container\"><div class=\"wpr-cv-outer\"><div class=\"wpr-cv-inner\"><div class=\"wpr-slider-content\"><div class=\"wpr-slider-btns\"><\/div><\/div><\/div><\/div><\/div><\/div><div class=\"wpr-slider-item elementor-repeater-item-7b58f0b\"><div class=\"wpr-slider-item-bg \" style=\"background-image: url(https:\/\/www.ednh.fr\/clinique-nutrition\/aixenprovence\/wp-content\/uploads\/sites\/2\/2025\/12\/PHOTO-2025-12-11-12-56-12-3-1.jpg)\"><\/div><div class=\"wpr-cv-container\"><div class=\"wpr-cv-outer\"><div class=\"wpr-cv-inner\"><div class=\"wpr-slider-content\"><div class=\"wpr-slider-btns\"><\/div><\/div><\/div><\/div><\/div><\/div>\t\t\t<\/div>\n\t\t\t<div class=\"wpr-slider-controls\">\n\t\t\t\t<div class=\"wpr-slider-dots\"><\/div>\n\t\t\t<\/div>\n\n\t\t\t<div class=\"wpr-slider-arrow-container\">\n\t\t\t\t<div class=\"wpr-slider-prev-arrow wpr-slider-arrow\" id=\"wpr-slider-prev-78d06a83\">\n\t\t\t\t\t<svg version=\"1.1\" xmlns=\"http:\/\/www.w3.org\/2000\/svg\" xmlns:xlink=\"http:\/\/www.w3.org\/1999\/xlink\" x=\"0px\" y=\"0px\" viewBox=\"0 0 283.4 512\" style=\"enable-background:new 0 0 283.4 512;\" xml:space=\"preserve\"><g><polygon class=\"st0\" points=\"54.5,256.3 283.4,485.1 256.1,512.5 0,256.3 0,256.3 27.2,229 256.1,0 283.4,27.4 \"\/><\/g><\/svg>\t\t\t\t<\/div>\n\t\t\t\t<div class=\"wpr-slider-next-arrow wpr-slider-arrow\" id=\"wpr-slider-next-78d06a83\">\n\t\t\t\t\t<svg version=\"1.1\" xmlns=\"http:\/\/www.w3.org\/2000\/svg\" xmlns:xlink=\"http:\/\/www.w3.org\/1999\/xlink\" x=\"0px\" y=\"0px\" viewBox=\"0 0 283.4 512\" style=\"enable-background:new 0 0 283.4 512;\" xml:space=\"preserve\"><g><polygon class=\"st0\" points=\"54.5,256.3 283.4,485.1 256.1,512.5 0,256.3 0,256.3 27.2,229 256.1,0 283.4,27.4 \"\/><\/g><\/svg>\t\t\t\t<\/div>\n\t\t\t<\/div>\n\t\t\t\n\t\t\t\n\t\t<\/div>\n\t\t\t\t\t\t<\/div>\n\t\t\t\t<\/div>\n\t\t\t\t\t<\/div>\n\t\t<\/div>\n\t\t\t\t\t<\/div>\n\t\t<\/section>\n\t\t<div class=\"elementor-element elementor-element-a09039c e-grid e-con-full wpr-particle-no wpr-jarallax-no wpr-parallax-no wpr-sticky-section-no e-con e-parent\" data-id=\"a09039c\" data-element_type=\"container\" data-e-type=\"container\" data-settings=\"{&quot;background_background&quot;:&quot;classic&quot;}\">\n\t\t\t\t<div class=\"elementor-element elementor-element-6ca5772 elementor-widget elementor-widget-image\" data-id=\"6ca5772\" data-element_type=\"widget\" data-e-type=\"widget\" data-widget_type=\"image.default\">\n\t\t\t\t<div class=\"elementor-widget-container\">\n\t\t\t\t\t\t\t\t\t\t\t\t\t\t\t<img decoding=\"async\" width=\"150\" height=\"150\" src=\"https:\/\/www.ednh.fr\/clinique-nutrition\/aixenprovence\/wp-content\/uploads\/sites\/2\/2025\/12\/PHOTO-2025-12-01-09-33-37-150x150.jpg\" class=\"attachment-thumbnail size-thumbnail wp-image-289\" alt=\"\" \/>\t\t\t\t\t\t\t\t\t\t\t\t\t\t\t<\/div>\n\t\t\t\t<\/div>\n\t\t\t\t<div class=\"elementor-element elementor-element-666e8ec elementor-widget elementor-widget-image\" data-id=\"666e8ec\" data-element_type=\"widget\" data-e-type=\"widget\" data-widget_type=\"image.default\">\n\t\t\t\t<div class=\"elementor-widget-container\">\n\t\t\t\t\t\t\t\t\t\t\t\t\t\t\t<img decoding=\"async\" width=\"150\" height=\"150\" src=\"https:\/\/www.ednh.fr\/clinique-nutrition\/aixenprovence\/wp-content\/uploads\/sites\/2\/2025\/12\/PHOTO-2025-12-01-09-31-54-150x150.jpg\" class=\"attachment-thumbnail size-thumbnail wp-image-287\" alt=\"\" \/>\t\t\t\t\t\t\t\t\t\t\t\t\t\t\t<\/div>\n\t\t\t\t<\/div>\n\t\t\t\t<div class=\"elementor-element elementor-element-b25b3ee elementor-widget elementor-widget-image\" data-id=\"b25b3ee\" data-element_type=\"widget\" data-e-type=\"widget\" data-widget_type=\"image.default\">\n\t\t\t\t<div class=\"elementor-widget-container\">\n\t\t\t\t\t\t\t\t\t\t\t\t\t\t\t<img decoding=\"async\" width=\"150\" height=\"150\" src=\"https:\/\/www.ednh.fr\/clinique-nutrition\/aixenprovence\/wp-content\/uploads\/sites\/2\/2025\/12\/PHOTO-2025-12-01-10-16-41-150x150.jpg\" class=\"attachment-thumbnail size-thumbnail wp-image-295\" alt=\"\" \/>\t\t\t\t\t\t\t\t\t\t\t\t\t\t\t<\/div>\n\t\t\t\t<\/div>\n\t\t\t\t<div class=\"elementor-element elementor-element-fa97327 elementor-widget elementor-widget-image\" data-id=\"fa97327\" data-element_type=\"widget\" data-e-type=\"widget\" data-widget_type=\"image.default\">\n\t\t\t\t<div class=\"elementor-widget-container\">\n\t\t\t\t\t\t\t\t\t\t\t\t\t\t\t<img loading=\"lazy\" decoding=\"async\" width=\"150\" height=\"150\" src=\"https:\/\/www.ednh.fr\/clinique-nutrition\/aixenprovence\/wp-content\/uploads\/sites\/2\/2025\/12\/PHOTO-2025-12-01-09-35-06-150x150.jpg\" class=\"attachment-thumbnail size-thumbnail wp-image-290\" alt=\"\" \/>\t\t\t\t\t\t\t\t\t\t\t\t\t\t\t<\/div>\n\t\t\t\t<\/div>\n\t\t\t\t<\/div>\n\t\t\t\t<section class=\"elementor-section elementor-top-section elementor-element elementor-element-5a5d243b elementor-section-height-full elementor-section-boxed elementor-section-height-default elementor-section-items-middle wpr-particle-no wpr-jarallax-no wpr-parallax-no wpr-sticky-section-no\" data-id=\"5a5d243b\" data-element_type=\"section\" data-e-type=\"section\" data-settings=\"{&quot;background_background&quot;:&quot;classic&quot;}\">\n\t\t\t\t\t\t<div class=\"elementor-container elementor-column-gap-default\">\n\t\t\t\t\t<div class=\"elementor-column elementor-col-33 elementor-top-column elementor-element elementor-element-5e569d44\" data-id=\"5e569d44\" data-element_type=\"column\" data-e-type=\"column\">\n\t\t\t<div class=\"elementor-widget-wrap elementor-element-populated\">\n\t\t\t\t\t\t<div class=\"elementor-element elementor-element-3c046e4e elementor-widget elementor-widget-heading\" data-id=\"3c046e4e\" data-element_type=\"widget\" data-e-type=\"widget\" data-widget_type=\"heading.default\">\n\t\t\t\t<div class=\"elementor-widget-container\">\n\t\t\t\t\t<h2 class=\"elementor-heading-title elementor-size-default\">La Clinique <br><\/h2>\t\t\t\t<\/div>\n\t\t\t\t<\/div>\n\t\t\t\t<div class=\"elementor-element elementor-element-a74d28a elementor-widget-divider--view-line elementor-widget elementor-widget-divider\" data-id=\"a74d28a\" data-element_type=\"widget\" data-e-type=\"widget\" data-widget_type=\"divider.default\">\n\t\t\t\t<div class=\"elementor-widget-container\">\n\t\t\t\t\t\t\t<div class=\"elementor-divider\">\n\t\t\t<span class=\"elementor-divider-separator\">\n\t\t\t\t\t\t<\/span>\n\t\t<\/div>\n\t\t\t\t\t\t<\/div>\n\t\t\t\t<\/div>\n\t\t\t\t<div class=\"elementor-element elementor-element-252cf895 elementor-widget elementor-widget-text-editor\" data-id=\"252cf895\" data-element_type=\"widget\" data-e-type=\"widget\" data-widget_type=\"text-editor.default\">\n\t\t\t\t<div class=\"elementor-widget-container\">\n\t\t\t\t\t\t\t\t\t<p data-start=\"0\" data-end=\"220\">La <b>clinique de nutrition<\/b> est encadr\u00e9e par des <b>\u00e9tudiants<\/b> de troisi\u00e8me ann\u00e9e, sous la supervision de leurs enseignants dipl\u00f4m\u00e9s.<\/p><p data-start=\"0\" data-end=\"220\"><br data-start=\"126\" data-end=\"129\" \/>Elle offre un <b>cadre professionnel<\/b> permettant aux \u00e9tudiants de d\u00e9velopper leurs comp\u00e9tences.<\/p><p data-start=\"222\" data-end=\"316\" data-is-last-node=\"\" data-is-only-node=\"\">Un <b>tarif pr\u00e9f\u00e9rentiel de 18 \u20ac<\/b> vous donne acc\u00e8s \u00e0 un accompagnement <b>personnalis\u00e9<\/b> et de <b>qualit\u00e9<\/b>.<\/p><p><strong>&#8211; 18\u20ac la consultation\u00a0<\/strong><\/p><p><strong>&#8211; 36\u20ac le forfait 3 consultations*\u00a0<\/strong><\/p><p>*la deuxi\u00e8me consultation est gratuite si prise dans les 3 semaines suivant la premi\u00e8re\u00a0<\/p>\t\t\t\t\t\t\t\t<\/div>\n\t\t\t\t<\/div>\n\t\t\t\t<div class=\"elementor-element elementor-element-db638ca elementor-align-center elementor-widget elementor-widget-button\" data-id=\"db638ca\" data-element_type=\"widget\" data-e-type=\"widget\" data-widget_type=\"button.default\">\n\t\t\t\t<div class=\"elementor-widget-container\">\n\t\t\t\t\t\t\t\t\t<div class=\"elementor-button-wrapper\">\n\t\t\t\t\t<a class=\"elementor-button elementor-button-link elementor-size-sm\" href=\"https:\/\/diet.alivio.fr\/dieteticien\/cliniquedelanutrition-aix\" target=\"_blank\">\n\t\t\t\t\t\t<span class=\"elementor-button-content-wrapper\">\n\t\t\t\t\t\t\t\t\t<span class=\"elementor-button-text\">Prenez rendez-vous !<\/span>\n\t\t\t\t\t<\/span>\n\t\t\t\t\t<\/a>\n\t\t\t\t<\/div>\n\t\t\t\t\t\t\t\t<\/div>\n\t\t\t\t<\/div>\n\t\t\t\t<div class=\"elementor-element elementor-element-7fd6eed6 wpr-grid-columns-3 wpr-grid-columns--tablet2 wpr-grid-columns--mobile1 wpr-grid-pagination-center wpr-item-styles-inner elementor-widget elementor-widget-wpr-grid\" data-id=\"7fd6eed6\" data-element_type=\"widget\" data-e-type=\"widget\" data-widget_type=\"wpr-grid.default\">\n\t\t\t\t<div class=\"elementor-widget-container\">\n\t\t\t\t\t<ul class=\"wpr-grid-filters elementor-clearfix wpr-grid-filters-sep-right\"><li class=\" wpr-pointer-none wpr-pointer-line-fx wpr-pointer-fx-none\"><span  data-filter=\"*\" class=\"wpr-grid-filters-item wpr-active-filter \">All Post<\/span><em class=\"wpr-grid-filters-sep\"><\/em><\/li><li class=\" wpr-pointer-none wpr-pointer-line-fx wpr-pointer-fx-none\"><span   data-ajax-filter=[\"category\",\"non-classe\"]  data-filter=\".category-non-classe\">Non class\u00e9<\/span><em class=\"wpr-grid-filters-sep\"><\/em><\/li><\/ul><section class=\"wpr-grid elementor-clearfix\" data-settings=\"{&quot;layout&quot;:&quot;fitRows&quot;,&quot;stick_last_element_to_bottom&quot;:&quot;&quot;,&quot;columns_desktop&quot;:3,&quot;gutter_hr&quot;:15,&quot;gutter_hr_mobile&quot;:15,&quot;gutter_hr_mobile_extra&quot;:15,&quot;gutter_hr_tablet&quot;:15,&quot;gutter_hr_tablet_extra&quot;:15,&quot;gutter_hr_laptop&quot;:15,&quot;gutter_hr_widescreen&quot;:15,&quot;gutter_vr&quot;:15,&quot;gutter_vr_mobile&quot;:15,&quot;gutter_vr_mobile_extra&quot;:15,&quot;gutter_vr_tablet&quot;:15,&quot;gutter_vr_tablet_extra&quot;:15,&quot;gutter_vr_laptop&quot;:15,&quot;gutter_vr_widescreen&quot;:15,&quot;animation&quot;:&quot;default&quot;,&quot;animation_duration&quot;:0.3,&quot;animation_delay&quot;:0.1,&quot;deeplinking&quot;:&quot;&quot;,&quot;filters_linkable&quot;:&quot;no&quot;,&quot;filters_default_filter&quot;:&quot;&quot;,&quot;filters_count&quot;:&quot;&quot;,&quot;filters_hide_empty&quot;:&quot;no&quot;,&quot;filters_animation&quot;:&quot;default&quot;,&quot;filters_animation_duration&quot;:0.3,&quot;filters_animation_delay&quot;:0.1,&quot;pagination_type&quot;:&quot;load-more&quot;,&quot;pagination_max_pages&quot;:1,&quot;lightbox&quot;:{&quot;selector&quot;:&quot;.wpr-grid-image-wrap&quot;,&quot;iframeMaxWidth&quot;:&quot;60%&quot;,&quot;hash&quot;:false,&quot;autoplay&quot;:&quot;true&quot;,&quot;pause&quot;:5000,&quot;progressBar&quot;:&quot;true&quot;,&quot;counter&quot;:&quot;true&quot;,&quot;controls&quot;:&quot;true&quot;,&quot;getCaptionFromTitleOrAlt&quot;:&quot;true&quot;,&quot;thumbnail&quot;:&quot;&quot;,&quot;showThumbByDefault&quot;:&quot;&quot;,&quot;share&quot;:&quot;&quot;,&quot;zoom&quot;:&quot;true&quot;,&quot;fullScreen&quot;:&quot;true&quot;,&quot;download&quot;:&quot;true&quot;}}\" data-advanced-filters=\"no\"><article class=\"wpr-grid-item elementor-clearfix post-1 post type-post status-publish format-standard hentry category-non-classe\"><div class=\"wpr-grid-item-inner\"><div class=\"wpr-grid-item-below-content elementor-clearfix\"><h2 class=\"wpr-grid-item-title elementor-repeater-item-6c214ce wpr-grid-item-display-block wpr-grid-item-align-left wpr-pointer-none wpr-pointer-line-fx wpr-pointer-fx-fade\"><div class=\"inner-block\"><a target=\"_self\"  href=\"https:\/\/www.ednh.fr\/clinique-nutrition\/aixenprovence\/2023\/09\/08\/bonjour-tout-le-monde\/\">Bonjour tout le monde\u00a0!<\/a><\/div><\/h2><\/div><\/div><\/article><\/section>\t\t\t\t<\/div>\n\t\t\t\t<\/div>\n\t\t\t\t\t<\/div>\n\t\t<\/div>\n\t\t\t\t<div class=\"elementor-column elementor-col-33 elementor-top-column elementor-element elementor-element-54f3a5dd\" data-id=\"54f3a5dd\" data-element_type=\"column\" data-e-type=\"column\">\n\t\t\t<div class=\"elementor-widget-wrap elementor-element-populated\">\n\t\t\t\t\t\t<div class=\"elementor-element elementor-element-310f885d elementor-widget elementor-widget-image\" data-id=\"310f885d\" data-element_type=\"widget\" data-e-type=\"widget\" data-widget_type=\"image.default\">\n\t\t\t\t<div class=\"elementor-widget-container\">\n\t\t\t\t\t\t\t\t\t\t\t\t\t\t\t<img loading=\"lazy\" decoding=\"async\" width=\"736\" height=\"724\" src=\"https:\/\/www.ednh.fr\/clinique-nutrition\/aixenprovence\/wp-content\/uploads\/sites\/2\/2025\/11\/IMG_3254.jpg\" class=\"attachment-large size-large wp-image-220\" alt=\"\" srcset=\"https:\/\/www.ednh.fr\/clinique-nutrition\/aixenprovence\/wp-content\/uploads\/sites\/2\/2025\/11\/IMG_3254.jpg 736w, https:\/\/www.ednh.fr\/clinique-nutrition\/aixenprovence\/wp-content\/uploads\/sites\/2\/2025\/11\/IMG_3254-300x295.jpg 300w\" sizes=\"(max-width: 736px) 100vw, 736px\" \/>\t\t\t\t\t\t\t\t\t\t\t\t\t\t\t<\/div>\n\t\t\t\t<\/div>\n\t\t\t\t<div class=\"elementor-element elementor-element-5fed3388 elementor-widget elementor-widget-image\" data-id=\"5fed3388\" data-element_type=\"widget\" data-e-type=\"widget\" data-widget_type=\"image.default\">\n\t\t\t\t<div class=\"elementor-widget-container\">\n\t\t\t\t\t\t\t\t\t\t\t\t\t\t\t<img loading=\"lazy\" decoding=\"async\" width=\"683\" height=\"1024\" src=\"https:\/\/www.ednh.fr\/clinique-nutrition\/aixenprovence\/wp-content\/uploads\/sites\/2\/2025\/11\/IMG_3255-683x1024.jpg\" class=\"attachment-large size-large wp-image-219\" alt=\"\" srcset=\"https:\/\/www.ednh.fr\/clinique-nutrition\/aixenprovence\/wp-content\/uploads\/sites\/2\/2025\/11\/IMG_3255-683x1024.jpg 683w, https:\/\/www.ednh.fr\/clinique-nutrition\/aixenprovence\/wp-content\/uploads\/sites\/2\/2025\/11\/IMG_3255-200x300.jpg 200w, https:\/\/www.ednh.fr\/clinique-nutrition\/aixenprovence\/wp-content\/uploads\/sites\/2\/2025\/11\/IMG_3255-768x1152.jpg 768w, https:\/\/www.ednh.fr\/clinique-nutrition\/aixenprovence\/wp-content\/uploads\/sites\/2\/2025\/11\/IMG_3255.jpg 1024w\" sizes=\"(max-width: 683px) 100vw, 683px\" \/>\t\t\t\t\t\t\t\t\t\t\t\t\t\t\t<\/div>\n\t\t\t\t<\/div>\n\t\t\t\t\t<\/div>\n\t\t<\/div>\n\t\t\t\t<div class=\"elementor-column elementor-col-33 elementor-top-column elementor-element elementor-element-2be41460\" data-id=\"2be41460\" data-element_type=\"column\" data-e-type=\"column\">\n\t\t\t<div class=\"elementor-widget-wrap elementor-element-populated\">\n\t\t\t\t\t\t<div class=\"elementor-element elementor-element-4a5f36d elementor-widget elementor-widget-image\" data-id=\"4a5f36d\" data-element_type=\"widget\" data-e-type=\"widget\" data-widget_type=\"image.default\">\n\t\t\t\t<div class=\"elementor-widget-container\">\n\t\t\t\t\t\t\t\t\t\t\t\t\t\t\t<img decoding=\"async\" src=\"https:\/\/www.ednh.fr\/clinique-nutrition\/aixenprovence\/wp-content\/uploads\/sites\/2\/elementor\/thumbs\/IMG_3256-rez9bdrjsc604otkasf8042ltwv60dzvtkcoxi3yz4.jpg\" title=\"IMG_3256\" alt=\"IMG_3256\" loading=\"lazy\" \/>\t\t\t\t\t\t\t\t\t\t\t\t\t\t\t<\/div>\n\t\t\t\t<\/div>\n\t\t\t\t<div class=\"elementor-element elementor-element-2ac3da8e elementor-widget elementor-widget-image\" data-id=\"2ac3da8e\" data-element_type=\"widget\" data-e-type=\"widget\" data-widget_type=\"image.default\">\n\t\t\t\t<div class=\"elementor-widget-container\">\n\t\t\t\t\t\t\t\t\t\t\t\t\t\t\t<img loading=\"lazy\" decoding=\"async\" width=\"822\" height=\"1024\" src=\"https:\/\/www.ednh.fr\/clinique-nutrition\/aixenprovence\/wp-content\/uploads\/sites\/2\/2025\/11\/IMG_3253-822x1024.jpg\" class=\"attachment-large size-large wp-image-221\" alt=\"\" srcset=\"https:\/\/www.ednh.fr\/clinique-nutrition\/aixenprovence\/wp-content\/uploads\/sites\/2\/2025\/11\/IMG_3253-822x1024.jpg 822w, https:\/\/www.ednh.fr\/clinique-nutrition\/aixenprovence\/wp-content\/uploads\/sites\/2\/2025\/11\/IMG_3253-241x300.jpg 241w, https:\/\/www.ednh.fr\/clinique-nutrition\/aixenprovence\/wp-content\/uploads\/sites\/2\/2025\/11\/IMG_3253-768x957.jpg 768w, https:\/\/www.ednh.fr\/clinique-nutrition\/aixenprovence\/wp-content\/uploads\/sites\/2\/2025\/11\/IMG_3253.jpg 1080w\" sizes=\"(max-width: 822px) 100vw, 822px\" \/>\t\t\t\t\t\t\t\t\t\t\t\t\t\t\t<\/div>\n\t\t\t\t<\/div>\n\t\t\t\t\t<\/div>\n\t\t<\/div>\n\t\t\t\t\t<\/div>\n\t\t<\/section>\n\t\t<div class=\"elementor-element elementor-element-556cbee e-flex e-con-boxed wpr-particle-no wpr-jarallax-no wpr-parallax-no wpr-sticky-section-no e-con e-parent\" data-id=\"556cbee\" data-element_type=\"container\" data-e-type=\"container\">\n\t\t\t\t\t<div class=\"e-con-inner\">\n\t\t\t\t<div class=\"elementor-element elementor-element-7251706 elementor-widget elementor-widget-google_maps\" data-id=\"7251706\" data-element_type=\"widget\" data-e-type=\"widget\" data-widget_type=\"google_maps.default\">\n\t\t\t\t<div class=\"elementor-widget-container\">\n\t\t\t\t\t\t\t<div class=\"elementor-custom-embed\">\n\t\t\t<iframe loading=\"lazy\"\n\t\t\t\t\tsrc=\"https:\/\/maps.google.com\/maps?q=Cours%20Diderot%20Aix-en-Provence%20-%20BTS%2C%20Bachelor%2C%20Master&#038;t=m&#038;z=10&#038;output=embed&#038;iwloc=near\"\n\t\t\t\t\ttitle=\"Cours Diderot Aix-en-Provence - BTS, Bachelor, Master\"\n\t\t\t\t\taria-label=\"Cours Diderot Aix-en-Provence - BTS, Bachelor, Master\"\n\t\t\t><\/iframe>\n\t\t<\/div>\n\t\t\t\t\t\t<\/div>\n\t\t\t\t<\/div>\n\t\t\t\t\t<\/div>\n\t\t\t\t<\/div>\n\t\t\t\t<\/div>\n\t\t","protected":false},"excerpt":{"rendered":"<p>\u00a0 La classe de 3\u1d49 ann\u00e9e du Bachelor de di\u00e9t\u00e9tique et nutrition de l\u2019EDNH partage une vision commune : la nutrition est un pilier essentiel de l\u2019\u00e9quilibre de vie. Pour eux, l\u2019alimentation ne se limite pas \u00e0 un besoin vital ; c\u2019est aussi une source de plaisir, de curiosit\u00e9 et de d\u00e9couverte. La Clinique La clinique de nutrition est encadr\u00e9e par des \u00e9tudiants de troisi\u00e8me ann\u00e9e, sous la supervision de leurs enseignants dipl\u00f4m\u00e9s. Elle offre un cadre professionnel permettant aux \u00e9tudiants de d\u00e9velopper leurs comp\u00e9tences. Un tarif pr\u00e9f\u00e9rentiel de 18 \u20ac vous donne acc\u00e8s \u00e0 un accompagnement personnalis\u00e9 et de qualit\u00e9. &#8211; 18\u20ac la consultation\u00a0 &#8211; 36\u20ac le forfait 3 consultations*\u00a0 *la deuxi\u00e8me consultation est gratuite si prise dans les 3 semaines suivant la premi\u00e8re\u00a0 Prenez rendez-vous ! All Post Non class\u00e9 Bonjour tout le monde\u00a0!<\/p>\n","protected":false},"author":3,"featured_media":0,"parent":0,"menu_order":0,"comment_status":"closed","ping_status":"closed","template":"","meta":{"om_disable_all_campaigns":false,"footnotes":""},"class_list":["post-11","page","type-page","status-publish","hentry"],"_links":{"self":[{"href":"https:\/\/www.ednh.fr\/clinique-nutrition\/aixenprovence\/wp-json\/wp\/v2\/pages\/11","targetHints":{"allow":["GET"]}}],"collection":[{"href":"https:\/\/www.ednh.fr\/clinique-nutrition\/aixenprovence\/wp-json\/wp\/v2\/pages"}],"about":[{"href":"https:\/\/www.ednh.fr\/clinique-nutrition\/aixenprovence\/wp-json\/wp\/v2\/types\/page"}],"author":[{"embeddable":true,"href":"https:\/\/www.ednh.fr\/clinique-nutrition\/aixenprovence\/wp-json\/wp\/v2\/users\/3"}],"replies":[{"embeddable":true,"href":"https:\/\/www.ednh.fr\/clinique-nutrition\/aixenprovence\/wp-json\/wp\/v2\/comments?post=11"}],"version-history":[{"count":236,"href":"https:\/\/www.ednh.fr\/clinique-nutrition\/aixenprovence\/wp-json\/wp\/v2\/pages\/11\/revisions"}],"predecessor-version":[{"id":498,"href":"https:\/\/www.ednh.fr\/clinique-nutrition\/aixenprovence\/wp-json\/wp\/v2\/pages\/11\/revisions\/498"}],"wp:attachment":[{"href":"https:\/\/www.ednh.fr\/clinique-nutrition\/aixenprovence\/wp-json\/wp\/v2\/media?parent=11"}],"curies":[{"name":"wp","href":"https:\/\/api.w.org\/{rel}","templated":true}]}}